{"id":12085,"date":"2024-09-06T19:19:19","date_gmt":"2024-09-06T16:19:19","guid":{"rendered":"https:\/\/nordicdiy.ee\/b2b-myynti\/"},"modified":"2024-09-06T19:19:19","modified_gmt":"2024-09-06T16:19:19","slug":"b2b-myynti","status":"publish","type":"page","link":"https:\/\/nordicdiy.ee\/fi\/b2b-myynti\/","title":{"rendered":"B2B-myynti"},"content":{"rendered":"<div>\n<p>Yrityksemme tarjoaa B2B-asiakkaille laajan valikoiman korkealaatuisia tuotteita, kuten UFI Green -sertifioituja tuoksu\u00f6ljyj\u00e4, v\u00e4rillisi\u00e4 kynttil\u00e4laseja, soijavahoja ja paljon muuta. Tukkukauppiaille tarjoamme kilpailukykyisen tukkuhinnoittelun ja mahdollisuuden luoda oma ainutlaatuinen tuoksukimppu ja tilata mittatilausty\u00f6n\u00e4 maalattuja kynttil\u00e4laseja tai huoneenraikastinpulloja. Valikoimaamme kuuluvat my\u00f6s kynttil\u00e4vahat, tuoksuvahat, kynttil\u00e4npitimet, kynttil\u00e4v\u00e4rit, glitterit, nestem\u00e4iset saippuapohjat ja -pullot, kynttil\u00e4rasiat ja paljon muuta, mik\u00e4 tukee yrityksesi kasvua ja luovuutta. Tavoitteenamme on tarjota joustavia ja r\u00e4\u00e4t\u00e4l\u00f6it\u00e4viss\u00e4 olevia ratkaisuja, jotka vastaavat liiketoimintasi tarpeita ja auttavat sinua tuomaan markkinoille korkealaatuisia ja ymp\u00e4rist\u00f6yst\u00e4v\u00e4llisi\u00e4 tuotteita.<\/p>\n<p>Kun ty\u00f6skentelet kanssamme, voit olla varma, ett\u00e4 tuotteesi t\u00e4ytt\u00e4v\u00e4t korkeimmat standardit ja tukevat kest\u00e4vyytt\u00e4 ja turvallisuutta. Nordic DIY -tiimi on sitoutunut tarjoamaan parasta palvelua ja tukea, jotta yrityksesi voi keskitty\u00e4 siihen, mik\u00e4 on t\u00e4rkeint\u00e4 - laadukkaiden ja ymp\u00e4rist\u00f6yst\u00e4v\u00e4llisten tuotteiden luomiseen ja markkinointiin.<\/p>\n<p>Olivatpa tarpeesi suuret tai pienet, meill\u00e4 on ratkaisu. Aloita yhteisty\u00f6 kanssamme jo t\u00e4n\u00e4\u00e4n ja selvit\u00e4, miten voimme auttaa sinua saavuttamaan liiketoimintasi tavoitteet!<\/p>\n<p>Pyyd\u00e4 tarjous nyt!<\/p>\n<\/div>\n<div>Kaspar P\u00e4rn<br \/>\nB2B Sales<br \/>\nMatkapuhelin: +372 52 66461<br \/>\nS\u00e4hk\u00f6posti: <a href=\"mailto:kaspar@nordicdiy.ee\">kaspar@nordicdiy.ee<\/a>.<\/div>\n","protected":false},"excerpt":{"rendered":"<p>Yrityksemme tarjoaa B2B-asiakkaille laajan valikoiman korkealaatuisia tuotteita, kuten UFI Green -sertifioituja tuoksu\u00f6ljyj\u00e4, v\u00e4rillisi\u00e4 kynttil\u00e4laseja, soijavahoja ja paljon muuta. Tukkukauppiaille tarjoamme kilpailukykyisen tukkuhinnoittelun ja mahdollisuuden luoda oma ainutlaatuinen tuoksukimppu ja tilata mittatilausty\u00f6n\u00e4 maalattuja kynttil\u00e4laseja tai huoneenraikastinpulloja. Valikoimaamme kuuluvat my\u00f6s kynttil\u00e4vahat, tuoksuvahat, kynttil\u00e4npitimet, kynttil\u00e4v\u00e4rit, glitterit, nestem\u00e4iset saippuapohjat ja -pullot, kynttil\u00e4rasiat ja paljon muuta, mik\u00e4 tukee yrityksesi kasvua [&hellip;]<\/p>\n","protected":false},"author":1,"featured_media":0,"parent":0,"menu_order":0,"comment_status":"closed","ping_status":"closed","template":"","meta":{"site-sidebar-layout":"default","site-content-layout":"","ast-site-content-layout":"default","site-content-style":"default","site-sidebar-style":"default","ast-global-header-display":"","ast-banner-title-visibility":"","ast-main-header-display":"","ast-hfb-above-header-display":"","ast-hfb-below-header-display":"","ast-hfb-mobile-header-display":"","site-post-title":"","ast-breadcrumbs-content":"","ast-featured-img":"","footer-sml-layout":"","ast-disable-related-posts":"","theme-transparent-header-meta":"default","adv-header-id-meta":"","stick-header-meta":"default","header-above-stick-meta":"","header-main-stick-meta":"","header-below-stick-meta":"","astra-migrate-meta-layouts":"default","ast-page-background-enabled":"default","ast-page-background-meta":{"desktop":{"background-color":"","background-image":"","background-repeat":"repeat","background-position":"center center","background-size":"auto","background-attachment":"scroll","background-type":"","background-media":"","overlay-type":"","overlay-color":"","overlay-opacity":"","overlay-gradient":""},"tablet":{"background-color":"","background-image":"","background-repeat":"repeat","background-position":"center center","background-size":"auto","background-attachment":"scroll","background-type":"","background-media":"","overlay-type":"","overlay-color":"","overlay-opacity":"","overlay-gradient":""},"mobile":{"background-color":"","background-image":"","background-repeat":"repeat","background-position":"center center","background-size":"auto","background-attachment":"scroll","background-type":"","background-media":"","overlay-type":"","overlay-color":"","overlay-opacity":"","overlay-gradient":""}},"ast-content-background-meta":{"desktop":{"background-color":"var(--ast-global-color-5)","background-image":"","background-repeat":"repeat","background-position":"center center","background-size":"auto","background-attachment":"scroll","background-type":"","background-media":"","overlay-type":"","overlay-color":"","overlay-opacity":"","overlay-gradient":""},"tablet":{"background-color":"var(--ast-global-color-5)","background-image":"","background-repeat":"repeat","background-position":"center center","background-size":"auto","background-attachment":"scroll","background-type":"","background-media":"","overlay-type":"","overlay-color":"","overlay-opacity":"","overlay-gradient":""},"mobile":{"background-color":"var(--ast-global-color-5)","background-image":"","background-repeat":"repeat","background-position":"center center","background-size":"auto","background-attachment":"scroll","background-type":"","background-media":"","overlay-type":"","overlay-color":"","overlay-opacity":"","overlay-gradient":""}},"footnotes":""},"class_list":["post-12085","page","type-page","status-publish","hentry"],"_links":{"self":[{"href":"https:\/\/nordicdiy.ee\/fi\/wp-json\/wp\/v2\/pages\/12085","targetHints":{"allow":["GET"]}}],"collection":[{"href":"https:\/\/nordicdiy.ee\/fi\/wp-json\/wp\/v2\/pages"}],"about":[{"href":"https:\/\/nordicdiy.ee\/fi\/wp-json\/wp\/v2\/types\/page"}],"author":[{"embeddable":true,"href":"https:\/\/nordicdiy.ee\/fi\/wp-json\/wp\/v2\/users\/1"}],"replies":[{"embeddable":true,"href":"https:\/\/nordicdiy.ee\/fi\/wp-json\/wp\/v2\/comments?post=12085"}],"version-history":[{"count":0,"href":"https:\/\/nordicdiy.ee\/fi\/wp-json\/wp\/v2\/pages\/12085\/revisions"}],"wp:attachment":[{"href":"https:\/\/nordicdiy.ee\/fi\/wp-json\/wp\/v2\/media?parent=12085"}],"curies":[{"name":"wp","href":"https:\/\/api.w.org\/{rel}","templated":true}]}}