{"id":12099,"date":"2024-09-04T09:20:04","date_gmt":"2024-09-04T06:20:04","guid":{"rendered":"https:\/\/nordicdiy.ee\/ota-yhteytta\/"},"modified":"2025-11-21T12:25:39","modified_gmt":"2025-11-21T09:25:39","slug":"ota-yhteytta","status":"publish","type":"page","link":"https:\/\/nordicdiy.ee\/fi\/ota-yhteytta\/","title":{"rendered":"Ota yhteytt\u00e4"},"content":{"rendered":"<p>Jos sinulla on kysytt\u00e4v\u00e4\u00e4 tuotteistamme tai tilauksistamme, ota meihin yhteytt\u00e4 s\u00e4hk\u00f6postitse <a href=\"mailto:epood@nordicdiy.ee\">epood@nordicdiy.ee.<\/a><\/p>\n<p>Vastaamme s\u00e4hk\u00f6posteihin ma-pe klo 10-16.<\/p>\n<p>Yritysasiakkaat voivat ottaa meihin yhteytt\u00e4 suoraan t\u00e4\u00e4ll\u00e4:<br \/>\n<strong>B2B-myynti <\/strong><br \/>\nKaspar P\u00e4rn<br \/>\nMatkapuhelin: <a href=\"mailto:kaspar@nordicdiy.ee\">+372 52 66461<\/a><br \/>\nS\u00e4hk\u00f6posti: kaspar@nordicdiy.ee.<\/p>\n<p><strong>Varastomme sijaitsee uudessa osoitteessa:<\/strong><br \/>\nKaldase tee 9, Maardu,<strong>74117<br \/>\nSoita<\/strong> etuk\u00e4teen<strong>numeroon 51<\/strong> 67 996!<\/p>\n<p><strong> <\/strong><\/p>\n<p><strong>Osoite<\/strong><br \/>\nCandlery O\u00dc<br \/>\nRekisteritunnus 17374153<br \/>\nLootuse tee 3, Metsakasti k\u00fcla Viimsi vald Harjumaa 74019<br \/>\nPuhelin: +372 5167 996<br \/>\nS\u00e4hk\u00f6posti: alice@nordicdiy.ee.<\/p>\n<p><strong>Pankkiyhteystiedot<\/strong><br \/>\nSwedbank<br \/>\nIBAN: EE422200221093513406<\/p>\n<p><img fetchpriority=\"high\" decoding=\"async\" src=\"https:\/\/nordicdiy.ee\/wp-content\/uploads\/2024\/09\/sojavaha_cb_135.png\" sizes=\"(max-width: 1000px) 100vw, 1000px\" srcset=\"https:\/\/nordicdiy.ee\/wp-content\/uploads\/2024\/09\/sojavaha_cb_135.png 1000w, https:\/\/nordicdiy.ee\/wp-content\/uploads\/2024\/09\/sojavaha_cb_135-300x300.png 300w, https:\/\/nordicdiy.ee\/wp-content\/uploads\/2024\/09\/sojavaha_cb_135-150x150.png 150w, https:\/\/nordicdiy.ee\/wp-content\/uploads\/2024\/09\/sojavaha_cb_135-768x768.png 768w, https:\/\/nordicdiy.ee\/wp-content\/uploads\/2024\/09\/sojavaha_cb_135-600x600.png 600w, https:\/\/nordicdiy.ee\/wp-content\/uploads\/2024\/09\/sojavaha_cb_135-100x100.png 100w\" alt=\"Saippuavaha\" width=\"1000\" height=\"1000\"><\/p>\n","protected":false},"excerpt":{"rendered":"<p>Jos sinulla on kysytt\u00e4v\u00e4\u00e4 tuotteistamme tai tilauksistamme, ota meihin yhteytt\u00e4 s\u00e4hk\u00f6postitse epood@nordicdiy.ee. Vastaamme s\u00e4hk\u00f6posteihin ma-pe klo 10-16. Yritysasiakkaat voivat ottaa meihin yhteytt\u00e4 suoraan t\u00e4\u00e4ll\u00e4: B2B-myynti Kaspar P\u00e4rn Matkapuhelin: +372 52 66461 S\u00e4hk\u00f6posti: kaspar@nordicdiy.ee. Varastomme sijaitsee uudessa osoitteessa: Kaldase tee 9, Maardu,74117 Soita etuk\u00e4teennumeroon 51 67 996! Osoite Candlery O\u00dc Rekisteritunnus 17374153 Lootuse tee 3, Metsakasti [&hellip;]<\/p>\n","protected":false},"author":1,"featured_media":0,"parent":0,"menu_order":0,"comment_status":"closed","ping_status":"closed","template":"","meta":{"site-sidebar-layout":"default","site-content-layout":"plain-container","ast-site-content-layout":"normal-width-container","site-content-style":"unboxed","site-sidebar-style":"unboxed","ast-global-header-display":"","ast-banner-title-visibility":"","ast-main-header-display":"","ast-hfb-above-header-display":"","ast-hfb-below-header-display":"","ast-hfb-mobile-header-display":"","site-post-title":"disabled","ast-breadcrumbs-content":"","ast-featured-img":"","footer-sml-layout":"","ast-disable-related-posts":"","theme-transparent-header-meta":"default","adv-header-id-meta":"","stick-header-meta":"default","header-above-stick-meta":"","header-main-stick-meta":"","header-below-stick-meta":"","astra-migrate-meta-layouts":"default","ast-page-background-enabled":"default","ast-page-background-meta":{"desktop":{"background-color":"","background-image":"","background-repeat":"repeat","background-position":"center center","background-size":"auto","background-attachment":"scroll","background-type":"","background-media":"","overlay-type":"","overlay-color":"","overlay-opacity":"","overlay-gradient":""},"tablet":{"background-color":"","background-image":"","background-repeat":"repeat","background-position":"center center","background-size":"auto","background-attachment":"scroll","background-type":"","background-media":"","overlay-type":"","overlay-color":"","overlay-opacity":"","overlay-gradient":""},"mobile":{"background-color":"","background-image":"","background-repeat":"repeat","background-position":"center center","background-size":"auto","background-attachment":"scroll","background-type":"","background-media":"","overlay-type":"","overlay-color":"","overlay-opacity":"","overlay-gradient":""}},"ast-content-background-meta":{"desktop":{"background-color":"var(--ast-global-color-5)","background-image":"","background-repeat":"repeat","background-position":"center center","background-size":"auto","background-attachment":"scroll","background-type":"","background-media":"","overlay-type":"","overlay-color":"","overlay-opacity":"","overlay-gradient":""},"tablet":{"background-color":"var(--ast-global-color-5)","background-image":"","background-repeat":"repeat","background-position":"center center","background-size":"auto","background-attachment":"scroll","background-type":"","background-media":"","overlay-type":"","overlay-color":"","overlay-opacity":"","overlay-gradient":""},"mobile":{"background-color":"var(--ast-global-color-5)","background-image":"","background-repeat":"repeat","background-position":"center center","background-size":"auto","background-attachment":"scroll","background-type":"","background-media":"","overlay-type":"","overlay-color":"","overlay-opacity":"","overlay-gradient":""}},"footnotes":""},"class_list":["post-12099","page","type-page","status-publish","hentry"],"_links":{"self":[{"href":"https:\/\/nordicdiy.ee\/fi\/wp-json\/wp\/v2\/pages\/12099","targetHints":{"allow":["GET"]}}],"collection":[{"href":"https:\/\/nordicdiy.ee\/fi\/wp-json\/wp\/v2\/pages"}],"about":[{"href":"https:\/\/nordicdiy.ee\/fi\/wp-json\/wp\/v2\/types\/page"}],"author":[{"embeddable":true,"href":"https:\/\/nordicdiy.ee\/fi\/wp-json\/wp\/v2\/users\/1"}],"replies":[{"embeddable":true,"href":"https:\/\/nordicdiy.ee\/fi\/wp-json\/wp\/v2\/comments?post=12099"}],"version-history":[{"count":3,"href":"https:\/\/nordicdiy.ee\/fi\/wp-json\/wp\/v2\/pages\/12099\/revisions"}],"predecessor-version":[{"id":24577,"href":"https:\/\/nordicdiy.ee\/fi\/wp-json\/wp\/v2\/pages\/12099\/revisions\/24577"}],"wp:attachment":[{"href":"https:\/\/nordicdiy.ee\/fi\/wp-json\/wp\/v2\/media?parent=12099"}],"curies":[{"name":"wp","href":"https:\/\/api.w.org\/{rel}","templated":true}]}}