{"id":12131,"date":"2025-01-24T17:01:55","date_gmt":"2025-01-24T14:01:55","guid":{"rendered":"https:\/\/nordicdiy.ee\/toimitus-osoitteeseen\/"},"modified":"2025-01-24T17:01:55","modified_gmt":"2025-01-24T14:01:55","slug":"toimitus-osoitteeseen","status":"publish","type":"page","link":"https:\/\/nordicdiy.ee\/fi\/toimitus-osoitteeseen\/","title":{"rendered":"Toimitus osoitteeseen"},"content":{"rendered":"<p>Tavaroita l\u00e4hetet\u00e4\u00e4n Viroon, Latviaan, Liettuaan, Suomeen ja Ruotsiin.<\/p>\n<p><strong>Smartposti pakettiautomaatti <\/strong>alkaen 2,50\u20ac paketin koosta riippumatta<br \/>\nPaketit l\u00e4hetet\u00e4\u00e4n <strong>Viroon 2,50\u20ac, Latviaan 4,90\u20ac, Liettuaan 4,90\u20ac, Suomeen 13,90\u20ac.<br \/>\n<\/strong>Saat ilmoituksen paketin saapumisesta tekstiviestill\u00e4, joka sis\u00e4lt\u00e4\u00e4 paketin vastaanottamiseen tarvittavan PIN-koodin. Mene sitten automaatille ja sy\u00f6t\u00e4 tekstiviestiss\u00e4 oleva ovikoodi kosketusn\u00e4yt\u00f6lle. Oikea ovi aukeaa ja paketti on k\u00e4dess\u00e4si!<br \/>\nToimitusaika p\u00e4\u00e4kaupunkiseudulla 2-3 arkip\u00e4iv\u00e4n kuluessa, muualla Suomessa 3-5 arkip\u00e4iv\u00e4n kuluessa.<br \/>\nPaketti on noudettava 7 p\u00e4iv\u00e4n kuluessa pakettiautomaatille saapumisesta.  <\/p>\n<p><strong>Omniva-pakettiautomaatit<\/strong> alkaen 2,90 \u20ac paketin koosta riippumatta<br \/>\nPaketit l\u00e4hetet\u00e4\u00e4n<strong> 2,90 \u20ac:<\/strong>n hintaan<strong> Virossa, 2,90 \u20ac:n<\/strong>hintaan<strong> Latviassa ja 2,90 \u20ac:n<\/strong>hintaan<strong> Liettuassa.<br \/>\n<\/strong>Omniva-pakettiautomaatit ovat aina auki. Toimitus 1-2 arkip\u00e4iv\u00e4ss\u00e4.<br \/>\nSaat ilmoituksen pakettisi saapumisesta tekstiviestill\u00e4, jossa on paketin vastaanottamiseen tarvittava PIN-koodi. Mene sitten automaatille ja sy\u00f6t\u00e4 tekstiviestiss\u00e4 oleva ovikoodi kosketusn\u00e4yt\u00f6lle. Oikean kaapin ovi aukeaa ja paketti on k\u00e4dess\u00e4si!   <\/p>\n<p><strong>Venipak-pakettiautomaatit alkaen 2,50\u20ac<\/strong> paketin koosta riippumatta<br \/>\nPaketit l\u00e4hetet\u00e4\u00e4n <strong>Viroon 2,50\u20ac, Latviaan 4,90\u20ac ja Liettuaan 4,90\u20ac.<\/strong><br \/>\nSaat ilmoituksen pakettisi saapumisesta tekstiviestill\u00e4, joka sis\u00e4lt\u00e4\u00e4 paketin vastaanottamiseen tarvittavan PIN-koodin. Mene sitten automaatille ja sy\u00f6t\u00e4 tekstiviestiss\u00e4 oleva ovikoodi kosketusn\u00e4yt\u00f6lle. Oikean lokeron ovi avautuu ja paketti on k\u00e4dess\u00e4si!  <\/p>\n<p><strong>DPD pakettiautomaatti alkaen 2,90\u20ac<\/strong> paketin koosta riippumatta<br \/>\nPaketit l\u00e4hetet\u00e4\u00e4n<strong> Viroon 2,90\u20ac, Latviaan 4,90\u20ac, Liettuaan 4,90\u20ac, Suomeen 9,90\u20ac, Ruotsiin 10,90\u20ac<\/strong>.<br \/>\nSaat ilmoituksen pakettisi saapumisesta tekstiviestill\u00e4, joka sis\u00e4lt\u00e4\u00e4 paketin vastaanottamiseen tarvittavan PIN-koodin. Mene sitten automaatille ja sy\u00f6t\u00e4 tekstiviestiss\u00e4 oleva ovikoodi kosketusn\u00e4yt\u00f6lle. Oikean lokeron ovi avautuu ja paketti on k\u00e4dess\u00e4si!  <\/p>\n<p>Ostaja vastaa toimituskuluista, ja vastaavat hintatiedot n\u00e4kyv\u00e4t toimitustavan yhteydess\u00e4.<br \/>\nViron sis\u00e4iset l\u00e4hetykset saapuvat ostajan ilmoittamaan m\u00e4\u00e4r\u00e4np\u00e4\u00e4h\u00e4n yleens\u00e4 2-4 ty\u00f6p\u00e4iv\u00e4n kuluessa myyntisopimuksen voimaantulop\u00e4iv\u00e4st\u00e4.<\/p>\n<p>Poikkeustapauksissa sill\u00e4 on oikeus toimittaa tavarat enint\u00e4\u00e4n 30 kalenterip\u00e4iv\u00e4n kuluessa.<br \/>\nJos verkkokauppa on ilmoittanut ostajalle verkkosivustolla tai tilausvahvistuksessa toimitusongelmista ja 30 kalenterip\u00e4iv\u00e4\u00e4 pidemm\u00e4st\u00e4 m\u00e4\u00e4r\u00e4ajasta, sovelletaan verkkokaupan julkaisemaa m\u00e4\u00e4r\u00e4aikaa.<\/p>\n","protected":false},"excerpt":{"rendered":"<p>Tavaroita l\u00e4hetet\u00e4\u00e4n Viroon, Latviaan, Liettuaan, Suomeen ja Ruotsiin. Smartposti pakettiautomaatti alkaen 2,50\u20ac paketin koosta riippumatta Paketit l\u00e4hetet\u00e4\u00e4n Viroon 2,50\u20ac, Latviaan 4,90\u20ac, Liettuaan 4,90\u20ac, Suomeen 13,90\u20ac. Saat ilmoituksen paketin saapumisesta tekstiviestill\u00e4, joka sis\u00e4lt\u00e4\u00e4 paketin vastaanottamiseen tarvittavan PIN-koodin. Mene sitten automaatille ja sy\u00f6t\u00e4 tekstiviestiss\u00e4 oleva ovikoodi kosketusn\u00e4yt\u00f6lle. Oikea ovi aukeaa ja paketti on k\u00e4dess\u00e4si! Toimitusaika p\u00e4\u00e4kaupunkiseudulla 2-3 [&hellip;]<\/p>\n","protected":false},"author":32,"featured_media":0,"parent":0,"menu_order":0,"comment_status":"closed","ping_status":"closed","template":"","meta":{"site-sidebar-layout":"default","site-content-layout":"","ast-site-content-layout":"default","site-content-style":"default","site-sidebar-style":"default","ast-global-header-display":"","ast-banner-title-visibility":"","ast-main-header-display":"","ast-hfb-above-header-display":"","ast-hfb-below-header-display":"","ast-hfb-mobile-header-display":"","site-post-title":"","ast-breadcrumbs-content":"","ast-featured-img":"","footer-sml-layout":"","ast-disable-related-posts":"","theme-transparent-header-meta":"default","adv-header-id-meta":"","stick-header-meta":"default","header-above-stick-meta":"","header-main-stick-meta":"","header-below-stick-meta":"","astra-migrate-meta-layouts":"default","ast-page-background-enabled":"default","ast-page-background-meta":{"desktop":{"background-color":"","background-image":"","background-repeat":"repeat","background-position":"center center","background-size":"auto","background-attachment":"scroll","background-type":"","background-media":"","overlay-type":"","overlay-color":"","overlay-opacity":"","overlay-gradient":""},"tablet":{"background-color":"","background-image":"","background-repeat":"repeat","background-position":"center center","background-size":"auto","background-attachment":"scroll","background-type":"","background-media":"","overlay-type":"","overlay-color":"","overlay-opacity":"","overlay-gradient":""},"mobile":{"background-color":"","background-image":"","background-repeat":"repeat","background-position":"center center","background-size":"auto","background-attachment":"scroll","background-type":"","background-media":"","overlay-type":"","overlay-color":"","overlay-opacity":"","overlay-gradient":""}},"ast-content-background-meta":{"desktop":{"background-color":"var(--ast-global-color-5)","background-image":"","background-repeat":"repeat","background-position":"center center","background-size":"auto","background-attachment":"scroll","background-type":"","background-media":"","overlay-type":"","overlay-color":"","overlay-opacity":"","overlay-gradient":""},"tablet":{"background-color":"var(--ast-global-color-5)","background-image":"","background-repeat":"repeat","background-position":"center center","background-size":"auto","background-attachment":"scroll","background-type":"","background-media":"","overlay-type":"","overlay-color":"","overlay-opacity":"","overlay-gradient":""},"mobile":{"background-color":"var(--ast-global-color-5)","background-image":"","background-repeat":"repeat","background-position":"center center","background-size":"auto","background-attachment":"scroll","background-type":"","background-media":"","overlay-type":"","overlay-color":"","overlay-opacity":"","overlay-gradient":""}},"footnotes":""},"class_list":["post-12131","page","type-page","status-publish","hentry"],"_links":{"self":[{"href":"https:\/\/nordicdiy.ee\/fi\/wp-json\/wp\/v2\/pages\/12131","targetHints":{"allow":["GET"]}}],"collection":[{"href":"https:\/\/nordicdiy.ee\/fi\/wp-json\/wp\/v2\/pages"}],"about":[{"href":"https:\/\/nordicdiy.ee\/fi\/wp-json\/wp\/v2\/types\/page"}],"author":[{"embeddable":true,"href":"https:\/\/nordicdiy.ee\/fi\/wp-json\/wp\/v2\/users\/32"}],"replies":[{"embeddable":true,"href":"https:\/\/nordicdiy.ee\/fi\/wp-json\/wp\/v2\/comments?post=12131"}],"version-history":[{"count":0,"href":"https:\/\/nordicdiy.ee\/fi\/wp-json\/wp\/v2\/pages\/12131\/revisions"}],"wp:attachment":[{"href":"https:\/\/nordicdiy.ee\/fi\/wp-json\/wp\/v2\/media?parent=12131"}],"curies":[{"name":"wp","href":"https:\/\/api.w.org\/{rel}","templated":true}]}}