{"id":12132,"date":"2024-09-06T19:28:37","date_gmt":"2024-09-06T16:28:37","guid":{"rendered":"https:\/\/nordicdiy.ee\/verkkokaupan-ehdot-ja-edellytykset\/"},"modified":"2026-03-03T17:31:53","modified_gmt":"2026-03-03T14:31:53","slug":"verkkokaupan-ehdot-ja-edellytykset","status":"publish","type":"page","link":"https:\/\/nordicdiy.ee\/fi\/verkkokaupan-ehdot-ja-edellytykset\/","title":{"rendered":"Verkkokaupan ehdot ja edellytykset"},"content":{"rendered":"<p>Verkkokaupan <a href=\"https:\/\/nordicdiy.ee\/fi\/\">https:\/\/nordicdiy.ee\/<\/a> (j\u00e4ljemp\u00e4n\u00e4 Verkkokauppa) omistaja on Nordic DIY O\u00dc (rekisteritunnus 17209922), jonka osoite on Lootuse tee 3, Metsakasti Viimsi kyl\u00e4 Harjumaa 74019.<\/p>\n<p><strong>Myyntisopimuksen voimassaolo, kaupalliset tiedot ja hintatiedot<\/strong><\/p>\n<p>Myyntiehdot koskevat tavaroiden ostamista verkkokaupasta. Verkkokaupassa myyt\u00e4vien tuotteiden hinnat on ilmoitettu tuotteiden yhteydess\u00e4. <\/p>\n<p>Hintaan lis\u00e4t\u00e4\u00e4n toimitusmaksu. Toimitusmaksu riippuu ostajan sijainnista ja toimitustavasta. Toimitusmaksu n\u00e4ytet\u00e4\u00e4n ostajalle tilausta teht\u00e4ess\u00e4.  <\/p>\n<p>Tietoa tavaroista on verkkokaupassa suoraan tavaran vieress\u00e4.<\/p>\n<p><strong>Tilauksen tekeminen<\/strong><\/p>\n<p>Tilausta varten sinun on lis\u00e4tt\u00e4v\u00e4 haluamasi tuotteet ostoskoriin. Tilauksen tekemist\u00e4 varten sinun on t\u00e4ytett\u00e4v\u00e4 vaaditut kent\u00e4t ja valittava sopiva toimitustapa. T\u00e4m\u00e4n j\u00e4lkeen n\u00e4yt\u00f6ll\u00e4 n\u00e4kyy maksun m\u00e4\u00e4r\u00e4, joka voidaan maksaa pankkisiirrolla tai muulla maksutavalla. Maksut k\u00e4sittelee Montonio Finance UAB.   <\/p>\n<p>Sopimus tulee voimaan p\u00e4iv\u00e4n\u00e4, jona verkkokaupan k\u00e4ytt\u00f6tilille maksettava summa on vastaanotettu.<\/p>\n<p>Jos tilattuja tavaroita ei voida toimittaa tavaran vanhentumisen tai muun syyn vuoksi, ostajalle ilmoitetaan asiasta mahdollisimman pian ja maksetut rahat (toimituskulut mukaan lukien) palautetaan yleens\u00e4 1-2 ty\u00f6p\u00e4iv\u00e4n kuluessa. Maksutavan mukaan maksun vastaanottaminen voi kest\u00e4\u00e4 jopa 7 ty\u00f6p\u00e4iv\u00e4\u00e4. <\/p>\n<p><strong>Toimitus osoitteeseen<\/strong><\/p>\n<p>Tavarat toimitetaan seuraaviin maihin: Viro, Latvia, Liettua, Suomi, Ruotsi.<br \/>\nOstajan on maksettava toimituskulut, ja vastaavat hintatiedot n\u00e4kyv\u00e4t toimitustavan yhteydess\u00e4. Viron sis\u00e4isten toimitusten toimitusaika on yleens\u00e4 2-4 arkip\u00e4iv\u00e4\u00e4 kauppasopimuksen tekemisest\u00e4. <\/p>\n<p>Poikkeustapauksissa sinulla on oikeus saada tavarat toimitettua enint\u00e4\u00e4n 30 kalenterip\u00e4iv\u00e4n kuluessa. Jos Verkkokauppa on ilmoittanut ostajalle verkkosivustolla tai tilausvahvistuksessa toimitusongelmista ja yli 30 kalenterip\u00e4iv\u00e4n m\u00e4\u00e4r\u00e4ajasta, sovelletaan Verkkokaupan julkaisemaa m\u00e4\u00e4r\u00e4aikaa. <\/p>\n<p><strong>Peruuttamisoikeus<\/strong><\/p>\n<p>Tilauksen vastaanottamisen j\u00e4lkeen ostajalla on oikeus peruuttaa s\u00e4hk\u00f6inen sopimus 14 p\u00e4iv\u00e4n kuluessa. Peruuttamisoikeutta ei sovelleta, jos ostaja on oikeushenkil\u00f6.<br \/>\n14 p\u00e4iv\u00e4n peruuttamisoikeuden k\u00e4ytt\u00e4miseksi tilattuja tavaroita ei saa k\u00e4ytt\u00e4\u00e4 muulla tavoin kuin tavaran luonteen, ominaisuuksien ja toiminnan selvitt\u00e4miseksi samalla tavalla kuin tavaran testaaminen fyysisess\u00e4 myym\u00e4l\u00e4ss\u00e4 on sallittua. <\/p>\n<p>Jos tavaroita on k\u00e4ytetty muuhun kuin tavaran luonteen, ominaisuuksien ja toiminnan selvitt\u00e4miseen tarvittavaan tarkoitukseen tai jos tavaroissa on k\u00e4yt\u00f6n tai kulumisen merkkej\u00e4, verkkokaupalla on oikeus alentaa palautettavaa maksua tavaran arvon alenemisen mukaisesti.<\/p>\n<p>Palauttaaksesi tavarat sinun on l\u00e4hetett\u00e4v\u00e4 peruutuslomake osoitteeseen <a href=\"mailto:epood@nordicdiy.ee\">epood@nordicdiy.ee<\/a> 14 p\u00e4iv\u00e4n kuluessa tavaroiden vastaanottamisesta.<\/p>\n<p>Ostaja vastaa tavaran palauttamisesta aiheutuvista kustannuksista, paitsi jos palautuksen syyn\u00e4 on se, ett\u00e4 tavara ei vastaa tilattua (esim. se on v\u00e4\u00e4r\u00e4 tai viallinen).<\/p>\n<p>Ostajan on palautettava tavarat 14 p\u00e4iv\u00e4n kuluessa hakemuksen p\u00e4iv\u00e4yksest\u00e4 tai esitett\u00e4v\u00e4 todiste siit\u00e4, ett\u00e4 h\u00e4n on luovuttanut tavarat rahdinkuljettajalle kyseisen ajan kuluessa.<\/p>\n<p>Verkkokauppa palauttaa palautetun tavaran saatuaan ostajalle v\u00e4litt\u00f6m\u00e4sti, mutta viimeist\u00e4\u00e4n 14 p\u00e4iv\u00e4n kuluessa peruuttamisen vastaanottamisesta, kaikki ostajalta sopimuksen mukaisesti saadut maksut. Verkkokauppa voi kielt\u00e4yty\u00e4 maksamasta palautuksia, kunnes se on vastaanottanut sopimuksen kohteena olevien tavaroiden palautuksen tai kunnes ostaja on todistanut palauttaneensa tavarat, riippuen siit\u00e4, kumpi ajankohta on aikaisempi. <\/p>\n<p>Jos ostaja on nimenomaisesti valinnut muun toimitustavan kuin verkkokaupan tarjoaman halvimman toimitustavan, verkkokauppa ei ole velvollinen korvaamaan kuluttajalle kustannuksia, jotka ylitt\u00e4v\u00e4t tavanomaisen toimitustavan kustannukset.<\/p>\n<p>Verkkokaupalla on oikeus peruuttaa kauppa ja vaatia ostajalta tavaran palauttamista, jos tavaran hinta verkkokaupassa on merkitty virheest\u00e4 johtuen huomattavasti alle tavaran markkinahinnan.<\/p>\n<p><strong>Oikeus tehd\u00e4 valitus<\/strong><\/p>\n<p>Verkkokauppa on vastuussa ostajalle myydyn tavaran virheest\u00e4 tai puutteesta, joka on ollut olemassa jo toimitushetkell\u00e4 ja joka ilmenee enint\u00e4\u00e4n kahden vuoden kuluessa siit\u00e4, kun tavara on toimitettu ostajalle. T\u00e4m\u00e4n ensimm\u00e4isen vuoden aikana siit\u00e4, kun tavarat on toimitettu ostajalle, oletetaan, ett\u00e4 virhe oli olemassa jo toimitushetkell\u00e4. Verkkokaupan vastuulla on kumota t\u00e4m\u00e4 olettamus.  <\/p>\n<p>Jos virhe ilmenee, ostajalla on oikeus ottaa yhteytt\u00e4 verkkokauppaan viimeist\u00e4\u00e4n kahden kuukauden kuluessa l\u00e4hett\u00e4m\u00e4ll\u00e4 s\u00e4hk\u00f6postia osoitteeseen <a href=\"mailto:epood@nordicdiy.ee\">epood@nordicdiy.ee<\/a> tai soittamalla numeroon +372 5167996.<br \/>\nVerkkokauppa ei vastaa virheist\u00e4, jotka ilmenev\u00e4t tavaran toimituksen j\u00e4lkeen kuluttajan toiminnan tai laiminly\u00f6nnin (virheellinen k\u00e4ytt\u00f6, onnettomuus jne.) tai tavaran tavanomaisen k\u00e4yt\u00f6n aiheuttaman tavanomaisen kulumisen vuoksi.<\/p>\n<p>Jos verkkokaupasta ostetuissa tavaroissa on virheit\u00e4, joista verkkokauppa on vastuussa, verkkokauppa korjaa tai vaihtaa vialliset tavarat.<br \/>\nJos tavaroita ei voida korjata tai vaihtaa, verkkokauppa palauttaa ostajalle kaikki kauppasopimukseen sis\u00e4ltyv\u00e4t maksut.<br \/>\nVerkkokauppa vastaa kuluttajan esitt\u00e4m\u00e4\u00e4n valitukseen kirjallisesti tai kirjallisesti toistettavassa muodossa 15 p\u00e4iv\u00e4n kuluessa.<\/p>\n<p><strong>Tietosuojaehdot<\/strong><\/p>\n<p>Lue tietosuojaehdot <a href=\"https:\/\/nordicdiy.ee\/fi\/tietosuojaehdot\/\">t\u00e4\u00e4lt\u00e4<\/a><\/p>\n<p><strong>Riitojen ratkaiseminen<\/strong><\/p>\n<p>Jos ostajalla on verkkokauppaa koskevia valituksia, ne on l\u00e4hetett\u00e4v\u00e4 s\u00e4hk\u00f6postitse osoitteeseen <a href=\"mailto:epood@nordicdiy.ee\">epood@nordicdiy<\/a>.ee tai puhelimitse numeroon +372 5167996.<br \/>\nJos ostaja ja verkkokauppa eiv\u00e4t pysty ratkaisemaan riitaa yhteisymm\u00e4rryksess\u00e4, ostaja voi k\u00e4\u00e4nty\u00e4 kuluttajariitalautakunnan puoleen. Voit tutustua menettelyn ehtoihin ja tehd\u00e4 hakemuksen <a href=\"https:\/\/ttja.ee\/tarbijavaidluste-komisjon\">t\u00e4\u00e4ll\u00e4.<\/a> <\/p>\n<p>Kuluttajariitalautakunta on toimivaltainen ratkaisemaan ostajan ja verkkokaupan v\u00e4lisest\u00e4 sopimuksesta johtuvat riidat. Ostajan valituksen tutkiminen komissiossa on maksutonta. Ostaja voi saattaa asian <a href=\"https:\/\/commission.europa.eu\/live-work-travel-eu\/consumer-rights-and-complaints\/resolve-your-consumer-complaint_et\">Euroopan unionin kuluttajariitojen ratkaisufoorumin k\u00e4sitelt\u00e4v\u00e4ksi.<\/a>  <\/p>\n","protected":false},"excerpt":{"rendered":"<p>Verkkokaupan https:\/\/nordicdiy.ee\/ (j\u00e4ljemp\u00e4n\u00e4 Verkkokauppa) omistaja on Nordic DIY O\u00dc (rekisteritunnus 17209922), jonka osoite on Lootuse tee 3, Metsakasti Viimsi kyl\u00e4 Harjumaa 74019. Myyntisopimuksen voimassaolo, kaupalliset tiedot ja hintatiedot Myyntiehdot koskevat tavaroiden ostamista verkkokaupasta. Verkkokaupassa myyt\u00e4vien tuotteiden hinnat on ilmoitettu tuotteiden yhteydess\u00e4. Hintaan lis\u00e4t\u00e4\u00e4n toimitusmaksu. Toimitusmaksu riippuu ostajan sijainnista ja toimitustavasta. Toimitusmaksu n\u00e4ytet\u00e4\u00e4n ostajalle tilausta teht\u00e4ess\u00e4. [&hellip;]<\/p>\n","protected":false},"author":1,"featured_media":0,"parent":0,"menu_order":0,"comment_status":"closed","ping_status":"closed","template":"","meta":{"site-sidebar-layout":"default","site-content-layout":"","ast-site-content-layout":"default","site-content-style":"default","site-sidebar-style":"default","ast-global-header-display":"","ast-banner-title-visibility":"","ast-main-header-display":"","ast-hfb-above-header-display":"","ast-hfb-below-header-display":"","ast-hfb-mobile-header-display":"","site-post-title":"","ast-breadcrumbs-content":"","ast-featured-img":"","footer-sml-layout":"","ast-disable-related-posts":"","theme-transparent-header-meta":"default","adv-header-id-meta":"","stick-header-meta":"default","header-above-stick-meta":"","header-main-stick-meta":"","header-below-stick-meta":"","astra-migrate-meta-layouts":"default","ast-page-background-enabled":"default","ast-page-background-meta":{"desktop":{"background-color":"","background-image":"","background-repeat":"repeat","background-position":"center center","background-size":"auto","background-attachment":"scroll","background-type":"","background-media":"","overlay-type":"","overlay-color":"","overlay-opacity":"","overlay-gradient":""},"tablet":{"background-color":"","background-image":"","background-repeat":"repeat","background-position":"center center","background-size":"auto","background-attachment":"scroll","background-type":"","background-media":"","overlay-type":"","overlay-color":"","overlay-opacity":"","overlay-gradient":""},"mobile":{"background-color":"","background-image":"","background-repeat":"repeat","background-position":"center center","background-size":"auto","background-attachment":"scroll","background-type":"","background-media":"","overlay-type":"","overlay-color":"","overlay-opacity":"","overlay-gradient":""}},"ast-content-background-meta":{"desktop":{"background-color":"var(--ast-global-color-5)","background-image":"","background-repeat":"repeat","background-position":"center center","background-size":"auto","background-attachment":"scroll","background-type":"","background-media":"","overlay-type":"","overlay-color":"","overlay-opacity":"","overlay-gradient":""},"tablet":{"background-color":"var(--ast-global-color-5)","background-image":"","background-repeat":"repeat","background-position":"center center","background-size":"auto","background-attachment":"scroll","background-type":"","background-media":"","overlay-type":"","overlay-color":"","overlay-opacity":"","overlay-gradient":""},"mobile":{"background-color":"var(--ast-global-color-5)","background-image":"","background-repeat":"repeat","background-position":"center center","background-size":"auto","background-attachment":"scroll","background-type":"","background-media":"","overlay-type":"","overlay-color":"","overlay-opacity":"","overlay-gradient":""}},"footnotes":""},"class_list":["post-12132","page","type-page","status-publish","hentry"],"_links":{"self":[{"href":"https:\/\/nordicdiy.ee\/fi\/wp-json\/wp\/v2\/pages\/12132","targetHints":{"allow":["GET"]}}],"collection":[{"href":"https:\/\/nordicdiy.ee\/fi\/wp-json\/wp\/v2\/pages"}],"about":[{"href":"https:\/\/nordicdiy.ee\/fi\/wp-json\/wp\/v2\/types\/page"}],"author":[{"embeddable":true,"href":"https:\/\/nordicdiy.ee\/fi\/wp-json\/wp\/v2\/users\/1"}],"replies":[{"embeddable":true,"href":"https:\/\/nordicdiy.ee\/fi\/wp-json\/wp\/v2\/comments?post=12132"}],"version-history":[{"count":2,"href":"https:\/\/nordicdiy.ee\/fi\/wp-json\/wp\/v2\/pages\/12132\/revisions"}],"predecessor-version":[{"id":28253,"href":"https:\/\/nordicdiy.ee\/fi\/wp-json\/wp\/v2\/pages\/12132\/revisions\/28253"}],"wp:attachment":[{"href":"https:\/\/nordicdiy.ee\/fi\/wp-json\/wp\/v2\/media?parent=12132"}],"curies":[{"name":"wp","href":"https:\/\/api.w.org\/{rel}","templated":true}]}}