{"id":12137,"date":"2024-09-06T19:21:09","date_gmt":"2024-09-06T16:21:09","guid":{"rendered":"https:\/\/nordicdiy.ee\/ufi-green\/"},"modified":"2025-06-11T17:25:38","modified_gmt":"2025-06-11T14:25:38","slug":"ufi-green","status":"publish","type":"page","link":"https:\/\/nordicdiy.ee\/fi\/ufi-green\/","title":{"rendered":"UFI Green"},"content":{"rendered":"<p>Erityisen erikoisen meist\u00e4 tekee UFI Green -sertifioitu tuoksu\u00f6ljymallistomme, joka takaa korkeimmat turvallisuus- ja ymp\u00e4rist\u00f6standardit. Olemme ylpeit\u00e4 siit\u00e4, ett\u00e4 olemme Aspoli-tuoksu\u00f6ljyjen yksinoikeusjakelija Virossa, Suomessa, Ruotsissa ja Latviassa.<br \/>\n<strong><br \/>\nTammikuun 1. p\u00e4iv\u00e4st\u00e4 2025 alkaen sovelletaan EU:n lains\u00e4\u00e4d\u00e4nt\u00f6\u00e4. <\/strong>, mik\u00e4 tarkoittaa, ett\u00e4 kaikista kosmetiikka- tai hajusteollisuudessa k\u00e4ytett\u00e4vist\u00e4 kemiallisista seoksista on teht\u00e4v\u00e4 yhdenmukaistettu PCN-ilmoitus (Poison Centres Notification). T\u00e4m\u00e4 tarkoittaa, ett\u00e4 jos tuotetta myyd\u00e4\u00e4n EU-maissa, vastuussa olevien yritysten on toimitettava Euroopan myrkytyskeskuksille tiedot tuotteessa k\u00e4ytetyn kemikaalin koostumuksesta, vaaroista ja k\u00e4yt\u00f6st\u00e4. T\u00e4st\u00e4 l\u00e4htien kaikkien uusien ja olemassa olevien tuotteiden on t\u00e4ytett\u00e4v\u00e4 t\u00e4ysin t\u00e4m\u00e4 uusi vaatimus.  <\/p>\n<p><strong>Yksinkertaisesti sanottuna<\/strong>, jos asiakas ostaa verkkokaupasta, myym\u00e4l\u00e4st\u00e4 tai markkinapaikalta tuotteen, joka sis\u00e4lt\u00e4\u00e4 hajuste\u00f6ljy\u00e4 (kuten kynttil\u00e4n), t\u00e4m\u00e4 uusi laki tarkoittaa, ett\u00e4 kaikki valmiit tuotteet on ennakkorekister\u00f6it\u00e4v\u00e4 Euroopan ty\u00f6terveys- ja ty\u00f6turvallisuuskeskuksessa (ECHAS). Valmistajan on niiden turvallisuuden varmistamiseksi annettava tarkat tiedot niiden koostumuksesta ja mahdollisista vaaroista. T\u00e4m\u00e4 auttaa pit\u00e4m\u00e4\u00e4n ihmiset ja ymp\u00e4rist\u00f6n turvassa.  <\/p>\n<p><strong>Onko kaikki liian monimutkaista?<br \/>\n<\/strong>Kyll\u00e4, prosessi on monimutkainen ja aikaa viev\u00e4, ja siksi olemme tehneet valmistajien el\u00e4m\u00e4st\u00e4 helpompaa.<strong><br \/>\nTuotannon yksinkertaistamiseksi voit ladata soijanahkakynttil\u00f6iden k\u00e4ytt\u00f6turvallisuustiedotteet (SDS) ja CLP-tarramallit (etiketit) kullekin hajuste\u00f6ljylle ILMAISEKSI, eik\u00e4 sinun tarvitse luoda ja ilmoittaa UFI-koodia PCN:ss\u00e4 tai rekister\u00f6id\u00e4 tuotteesi ECHASiin.<\/strong><\/p>\n<p><strong>Miten se toimii?<br \/>\n<a href=\"https:\/\/nordicdiy.ee\/fi\/ufi-green\/ufi-susteem-2\/\" rel=\"attachment wp-att-5374\"><img decoding=\"async\" class=\"alignnone wp-image-5374\" src=\"https:\/\/nordicdiy.ee\/wp-content\/uploads\/2025\/02\/ufi-susteem-300x72.jpg\" alt=\"\" width=\"426\" height=\"102\" srcset=\"https:\/\/nordicdiy.ee\/wp-content\/uploads\/2025\/02\/ufi-susteem-300x72.jpg 300w, https:\/\/nordicdiy.ee\/wp-content\/uploads\/2025\/02\/ufi-susteem-1024x244.jpg 1024w, https:\/\/nordicdiy.ee\/wp-content\/uploads\/2025\/02\/ufi-susteem-768x183.jpg 768w, https:\/\/nordicdiy.ee\/wp-content\/uploads\/2025\/02\/ufi-susteem-600x143.jpg 600w, https:\/\/nordicdiy.ee\/wp-content\/uploads\/2025\/02\/ufi-susteem.jpg 1132w\" sizes=\"(max-width: 426px) 100vw, 426px\" \/><\/a><br \/>\n<\/strong><\/p>\n<ol>\n<li><strong>Valitse<\/strong> verkkokaupastamme <strong>tuoksu\u00f6ljy<\/strong>, joka on merkitty <strong>UFI GREEN-tasolla<\/strong>.<br \/>\nJokaisella tuoksu\u00f6ljyll\u00e4 on UFIGREEN-k\u00e4ytt\u00f6taso tai kynnysarvo, joka osoittaa tuoksu\u00f6ljyn turvallisen enimm\u00e4ism\u00e4\u00e4r\u00e4n kynttil\u00f6iss\u00e4 tai kodin tuoksuissa (esim. Baccarat 39 %).<\/li>\n<li><strong>Valitse<\/strong> terveydelle ja ymp\u00e4rist\u00f6lle neutraali <strong>vaha<\/strong>, esim. soijavaha, jossa on UFI GREEN -merkint\u00e4.<br \/>\nTerveydelle ja ymp\u00e4rist\u00f6lle neutraali vaha on vaha, joka ei sis\u00e4ll\u00e4 vaarallisiksi luokiteltuja aineita.<\/li>\n<li><strong>Lataa<\/strong> valitsemasi annostelutason kynttil\u00e4n <strong>ilmainen<\/strong> k\u00e4ytt\u00f6turvallisuustiedote (SDS) ja tallenna se tietokoneellesi.<br \/>\nTuoksu\u00f6ljyn tuoteselosteesta l\u00f6yd\u00e4t soijakynttil\u00f6iden ilmaiset k\u00e4ytt\u00f6turvallisuustiedotteet (SDS) (3 annostelutasoa 6%, 8% tai 10%).<\/li>\n<li><strong>Lataa kynttil\u00e4\u00e4n kiinnitett\u00e4v\u00e4 tarra<\/strong>, jossa on kuvamerkkej\u00e4, vaaralausekkeita ja luettelo allergeeneista. Muista lis\u00e4t\u00e4 yrityksesi tiedot ja kynttil\u00e4n vahan paino ennen tulostamista!<br \/>\n<strong>Huomaa!  <\/strong>- tarrassa ei ole UFI-koodia - koska UFI GREEN -logo vahvistaa, ett\u00e4 lopputuotetta ei tarvitse rekister\u00f6id\u00e4 ECHAS-j\u00e4rjestelm\u00e4\u00e4n, ja se liittyy l\u00e4heisesti tuotteen k\u00e4ytt\u00f6turvallisuustiedotteeseen.<\/li>\n<\/ol>\n<p><strong>Ent\u00e4 jos olen valinnut tuoksu\u00f6ljyn, jossa on UFI READY -logo?<\/strong><br \/>\nJos valitsemassasi tuoksu\u00f6ljyss\u00e4 on UFI READY -logo, sit\u00e4 voidaan k\u00e4ytt\u00e4\u00e4 my\u00f6s tuoksukynttil\u00f6iden valmistuksessa.<br \/>\nNoudata edell\u00e4 mainittuja 4 vaihetta (kuten UFI GREEN), ja l\u00f6yd\u00e4t ilmaiset k\u00e4ytt\u00f6turvallisuustiedotteet soijakynttil\u00f6it\u00e4 varten kunkin tuoksu\u00f6ljytuotteen kuvauksesta.<br \/>\n<strong>Huomaa!  <\/strong>- tarrassa on UFI-koodi ja vaarakuvamerkit!<\/p>\n<p><strong>Voinko k\u00e4ytt\u00e4\u00e4 ASPOL-tuoksu\u00f6ljyj\u00e4 kotituoksuissa?<br \/>\n<\/strong>Kyll\u00e4, voit k\u00e4ytt\u00e4\u00e4 tikkuja kotituoksuissa, huonetuoksuissa ja autojen tuoksuissa. Tarkista <strong data-start=\"174\" data-end=\"210\">turvallisen k\u00e4yt\u00f6n rajat<\/strong> ennen k\u00e4ytt\u00f6\u00e4. Katso IFRAn taulukosta luokkien k\u00e4ytt\u00f6rajat.<br \/>\nPintasuihkutussuihkeet, autojen ilmanraikastimet, kategoria nro: 10B.<br \/>\nTikkumaiset kodinraikastimet, tuoksutikut, muut kuin suihkutettavat ilmanraikastimet, kategoria nro: 10A.  <\/p>\n<p><strong>Jos haluat tehd\u00e4 tikuilla varustetun huoneentaulun, jota ei tarvitse rekister\u00f6id\u00e4 ECHAS-j\u00e4rjestelm\u00e4\u00e4n, noudata n\u00e4it\u00e4 kahta yksinkertaista vaihetta.<br \/>\n<\/strong><\/p>\n<ol>\n<li>Valitse tuoksu\u00f6ljy, joka on valitsemasi m\u00e4\u00e4r\u00e4n rajoissa. Esimerkiksi Baccarat UFIGREEN -tuoksu\u00f6ljyn k\u00e4ytt\u00f6raja on enint\u00e4\u00e4n 39 %! T\u00e4m\u00e4 tarkoittaa, ett\u00e4 enint\u00e4\u00e4n 39 % tuoksu\u00f6ljyst\u00e4 voidaan k\u00e4ytt\u00e4\u00e4 kotituoksujen valmistukseen.  <\/li>\n<li>K\u00e4yt\u00e4 UFI GREEN -perusnestett\u00e4 nro 7. Luo markkinoiden puhtaimmat ja turvallisimmat diffuusorit! <\/li>\n<li>Tuote on merkitt\u00e4v\u00e4 UFI GREEN -logolla.<\/li>\n<\/ol>\n<p>&nbsp;<\/p>\n<p><strong>Mit\u00e4 UFI GREEN tarkoittaa?<\/strong><\/p>\n<p>\"UFIGREEN\" on lyhenne sanoista \"Unique Formula Identifier Green\", joka liittyy kemikaalien ja vaarallisten aineiden merkint\u00f6ihin Euroopan unionissa. Se on kemikaaliasetuksen, joka tunnetaan my\u00f6s nimell\u00e4 CLP-asetus (Classification, Labelling, and Packaging), nojalla kehitetty erityinen tunniste. <\/p>\n<p>UFI Green on erityinen koodi, jota k\u00e4ytet\u00e4\u00e4n Euroopan unionissa ymp\u00e4rist\u00f6yst\u00e4v\u00e4llisten kemikaalien ja vaarallisten aineiden tunnistamiseen. T\u00e4m\u00e4 16-numeroinen koodi auttaa tunnistamaan nopeasti ja tarkasti tuotteet, jotka t\u00e4ytt\u00e4v\u00e4t tietyt turvallisuus- ja ymp\u00e4rist\u00f6vaatimukset. UFI Greenin tavoitteena on tehd\u00e4 kemikaalien k\u00e4yt\u00f6st\u00e4 turvallisempaa ja l\u00e4pin\u00e4kyv\u00e4mp\u00e4\u00e4 sek\u00e4 kuluttajille ett\u00e4 teollisuudelle.  <\/p>\n<p>UFI Green pyrkii edist\u00e4m\u00e4\u00e4n vihre\u00e4mpi\u00e4 tuotteita ja tekem\u00e4\u00e4n kemikaalien turvallisuudesta ja hallinnasta yksinkertaisempaa ja l\u00e4pin\u00e4kyv\u00e4mp\u00e4\u00e4 sek\u00e4 kuluttajille ett\u00e4 teollisuudelle.<\/p>\n<p><strong>Mik\u00e4 on UFI READY ja mit\u00e4 eroa sill\u00e4 on UFI GREENiin verrattuna?<\/strong><\/p>\n<p>UFI Ready tarkoittaa, ett\u00e4 tuote tai j\u00e4rjestelm\u00e4 on teknisesti valmis k\u00e4ytt\u00e4m\u00e4\u00e4n UFI-koodia, jota tarvitaan kemikaalien tarkkaan tunnistamiseen EU:n turvallisuusvaatimusten mukaisesti.<\/p>\n<p>UFI Green puolestaan viittaa tuotteisiin, jotka on suunniteltu tai merkitty siten, ett\u00e4 ne t\u00e4ytt\u00e4v\u00e4t ymp\u00e4rist\u00f6yst\u00e4v\u00e4llisyytt\u00e4 tai pienemp\u00e4\u00e4 riski\u00e4 koskevat vaatimukset.<br \/>\nT\u00e4rkein ero: UFI Ready keskittyy UFI-koodin tekniseen k\u00e4ytt\u00f6valmiuteen, kun taas UFI Green keskittyy tuotteen turvallisuuden ja ymp\u00e4rist\u00f6yst\u00e4v\u00e4llisyyden tasoon.<\/p>\n<p>CLP-asetus (asetus (EY) N:o 1272\/2008) on s\u00e4\u00e4nt\u00f6, joka auttaa tunnistamaan kemikaalien vaarat ja tiedottamaan niist\u00e4. Siin\u00e4 edellytet\u00e4\u00e4n, ett\u00e4 kaikki Euroopan unionissa myyt\u00e4v\u00e4t kemikaalituotteet (aineet ja seokset) on merkitt\u00e4v\u00e4 ja pakattava asianmukaisesti. Merkinn\u00f6iss\u00e4 on erityisi\u00e4 varoituksia ja kuvia (piktogrammeja), jotka osoittavat, kuinka vaarallinen tuote on. CLP-asetus perustuu YK:n j\u00e4rjestelm\u00e4\u00e4n, jonka tarkoituksena on varmistaa kemiallisten tuotteiden turvallinen k\u00e4ytt\u00f6 ja helpottaa niiden myynti\u00e4 maailmanlaajuisesti.   <\/p>\n","protected":false},"excerpt":{"rendered":"<p>Erityisen erikoisen meist\u00e4 tekee UFI Green -sertifioitu tuoksu\u00f6ljymallistomme, joka takaa korkeimmat turvallisuus- ja ymp\u00e4rist\u00f6standardit. Olemme ylpeit\u00e4 siit\u00e4, ett\u00e4 olemme Aspoli-tuoksu\u00f6ljyjen yksinoikeusjakelija Virossa, Suomessa, Ruotsissa ja Latviassa. Tammikuun 1. p\u00e4iv\u00e4st\u00e4 2025 alkaen sovelletaan EU:n lains\u00e4\u00e4d\u00e4nt\u00f6\u00e4. , mik\u00e4 tarkoittaa, ett\u00e4 kaikista kosmetiikka- tai hajusteollisuudessa k\u00e4ytett\u00e4vist\u00e4 kemiallisista seoksista on teht\u00e4v\u00e4 yhdenmukaistettu PCN-ilmoitus (Poison Centres Notification). T\u00e4m\u00e4 tarkoittaa, ett\u00e4 [&hellip;]<\/p>\n","protected":false},"author":1,"featured_media":0,"parent":0,"menu_order":0,"comment_status":"closed","ping_status":"closed","template":"","meta":{"site-sidebar-layout":"default","site-content-layout":"","ast-site-content-layout":"default","site-content-style":"default","site-sidebar-style":"default","ast-global-header-display":"","ast-banner-title-visibility":"","ast-main-header-display":"","ast-hfb-above-header-display":"","ast-hfb-below-header-display":"","ast-hfb-mobile-header-display":"","site-post-title":"","ast-breadcrumbs-content":"","ast-featured-img":"","footer-sml-layout":"","ast-disable-related-posts":"","theme-transparent-header-meta":"default","adv-header-id-meta":"","stick-header-meta":"default","header-above-stick-meta":"","header-main-stick-meta":"","header-below-stick-meta":"","astra-migrate-meta-layouts":"default","ast-page-background-enabled":"default","ast-page-background-meta":{"desktop":{"background-color":"","background-image":"","background-repeat":"repeat","background-position":"center center","background-size":"auto","background-attachment":"scroll","background-type":"","background-media":"","overlay-type":"","overlay-color":"","overlay-opacity":"","overlay-gradient":""},"tablet":{"background-color":"","background-image":"","background-repeat":"repeat","background-position":"center center","background-size":"auto","background-attachment":"scroll","background-type":"","background-media":"","overlay-type":"","overlay-color":"","overlay-opacity":"","overlay-gradient":""},"mobile":{"background-color":"","background-image":"","background-repeat":"repeat","background-position":"center center","background-size":"auto","background-attachment":"scroll","background-type":"","background-media":"","overlay-type":"","overlay-color":"","overlay-opacity":"","overlay-gradient":""}},"ast-content-background-meta":{"desktop":{"background-color":"var(--ast-global-color-5)","background-image":"","background-repeat":"repeat","background-position":"center center","background-size":"auto","background-attachment":"scroll","background-type":"","background-media":"","overlay-type":"","overlay-color":"","overlay-opacity":"","overlay-gradient":""},"tablet":{"background-color":"var(--ast-global-color-5)","background-image":"","background-repeat":"repeat","background-position":"center center","background-size":"auto","background-attachment":"scroll","background-type":"","background-media":"","overlay-type":"","overlay-color":"","overlay-opacity":"","overlay-gradient":""},"mobile":{"background-color":"var(--ast-global-color-5)","background-image":"","background-repeat":"repeat","background-position":"center center","background-size":"auto","background-attachment":"scroll","background-type":"","background-media":"","overlay-type":"","overlay-color":"","overlay-opacity":"","overlay-gradient":""}},"footnotes":""},"class_list":["post-12137","page","type-page","status-publish","hentry"],"_links":{"self":[{"href":"https:\/\/nordicdiy.ee\/fi\/wp-json\/wp\/v2\/pages\/12137","targetHints":{"allow":["GET"]}}],"collection":[{"href":"https:\/\/nordicdiy.ee\/fi\/wp-json\/wp\/v2\/pages"}],"about":[{"href":"https:\/\/nordicdiy.ee\/fi\/wp-json\/wp\/v2\/types\/page"}],"author":[{"embeddable":true,"href":"https:\/\/nordicdiy.ee\/fi\/wp-json\/wp\/v2\/users\/1"}],"replies":[{"embeddable":true,"href":"https:\/\/nordicdiy.ee\/fi\/wp-json\/wp\/v2\/comments?post=12137"}],"version-history":[{"count":1,"href":"https:\/\/nordicdiy.ee\/fi\/wp-json\/wp\/v2\/pages\/12137\/revisions"}],"predecessor-version":[{"id":19128,"href":"https:\/\/nordicdiy.ee\/fi\/wp-json\/wp\/v2\/pages\/12137\/revisions\/19128"}],"wp:attachment":[{"href":"https:\/\/nordicdiy.ee\/fi\/wp-json\/wp\/v2\/media?parent=12137"}],"curies":[{"name":"wp","href":"https:\/\/api.w.org\/{rel}","templated":true}]}}