{"id":12143,"date":"2024-09-06T19:19:31","date_gmt":"2024-09-06T16:19:31","guid":{"rendered":"https:\/\/nordicdiy.ee\/tietoa-meista\/"},"modified":"2024-09-06T19:19:31","modified_gmt":"2024-09-06T16:19:31","slug":"tietoa-meista","status":"publish","type":"page","link":"https:\/\/nordicdiy.ee\/fi\/tietoa-meista\/","title":{"rendered":"Tietoa meist\u00e4"},"content":{"rendered":"<p>Tervetuloa perheyrityksemme uuteen ja innovatiiviseen DIY-verkkokauppaan! Tarjoamme laajan valikoiman ymp\u00e4rist\u00f6yst\u00e4v\u00e4llisi\u00e4 tuotteita, joiden suunnittelussa on otettu huomioon kest\u00e4v\u00e4 kehitys ja luonnosta huolehtiminen. Valikoimastamme l\u00f6yd\u00e4t kynttil\u00e4nvalmistusmateriaalit, kodintuoksutarvikkeet ja nestem\u00e4isen saippuan valmistusaineet. Erityisen erikoisen meist\u00e4 tekee UFI Green -sertifioitu tuoksu\u00f6ljymallistomme, joka takaa korkeimmat turvallisuus- ja ymp\u00e4rist\u00f6standardit. Olemme ylpeit\u00e4 siit\u00e4, ett\u00e4 olemme Aspoli-tuoksu\u00f6ljyjen yksinoikeusjakelija Virossa, Suomessa, Ruotsissa ja Latviassa.<\/p>\n<p>Myym\u00e4l\u00e4mme on suunniteltu tarjoamaan laadukkaita tuotteita yksityishenkil\u00f6ille, valmistajille ja yrityksille, jotka haluavat luonnollisia ja turvallisia ratkaisuja. Tavoitteenamme on helpottaa askarteluasi tarjoamalla laajan valikoiman ymp\u00e4rist\u00f6yst\u00e4v\u00e4llisi\u00e4 ja sertifioituja materiaaleja ja tarvikkeita.<\/p>\n<p>Tarjoamme my\u00f6s B2B-ratkaisuja, mukaan lukien tukku- ja r\u00e4\u00e4t\u00e4l\u00f6intiratkaisuja, kuten oman tuoksukimpun luominen tai kynttil\u00e4lasien v\u00e4rj\u00e4ys. Lis\u00e4ksi voit ladata verkkosivuiltamme etikettej\u00e4 ja turvallisuustodistuksia (SDS) todistaaksesi, ett\u00e4 tuotteesi on valmistettu ymp\u00e4rist\u00f6yst\u00e4v\u00e4llisesti ja ett\u00e4 ne t\u00e4ytt\u00e4v\u00e4t korkeimmat turvallisuusstandardit.<\/p>\n<p>Tuotevalikoimaamme kehitet\u00e4\u00e4n jatkuvasti, jotta voimme tarjota sinulle parhaan DIY-kokemuksen. Tavoitteenamme on inspiroida ja tukea luovuuttasi tarjoamalla kaiken, mit\u00e4 tarvitset luodaksesi jotain todella erityist\u00e4 ja ymp\u00e4rist\u00f6yst\u00e4v\u00e4llist\u00e4. Olitpa sitten aloittelija tai ammattilainen, verkkokaupastamme l\u00f6yd\u00e4t kaiken, mit\u00e4 tarvitset ideoiden toteuttamiseen. Ota askel kohti vihre\u00e4mp\u00e4\u00e4 ja turvallisempaa tulevaisuutta kanssamme!<\/p>\n","protected":false},"excerpt":{"rendered":"<p>Tervetuloa perheyrityksemme uuteen ja innovatiiviseen DIY-verkkokauppaan! Tarjoamme laajan valikoiman ymp\u00e4rist\u00f6yst\u00e4v\u00e4llisi\u00e4 tuotteita, joiden suunnittelussa on otettu huomioon kest\u00e4v\u00e4 kehitys ja luonnosta huolehtiminen. Valikoimastamme l\u00f6yd\u00e4t kynttil\u00e4nvalmistusmateriaalit, kodintuoksutarvikkeet ja nestem\u00e4isen saippuan valmistusaineet. Erityisen erikoisen meist\u00e4 tekee UFI Green -sertifioitu tuoksu\u00f6ljymallistomme, joka takaa korkeimmat turvallisuus- ja ymp\u00e4rist\u00f6standardit. Olemme ylpeit\u00e4 siit\u00e4, ett\u00e4 olemme Aspoli-tuoksu\u00f6ljyjen yksinoikeusjakelija Virossa, Suomessa, Ruotsissa ja Latviassa. [&hellip;]<\/p>\n","protected":false},"author":1,"featured_media":0,"parent":0,"menu_order":0,"comment_status":"closed","ping_status":"closed","template":"","meta":{"site-sidebar-layout":"default","site-content-layout":"","ast-site-content-layout":"default","site-content-style":"default","site-sidebar-style":"default","ast-global-header-display":"","ast-banner-title-visibility":"","ast-main-header-display":"","ast-hfb-above-header-display":"","ast-hfb-below-header-display":"","ast-hfb-mobile-header-display":"","site-post-title":"","ast-breadcrumbs-content":"","ast-featured-img":"","footer-sml-layout":"","ast-disable-related-posts":"","theme-transparent-header-meta":"default","adv-header-id-meta":"","stick-header-meta":"default","header-above-stick-meta":"","header-main-stick-meta":"","header-below-stick-meta":"","astra-migrate-meta-layouts":"default","ast-page-background-enabled":"default","ast-page-background-meta":{"desktop":{"background-color":"","background-image":"","background-repeat":"repeat","background-position":"center center","background-size":"auto","background-attachment":"scroll","background-type":"","background-media":"","overlay-type":"","overlay-color":"","overlay-opacity":"","overlay-gradient":""},"tablet":{"background-color":"","background-image":"","background-repeat":"repeat","background-position":"center center","background-size":"auto","background-attachment":"scroll","background-type":"","background-media":"","overlay-type":"","overlay-color":"","overlay-opacity":"","overlay-gradient":""},"mobile":{"background-color":"","background-image":"","background-repeat":"repeat","background-position":"center center","background-size":"auto","background-attachment":"scroll","background-type":"","background-media":"","overlay-type":"","overlay-color":"","overlay-opacity":"","overlay-gradient":""}},"ast-content-background-meta":{"desktop":{"background-color":"var(--ast-global-color-5)","background-image":"","background-repeat":"repeat","background-position":"center center","background-size":"auto","background-attachment":"scroll","background-type":"","background-media":"","overlay-type":"","overlay-color":"","overlay-opacity":"","overlay-gradient":""},"tablet":{"background-color":"var(--ast-global-color-5)","background-image":"","background-repeat":"repeat","background-position":"center center","background-size":"auto","background-attachment":"scroll","background-type":"","background-media":"","overlay-type":"","overlay-color":"","overlay-opacity":"","overlay-gradient":""},"mobile":{"background-color":"var(--ast-global-color-5)","background-image":"","background-repeat":"repeat","background-position":"center center","background-size":"auto","background-attachment":"scroll","background-type":"","background-media":"","overlay-type":"","overlay-color":"","overlay-opacity":"","overlay-gradient":""}},"footnotes":""},"class_list":["post-12143","page","type-page","status-publish","hentry"],"_links":{"self":[{"href":"https:\/\/nordicdiy.ee\/fi\/wp-json\/wp\/v2\/pages\/12143","targetHints":{"allow":["GET"]}}],"collection":[{"href":"https:\/\/nordicdiy.ee\/fi\/wp-json\/wp\/v2\/pages"}],"about":[{"href":"https:\/\/nordicdiy.ee\/fi\/wp-json\/wp\/v2\/types\/page"}],"author":[{"embeddable":true,"href":"https:\/\/nordicdiy.ee\/fi\/wp-json\/wp\/v2\/users\/1"}],"replies":[{"embeddable":true,"href":"https:\/\/nordicdiy.ee\/fi\/wp-json\/wp\/v2\/comments?post=12143"}],"version-history":[{"count":0,"href":"https:\/\/nordicdiy.ee\/fi\/wp-json\/wp\/v2\/pages\/12143\/revisions"}],"wp:attachment":[{"href":"https:\/\/nordicdiy.ee\/fi\/wp-json\/wp\/v2\/media?parent=12143"}],"curies":[{"name":"wp","href":"https:\/\/api.w.org\/{rel}","templated":true}]}}