{"id":12146,"date":"2024-09-06T19:20:37","date_gmt":"2024-09-06T16:20:37","guid":{"rendered":"https:\/\/nordicdiy.ee\/palvelut\/"},"modified":"2024-09-06T19:20:37","modified_gmt":"2024-09-06T16:20:37","slug":"palvelut","status":"publish","type":"page","link":"https:\/\/nordicdiy.ee\/fi\/palvelut\/","title":{"rendered":"Palvelut"},"content":{"rendered":"<p>Palvelumme - yksil\u00f6llisten ja ainutlaatuisten ratkaisujen luominen. Tarjoamme korkealaatuisia ja yksil\u00f6llisi\u00e4 palveluita, joiden avulla saat tuotteesi erottumaan ja antamaan niille ainutlaatuisen ilmeen: <\/p>\n<ul>\n<li><strong>Logokaiverrus puisiin kynttil\u00e4njalkoihin<\/strong> - Kaiverra tuotemerkkisi logo tyylikk\u00e4\u00e4sti puisiin kynttil\u00e4njalkoihin, mik\u00e4 lis\u00e4\u00e4 tuotteisiisi ylellisen ja mieleenpainuvan yksityiskohdan.<\/li>\n<li><strong>Kynttil\u00e4n lasinmaalaus<\/strong> - tarjoamme ammattimaista kynttil\u00e4n lasinmaalausta, jotta kynttil\u00e4t sopivat t\u00e4ydellisesti tuotemerkkiin tai kodin sisustukseen.<\/li>\n<li><strong>Tuoksu\u00f6ljykimppujen luominen<\/strong> - autamme sinua luomaan ainutlaatuisen tuoksu\u00f6ljy-yhdistelm\u00e4n, joka kuvastaa br\u00e4ndisi identiteetti\u00e4 ja luo miellytt\u00e4v\u00e4n ilmapiirin.<\/li>\n<\/ul>\n<p>Ota yhteytt\u00e4 meihin saadaksesi tarjouksen: <a href=\"mailto:epood@nordicdiy.ee\">epood@nordicdiy.ee<\/a>.<\/p>\n","protected":false},"excerpt":{"rendered":"<p>Palvelumme - yksil\u00f6llisten ja ainutlaatuisten ratkaisujen luominen. Tarjoamme korkealaatuisia ja yksil\u00f6llisi\u00e4 palveluita, joiden avulla saat tuotteesi erottumaan ja antamaan niille ainutlaatuisen ilmeen: Logokaiverrus puisiin kynttil\u00e4njalkoihin - Kaiverra tuotemerkkisi logo tyylikk\u00e4\u00e4sti puisiin kynttil\u00e4njalkoihin, mik\u00e4 lis\u00e4\u00e4 tuotteisiisi ylellisen ja mieleenpainuvan yksityiskohdan. Kynttil\u00e4n lasinmaalaus - tarjoamme ammattimaista kynttil\u00e4n lasinmaalausta, jotta kynttil\u00e4t sopivat t\u00e4ydellisesti tuotemerkkiin tai kodin sisustukseen. Tuoksu\u00f6ljykimppujen [&hellip;]<\/p>\n","protected":false},"author":1,"featured_media":0,"parent":0,"menu_order":0,"comment_status":"closed","ping_status":"closed","template":"","meta":{"site-sidebar-layout":"default","site-content-layout":"","ast-site-content-layout":"default","site-content-style":"default","site-sidebar-style":"default","ast-global-header-display":"","ast-banner-title-visibility":"","ast-main-header-display":"","ast-hfb-above-header-display":"","ast-hfb-below-header-display":"","ast-hfb-mobile-header-display":"","site-post-title":"","ast-breadcrumbs-content":"","ast-featured-img":"","footer-sml-layout":"","ast-disable-related-posts":"","theme-transparent-header-meta":"default","adv-header-id-meta":"","stick-header-meta":"default","header-above-stick-meta":"","header-main-stick-meta":"","header-below-stick-meta":"","astra-migrate-meta-layouts":"default","ast-page-background-enabled":"default","ast-page-background-meta":{"desktop":{"background-color":"","background-image":"","background-repeat":"repeat","background-position":"center center","background-size":"auto","background-attachment":"scroll","background-type":"","background-media":"","overlay-type":"","overlay-color":"","overlay-opacity":"","overlay-gradient":""},"tablet":{"background-color":"","background-image":"","background-repeat":"repeat","background-position":"center center","background-size":"auto","background-attachment":"scroll","background-type":"","background-media":"","overlay-type":"","overlay-color":"","overlay-opacity":"","overlay-gradient":""},"mobile":{"background-color":"","background-image":"","background-repeat":"repeat","background-position":"center center","background-size":"auto","background-attachment":"scroll","background-type":"","background-media":"","overlay-type":"","overlay-color":"","overlay-opacity":"","overlay-gradient":""}},"ast-content-background-meta":{"desktop":{"background-color":"var(--ast-global-color-5)","background-image":"","background-repeat":"repeat","background-position":"center center","background-size":"auto","background-attachment":"scroll","background-type":"","background-media":"","overlay-type":"","overlay-color":"","overlay-opacity":"","overlay-gradient":""},"tablet":{"background-color":"var(--ast-global-color-5)","background-image":"","background-repeat":"repeat","background-position":"center center","background-size":"auto","background-attachment":"scroll","background-type":"","background-media":"","overlay-type":"","overlay-color":"","overlay-opacity":"","overlay-gradient":""},"mobile":{"background-color":"var(--ast-global-color-5)","background-image":"","background-repeat":"repeat","background-position":"center center","background-size":"auto","background-attachment":"scroll","background-type":"","background-media":"","overlay-type":"","overlay-color":"","overlay-opacity":"","overlay-gradient":""}},"footnotes":""},"class_list":["post-12146","page","type-page","status-publish","hentry"],"_links":{"self":[{"href":"https:\/\/nordicdiy.ee\/fi\/wp-json\/wp\/v2\/pages\/12146","targetHints":{"allow":["GET"]}}],"collection":[{"href":"https:\/\/nordicdiy.ee\/fi\/wp-json\/wp\/v2\/pages"}],"about":[{"href":"https:\/\/nordicdiy.ee\/fi\/wp-json\/wp\/v2\/types\/page"}],"author":[{"embeddable":true,"href":"https:\/\/nordicdiy.ee\/fi\/wp-json\/wp\/v2\/users\/1"}],"replies":[{"embeddable":true,"href":"https:\/\/nordicdiy.ee\/fi\/wp-json\/wp\/v2\/comments?post=12146"}],"version-history":[{"count":0,"href":"https:\/\/nordicdiy.ee\/fi\/wp-json\/wp\/v2\/pages\/12146\/revisions"}],"wp:attachment":[{"href":"https:\/\/nordicdiy.ee\/fi\/wp-json\/wp\/v2\/media?parent=12146"}],"curies":[{"name":"wp","href":"https:\/\/api.w.org\/{rel}","templated":true}]}}