{"id":14604,"date":"2025-01-24T17:02:59","date_gmt":"2025-01-24T14:02:59","guid":{"rendered":"https:\/\/nordicdiy.ee\/palaa-osoitteeseen\/"},"modified":"2025-01-24T17:02:59","modified_gmt":"2025-01-24T14:02:59","slug":"palaa-osoitteeseen","status":"publish","type":"page","link":"https:\/\/nordicdiy.ee\/fi\/palaa-osoitteeseen\/","title":{"rendered":"Palaa osoitteeseen"},"content":{"rendered":"<p>*Tilauksen vastaanottamisen j\u00e4lkeen tavarat voi palauttaa 14 p\u00e4iv\u00e4n kuluessa.<br \/>\n*Palautuspyynt\u00f6\u00e4 varten l\u00e4het\u00e4 s\u00e4hk\u00f6postia osoitteeseen <a class=\"ms-outlook-linkify\" href=\"mailto:epood@nordicdiy.ee\">epood@nordicdiy.ee <\/a>, jossa on tilausnumero, nimesi, tavaran nimi ja palautuksen syy.<br \/>\n*Palautettavien tavaroiden on oltava k\u00e4ytt\u00e4m\u00e4tt\u00f6mi\u00e4, vahingoittumattomia ja alkuper\u00e4ispakkauksessa.<br \/>\n*Palautuskustannuksista vastaa asiakas. Paitsi jos palautuksen syyn\u00e4 on se, ett\u00e4 on l\u00e4hetetty v\u00e4\u00e4r\u00e4 tavara tai tavara on viallinen.<br \/>\n*Rahat palautetuista tavaroista siirret\u00e4\u00e4n v\u00e4litt\u00f6m\u00e4sti, mutta viimeist\u00e4\u00e4n 14 p\u00e4iv\u00e4n kuluessa peruutuksen vastaanottamisesta.<\/p>\n","protected":false},"excerpt":{"rendered":"<p>*Tilauksen vastaanottamisen j\u00e4lkeen tavarat voi palauttaa 14 p\u00e4iv\u00e4n kuluessa. *Palautuspyynt\u00f6\u00e4 varten l\u00e4het\u00e4 s\u00e4hk\u00f6postia osoitteeseen epood@nordicdiy.ee , jossa on tilausnumero, nimesi, tavaran nimi ja palautuksen syy. *Palautettavien tavaroiden on oltava k\u00e4ytt\u00e4m\u00e4tt\u00f6mi\u00e4, vahingoittumattomia ja alkuper\u00e4ispakkauksessa. *Palautuskustannuksista vastaa asiakas. Paitsi jos palautuksen syyn\u00e4 on se, ett\u00e4 on l\u00e4hetetty v\u00e4\u00e4r\u00e4 tavara tai tavara on viallinen. *Rahat palautetuista tavaroista siirret\u00e4\u00e4n [&hellip;]<\/p>\n","protected":false},"author":32,"featured_media":0,"parent":0,"menu_order":0,"comment_status":"closed","ping_status":"closed","template":"","meta":{"site-sidebar-layout":"default","site-content-layout":"","ast-site-content-layout":"default","site-content-style":"default","site-sidebar-style":"default","ast-global-header-display":"","ast-banner-title-visibility":"","ast-main-header-display":"","ast-hfb-above-header-display":"","ast-hfb-below-header-display":"","ast-hfb-mobile-header-display":"","site-post-title":"","ast-breadcrumbs-content":"","ast-featured-img":"","footer-sml-layout":"","ast-disable-related-posts":"","theme-transparent-header-meta":"default","adv-header-id-meta":"","stick-header-meta":"default","header-above-stick-meta":"","header-main-stick-meta":"","header-below-stick-meta":"","astra-migrate-meta-layouts":"default","ast-page-background-enabled":"default","ast-page-background-meta":{"desktop":{"background-color":"","background-image":"","background-repeat":"repeat","background-position":"center center","background-size":"auto","background-attachment":"scroll","background-type":"","background-media":"","overlay-type":"","overlay-color":"","overlay-opacity":"","overlay-gradient":""},"tablet":{"background-color":"","background-image":"","background-repeat":"repeat","background-position":"center center","background-size":"auto","background-attachment":"scroll","background-type":"","background-media":"","overlay-type":"","overlay-color":"","overlay-opacity":"","overlay-gradient":""},"mobile":{"background-color":"","background-image":"","background-repeat":"repeat","background-position":"center center","background-size":"auto","background-attachment":"scroll","background-type":"","background-media":"","overlay-type":"","overlay-color":"","overlay-opacity":"","overlay-gradient":""}},"ast-content-background-meta":{"desktop":{"background-color":"var(--ast-global-color-5)","background-image":"","background-repeat":"repeat","background-position":"center center","background-size":"auto","background-attachment":"scroll","background-type":"","background-media":"","overlay-type":"","overlay-color":"","overlay-opacity":"","overlay-gradient":""},"tablet":{"background-color":"var(--ast-global-color-5)","background-image":"","background-repeat":"repeat","background-position":"center center","background-size":"auto","background-attachment":"scroll","background-type":"","background-media":"","overlay-type":"","overlay-color":"","overlay-opacity":"","overlay-gradient":""},"mobile":{"background-color":"var(--ast-global-color-5)","background-image":"","background-repeat":"repeat","background-position":"center center","background-size":"auto","background-attachment":"scroll","background-type":"","background-media":"","overlay-type":"","overlay-color":"","overlay-opacity":"","overlay-gradient":""}},"footnotes":""},"class_list":["post-14604","page","type-page","status-publish","hentry"],"_links":{"self":[{"href":"https:\/\/nordicdiy.ee\/fi\/wp-json\/wp\/v2\/pages\/14604","targetHints":{"allow":["GET"]}}],"collection":[{"href":"https:\/\/nordicdiy.ee\/fi\/wp-json\/wp\/v2\/pages"}],"about":[{"href":"https:\/\/nordicdiy.ee\/fi\/wp-json\/wp\/v2\/types\/page"}],"author":[{"embeddable":true,"href":"https:\/\/nordicdiy.ee\/fi\/wp-json\/wp\/v2\/users\/32"}],"replies":[{"embeddable":true,"href":"https:\/\/nordicdiy.ee\/fi\/wp-json\/wp\/v2\/comments?post=14604"}],"version-history":[{"count":0,"href":"https:\/\/nordicdiy.ee\/fi\/wp-json\/wp\/v2\/pages\/14604\/revisions"}],"wp:attachment":[{"href":"https:\/\/nordicdiy.ee\/fi\/wp-json\/wp\/v2\/media?parent=14604"}],"curies":[{"name":"wp","href":"https:\/\/api.w.org\/{rel}","templated":true}]}}