{"id":14607,"date":"2024-09-06T19:33:49","date_gmt":"2024-09-06T16:33:49","guid":{"rendered":"https:\/\/nordicdiy.ee\/tietosuojaehdot\/"},"modified":"2026-03-03T17:33:17","modified_gmt":"2026-03-03T14:33:17","slug":"tietosuojaehdot","status":"publish","type":"page","link":"https:\/\/nordicdiy.ee\/fi\/tietosuojaehdot\/","title":{"rendered":"Tietosuojaehdot"},"content":{"rendered":"<p><a href=\"http:\/\/nordicdiy.ee\">nordicdiy.ee-verkkokaupan henkil\u00f6tietojen rekisterinpit\u00e4j\u00e4 on<\/a> Nordic DIY O\u00dc (kotipaikka 17209922), joka sijaitsee osoitteessa Lootuse tee 3, Metsakasti kyl\u00e4 Viimsi kunta Harjumaa 74019. Puhelin +372 5167996 ja s\u00e4hk\u00f6posti <a href=\"mailto:epood@nordicdiy.ee\">epood@nordicdiy.ee<\/a>. <\/p>\n<p>Nordic DIY O\u00dc siirt\u00e4\u00e4 maksujen suorittamiseen tarvittavat henkil\u00f6tiedot k\u00e4sittelij\u00e4lle Montonio Finance UAB:lle.<\/p>\n<p>Mit\u00e4 henkil\u00f6tietoja k\u00e4sitell\u00e4\u00e4n<\/p>\n<ul>\n<li>nimi, puhelinnumero ja s\u00e4hk\u00f6postiosoite<\/li>\n<li>toimitusosoite<\/li>\n<li>pankkitilin numero<\/li>\n<li>tavaroiden ja palvelujen kustannukset ja maksutiedot (ostohistoria).<\/li>\n<li>asiakastuen tiedot<\/li>\n<li>IP-osoite<\/li>\n<\/ul>\n<p><strong>Henkil\u00f6tietojen k\u00e4sittelyn tarkoitukset<\/strong><\/p>\n<p>Henkil\u00f6tietoja k\u00e4ytet\u00e4\u00e4n asiakastilausten hallinnointiin ja tavaroiden toimittamiseen.<br \/>\nOstohistoriatietoja (ostop\u00e4iv\u00e4m\u00e4\u00e4r\u00e4, tavarat, m\u00e4\u00e4r\u00e4, asiakastiedot) k\u00e4ytet\u00e4\u00e4n yleiskuvan laatimiseen ostetuista tavaroista ja palveluista, asiakkaiden mieltymysten analysointiin ja muun muassa kuluttajariitojen ratkaisemiseen.<\/p>\n<p>Pankkitilin numeroa k\u00e4ytet\u00e4\u00e4n maksujen palauttamiseen asiakkaalle.<\/p>\n<p>Henkil\u00f6tietoja, kuten s\u00e4hk\u00f6postiosoitetta, puhelinnumeroa ja asiakkaan nime\u00e4, k\u00e4sitell\u00e4\u00e4n tavaroiden ja palvelujen toimittamiseen liittyvien ongelmien ratkaisemiseksi (asiakastuki). Lis\u00e4ksi s\u00e4hk\u00f6postia k\u00e4ytet\u00e4\u00e4n laskujen l\u00e4hett\u00e4miseen ja puhelinnumeroa k\u00e4ytet\u00e4\u00e4n ilmoittamaan tavaroiden saapumisesta pakettiautomaattiin.<br \/>\nVerkkokaupan k\u00e4ytt\u00e4j\u00e4n IP-osoitetta tai muita verkkotunnisteita k\u00e4sitell\u00e4\u00e4n verkkokaupan tarjoamiseksi tietoyhteiskunnan palveluna ja verkkok\u00e4ytt\u00f6tilastoja varten. <\/p>\n<p><strong>Oikeusperusta<\/strong><\/p>\n<p>Henkil\u00f6tietojen k\u00e4sittely suoritetaan asiakkaan kanssa tehdyn sopimuksen toteuttamiseksi (asiakastilausten hallinnointi, toimitukset, tavaroiden palauttaminen ja maksut).<br \/>\nHenkil\u00f6tietoja k\u00e4sitell\u00e4\u00e4n oikeudellisen velvoitteen t\u00e4ytt\u00e4miseksi (esim. kirjanpito ja kuluttajariitojen ratkaiseminen).<br \/>\nHenkil\u00f6tietojen k\u00e4sittely on tarpeen rekisterinpit\u00e4j\u00e4n oikeutetun edun vuoksi, joka koskee ostohistorian ker\u00e4\u00e4mist\u00e4 mahdollisten kuluttajariitojen ratkaisemiseksi.<\/p>\n<p><strong>Vastaanottajat, joille henkil\u00f6tietoja luovutetaan<\/strong><\/p>\n<p>Nimi, puhelinnumero ja s\u00e4hk\u00f6postiosoite v\u00e4litet\u00e4\u00e4n asiakkaan valitsemalle kuljetuspalvelujen tarjoajalle. Jos tavarat toimitetaan kuriirin v\u00e4lityksell\u00e4, yhteystietojen lis\u00e4ksi v\u00e4litet\u00e4\u00e4n asiakkaan osoite.<br \/>\nJos verkkokaupan kirjanpidon hoitaa palveluntarjoaja, henkil\u00f6tiedot v\u00e4litet\u00e4\u00e4n palveluntarjoajalle kirjanpitotoimintojen suorittamista varten.<br \/>\nHenkil\u00f6tietoja voidaan v\u00e4litt\u00e4\u00e4 tietotekniikkapalvelujen tarjoajille, jos se on tarpeen verkkokaupan toimivuuden tai tietojen saatavuuden varmistamiseksi. <\/p>\n<p><strong>Tietoturva ja tiedonsaanti<\/strong><\/p>\n<p>Henkil\u00f6tietoja s\u00e4ilytet\u00e4\u00e4n palvelimilla, jotka sijaitsevat Euroopan unionin j\u00e4senvaltion alueella tai Euroopan talousalueeseen liittyneiden maiden alueella. Tietoja voidaan siirt\u00e4\u00e4 maihin, joiden tietosuojan tason Euroopan komissio on arvioinut riitt\u00e4v\u00e4ksi, tai kolmanteen maahan sijoittautuneelle yritykselle, johon on sovellettu 46 artiklassa tarkoitettua suojatoimenpidett\u00e4.<br \/>\nVerkkokaupan henkil\u00f6kunta voi p\u00e4\u00e4st\u00e4 k\u00e4siksi henkil\u00f6tietoihin verkkokaupan k\u00e4ytt\u00f6\u00f6n liittyvien teknisten ongelmien ratkaisemiseksi ja asiakastukipalvelujen tarjoamiseksi.<br \/>\nVerkkokauppa toteuttaa asianmukaiset fyysiset, organisatoriset ja tietotekniset turvatoimet henkil\u00f6tietojen suojaamiseksi vahingossa tapahtuvalta tai laittomalta tuhoamiselta, h\u00e4vi\u00e4miselt\u00e4, muuttamiselta tai luvattomalta k\u00e4yt\u00f6lt\u00e4 ja luovuttamiselta.<br \/>\nHenkil\u00f6tietojen siirto verkkokaupan henkil\u00f6tietojen k\u00e4sittelij\u00f6ille (esim. kuljetuspalvelujen tarjoajille ja tietojen yhdistelij\u00f6ille) tapahtuu verkkokaupan ja henkil\u00f6tietojen k\u00e4sittelij\u00f6iden v\u00e4listen sopimusten perusteella. Henkil\u00f6tietojen k\u00e4sittelij\u00e4t ovat velvollisia varmistamaan asianmukaiset suojatoimet henkil\u00f6tietoja k\u00e4sitelless\u00e4\u00e4n.  <\/p>\n<p><strong>P\u00e4\u00e4sy henkil\u00f6tietoihin ja niiden korjaaminen<\/strong><\/p>\n<p>Henkil\u00f6tietoja voi tarkastella ja korjata verkkokaupan k\u00e4ytt\u00e4j\u00e4profiilissa. Jos ostos on tehty ilman k\u00e4ytt\u00e4j\u00e4tili\u00e4, henkil\u00f6tietoihin p\u00e4\u00e4see k\u00e4siksi kirjautumalla sis\u00e4\u00e4n. Jos henkil\u00f6tietoihin p\u00e4\u00e4sy\u00e4 koskeva pyynt\u00f6 on tehty s\u00e4hk\u00f6isesti, tiedot toimitetaan my\u00f6s yleisesti k\u00e4ytetyin s\u00e4hk\u00f6isin keinoin.  <\/p>\n<p><strong>Suostumuksen peruuttaminen<\/strong><\/p>\n<p>Jos henkil\u00f6tietojen k\u00e4sittely perustuu asiakkaan suostumukseen, asiakkaalla on oikeus peruuttaa suostumus asiakastilin asetuksissa tai ilmoittamalla siit\u00e4 asiakastukeen s\u00e4hk\u00f6postitse.<\/p>\n<p><strong>Varastointi osoitteessa<\/strong><\/p>\n<p>Kun suljet verkkokaupan asiakastilisi, henkil\u00f6tietosi poistetaan, lukuun ottamatta henkil\u00f6tietoja (ostohistoriatiedot), jotka on s\u00e4ilytett\u00e4v\u00e4 kirjanpitotarkoituksiin tai kuluttajariitojen ratkaisemiseksi. Maksuja ja kuluttajariitoja koskevissa riitatapauksissa henkil\u00f6tietoja s\u00e4ilytet\u00e4\u00e4n, kunnes saatava on ratkaistu tai vanhentumisaika on p\u00e4\u00e4ttynyt. Alkuper\u00e4isten kirjanpitotositteiden sis\u00e4lt\u00e4mi\u00e4 henkil\u00f6tietoja s\u00e4ilytet\u00e4\u00e4n seitsem\u00e4n vuotta.  <\/p>\n<p><strong>Rajoitus<\/strong><\/p>\n<p>Sinulla on oikeus pyyt\u00e4\u00e4 henkil\u00f6tietojesi k\u00e4sittelyn rajoittamista, jos tiedot ovat virheellisi\u00e4 tai puutteellisia tai jos henkil\u00f6tietojasi k\u00e4sitell\u00e4\u00e4n lainvastaisesti.<\/p>\n<p><strong>Vastalauseet<\/strong><\/p>\n<p>Asiakkaalla on oikeus vastustaa henkil\u00f6tietojensa k\u00e4sittely\u00e4, jos h\u00e4nell\u00e4 on syyt\u00e4 uskoa, ett\u00e4 h\u00e4nen henkil\u00f6tietojensa k\u00e4sittelylle ei ole laillista perustetta.<\/p>\n<p><strong>Poistaminen<\/strong><\/p>\n<p>Jos haluat poistaa henkil\u00f6tietoja, sinun on otettava yhteytt\u00e4 asiakastukeen s\u00e4hk\u00f6postitse. Poistopyynt\u00f6\u00f6n vastataan viimeist\u00e4\u00e4n kuukauden kuluessa ja ilmoitetaan ajanjakso, jonka aikana tiedot poistetaan.<br \/>\nPyynt\u00f6\u00f6n annettavassa vastauksessa ilmoitetaan my\u00f6s, mit\u00e4 henkil\u00f6tietoja ei poisteta ja mill\u00e4 oikeusperustalla ja mist\u00e4 syyst\u00e4. <\/p>\n<p><strong>Siirto<\/strong><\/p>\n<p>S\u00e4hk\u00f6postitse l\u00e4hetettyihin henkil\u00f6tietojen siirtoa koskeviin pyynt\u00f6ihin vastataan viimeist\u00e4\u00e4n kuukauden kuluessa.<br \/>\nAsiakaspalvelu tarkistaa henkil\u00f6llisyyden ja ilmoittaa siirrett\u00e4vist\u00e4 henkil\u00f6tiedoista.<\/p>\n<p><strong>Suoramarkkinointiviestint\u00e4<\/strong><\/p>\n<p>S\u00e4hk\u00f6postiosoitetta ja puhelinnumeroa k\u00e4ytet\u00e4\u00e4n suoramarkkinointiviestien l\u00e4hett\u00e4miseen, jos asiakas on antanut siihen suostumuksensa. Jos asiakas ei halua vastaanottaa suoramarkkinointiviestej\u00e4, h\u00e4nen on valittava asianmukainen viite s\u00e4hk\u00f6postin alatunnisteesta tai otettava yhteytt\u00e4 asiakastukeen.<br \/>\nJos henkil\u00f6tietoja k\u00e4sitell\u00e4\u00e4n suoramarkkinointitarkoituksiin (profilointi), asiakkaalla on oikeus milloin tahansa vastustaa sek\u00e4 henkil\u00f6tietojensa alkuper\u00e4ist\u00e4 ett\u00e4 my\u00f6hemp\u00e4\u00e4 k\u00e4sittely\u00e4, mukaan lukien suoramarkkinointiin liittyv\u00e4 profilointi, ilmoittamalla siit\u00e4 asiakastukeen s\u00e4hk\u00f6postitse. <\/p>\n<p><strong>Riitojen ratkaiseminen<\/strong><\/p>\n<p>Henkil\u00f6tietojen k\u00e4sittely\u00e4 koskevat riidat voidaan ratkaista asiakastuen kautta l\u00e4hett\u00e4m\u00e4ll\u00e4 s\u00e4hk\u00f6postia osoitteeseen <a href=\"mailto:epood@nordicdiy.ee\">epood@nordicdiy.ee<\/a> tai soittamalla numeroon +372 5167996.<br \/>\nValvontaviranomainen on Viron tietosuojavaltuutettu<a href=\"mailto:info@aki.ee\">(info@aki.ee).<\/a><\/p>\n","protected":false},"excerpt":{"rendered":"<p>nordicdiy.ee-verkkokaupan henkil\u00f6tietojen rekisterinpit\u00e4j\u00e4 on Nordic DIY O\u00dc (kotipaikka 17209922), joka sijaitsee osoitteessa Lootuse tee 3, Metsakasti kyl\u00e4 Viimsi kunta Harjumaa 74019. Puhelin +372 5167996 ja s\u00e4hk\u00f6posti epood@nordicdiy.ee. Nordic DIY O\u00dc siirt\u00e4\u00e4 maksujen suorittamiseen tarvittavat henkil\u00f6tiedot k\u00e4sittelij\u00e4lle Montonio Finance UAB:lle. Mit\u00e4 henkil\u00f6tietoja k\u00e4sitell\u00e4\u00e4n nimi, puhelinnumero ja s\u00e4hk\u00f6postiosoite toimitusosoite pankkitilin numero tavaroiden ja palvelujen kustannukset ja maksutiedot [&hellip;]<\/p>\n","protected":false},"author":1,"featured_media":0,"parent":0,"menu_order":0,"comment_status":"closed","ping_status":"closed","template":"","meta":{"site-sidebar-layout":"default","site-content-layout":"","ast-site-content-layout":"default","site-content-style":"default","site-sidebar-style":"default","ast-global-header-display":"","ast-banner-title-visibility":"","ast-main-header-display":"","ast-hfb-above-header-display":"","ast-hfb-below-header-display":"","ast-hfb-mobile-header-display":"","site-post-title":"","ast-breadcrumbs-content":"","ast-featured-img":"","footer-sml-layout":"","ast-disable-related-posts":"","theme-transparent-header-meta":"default","adv-header-id-meta":"","stick-header-meta":"default","header-above-stick-meta":"","header-main-stick-meta":"","header-below-stick-meta":"","astra-migrate-meta-layouts":"default","ast-page-background-enabled":"default","ast-page-background-meta":{"desktop":{"background-color":"","background-image":"","background-repeat":"repeat","background-position":"center center","background-size":"auto","background-attachment":"scroll","background-type":"","background-media":"","overlay-type":"","overlay-color":"","overlay-opacity":"","overlay-gradient":""},"tablet":{"background-color":"","background-image":"","background-repeat":"repeat","background-position":"center center","background-size":"auto","background-attachment":"scroll","background-type":"","background-media":"","overlay-type":"","overlay-color":"","overlay-opacity":"","overlay-gradient":""},"mobile":{"background-color":"","background-image":"","background-repeat":"repeat","background-position":"center center","background-size":"auto","background-attachment":"scroll","background-type":"","background-media":"","overlay-type":"","overlay-color":"","overlay-opacity":"","overlay-gradient":""}},"ast-content-background-meta":{"desktop":{"background-color":"var(--ast-global-color-5)","background-image":"","background-repeat":"repeat","background-position":"center center","background-size":"auto","background-attachment":"scroll","background-type":"","background-media":"","overlay-type":"","overlay-color":"","overlay-opacity":"","overlay-gradient":""},"tablet":{"background-color":"var(--ast-global-color-5)","background-image":"","background-repeat":"repeat","background-position":"center center","background-size":"auto","background-attachment":"scroll","background-type":"","background-media":"","overlay-type":"","overlay-color":"","overlay-opacity":"","overlay-gradient":""},"mobile":{"background-color":"var(--ast-global-color-5)","background-image":"","background-repeat":"repeat","background-position":"center center","background-size":"auto","background-attachment":"scroll","background-type":"","background-media":"","overlay-type":"","overlay-color":"","overlay-opacity":"","overlay-gradient":""}},"footnotes":""},"class_list":["post-14607","page","type-page","status-publish","hentry"],"_links":{"self":[{"href":"https:\/\/nordicdiy.ee\/fi\/wp-json\/wp\/v2\/pages\/14607","targetHints":{"allow":["GET"]}}],"collection":[{"href":"https:\/\/nordicdiy.ee\/fi\/wp-json\/wp\/v2\/pages"}],"about":[{"href":"https:\/\/nordicdiy.ee\/fi\/wp-json\/wp\/v2\/types\/page"}],"author":[{"embeddable":true,"href":"https:\/\/nordicdiy.ee\/fi\/wp-json\/wp\/v2\/users\/1"}],"replies":[{"embeddable":true,"href":"https:\/\/nordicdiy.ee\/fi\/wp-json\/wp\/v2\/comments?post=14607"}],"version-history":[{"count":2,"href":"https:\/\/nordicdiy.ee\/fi\/wp-json\/wp\/v2\/pages\/14607\/revisions"}],"predecessor-version":[{"id":28257,"href":"https:\/\/nordicdiy.ee\/fi\/wp-json\/wp\/v2\/pages\/14607\/revisions\/28257"}],"wp:attachment":[{"href":"https:\/\/nordicdiy.ee\/fi\/wp-json\/wp\/v2\/media?parent=14607"}],"curies":[{"name":"wp","href":"https:\/\/api.w.org\/{rel}","templated":true}]}}