{"id":12181,"date":"2024-09-13T14:54:18","date_gmt":"2024-09-13T11:54:18","guid":{"rendered":"https:\/\/nordicdiy.ee\/epood\/Ei-luokiteltu\/saippuavaha-golden-wax-s41-kynttilalasille\/"},"modified":"2026-02-26T17:22:24","modified_gmt":"2026-02-26T14:22:24","slug":"saippuavaha-golden-wax-s41-kynttilalasille","status":"publish","type":"product","link":"https:\/\/nordicdiy.ee\/fi\/epood\/kynttiloiden-valmistus-fi\/kynttilavahat-2\/saippuavaha-golden-wax-s41-kynttilalasille\/","title":{"rendered":"Saippuavaha Golden Wax S41 kynttil\u00e4lasille"},"content":{"rendered":"<p>Golden Wax soijavaha kynttil\u00e4lasiin on Ruotsissa tuotettua eritt\u00e4in pehme\u00e4\u00e4 kasvivahaa. Golden Wax S41 on alun perin kehitetty suurille kynttil\u00e4nvalmistajille, ja se mahdollistaa korkean tuoksu\u00f6ljypitoisuuden, matalan sulamisl\u00e4mp\u00f6tilan, on eritt\u00e4in vakaa ja palaa uskomattoman puhtaasti. Golden Wax S41 on valmistettu 100 % luonnonmateriaaleista, on ymp\u00e4rist\u00f6yst\u00e4v\u00e4llinen, ei sis\u00e4ll\u00e4 GMO:ita, ei myrkyllisi\u00e4 aineita eik\u00e4 synteettisi\u00e4 lis\u00e4aineita. Soijavahakynttil\u00e4t palavat puhtaammin ja pidemp\u00e4\u00e4n kuin perinteiset parafiinikynttil\u00e4t, eiv\u00e4tk\u00e4 ne tuota nokea, joka voi olla haitallista sek\u00e4 terveydelle ett\u00e4 ymp\u00e4rist\u00f6lle.   <\/p>\n<p>Sulamispiste: 41-47 \u00b0C. Kovettumispiste: 20-25 \u00b0C. Muovausl\u00e4mp\u00f6tila: 31-34 \u00b0C. Tuoksu\u00f6ljyj\u00e4 voidaan lis\u00e4t\u00e4 60 \u00b0C:n l\u00e4mp\u00f6tilassa, ja niit\u00e4 voidaan lis\u00e4t\u00e4 8-10 % tai 80-100 g\/ml 1 kg:aan vahaa. V\u00e4riaineita voidaan lis\u00e4t\u00e4 0,1-0,4 %.    <\/p>\n<p>Kuten kaikilla soijasaippuavahoilla, S41:ll\u00e4 on taipumus muodostaa ep\u00e4tasainen pinta saippuavahan j\u00e4\u00e4htyess\u00e4. T\u00e4t\u00e4 varten sinun on l\u00f6ydett\u00e4v\u00e4 oikea valamisl\u00e4mp\u00f6tila ottaen huomioon lis\u00e4tyt aromit ja v\u00e4rit. Vaihtoehtoisesti S41:n sekoittaminen 30-50-prosenttiseen mineraalien (esim. parafiini, mikrokiteinen vaha) ja rypsi\u00f6ljyvahan sekoitukseen poistaa t\u00e4m\u00e4n ongelman kokonaan. S41 sekoittuu CS1-valuvahan kanssa ja on monien suurten tuottajien suosima hybridiseos.   <\/p>\n","protected":false},"excerpt":{"rendered":"<p>Golden Wax S41 on Ruotsissa valmistettu eritt\u00e4in pehme\u00e4 kasvis soijavaha, joka sopii erinomaisesti votiivikynttil\u00f6iden valmistukseen. Se mahdollistaa korkean tuoksu\u00f6ljypitoisuuden, on stabiili ja palaa puhtaasti. T\u00e4m\u00e4 100 % luonnonmateriaaleista valmistettu vaha on ymp\u00e4rist\u00f6yst\u00e4v\u00e4llinen ja GMO-vapaa. Tuoksu\u00f6ljyj\u00e4 voidaan lis\u00e4t\u00e4 enint\u00e4\u00e4n 8-10 %.   <\/p>\n","protected":false},"featured_media":5801,"template":"","meta":{"site-sidebar-layout":"default","site-content-layout":"","ast-site-content-layout":"default","site-content-style":"default","site-sidebar-style":"default","ast-global-header-display":"","ast-banner-title-visibility":"","ast-main-header-display":"","ast-hfb-above-header-display":"","ast-hfb-below-header-display":"","ast-hfb-mobile-header-display":"","site-post-title":"","ast-breadcrumbs-content":"","ast-featured-img":"","footer-sml-layout":"","ast-disable-related-posts":"","theme-transparent-header-meta":"default","adv-header-id-meta":"","stick-header-meta":"default","header-above-stick-meta":"","header-main-stick-meta":"","header-below-stick-meta":"","astra-migrate-meta-layouts":"default","ast-page-background-enabled":"default","ast-page-background-meta":{"desktop":{"background-color":"","background-image":"","background-repeat":"repeat","background-position":"center center","background-size":"auto","background-attachment":"scroll","background-type":"","background-media":"","overlay-type":"","overlay-color":"","overlay-opacity":"","overlay-gradient":""},"tablet":{"background-color":"","background-image":"","background-repeat":"repeat","background-position":"center center","background-size":"auto","background-attachment":"scroll","background-type":"","background-media":"","overlay-type":"","overlay-color":"","overlay-opacity":"","overlay-gradient":""},"mobile":{"background-color":"","background-image":"","background-repeat":"repeat","background-position":"center center","background-size":"auto","background-attachment":"scroll","background-type":"","background-media":"","overlay-type":"","overlay-color":"","overlay-opacity":"","overlay-gradient":""}},"ast-content-background-meta":{"desktop":{"background-color":"var(--ast-global-color-5)","background-image":"","background-repeat":"repeat","background-position":"center center","background-size":"auto","background-attachment":"scroll","background-type":"","background-media":"","overlay-type":"","overlay-color":"","overlay-opacity":"","overlay-gradient":""},"tablet":{"background-color":"var(--ast-global-color-5)","background-image":"","background-repeat":"repeat","background-position":"center center","background-size":"auto","background-attachment":"scroll","background-type":"","background-media":"","overlay-type":"","overlay-color":"","overlay-opacity":"","overlay-gradient":""},"mobile":{"background-color":"var(--ast-global-color-5)","background-image":"","background-repeat":"repeat","background-position":"center center","background-size":"auto","background-attachment":"scroll","background-type":"","background-media":"","overlay-type":"","overlay-color":"","overlay-opacity":"","overlay-gradient":""}}},"product_brand":[],"product_cat":[160,158],"product_tag":[],"class_list":{"0":"post-12181","1":"product","2":"type-product","3":"status-publish","4":"has-post-thumbnail","6":"product_cat-kynttilavahat-2","7":"product_cat-kynttiloiden-valmistus-fi","8":"desktop-align-left","9":"tablet-align-left","10":"mobile-align-left","11":"ast-product-gallery-layout-horizontal","12":"ast-product-gallery-with-no-image","13":"ast-product-tabs-layout-horizontal","15":"first","16":"outofstock","17":"taxable","18":"shipping-taxable","19":"product-type-simple"},"_links":{"self":[{"href":"https:\/\/nordicdiy.ee\/fi\/wp-json\/wp\/v2\/product\/12181","targetHints":{"allow":["GET"]}}],"collection":[{"href":"https:\/\/nordicdiy.ee\/fi\/wp-json\/wp\/v2\/product"}],"about":[{"href":"https:\/\/nordicdiy.ee\/fi\/wp-json\/wp\/v2\/types\/product"}],"wp:featuredmedia":[{"embeddable":true,"href":"https:\/\/nordicdiy.ee\/fi\/wp-json\/wp\/v2\/media\/5801"}],"wp:attachment":[{"href":"https:\/\/nordicdiy.ee\/fi\/wp-json\/wp\/v2\/media?parent=12181"}],"wp:term":[{"taxonomy":"product_brand","embeddable":true,"href":"https:\/\/nordicdiy.ee\/fi\/wp-json\/wp\/v2\/product_brand?post=12181"},{"taxonomy":"product_cat","embeddable":true,"href":"https:\/\/nordicdiy.ee\/fi\/wp-json\/wp\/v2\/product_cat?post=12181"},{"taxonomy":"product_tag","embeddable":true,"href":"https:\/\/nordicdiy.ee\/fi\/wp-json\/wp\/v2\/product_tag?post=12181"}],"curies":[{"name":"wp","href":"https:\/\/api.w.org\/{rel}","templated":true}]}}