{"id":12182,"date":"2024-09-13T13:53:54","date_gmt":"2024-09-13T10:53:54","guid":{"rendered":"https:\/\/nordicdiy.ee\/epood\/Ei-luokiteltu\/saippua-vaha-keragreen-sailio-kynttila-lasi\/"},"modified":"2026-02-26T17:22:32","modified_gmt":"2026-02-26T14:22:32","slug":"saippua-vaha-keragreen-sailio-kynttila-lasi","status":"publish","type":"product","link":"https:\/\/nordicdiy.ee\/fi\/epood\/kynttiloiden-valmistus-fi\/kynttilavahat-2\/saippua-vaha-keragreen-sailio-kynttila-lasi\/","title":{"rendered":"Soijavaha Keragreen s\u00e4ili\u00f6 kynttil\u00e4 lasi"},"content":{"rendered":"<p>Keragreenin soijavahakynttil\u00e4lasi on valmistettu korkealaatuisesta, luonnollisesta soijavahasta, joka on ymp\u00e4rist\u00f6yst\u00e4v\u00e4llinen ja biohajoava materiaali. Soijavahakynttil\u00e4t palavat puhtaammin ja pidemp\u00e4\u00e4n kuin perinteiset parafiinikynttil\u00e4t, eiv\u00e4tk\u00e4 ne tuota nokea, joka voi olla haitallista sek\u00e4 terveydelle ett\u00e4 ymp\u00e4rist\u00f6lle. Sen vegaaniyst\u00e4v\u00e4llinen koostumus tarkoittaa, ett\u00e4 se ei sis\u00e4ll\u00e4 el\u00e4inper\u00e4isi\u00e4 ainesosia. Matalamman sulamispisteens\u00e4 ansiosta soijavaha palaa tasaisemmin ja pidemp\u00e4\u00e4n luoden miellytt\u00e4v\u00e4n ilmapiirin, ja sen tuoksun levi\u00e4minen on intensiivisemp\u00e4\u00e4 ja pitk\u00e4kestoisempaa. Ihanteellinen valinta aloitteleville kynttil\u00e4nvalmistajille! Valmistettu Euroopassa.     <\/p>\n<p>Sulamispiste: Keragreen-saippuavaha sulaa yleens\u00e4 48-52 \u00b0C:n v\u00e4lill\u00e4. T\u00e4m\u00e4 alhaisempi sulamispiste mahdollistaa kynttil\u00f6iden palamisen ja sulamisen tasaisemmin. J\u00e4hmettymisl\u00e4mp\u00f6tila: Keragreen saippuavaha j\u00e4hmettyy yleens\u00e4 32\u00b0C-42\u00b0C. T\u00e4m\u00e4 on alhaisempi j\u00e4hmettymisl\u00e4mp\u00f6tila, mik\u00e4 tarkoittaa alhaisempaa j\u00e4hmettymisl\u00e4mp\u00f6tilaa. T\u00e4m\u00e4 tarkoittaa, ett\u00e4 saippuavaha alkaa j\u00e4\u00e4hty\u00e4 ja j\u00e4hmetty\u00e4, kun l\u00e4mp\u00f6tila laskee t\u00e4m\u00e4n alueen alapuolelle, jolloin kynttil\u00e4t saavat vakaan muodon.<br \/>\nTuoksu\u00f6ljyj\u00e4 voidaan lis\u00e4t\u00e4 enint\u00e4\u00e4n 7-10 % eli 70-100 g\/ml tuoksu\u00f6ljyj\u00e4 1 kg vahaa kohden. Kynttil\u00f6it\u00e4 valmistettaessa on t\u00e4rke\u00e4\u00e4 seurata sek\u00e4 sulamis- ett\u00e4 kovettumisl\u00e4mp\u00f6tiloja, jotta varmistetaan laadukas ja tasainen kynttil\u00e4n kovettuminen. Valamisl\u00e4mp\u00f6tila 65 \u00b0C (50-70 \u00b0C). Suosittelemme, ett\u00e4 teet lis\u00e4kokeita l\u00f6yt\u00e4\u00e4ksesi olosuhteisiisi parhaiten sopivan kaatol\u00e4mp\u00f6tilan. Suositeltu l\u00e4mp\u00f6tila tuoksu\u00f6ljyn lis\u00e4\u00e4miselle on v\u00e4hint\u00e4\u00e4n +70\u00b0C (+70\u00b0F). Suositeltava l\u00e4mp\u00f6tila v\u00e4rijauheen lis\u00e4\u00e4miselle on +75\u00b0C, nestem\u00e4isen v\u00e4riaineen ja v\u00e4rijauheen lis\u00e4\u00e4miselle +70\u00b0C.        <\/p>\n<p>Keragreen soijavahalla on hyv\u00e4 tartunta astioihin, jota voidaan parantaa erityisesti esil\u00e4mmitt\u00e4m\u00e4ll\u00e4 lasit talvikuukausina. Kun vaha on sulanut kokonaan, suosittelemme v\u00e4hent\u00e4m\u00e4\u00e4n l\u00e4mp\u00f6\u00e4, jotta se j\u00e4\u00e4htyy 50-70 \u00b0C:een. T\u00e4m\u00e4 v\u00e4hent\u00e4\u00e4 halkeilua ja v\u00e4rimuutoksia. Lis\u00e4ksi Keragreen soijavaha on erinomainen valinta niille, jotka haluavat k\u00e4ytt\u00e4\u00e4 luonnollisia ja vegaaniyst\u00e4v\u00e4llisi\u00e4 materiaaleja.   <\/p>\n","protected":false},"excerpt":{"rendered":"<p>Keragreen soijavahakynttil\u00e4lasi on ymp\u00e4rist\u00f6yst\u00e4v\u00e4llinen ja puhdas vaihtoehto perinteisille parafiinikynttil\u00f6ille. Luonnollisesta soijavahasta valmistettu kynttil\u00e4 tarjoaa puhtaamman palamisen, ei tuota nokea ja on biohajoava. Ihanteellinen aloittelijoille! Aromaattisia \u00f6ljyj\u00e4 voidaan lis\u00e4t\u00e4 enint\u00e4\u00e4n 7-10 %.   <\/p>\n","protected":false},"featured_media":5816,"template":"","meta":{"site-sidebar-layout":"default","site-content-layout":"","ast-site-content-layout":"default","site-content-style":"default","site-sidebar-style":"default","ast-global-header-display":"","ast-banner-title-visibility":"","ast-main-header-display":"","ast-hfb-above-header-display":"","ast-hfb-below-header-display":"","ast-hfb-mobile-header-display":"","site-post-title":"","ast-breadcrumbs-content":"","ast-featured-img":"","footer-sml-layout":"","ast-disable-related-posts":"","theme-transparent-header-meta":"default","adv-header-id-meta":"","stick-header-meta":"default","header-above-stick-meta":"","header-main-stick-meta":"","header-below-stick-meta":"","astra-migrate-meta-layouts":"default","ast-page-background-enabled":"default","ast-page-background-meta":{"desktop":{"background-color":"","background-image":"","background-repeat":"repeat","background-position":"center center","background-size":"auto","background-attachment":"scroll","background-type":"","background-media":"","overlay-type":"","overlay-color":"","overlay-opacity":"","overlay-gradient":""},"tablet":{"background-color":"","background-image":"","background-repeat":"repeat","background-position":"center center","background-size":"auto","background-attachment":"scroll","background-type":"","background-media":"","overlay-type":"","overlay-color":"","overlay-opacity":"","overlay-gradient":""},"mobile":{"background-color":"","background-image":"","background-repeat":"repeat","background-position":"center center","background-size":"auto","background-attachment":"scroll","background-type":"","background-media":"","overlay-type":"","overlay-color":"","overlay-opacity":"","overlay-gradient":""}},"ast-content-background-meta":{"desktop":{"background-color":"var(--ast-global-color-5)","background-image":"","background-repeat":"repeat","background-position":"center center","background-size":"auto","background-attachment":"scroll","background-type":"","background-media":"","overlay-type":"","overlay-color":"","overlay-opacity":"","overlay-gradient":""},"tablet":{"background-color":"var(--ast-global-color-5)","background-image":"","background-repeat":"repeat","background-position":"center center","background-size":"auto","background-attachment":"scroll","background-type":"","background-media":"","overlay-type":"","overlay-color":"","overlay-opacity":"","overlay-gradient":""},"mobile":{"background-color":"var(--ast-global-color-5)","background-image":"","background-repeat":"repeat","background-position":"center center","background-size":"auto","background-attachment":"scroll","background-type":"","background-media":"","overlay-type":"","overlay-color":"","overlay-opacity":"","overlay-gradient":""}}},"product_brand":[],"product_cat":[160,158],"product_tag":[],"class_list":{"0":"post-12182","1":"product","2":"type-product","3":"status-publish","4":"has-post-thumbnail","6":"product_cat-kynttilavahat-2","7":"product_cat-kynttiloiden-valmistus-fi","8":"desktop-align-left","9":"tablet-align-left","10":"mobile-align-left","11":"ast-product-gallery-layout-horizontal","12":"ast-product-single-variable","13":"ast-product-tabs-layout-horizontal","15":"first","16":"instock","17":"taxable","18":"shipping-taxable","19":"purchasable","20":"product-type-variable"},"_links":{"self":[{"href":"https:\/\/nordicdiy.ee\/fi\/wp-json\/wp\/v2\/product\/12182","targetHints":{"allow":["GET"]}}],"collection":[{"href":"https:\/\/nordicdiy.ee\/fi\/wp-json\/wp\/v2\/product"}],"about":[{"href":"https:\/\/nordicdiy.ee\/fi\/wp-json\/wp\/v2\/types\/product"}],"wp:featuredmedia":[{"embeddable":true,"href":"https:\/\/nordicdiy.ee\/fi\/wp-json\/wp\/v2\/media\/5816"}],"wp:attachment":[{"href":"https:\/\/nordicdiy.ee\/fi\/wp-json\/wp\/v2\/media?parent=12182"}],"wp:term":[{"taxonomy":"product_brand","embeddable":true,"href":"https:\/\/nordicdiy.ee\/fi\/wp-json\/wp\/v2\/product_brand?post=12182"},{"taxonomy":"product_cat","embeddable":true,"href":"https:\/\/nordicdiy.ee\/fi\/wp-json\/wp\/v2\/product_cat?post=12182"},{"taxonomy":"product_tag","embeddable":true,"href":"https:\/\/nordicdiy.ee\/fi\/wp-json\/wp\/v2\/product_tag?post=12182"}],"curies":[{"name":"wp","href":"https:\/\/api.w.org\/{rel}","templated":true}]}}