{"id":12221,"date":"2024-09-18T12:35:17","date_gmt":"2024-09-18T09:35:17","guid":{"rendered":"https:\/\/nordicdiy.ee\/epood\/Ei-luokiteltu\/kynttilalasi-valkoinen-himmea-280-ml-h96-x-d80-mm\/"},"modified":"2025-04-14T08:42:21","modified_gmt":"2025-04-14T05:42:21","slug":"kynttilalasi-valkoinen-himmea-280-ml-h96-x-d80-mm","status":"publish","type":"product","link":"https:\/\/nordicdiy.ee\/fi\/epood\/kynttiloiden-valmistus-fi\/kynttilalasit-ja-kannet\/kynttilalasi-valkoinen-himmea-280-ml-h96-x-d80-mm\/","title":{"rendered":"Kynttil\u00e4lasi valkoinen himme\u00e4 280 ml, h96 x d80 mm"},"content":{"rendered":"<p>Tyylik\u00e4s valkoinen himme\u00e4 kynttil\u00e4lasi, jonka tilavuus on 280 ml, on t\u00e4ydellinen valinta k\u00e4sity\u00f6kynttil\u00f6ille. Sen klassinen ja tyylik\u00e4s mattapinta antaa kynttil\u00f6ille ylellisen ja minimalistisen ilmeen, joka sopii erilaisiin sisustuksiin. <\/p>\n<p>Kynttil\u00e4lasi on l\u00e4mm\u00f6nkest\u00e4v\u00e4, ja sit\u00e4 voidaan k\u00e4ytt\u00e4\u00e4 erilaisten kynttil\u00e4vahojen, kuten soijavahan, rypsi\u00f6ljyvahan, parafiinivahan, mehil\u00e4isvahan ja palmuvahan kanssa. Mitoiltaan h96 x d80 mm on ihanteellinen keskikokoisille tuoksukynttil\u00f6ille, ja se tarjoaa pitk\u00e4n ja tasaisen paloajan. <\/p>\n<p>Valkoinen himme\u00e4 kynttil\u00e4lasi on t\u00e4ydellinen valinta kaikille kynttil\u00e4nvalmistajille, jotka haluavat luoda tyylikk\u00e4it\u00e4 ja kest\u00e4vi\u00e4 kynttil\u00f6it\u00e4, jotka tuovat huoneeseen nykyaikaisen ja tyylikk\u00e4\u00e4n tunnelman.<\/p>\n","protected":false},"excerpt":{"rendered":"<p>Tyylik\u00e4s valkoinen himme\u00e4 kynttil\u00e4lasi, jonka tilavuus on 280 ml, on t\u00e4ydellinen valinta k\u00e4sity\u00f6kynttil\u00f6ille. Sen klassinen ja tyylik\u00e4s mattapinta antaa kynttil\u00f6ille ylellisen ja minimalistisen ilmeen, joka sopii erilaisiin sisustuksiin. <\/p>\n","protected":false},"featured_media":6291,"template":"","meta":{"site-sidebar-layout":"default","site-content-layout":"","ast-site-content-layout":"default","site-content-style":"default","site-sidebar-style":"default","ast-global-header-display":"","ast-banner-title-visibility":"","ast-main-header-display":"","ast-hfb-above-header-display":"","ast-hfb-below-header-display":"","ast-hfb-mobile-header-display":"","site-post-title":"","ast-breadcrumbs-content":"","ast-featured-img":"","footer-sml-layout":"","ast-disable-related-posts":"","theme-transparent-header-meta":"default","adv-header-id-meta":"","stick-header-meta":"default","header-above-stick-meta":"","header-main-stick-meta":"","header-below-stick-meta":"","astra-migrate-meta-layouts":"default","ast-page-background-enabled":"default","ast-page-background-meta":{"desktop":{"background-color":"","background-image":"","background-repeat":"repeat","background-position":"center center","background-size":"auto","background-attachment":"scroll","background-type":"","background-media":"","overlay-type":"","overlay-color":"","overlay-opacity":"","overlay-gradient":""},"tablet":{"background-color":"","background-image":"","background-repeat":"repeat","background-position":"center center","background-size":"auto","background-attachment":"scroll","background-type":"","background-media":"","overlay-type":"","overlay-color":"","overlay-opacity":"","overlay-gradient":""},"mobile":{"background-color":"","background-image":"","background-repeat":"repeat","background-position":"center center","background-size":"auto","background-attachment":"scroll","background-type":"","background-media":"","overlay-type":"","overlay-color":"","overlay-opacity":"","overlay-gradient":""}},"ast-content-background-meta":{"desktop":{"background-color":"var(--ast-global-color-5)","background-image":"","background-repeat":"repeat","background-position":"center center","background-size":"auto","background-attachment":"scroll","background-type":"","background-media":"","overlay-type":"","overlay-color":"","overlay-opacity":"","overlay-gradient":""},"tablet":{"background-color":"var(--ast-global-color-5)","background-image":"","background-repeat":"repeat","background-position":"center center","background-size":"auto","background-attachment":"scroll","background-type":"","background-media":"","overlay-type":"","overlay-color":"","overlay-opacity":"","overlay-gradient":""},"mobile":{"background-color":"var(--ast-global-color-5)","background-image":"","background-repeat":"repeat","background-position":"center center","background-size":"auto","background-attachment":"scroll","background-type":"","background-media":"","overlay-type":"","overlay-color":"","overlay-opacity":"","overlay-gradient":""}}},"product_brand":[],"product_cat":[163,158],"product_tag":[],"class_list":{"0":"post-12221","1":"product","2":"type-product","3":"status-publish","4":"has-post-thumbnail","6":"product_cat-kynttilalasit-ja-kannet","7":"product_cat-kynttiloiden-valmistus-fi","8":"desktop-align-left","9":"tablet-align-left","10":"mobile-align-left","11":"ast-product-gallery-layout-horizontal","12":"ast-product-gallery-with-no-image","13":"ast-product-tabs-layout-horizontal","15":"first","16":"instock","17":"taxable","18":"shipping-taxable","19":"purchasable","20":"product-type-simple"},"_links":{"self":[{"href":"https:\/\/nordicdiy.ee\/fi\/wp-json\/wp\/v2\/product\/12221","targetHints":{"allow":["GET"]}}],"collection":[{"href":"https:\/\/nordicdiy.ee\/fi\/wp-json\/wp\/v2\/product"}],"about":[{"href":"https:\/\/nordicdiy.ee\/fi\/wp-json\/wp\/v2\/types\/product"}],"wp:featuredmedia":[{"embeddable":true,"href":"https:\/\/nordicdiy.ee\/fi\/wp-json\/wp\/v2\/media\/6291"}],"wp:attachment":[{"href":"https:\/\/nordicdiy.ee\/fi\/wp-json\/wp\/v2\/media?parent=12221"}],"wp:term":[{"taxonomy":"product_brand","embeddable":true,"href":"https:\/\/nordicdiy.ee\/fi\/wp-json\/wp\/v2\/product_brand?post=12221"},{"taxonomy":"product_cat","embeddable":true,"href":"https:\/\/nordicdiy.ee\/fi\/wp-json\/wp\/v2\/product_cat?post=12221"},{"taxonomy":"product_tag","embeddable":true,"href":"https:\/\/nordicdiy.ee\/fi\/wp-json\/wp\/v2\/product_tag?post=12221"}],"curies":[{"name":"wp","href":"https:\/\/api.w.org\/{rel}","templated":true}]}}