{"id":12313,"date":"2024-09-19T17:02:30","date_gmt":"2024-09-19T14:02:30","guid":{"rendered":"https:\/\/nordicdiy.ee\/epood\/Ei-luokiteltu\/hot-apple-desert-tuoksuoljy\/"},"modified":"2026-03-05T01:37:27","modified_gmt":"2026-03-04T22:37:27","slug":"hot-apple-desert-tuoksuoljy","status":"publish","type":"product","link":"https:\/\/nordicdiy.ee\/fi\/epood\/tuoksuoljy\/hedelmien-tuoksut\/hot-apple-desert-tuoksuoljy\/","title":{"rendered":"Hot Apple Desert tuoksu\u00f6ljy"},"content":{"rendered":"<p><strong>ASPOL SCENTRA on<\/strong> rekister\u00f6inyt<strong> UFIREADY-turvallisuustiedotteet<\/strong> (SDS), jotka on laadittu eri hajuste\u00f6ljym\u00e4\u00e4rille ja joita voidaan k\u00e4ytt\u00e4\u00e4 soijavahakynttil\u00f6iden valmistuksessa. N\u00e4iden turvakorttien ja CLP-tarrojen ansiosta sinun <strong>ei tarvitse itse luoda UFI-koodia ja ilmoittaa sit\u00e4 PCN:ss\u00e4 tai rekister\u00f6ity\u00e4 ECHAS:iin, sill\u00e4 tehdas on jo rekister\u00f6inyt tuotteesi puolestasi.<\/strong> <\/p>\n<p><strong>K\u00e4ytt\u00f6 kynttil\u00f6iss\u00e4 -<\/strong> soijavahakynttil\u00f6iden ja vahatorttujen valmistukseen suositeltu tuoksu\u00f6ljyn m\u00e4\u00e4r\u00e4 on 6-12 %. Tarkat m\u00e4\u00e4r\u00e4t ja SDS-kortit l\u00f6ytyv\u00e4t j\u00e4ljemp\u00e4n\u00e4.   <strong>\u00c4l\u00e4 sekoita eri tuoksu\u00f6ljyj\u00e4!<\/strong><\/p>\n<p>Lataamalla ilmaisen UFIREADY-turvallisuustiedotteen (SDS) ja soijavahakynttil\u00e4n CLP-tarran vahvistan, ett\u00e4 olen valmistanut tuotteeni UFICONTROL-vaatimusten mukaisesti ja ett\u00e4 olen ostanut SDS-kortissa mainitut ainesosat Nordic DIY:lt\u00e4.<\/p>\n<ul>\n<li><strong>CLP-tarran voi ladata t\u00e4\u00e4lt\u00e4 - <a href=\"https:\/\/aspol.info\/wp-content\/uploads\/etykiety\/ufi-green.html\" target=\"_blank\" rel=\"noopener\">CLP-tarran generaattori<\/a>.<\/strong><\/li>\n<li><strong><a href=\"https:\/\/goldelseou.sharepoint.com\/:f:\/s\/Nordicdiy.ee\/EvevW_iZgkZMkxc8ygzrTvABmgwrpvDUWwYH46HG2Xk6-w?e=q3Ater\" target=\"_blank\" rel=\"noopener\">K\u00e4ytt\u00f6turvallisuustiedotteet (SDS), IFRA, allergeenitaulukko ja valmiiden kynttil\u00f6iden k\u00e4ytt\u00f6turvallisuustiedotteet (SDS) l\u00f6ytyv\u00e4t t\u00e4\u00e4lt\u00e4.<\/a><\/strong><\/li>\n<\/ul>\n<p><span dir=\"auto\">K\u00e4ytt\u00f6turvallisuustiedote (SDS) ei muutu, jos valmistat kynttil\u00f6it\u00e4 ACL <a href=\"https:\/\/nordicdiy.ee\/fi\/tuote-osasto\/kynttiloiden-valmistus-fi\/kynttilan-varit\/\" target=\"_blank\" rel=\"noopener\">UFIGREEN -nestev\u00e4reill\u00e4.<\/a> ACL:n kynsiv\u00e4rit on valmistettu turvallisesti, niit\u00e4 ei ole luokiteltu vaarallisiksi eik\u00e4 niihin tarvita PCN-todistusta.<\/span><\/p>\n<p>Sallitut enimm\u00e4ism\u00e4\u00e4r\u00e4t kotituoksutikkujen, hajustesuihkeiden, saippuoiden (kiinte\u00e4t ja nestem\u00e4iset) ja muiden tuotteiden valmistukseen voidaan ladata IFRAn taulukosta.<\/p>\n<p><strong data-start=\"1310\" data-end=\"1326\">S\u00e4ilytys:<\/strong> suositeltu s\u00e4ilyvyysaika on <strong data-start=\"1353\" data-end=\"1364\">1 vuosi<\/strong>, mutta jos tuote s\u00e4ilytet\u00e4\u00e4n oikein (suojattuna auringonvalolta, kuivassa ja viile\u00e4ss\u00e4 paikassa), se s\u00e4ilyy k\u00e4ytt\u00f6kelpoisena useita vuosia.<\/p>\n<p>VAROITUS!<br \/>\n<img decoding=\"async\" class=\"\" src=\"https:\/\/nordicdiy.ee\/wp-content\/uploads\/2025\/01\/terviseoht.jpg\" width=\"70\" height=\"70\"><img decoding=\"async\" class=\"\" src=\"https:\/\/nordicdiy.ee\/wp-content\/uploads\/2025\/02\/keskkonnaoht.jpg\" width=\"70\" height=\"70\"><\/p>\n","protected":false},"excerpt":{"rendered":"<p><strong>ASPOL SCENTRA UFIREADY -sertifioidut tuoksu\u00f6ljyt ovat<\/strong> ihanteellinen valinta tuoksukynttil\u00f6iden, kotituoksujen, tuoksusumutteiden, tuoksuvahojen ja saippuoiden valmistukseen. Ne ovat puhtaita, korkealaatuisia ja turvallisia tuoksu\u00f6ljyj\u00e4. Tarkista <strong>turvallisen k\u00e4yt\u00f6n rajat ennen<\/strong> k\u00e4ytt\u00f6\u00e4.  <\/p>\n<p>Tuotannon helpottamiseksi voit ladata Soijanahkakynttil\u00f6iden k\u00e4ytt\u00f6turvallisuustiedotteet (SDS) ja CLP-tarramallit <strong>ILMAISEKSI.<\/strong> Tehdas on luonut sinulle <strong>UFI-koodin ja ilmoittanut PCN:n, ja ECHAS on rekister\u00f6inyt <\/strong>tuotteesi edellytt\u00e4en, ett\u00e4 k\u00e4yt\u00e4t hajuste\u00f6ljy\u00e4 tehtaan rekister\u00f6im\u00e4ll\u00e4 m\u00e4\u00e4r\u00e4ll\u00e4.<br \/>\nLis\u00e4tietoa hajuste\u00f6ljyn k\u00e4yt\u00f6st\u00e4 on tuotekuvauksessa. <\/p>\n<p><strong>Tuoksun vivahteet<\/strong><br \/>\nYl\u00e4tuoksu: vihre\u00e4 omena, ananas, mansikka, persikka<br \/>\nSyd\u00e4ntuoksu: kaneli, anis, neilikka, kookos<br \/>\nPohjatuoksu: vanilja, tonkapapu, myski.<\/p>\n","protected":false},"featured_media":22375,"template":"","meta":{"site-sidebar-layout":"default","site-content-layout":"","ast-site-content-layout":"default","site-content-style":"default","site-sidebar-style":"default","ast-global-header-display":"","ast-banner-title-visibility":"","ast-main-header-display":"","ast-hfb-above-header-display":"","ast-hfb-below-header-display":"","ast-hfb-mobile-header-display":"","site-post-title":"","ast-breadcrumbs-content":"","ast-featured-img":"","footer-sml-layout":"","ast-disable-related-posts":"","theme-transparent-header-meta":"default","adv-header-id-meta":"","stick-header-meta":"default","header-above-stick-meta":"","header-main-stick-meta":"","header-below-stick-meta":"","astra-migrate-meta-layouts":"default","ast-page-background-enabled":"default","ast-page-background-meta":{"desktop":{"background-color":"","background-image":"","background-repeat":"repeat","background-position":"center center","background-size":"auto","background-attachment":"scroll","background-type":"","background-media":"","overlay-type":"","overlay-color":"","overlay-opacity":"","overlay-gradient":""},"tablet":{"background-color":"","background-image":"","background-repeat":"repeat","background-position":"center center","background-size":"auto","background-attachment":"scroll","background-type":"","background-media":"","overlay-type":"","overlay-color":"","overlay-opacity":"","overlay-gradient":""},"mobile":{"background-color":"","background-image":"","background-repeat":"repeat","background-position":"center center","background-size":"auto","background-attachment":"scroll","background-type":"","background-media":"","overlay-type":"","overlay-color":"","overlay-opacity":"","overlay-gradient":""}},"ast-content-background-meta":{"desktop":{"background-color":"var(--ast-global-color-5)","background-image":"","background-repeat":"repeat","background-position":"center center","background-size":"auto","background-attachment":"scroll","background-type":"","background-media":"","overlay-type":"","overlay-color":"","overlay-opacity":"","overlay-gradient":""},"tablet":{"background-color":"var(--ast-global-color-5)","background-image":"","background-repeat":"repeat","background-position":"center center","background-size":"auto","background-attachment":"scroll","background-type":"","background-media":"","overlay-type":"","overlay-color":"","overlay-opacity":"","overlay-gradient":""},"mobile":{"background-color":"var(--ast-global-color-5)","background-image":"","background-repeat":"repeat","background-position":"center center","background-size":"auto","background-attachment":"scroll","background-type":"","background-media":"","overlay-type":"","overlay-color":"","overlay-opacity":"","overlay-gradient":""}}},"product_brand":[],"product_cat":[257,177,176,129,174],"product_tag":[],"class_list":{"0":"post-12313","1":"product","2":"type-product","3":"status-publish","4":"has-post-thumbnail","6":"product_cat-hedelmien-tuoksut","7":"product_cat-joulun-tuoksut","8":"product_cat-kynttilan-tuoksut","9":"product_cat-tuoksuoljy","10":"product_cat-ufi-ready","11":"desktop-align-left","12":"tablet-align-left","13":"mobile-align-left","14":"ast-product-gallery-layout-horizontal","15":"ast-product-gallery-with-no-image","16":"ast-product-single-variable","17":"ast-product-tabs-layout-horizontal","19":"first","20":"instock","21":"sale","22":"taxable","23":"shipping-taxable","24":"purchasable","25":"product-type-variable"},"_links":{"self":[{"href":"https:\/\/nordicdiy.ee\/fi\/wp-json\/wp\/v2\/product\/12313","targetHints":{"allow":["GET"]}}],"collection":[{"href":"https:\/\/nordicdiy.ee\/fi\/wp-json\/wp\/v2\/product"}],"about":[{"href":"https:\/\/nordicdiy.ee\/fi\/wp-json\/wp\/v2\/types\/product"}],"wp:featuredmedia":[{"embeddable":true,"href":"https:\/\/nordicdiy.ee\/fi\/wp-json\/wp\/v2\/media\/22375"}],"wp:attachment":[{"href":"https:\/\/nordicdiy.ee\/fi\/wp-json\/wp\/v2\/media?parent=12313"}],"wp:term":[{"taxonomy":"product_brand","embeddable":true,"href":"https:\/\/nordicdiy.ee\/fi\/wp-json\/wp\/v2\/product_brand?post=12313"},{"taxonomy":"product_cat","embeddable":true,"href":"https:\/\/nordicdiy.ee\/fi\/wp-json\/wp\/v2\/product_cat?post=12313"},{"taxonomy":"product_tag","embeddable":true,"href":"https:\/\/nordicdiy.ee\/fi\/wp-json\/wp\/v2\/product_tag?post=12313"}],"curies":[{"name":"wp","href":"https:\/\/api.w.org\/{rel}","templated":true}]}}