{"id":12529,"date":"2024-09-20T09:06:25","date_gmt":"2024-09-20T06:06:25","guid":{"rendered":"https:\/\/nordicdiy.ee\/epood\/Ei-luokiteltu\/kynttilalasin-metallinen-kansi-jossa-on-tiiviste-hopea\/"},"modified":"2025-04-25T08:46:17","modified_gmt":"2025-04-25T05:46:17","slug":"kynttilalasin-metallinen-kansi-jossa-on-tiiviste-hopea","status":"publish","type":"product","link":"https:\/\/nordicdiy.ee\/fi\/epood\/kynttiloiden-valmistus-fi\/kynttilalasit-ja-kannet\/kynttilalasin-metallinen-kansi-jossa-on-tiiviste-hopea\/","title":{"rendered":"Kynttil\u00e4lasin metallinen kansi, jossa on tiiviste hopea"},"content":{"rendered":"<p>Metallinen kansi, jossa tiiviste 1 \u00d7 8,2 cm. Tiivisteell\u00e4 varustettu metallikansi on ihanteellinen muotoiluelementti kynttil\u00e4npidikkeisiin, sill\u00e4 se takaa pidemm\u00e4n hajun s\u00e4ilymisen ja turvallisen s\u00e4ilytyksen.  Se pit\u00e4\u00e4 my\u00f6s p\u00f6lyn ja lian poissa. Kansi on saatavana useissa eri v\u00e4reiss\u00e4 - hopea, ruusukulta ja kulta, ja se sopii sek\u00e4 Ombre-, 260 ml:n ett\u00e4 280 ml:n kynttil\u00e4laseihin, olivatpa ne kirkkaita tai v\u00e4rillisi\u00e4.<\/p>\n","protected":false},"excerpt":{"rendered":"<p>Tiivisteell\u00e4 varustettu metallikansi on ihanteellinen muotoiluelementti kynttil\u00e4npidikkeisiin, sill\u00e4 se takaa pidemm\u00e4n hajun s\u00e4ilymisen ja turvallisen s\u00e4ilytyksen. Se pit\u00e4\u00e4 my\u00f6s p\u00f6lyn ja lian poissa. Kansi sopii sek\u00e4 Ombre-, 260 ml:n ett\u00e4 280 ml:n kynttil\u00e4laseihin, olivatpa ne kirkkaita tai v\u00e4rillisi\u00e4.  <\/p>\n","protected":false},"featured_media":6326,"template":"","meta":{"site-sidebar-layout":"default","site-content-layout":"","ast-site-content-layout":"default","site-content-style":"default","site-sidebar-style":"default","ast-global-header-display":"","ast-banner-title-visibility":"","ast-main-header-display":"","ast-hfb-above-header-display":"","ast-hfb-below-header-display":"","ast-hfb-mobile-header-display":"","site-post-title":"","ast-breadcrumbs-content":"","ast-featured-img":"","footer-sml-layout":"","ast-disable-related-posts":"","theme-transparent-header-meta":"default","adv-header-id-meta":"","stick-header-meta":"default","header-above-stick-meta":"","header-main-stick-meta":"","header-below-stick-meta":"","astra-migrate-meta-layouts":"default","ast-page-background-enabled":"default","ast-page-background-meta":{"desktop":{"background-color":"","background-image":"","background-repeat":"repeat","background-position":"center center","background-size":"auto","background-attachment":"scroll","background-type":"","background-media":"","overlay-type":"","overlay-color":"","overlay-opacity":"","overlay-gradient":""},"tablet":{"background-color":"","background-image":"","background-repeat":"repeat","background-position":"center center","background-size":"auto","background-attachment":"scroll","background-type":"","background-media":"","overlay-type":"","overlay-color":"","overlay-opacity":"","overlay-gradient":""},"mobile":{"background-color":"","background-image":"","background-repeat":"repeat","background-position":"center center","background-size":"auto","background-attachment":"scroll","background-type":"","background-media":"","overlay-type":"","overlay-color":"","overlay-opacity":"","overlay-gradient":""}},"ast-content-background-meta":{"desktop":{"background-color":"var(--ast-global-color-5)","background-image":"","background-repeat":"repeat","background-position":"center center","background-size":"auto","background-attachment":"scroll","background-type":"","background-media":"","overlay-type":"","overlay-color":"","overlay-opacity":"","overlay-gradient":""},"tablet":{"background-color":"var(--ast-global-color-5)","background-image":"","background-repeat":"repeat","background-position":"center center","background-size":"auto","background-attachment":"scroll","background-type":"","background-media":"","overlay-type":"","overlay-color":"","overlay-opacity":"","overlay-gradient":""},"mobile":{"background-color":"var(--ast-global-color-5)","background-image":"","background-repeat":"repeat","background-position":"center center","background-size":"auto","background-attachment":"scroll","background-type":"","background-media":"","overlay-type":"","overlay-color":"","overlay-opacity":"","overlay-gradient":""}}},"product_brand":[],"product_cat":[163,158],"product_tag":[],"class_list":{"0":"post-12529","1":"product","2":"type-product","3":"status-publish","4":"has-post-thumbnail","6":"product_cat-kynttilalasit-ja-kannet","7":"product_cat-kynttiloiden-valmistus-fi","8":"desktop-align-left","9":"tablet-align-left","10":"mobile-align-left","11":"ast-product-gallery-layout-horizontal","12":"ast-product-gallery-with-no-image","13":"ast-product-tabs-layout-horizontal","15":"first","16":"instock","17":"taxable","18":"shipping-taxable","19":"purchasable","20":"product-type-simple"},"_links":{"self":[{"href":"https:\/\/nordicdiy.ee\/fi\/wp-json\/wp\/v2\/product\/12529","targetHints":{"allow":["GET"]}}],"collection":[{"href":"https:\/\/nordicdiy.ee\/fi\/wp-json\/wp\/v2\/product"}],"about":[{"href":"https:\/\/nordicdiy.ee\/fi\/wp-json\/wp\/v2\/types\/product"}],"wp:featuredmedia":[{"embeddable":true,"href":"https:\/\/nordicdiy.ee\/fi\/wp-json\/wp\/v2\/media\/6326"}],"wp:attachment":[{"href":"https:\/\/nordicdiy.ee\/fi\/wp-json\/wp\/v2\/media?parent=12529"}],"wp:term":[{"taxonomy":"product_brand","embeddable":true,"href":"https:\/\/nordicdiy.ee\/fi\/wp-json\/wp\/v2\/product_brand?post=12529"},{"taxonomy":"product_cat","embeddable":true,"href":"https:\/\/nordicdiy.ee\/fi\/wp-json\/wp\/v2\/product_cat?post=12529"},{"taxonomy":"product_tag","embeddable":true,"href":"https:\/\/nordicdiy.ee\/fi\/wp-json\/wp\/v2\/product_tag?post=12529"}],"curies":[{"name":"wp","href":"https:\/\/api.w.org\/{rel}","templated":true}]}}