{"id":13137,"date":"2024-09-18T12:35:18","date_gmt":"2024-09-18T09:35:18","guid":{"rendered":"https:\/\/nordicdiy.ee\/epood\/Ei-luokiteltu\/puulaatat-10kpl-tasainen-13-150\/"},"modified":"2026-04-22T02:06:48","modified_gmt":"2026-04-21T23:06:48","slug":"puulaatat-10kpl-tasainen-13-150","status":"publish","type":"product","link":"https:\/\/nordicdiy.ee\/fi\/epood\/kynttiloiden-valmistus-fi\/kynttilan-sydanlangat-ja-alustat\/puulaatat-10kpl-tasainen-13-150\/","title":{"rendered":"Puulaatat 10kpl tasainen 13\/150"},"content":{"rendered":"<p>Puinen kynttil\u00e4npidin on valmistettu kovasta py\u00f6kkipuusta, joka tarjoaa luonnollisen ja turvallisen ratkaisun kynttil\u00f6iden valmistukseen. T\u00e4m\u00e4 GMO-vapaa syd\u00e4nlanka on vegaaninen, el\u00e4imill\u00e4 testaamaton ja myrkyt\u00f6n. Sopii erinomaisesti erilaisille vahoille, kuten soijavahalle, rypsi\u00f6ljyvahalle, kookosvahalle, mehil\u00e4isvahalle, palmuvahalle, parafiinille ja parafiiniseoksille.   Kotelon mukana tulee metallijalusta.<\/p>\n<p>T\u00e4ydellinen valinta luonnollisten ja laadukkaiden kynttil\u00f6iden valmistukseen!<\/p>\n","protected":false},"excerpt":{"rendered":"<p>Puinen kynttil\u00e4npidin on valmistettu kovasta py\u00f6kkipuusta, joka tarjoaa luonnollisen ja turvallisen ratkaisun kynttil\u00f6iden valmistukseen. T\u00e4m\u00e4 GMO-vapaa syd\u00e4nlanka on vegaaninen, el\u00e4imill\u00e4 testaamaton ja myrkyt\u00f6n. Sopii erinomaisesti erilaisille vahoille, kuten soijavahalle, rypsi\u00f6ljyvahalle, kookosvahalle, mehil\u00e4isvahalle, palmuvahalle, parafiinille ja parafiiniseoksille.  <\/p>\n<p>Mitat:<br \/>\n- pituus: 150 mm<br \/>\n- leveys: 13 mm<br \/>\n- paksuus: 1 mm<\/p>\n<p>Sopii kynttil\u00e4njaloille 70-85mm.<\/p>\n<p>T\u00e4ydellinen valinta luonnollisten ja laadukkaiden kynttil\u00f6iden valmistukseen!<\/p>\n","protected":false},"featured_media":6381,"template":"","meta":{"site-sidebar-layout":"default","site-content-layout":"","ast-site-content-layout":"default","site-content-style":"default","site-sidebar-style":"default","ast-global-header-display":"","ast-banner-title-visibility":"","ast-main-header-display":"","ast-hfb-above-header-display":"","ast-hfb-below-header-display":"","ast-hfb-mobile-header-display":"","site-post-title":"","ast-breadcrumbs-content":"","ast-featured-img":"","footer-sml-layout":"","ast-disable-related-posts":"","theme-transparent-header-meta":"default","adv-header-id-meta":"","stick-header-meta":"default","header-above-stick-meta":"","header-main-stick-meta":"","header-below-stick-meta":"","astra-migrate-meta-layouts":"default","ast-page-background-enabled":"default","ast-page-background-meta":{"desktop":{"background-color":"","background-image":"","background-repeat":"repeat","background-position":"center center","background-size":"auto","background-attachment":"scroll","background-type":"","background-media":"","overlay-type":"","overlay-color":"","overlay-opacity":"","overlay-gradient":""},"tablet":{"background-color":"","background-image":"","background-repeat":"repeat","background-position":"center center","background-size":"auto","background-attachment":"scroll","background-type":"","background-media":"","overlay-type":"","overlay-color":"","overlay-opacity":"","overlay-gradient":""},"mobile":{"background-color":"","background-image":"","background-repeat":"repeat","background-position":"center center","background-size":"auto","background-attachment":"scroll","background-type":"","background-media":"","overlay-type":"","overlay-color":"","overlay-opacity":"","overlay-gradient":""}},"ast-content-background-meta":{"desktop":{"background-color":"var(--ast-global-color-5)","background-image":"","background-repeat":"repeat","background-position":"center center","background-size":"auto","background-attachment":"scroll","background-type":"","background-media":"","overlay-type":"","overlay-color":"","overlay-opacity":"","overlay-gradient":""},"tablet":{"background-color":"var(--ast-global-color-5)","background-image":"","background-repeat":"repeat","background-position":"center center","background-size":"auto","background-attachment":"scroll","background-type":"","background-media":"","overlay-type":"","overlay-color":"","overlay-opacity":"","overlay-gradient":""},"mobile":{"background-color":"var(--ast-global-color-5)","background-image":"","background-repeat":"repeat","background-position":"center center","background-size":"auto","background-attachment":"scroll","background-type":"","background-media":"","overlay-type":"","overlay-color":"","overlay-opacity":"","overlay-gradient":""}}},"product_brand":[],"product_cat":[200,158],"product_tag":[],"class_list":{"0":"post-13137","1":"product","2":"type-product","3":"status-publish","4":"has-post-thumbnail","6":"product_cat-kynttilan-sydanlangat-ja-alustat","7":"product_cat-kynttiloiden-valmistus-fi","8":"desktop-align-left","9":"tablet-align-left","10":"mobile-align-left","11":"ast-product-gallery-layout-horizontal","12":"ast-product-gallery-with-no-image","13":"ast-product-tabs-layout-horizontal","15":"first","16":"instock","17":"taxable","18":"shipping-taxable","19":"purchasable","20":"product-type-simple"},"_links":{"self":[{"href":"https:\/\/nordicdiy.ee\/fi\/wp-json\/wp\/v2\/product\/13137","targetHints":{"allow":["GET"]}}],"collection":[{"href":"https:\/\/nordicdiy.ee\/fi\/wp-json\/wp\/v2\/product"}],"about":[{"href":"https:\/\/nordicdiy.ee\/fi\/wp-json\/wp\/v2\/types\/product"}],"wp:featuredmedia":[{"embeddable":true,"href":"https:\/\/nordicdiy.ee\/fi\/wp-json\/wp\/v2\/media\/6381"}],"wp:attachment":[{"href":"https:\/\/nordicdiy.ee\/fi\/wp-json\/wp\/v2\/media?parent=13137"}],"wp:term":[{"taxonomy":"product_brand","embeddable":true,"href":"https:\/\/nordicdiy.ee\/fi\/wp-json\/wp\/v2\/product_brand?post=13137"},{"taxonomy":"product_cat","embeddable":true,"href":"https:\/\/nordicdiy.ee\/fi\/wp-json\/wp\/v2\/product_cat?post=13137"},{"taxonomy":"product_tag","embeddable":true,"href":"https:\/\/nordicdiy.ee\/fi\/wp-json\/wp\/v2\/product_tag?post=13137"}],"curies":[{"name":"wp","href":"https:\/\/api.w.org\/{rel}","templated":true}]}}