{"id":13172,"date":"2024-09-18T12:35:17","date_gmt":"2024-09-18T09:35:17","guid":{"rendered":"https:\/\/nordicdiy.ee\/epood\/Ei-luokiteltu\/vesisaippuan-pohja-1-litra-luonnollinen-ja-vegaaninen\/"},"modified":"2026-04-06T14:16:31","modified_gmt":"2026-04-06T11:16:31","slug":"vesisaippuan-pohja-1-litra-luonnollinen-ja-vegaaninen","status":"publish","type":"product","link":"https:\/\/nordicdiy.ee\/fi\/epood\/saippuan-valmistus\/saippuamassat\/vesisaippuan-pohja-1-litra-luonnollinen-ja-vegaaninen\/","title":{"rendered":"Vesisaippualusta 1 litra"},"content":{"rendered":"<p><strong>Miten tehd\u00e4 nestem\u00e4ist\u00e4 saippuaa?<\/strong><br \/>\nTarvittavat ainekset ja ty\u00f6kalut:<\/p>\n<p>1 litra nestem\u00e4ist\u00e4 saippuapohjaa<br \/>\n10 ml nestem\u00e4isen saippuan hajustetta<br \/>\nNestem\u00e4inen saippuav\u00e4ri<br \/>\nSekoitusastia<br \/>\nMittakorkki tai ruisku tarkkaa annostelua varten<br \/>\nVispil\u00e4 tai sekoitusty\u00f6kalu<br \/>\nSaippuapullo (pumppu- tai annostelupullo).<\/p>\n<p><strong>Opas:<\/strong><\/p>\n<p>Mittaa ainesosat<br \/>\nOta 1 litra nestem\u00e4ist\u00e4 saippuapohjaa ja mittaa 10 ml tuoksua. Nestem\u00e4ist\u00e4 saippuapohjaa voidaan t\u00e4ydent\u00e4\u00e4 eteerisill\u00e4 \u00f6ljyill\u00e4 mieltymyksen mukaan. <\/p>\n<p>Sekoita ainekset<br \/>\nKaada hajuste sekoituskulhossa olevan nestesaippuan pohjalle. K\u00e4yt\u00e4 vispil\u00e4\u00e4 tai sekoitusty\u00f6kalua sekoittaaksesi ainesosat huolellisesti. Sekoita varovasti, kunnes tuoksu on t\u00e4ysin hajaantunut saippuapohjaan. Lis\u00e4\u00e4 1 tippa nestem\u00e4ist\u00e4 saippuav\u00e4ri\u00e4, jos seos on liian vaalea, lis\u00e4\u00e4 toinen tippa ja sekoita.   <\/p>\n<p>Kaada seos pulloon<br \/>\nKun seos on hyvin sekoitettu, kaada seos valmiiseen saippuapulloon. Varmista, ett\u00e4 pullo on puhdas ja kuiva. <\/p>\n<p>Testaa saippuasi<br \/>\nEnnen kuin k\u00e4yt\u00e4t uutta nestem\u00e4ist\u00e4 saippuaa, anna sen olla muutaman tunnin, jotta hajusteet sekoittuvat hyvin saippuapohjaan. Jos haluat paksumman nestesaippuan, voit sekoittaa 20 %:n suolaliuoksen lopuksi. Tavallinen suola ja keitetty vesi riitt\u00e4v\u00e4t. Veden tulee olla hieman l\u00e4mmint\u00e4. Saat 20-prosenttisen suolaliuoksen lis\u00e4\u00e4m\u00e4ll\u00e4 20 g suolaa 100 ml:aan vett\u00e4. Lis\u00e4\u00e4 suolaliuosta tippoina nestesaippuan pohjalle sekoittaen, kunnes saavutetaan haluttu tulos.     <\/p>\n<p><strong>W405 vakaaja<br \/>\n<\/strong><\/p>\n<p>Tuoksu\u00f6ljyt voivat tehd\u00e4 suihkugeeleist\u00e4 maitomaisia tai nestem\u00e4isi\u00e4, ja t\u00e4m\u00e4n ongelman ratkaisemiseksi suositellaan W405-stabilisaattorin k\u00e4ytt\u00f6\u00e4. W405-stabilisaattoria k\u00e4ytet\u00e4\u00e4n yleisesti nestem\u00e4isten saippuoiden, shampoiden, suihkugeelien ja muiden pinta-aktiivisten (tensidipohjaisten) pesuaineiden viskositeetin lis\u00e4\u00e4miseen, eli tuotteen sakeuttamiseen ja vakauttamiseen. T\u00e4m\u00e4 ainesosa auttaa saavuttamaan miellytt\u00e4v\u00e4n geelim\u00e4isen koostumuksen, jota kuluttajat odottavat saippualta tai shampoolta.  <\/p>\n<p>Niin yksinkertaista se on! Luonnollinen, vegaaninen ja yksil\u00f6llinen nestesaippua on k\u00e4ytt\u00f6valmis. <\/p>\n","protected":false},"excerpt":{"rendered":"<p><strong>UUDELLA KOOSTUMUKSELLA!<\/strong>  Tee kotona omaa nestesaippuaa tai lis\u00e4\u00e4 sit\u00e4 tuotemerkkivalikoimaasi. Luonnollinen ja kirkas saippuapohja on ftalaatiton ja sopii t\u00e4ydellisesti luovaan k\u00e4ytt\u00f6\u00f6n. Lis\u00e4\u00e4m\u00e4ll\u00e4 vain 0,5-1 % sopivaa tuoksu\u00f6ljy\u00e4 voit luoda persoonallisen vegaanisen nestesaippuan. Annostus: 5-10ml tuoksu\u00f6ljy\u00e4\/1000ml saippuapohjaa. Erityiset nestesaippuan tuoksu\u00f6ljyt sopivat. Muovipullot ja pumput l\u00f6ytyv\u00e4t my\u00f6s Nordic DIY -valikoimasta. Jos haluat paksumman nestesaippuan, voit sekoittaa 20 % suolaliuosta tai lis\u00e4t\u00e4 stabilointiainetta W405.      <\/p>\n","protected":false},"featured_media":6376,"template":"","meta":{"site-sidebar-layout":"default","site-content-layout":"","ast-site-content-layout":"default","site-content-style":"default","site-sidebar-style":"default","ast-global-header-display":"","ast-banner-title-visibility":"","ast-main-header-display":"","ast-hfb-above-header-display":"","ast-hfb-below-header-display":"","ast-hfb-mobile-header-display":"","site-post-title":"","ast-breadcrumbs-content":"","ast-featured-img":"","footer-sml-layout":"","ast-disable-related-posts":"","theme-transparent-header-meta":"default","adv-header-id-meta":"","stick-header-meta":"default","header-above-stick-meta":"","header-main-stick-meta":"","header-below-stick-meta":"","astra-migrate-meta-layouts":"default","ast-page-background-enabled":"default","ast-page-background-meta":{"desktop":{"background-color":"","background-image":"","background-repeat":"repeat","background-position":"center center","background-size":"auto","background-attachment":"scroll","background-type":"","background-media":"","overlay-type":"","overlay-color":"","overlay-opacity":"","overlay-gradient":""},"tablet":{"background-color":"","background-image":"","background-repeat":"repeat","background-position":"center center","background-size":"auto","background-attachment":"scroll","background-type":"","background-media":"","overlay-type":"","overlay-color":"","overlay-opacity":"","overlay-gradient":""},"mobile":{"background-color":"","background-image":"","background-repeat":"repeat","background-position":"center center","background-size":"auto","background-attachment":"scroll","background-type":"","background-media":"","overlay-type":"","overlay-color":"","overlay-opacity":"","overlay-gradient":""}},"ast-content-background-meta":{"desktop":{"background-color":"var(--ast-global-color-5)","background-image":"","background-repeat":"repeat","background-position":"center center","background-size":"auto","background-attachment":"scroll","background-type":"","background-media":"","overlay-type":"","overlay-color":"","overlay-opacity":"","overlay-gradient":""},"tablet":{"background-color":"var(--ast-global-color-5)","background-image":"","background-repeat":"repeat","background-position":"center center","background-size":"auto","background-attachment":"scroll","background-type":"","background-media":"","overlay-type":"","overlay-color":"","overlay-opacity":"","overlay-gradient":""},"mobile":{"background-color":"var(--ast-global-color-5)","background-image":"","background-repeat":"repeat","background-position":"center center","background-size":"auto","background-attachment":"scroll","background-type":"","background-media":"","overlay-type":"","overlay-color":"","overlay-opacity":"","overlay-gradient":""}}},"product_brand":[],"product_cat":[417,383,215],"product_tag":[],"class_list":{"0":"post-13172","1":"product","2":"type-product","3":"status-publish","4":"has-post-thumbnail","6":"product_cat-erikoistarjoukset","7":"product_cat-saippuamassat","8":"product_cat-saippuan-valmistus","9":"desktop-align-left","10":"tablet-align-left","11":"mobile-align-left","12":"ast-product-gallery-layout-horizontal","13":"ast-product-gallery-with-no-image","14":"ast-product-tabs-layout-horizontal","16":"first","17":"instock","18":"taxable","19":"shipping-taxable","20":"purchasable","21":"product-type-simple"},"_links":{"self":[{"href":"https:\/\/nordicdiy.ee\/fi\/wp-json\/wp\/v2\/product\/13172","targetHints":{"allow":["GET"]}}],"collection":[{"href":"https:\/\/nordicdiy.ee\/fi\/wp-json\/wp\/v2\/product"}],"about":[{"href":"https:\/\/nordicdiy.ee\/fi\/wp-json\/wp\/v2\/types\/product"}],"wp:featuredmedia":[{"embeddable":true,"href":"https:\/\/nordicdiy.ee\/fi\/wp-json\/wp\/v2\/media\/6376"}],"wp:attachment":[{"href":"https:\/\/nordicdiy.ee\/fi\/wp-json\/wp\/v2\/media?parent=13172"}],"wp:term":[{"taxonomy":"product_brand","embeddable":true,"href":"https:\/\/nordicdiy.ee\/fi\/wp-json\/wp\/v2\/product_brand?post=13172"},{"taxonomy":"product_cat","embeddable":true,"href":"https:\/\/nordicdiy.ee\/fi\/wp-json\/wp\/v2\/product_cat?post=13172"},{"taxonomy":"product_tag","embeddable":true,"href":"https:\/\/nordicdiy.ee\/fi\/wp-json\/wp\/v2\/product_tag?post=13172"}],"curies":[{"name":"wp","href":"https:\/\/api.w.org\/{rel}","templated":true}]}}