{"id":13247,"date":"2024-12-10T20:18:26","date_gmt":"2024-12-10T17:18:26","guid":{"rendered":"https:\/\/nordicdiy.ee\/epood\/Ei-luokiteltu\/tuoksuvaha-heart-wax-sydanvaha\/"},"modified":"2025-11-09T19:38:16","modified_gmt":"2025-11-09T16:38:16","slug":"tuoksuvaha-heart-wax-sydanvaha","status":"publish","type":"product","link":"https:\/\/nordicdiy.ee\/fi\/epood\/kynttiloiden-valmistus-fi\/kynttilavahat-2\/tuoksuvaha-heart-wax-sydanvaha\/","title":{"rendered":"Tuoksuvaha &#8217;Heart wax&#8217; (syd\u00e4nvaha)"},"content":{"rendered":"<p><strong>Mitat:<\/strong> 13 cm x 9 cm x 2,5 cm.<br \/>\n<strong>Materiaali:<\/strong> muovi<\/p>\n<p>\"Hearts\" -tuoksuvahamuotti on ihanteellinen valinta kotitekoisten tuoksuvahojen valmistamiseen, joita voidaan k\u00e4ytt\u00e4\u00e4 tuoksulampuissa. T\u00e4m\u00e4n k\u00e4tev\u00e4n muotin avulla voit valmistaa syd\u00e4menmuotoisia tuoksuvahoja. <\/p>\n<p><strong>K\u00e4ytt\u00f6ohjeet:<\/strong><br \/>\nMuovimuotteja k\u00e4ytett\u00e4ess\u00e4 on t\u00e4rke\u00e4\u00e4, ett\u00e4 vaha valetaan 50-60 \u00b0C:n l\u00e4mp\u00f6tilassa, sill\u00e4 korkeammat l\u00e4mp\u00f6tilat (yli 65 \u00b0C) voivat pehment\u00e4\u00e4 muotin. Suosittelemme k\u00e4ytt\u00e4m\u00e4\u00e4n kovempaa kynsivahaa, kuten<strong> Kerax Kerasoy soijavahaa<\/strong>, jonka avulla valmiit tuotteet on helppo irrottaa muotista. Jos k\u00e4yt\u00e4t pehme\u00e4mp\u00e4\u00e4 pehme\u00e4\u00e4 kynsivahaa (esim. <strong>Nature C-3<\/strong> tai <strong>EcoSoja CB-135<\/strong>), voit laittaa valmiin tuotteen hetkeksi j\u00e4\u00e4kaappiin helpottamaan muotista irrottamista.  <\/p>\n<p><strong>Monipuolinen k\u00e4ytt\u00f6:<\/strong><br \/>\nVoit k\u00e4ytt\u00e4\u00e4 muotilla valmistettuja tuoksuvahoja omassa kodissasi, pakata ne lahjaksi tai yhdist\u00e4\u00e4 ne tuoksuvahalamppuun luodaksesi persoonallisen ja k\u00e4yt\u00e4nn\u00f6llisen setin.<\/p>\n<p><strong>Anna luovuutesi loistaa ja tee ainutlaatuisia tuoksuvahoja kotona!<\/strong><\/p>\n","protected":false},"excerpt":{"rendered":"<p>\"Hearts\" -tuoksuvahamuotti on ihanteellinen valinta kotitekoisten tuoksuvahojen valmistamiseen, joita voidaan k\u00e4ytt\u00e4\u00e4 tuoksulampuissa. T\u00e4m\u00e4n k\u00e4tev\u00e4n muotin avulla voit valmistaa syd\u00e4menmuotoisia tuoksuvahoja. <strong>Mitat:<\/strong> 13 cm x 9 cm x 2,5 cm. <\/p>\n","protected":false},"featured_media":6946,"template":"","meta":{"site-sidebar-layout":"default","site-content-layout":"","ast-site-content-layout":"default","site-content-style":"default","site-sidebar-style":"default","ast-global-header-display":"","ast-banner-title-visibility":"","ast-main-header-display":"","ast-hfb-above-header-display":"","ast-hfb-below-header-display":"","ast-hfb-mobile-header-display":"","site-post-title":"","ast-breadcrumbs-content":"","ast-featured-img":"","footer-sml-layout":"","ast-disable-related-posts":"","theme-transparent-header-meta":"default","adv-header-id-meta":"","stick-header-meta":"default","header-above-stick-meta":"","header-main-stick-meta":"","header-below-stick-meta":"","astra-migrate-meta-layouts":"default","ast-page-background-enabled":"default","ast-page-background-meta":{"desktop":{"background-color":"","background-image":"","background-repeat":"repeat","background-position":"center center","background-size":"auto","background-attachment":"scroll","background-type":"","background-media":"","overlay-type":"","overlay-color":"","overlay-opacity":"","overlay-gradient":""},"tablet":{"background-color":"","background-image":"","background-repeat":"repeat","background-position":"center center","background-size":"auto","background-attachment":"scroll","background-type":"","background-media":"","overlay-type":"","overlay-color":"","overlay-opacity":"","overlay-gradient":""},"mobile":{"background-color":"","background-image":"","background-repeat":"repeat","background-position":"center center","background-size":"auto","background-attachment":"scroll","background-type":"","background-media":"","overlay-type":"","overlay-color":"","overlay-opacity":"","overlay-gradient":""}},"ast-content-background-meta":{"desktop":{"background-color":"var(--ast-global-color-5)","background-image":"","background-repeat":"repeat","background-position":"center center","background-size":"auto","background-attachment":"scroll","background-type":"","background-media":"","overlay-type":"","overlay-color":"","overlay-opacity":"","overlay-gradient":""},"tablet":{"background-color":"var(--ast-global-color-5)","background-image":"","background-repeat":"repeat","background-position":"center center","background-size":"auto","background-attachment":"scroll","background-type":"","background-media":"","overlay-type":"","overlay-color":"","overlay-opacity":"","overlay-gradient":""},"mobile":{"background-color":"var(--ast-global-color-5)","background-image":"","background-repeat":"repeat","background-position":"center center","background-size":"auto","background-attachment":"scroll","background-type":"","background-media":"","overlay-type":"","overlay-color":"","overlay-opacity":"","overlay-gradient":""}}},"product_brand":[],"product_cat":[160],"product_tag":[],"class_list":{"0":"post-13247","1":"product","2":"type-product","3":"status-publish","4":"has-post-thumbnail","6":"product_cat-kynttilavahat-2","7":"desktop-align-left","8":"tablet-align-left","9":"mobile-align-left","10":"ast-product-gallery-layout-horizontal","11":"ast-product-gallery-with-no-image","12":"ast-product-tabs-layout-horizontal","14":"first","15":"instock","16":"taxable","17":"shipping-taxable","18":"purchasable","19":"product-type-simple"},"_links":{"self":[{"href":"https:\/\/nordicdiy.ee\/fi\/wp-json\/wp\/v2\/product\/13247","targetHints":{"allow":["GET"]}}],"collection":[{"href":"https:\/\/nordicdiy.ee\/fi\/wp-json\/wp\/v2\/product"}],"about":[{"href":"https:\/\/nordicdiy.ee\/fi\/wp-json\/wp\/v2\/types\/product"}],"wp:featuredmedia":[{"embeddable":true,"href":"https:\/\/nordicdiy.ee\/fi\/wp-json\/wp\/v2\/media\/6946"}],"wp:attachment":[{"href":"https:\/\/nordicdiy.ee\/fi\/wp-json\/wp\/v2\/media?parent=13247"}],"wp:term":[{"taxonomy":"product_brand","embeddable":true,"href":"https:\/\/nordicdiy.ee\/fi\/wp-json\/wp\/v2\/product_brand?post=13247"},{"taxonomy":"product_cat","embeddable":true,"href":"https:\/\/nordicdiy.ee\/fi\/wp-json\/wp\/v2\/product_cat?post=13247"},{"taxonomy":"product_tag","embeddable":true,"href":"https:\/\/nordicdiy.ee\/fi\/wp-json\/wp\/v2\/product_tag?post=13247"}],"curies":[{"name":"wp","href":"https:\/\/api.w.org\/{rel}","templated":true}]}}