{"id":13297,"date":"2024-09-18T12:35:16","date_gmt":"2024-09-18T09:35:16","guid":{"rendered":"https:\/\/nordicdiy.ee\/epood\/Ei-luokiteltu\/kynttilalasi-oliivinvihrea-180ml-h775-x-d70-mm\/"},"modified":"2025-08-14T15:12:35","modified_gmt":"2025-08-14T12:12:35","slug":"kynttilalasi-oliivinvihrea-180ml-h775-x-d70-mm","status":"publish","type":"product","link":"https:\/\/nordicdiy.ee\/fi\/epood\/kynttiloiden-valmistus-fi\/kynttilalasit-ja-kannet\/kynttilalasi-oliivinvihrea-180ml-h775-x-d70-mm\/","title":{"rendered":"Kynttil\u00e4lasi oliivinvihre\u00e4 180ml, h77,5 x d70 mm"},"content":{"rendered":"<p>Tyylik\u00e4s kirkas oliivinvihre\u00e4 kynttil\u00e4lasi 180ml on t\u00e4ydellinen valinta k\u00e4sity\u00f6kynttil\u00f6ille. Soveltuu k\u00e4ytett\u00e4v\u00e4ksi erilaisten vahojen, kuten soijavahan, parafiinivahan, rypsi\u00f6ljyvahan, mehil\u00e4isvahan ja palmuvahan kanssa. L\u00e4mm\u00f6nkest\u00e4v\u00e4 lasipurkki takaa turvallisen ja kest\u00e4v\u00e4n kynttil\u00e4npolton ja tarjoaa samalla tyylikk\u00e4\u00e4n ulkon\u00e4\u00f6n.  <\/p>\n<p>Oliivinvihre\u00e4 kynttil\u00e4lasi tuo kynttil\u00f6ihisi modernin ja tyylikk\u00e4\u00e4n korostuksen, joten se on erinomainen valinta kodin sisustukseen tai lahjaksi. H77,5 mm:n lasin ja 70 mm:n halkaisijan ansiosta se on t\u00e4ydellisen kokoinen soijakynttil\u00e4n valmistamiseen, joka palaa puhtaasti ja pidemp\u00e4\u00e4n, tai parafiinikynttil\u00e4n valmistamiseen, joka takaa pitk\u00e4n paloajan. <\/p>\n<p>K\u00e4yt\u00e4 t\u00e4t\u00e4 kynttil\u00e4lasia mehil\u00e4isvaha- tai rypsi\u00f6ljykynttil\u00f6iden valmistamiseen, jotka ovat ymp\u00e4rist\u00f6yst\u00e4v\u00e4llisi\u00e4 ja biohajoavia. Se sopii my\u00f6s palmunahkakynttil\u00f6iden valmistukseen, ja sen kiteinen rakenne antaa kynttil\u00f6ille erityisen ilmeen. Oliivinvihre\u00e4\u00e4n lasiin mahtuu 180 ml vahaa, ja voit lis\u00e4t\u00e4 siihen tuoksu\u00f6ljyj\u00e4 ja v\u00e4riaineita luodaksesi ainutlaatuisia tuoksukynttil\u00f6it\u00e4.<\/p>\n","protected":false},"excerpt":{"rendered":"<p>Tyylik\u00e4s l\u00e4pin\u00e4kyv\u00e4 oliivinvihre\u00e4 kynttil\u00e4lasi 180ml on t\u00e4ydellinen valinta k\u00e4sity\u00f6kynttil\u00f6ille. Soveltuu k\u00e4ytett\u00e4v\u00e4ksi erilaisten vahojen, kuten soijavahan, parafiinivahan, rypsi\u00f6ljyvahan, mehil\u00e4isvahan ja palmuvahan kanssa. L\u00e4mm\u00f6nkest\u00e4v\u00e4 lasipurkki takaa turvallisen ja kest\u00e4v\u00e4n kynttil\u00e4npolton ja tarjoaa samalla tyylikk\u00e4\u00e4n ulkon\u00e4\u00f6n.  <\/p>\n","protected":false},"featured_media":6206,"template":"","meta":{"site-sidebar-layout":"default","site-content-layout":"","ast-site-content-layout":"default","site-content-style":"default","site-sidebar-style":"default","ast-global-header-display":"","ast-banner-title-visibility":"","ast-main-header-display":"","ast-hfb-above-header-display":"","ast-hfb-below-header-display":"","ast-hfb-mobile-header-display":"","site-post-title":"","ast-breadcrumbs-content":"","ast-featured-img":"","footer-sml-layout":"","ast-disable-related-posts":"","theme-transparent-header-meta":"default","adv-header-id-meta":"","stick-header-meta":"default","header-above-stick-meta":"","header-main-stick-meta":"","header-below-stick-meta":"","astra-migrate-meta-layouts":"default","ast-page-background-enabled":"default","ast-page-background-meta":{"desktop":{"background-color":"","background-image":"","background-repeat":"repeat","background-position":"center center","background-size":"auto","background-attachment":"scroll","background-type":"","background-media":"","overlay-type":"","overlay-color":"","overlay-opacity":"","overlay-gradient":""},"tablet":{"background-color":"","background-image":"","background-repeat":"repeat","background-position":"center center","background-size":"auto","background-attachment":"scroll","background-type":"","background-media":"","overlay-type":"","overlay-color":"","overlay-opacity":"","overlay-gradient":""},"mobile":{"background-color":"","background-image":"","background-repeat":"repeat","background-position":"center center","background-size":"auto","background-attachment":"scroll","background-type":"","background-media":"","overlay-type":"","overlay-color":"","overlay-opacity":"","overlay-gradient":""}},"ast-content-background-meta":{"desktop":{"background-color":"var(--ast-global-color-5)","background-image":"","background-repeat":"repeat","background-position":"center center","background-size":"auto","background-attachment":"scroll","background-type":"","background-media":"","overlay-type":"","overlay-color":"","overlay-opacity":"","overlay-gradient":""},"tablet":{"background-color":"var(--ast-global-color-5)","background-image":"","background-repeat":"repeat","background-position":"center center","background-size":"auto","background-attachment":"scroll","background-type":"","background-media":"","overlay-type":"","overlay-color":"","overlay-opacity":"","overlay-gradient":""},"mobile":{"background-color":"var(--ast-global-color-5)","background-image":"","background-repeat":"repeat","background-position":"center center","background-size":"auto","background-attachment":"scroll","background-type":"","background-media":"","overlay-type":"","overlay-color":"","overlay-opacity":"","overlay-gradient":""}}},"product_brand":[],"product_cat":[417,163,158],"product_tag":[],"class_list":{"0":"post-13297","1":"product","2":"type-product","3":"status-publish","4":"has-post-thumbnail","6":"product_cat-erikoistarjoukset","7":"product_cat-kynttilalasit-ja-kannet","8":"product_cat-kynttiloiden-valmistus-fi","9":"desktop-align-left","10":"tablet-align-left","11":"mobile-align-left","12":"ast-product-gallery-layout-horizontal","13":"ast-product-gallery-with-no-image","14":"ast-product-tabs-layout-horizontal","16":"first","17":"instock","18":"sale","19":"taxable","20":"shipping-taxable","21":"purchasable","22":"product-type-simple"},"_links":{"self":[{"href":"https:\/\/nordicdiy.ee\/fi\/wp-json\/wp\/v2\/product\/13297","targetHints":{"allow":["GET"]}}],"collection":[{"href":"https:\/\/nordicdiy.ee\/fi\/wp-json\/wp\/v2\/product"}],"about":[{"href":"https:\/\/nordicdiy.ee\/fi\/wp-json\/wp\/v2\/types\/product"}],"wp:featuredmedia":[{"embeddable":true,"href":"https:\/\/nordicdiy.ee\/fi\/wp-json\/wp\/v2\/media\/6206"}],"wp:attachment":[{"href":"https:\/\/nordicdiy.ee\/fi\/wp-json\/wp\/v2\/media?parent=13297"}],"wp:term":[{"taxonomy":"product_brand","embeddable":true,"href":"https:\/\/nordicdiy.ee\/fi\/wp-json\/wp\/v2\/product_brand?post=13297"},{"taxonomy":"product_cat","embeddable":true,"href":"https:\/\/nordicdiy.ee\/fi\/wp-json\/wp\/v2\/product_cat?post=13297"},{"taxonomy":"product_tag","embeddable":true,"href":"https:\/\/nordicdiy.ee\/fi\/wp-json\/wp\/v2\/product_tag?post=13297"}],"curies":[{"name":"wp","href":"https:\/\/api.w.org\/{rel}","templated":true}]}}