{"id":13335,"date":"2025-01-15T15:30:27","date_gmt":"2025-01-15T12:30:27","guid":{"rendered":"https:\/\/nordicdiy.ee\/epood\/Ei-luokiteltu\/kotituoksun-perusneste-augeo-no-5\/"},"modified":"2026-05-05T02:34:11","modified_gmt":"2026-05-04T23:34:11","slug":"kotituoksun-perusneste-augeo-no-5","status":"publish","type":"product","link":"https:\/\/nordicdiy.ee\/fi\/epood\/huonetuoksun-valmistaminen\/huoneenraikastinpohja-ja-puikot\/kotituoksun-perusneste-augeo-no-5\/","title":{"rendered":"Kotituoksun perusneste Augeo No 5"},"content":{"rendered":"<p>Augeo Multi Clean on kest\u00e4v\u00e4 ja ymp\u00e4rist\u00f6yst\u00e4v\u00e4llinen perusneste, jota k\u00e4ytet\u00e4\u00e4n p\u00e4\u00e4asiassa kodintuoksuissa, autojen tuoksuissa, ilmanraikastimissa, s\u00e4hk\u00f6sumuttimissa, hajuvesiss\u00e4, tuoksusumutteissa sek\u00e4 puhdistus- ja huoltotuotteissa. Se on kasviper\u00e4ist\u00e4 ja valmistettu uusiutuvista l\u00e4hteist\u00e4, yleens\u00e4 sokeriruo&#8217;osta. <\/p>\n<p>Augeo Clean on hajuton, v\u00e4rit\u00f6n, allergiaton ja v\u00e4h\u00e4n myrkyllinen. Toimii hyvin k\u00e4ytt\u00e4m\u00e4ll\u00e4 kuitutikkuja kodin hajustimissa. Ei sis\u00e4ll\u00e4 ftalaatteja, ei ole testattu el\u00e4imill\u00e4.  <\/p>\n<p>Tuoksu\u00f6ljyn annostelu 15-25 % Augeo Clean Multi -perusnesteeseen. T\u00e4m\u00e4n perusnesteen etuna on sen kyky vahvistaa ja levitt\u00e4\u00e4 tuoksua, jolloin aromit ovat voimakkaampia ja pitk\u00e4kestoisempia. Augeo on my\u00f6s biohajoava ja VOC-vapaa (volatile organic compound free), mik\u00e4 tarkoittaa, ett\u00e4 se ei haittaa ilmanlaatua eik\u00e4 ole haitallinen ymp\u00e4rist\u00f6lle.  <\/p>\n<p><strong data-start=\"0\" data-end=\"26\">Augeo Multi Clean 100%<\/strong><\/p>\n<ul>\n<li>Uusiutuvista raaka-aineista valmistettu tuote.<\/li>\n<li>Hajuton, hitaasti haihtuva neste.<\/li>\n<li>Haihtumisaika 7-8 viikkoa.<\/li>\n<li>Tuoksun kantaja\/liuotin.<\/li>\n<li>Ei sis\u00e4ll\u00e4 ftalaatteja.<\/li>\n<li>Ei testattu el\u00e4imill\u00e4.<\/li>\n<\/ul>\n<p data-start=\"175\" data-end=\"314\"><strong data-start=\"175\" data-end=\"191\">K\u00e4ytt\u00f6kohteet:<\/strong><br data-start=\"191\" data-end=\"194\">tuoksusumuttimet, huonesumutteet, hajuvedet, ilmanraikastimet, puhdistus- ja pintojenhoitotuotteet, s\u00e4hk\u00f6iset sumuttimet.<\/p>\n<p data-start=\"368\" data-end=\"416\" data-is-last-node=\"\" data-is-only-node=\"\"><strong data-start=\"368\" data-end=\"408\">Hajusteen annostus perusnesteess\u00e4: 15-25<\/strong> %.<\/p>\n<p>VAROITUS!<br \/>\n<img decoding=\"async\" class=\"\" src=\"https:\/\/nordicdiy.ee\/wp-content\/uploads\/2025\/01\/terviseoht.jpg\" width=\"70\" height=\"70\"><\/p>\n","protected":false},"excerpt":{"rendered":"<p>Augeo Clean Multi Base on ymp\u00e4rist\u00f6yst\u00e4v\u00e4llinen, kasvipohjainen perusneste, jota k\u00e4ytet\u00e4\u00e4n kodin ja auton tuoksuissa, diffuusoreissa ja tuoksusumutteissa. Hajuton ja v\u00e4h\u00e4myrkyllinen, se soveltuu hyvin kuitutikuille, mutta ei bambutikuille. Suositeltava k\u00e4ytt\u00f6 on 80 % perusnestett\u00e4 ja 20 % tuoksu\u00f6ljy\u00e4. Augeo on biohajoava ja VOC-vapaa.   <\/p>\n","protected":false},"featured_media":28573,"template":"","meta":{"site-sidebar-layout":"default","site-content-layout":"","ast-site-content-layout":"default","site-content-style":"default","site-sidebar-style":"default","ast-global-header-display":"","ast-banner-title-visibility":"","ast-main-header-display":"","ast-hfb-above-header-display":"","ast-hfb-below-header-display":"","ast-hfb-mobile-header-display":"","site-post-title":"","ast-breadcrumbs-content":"","ast-featured-img":"","footer-sml-layout":"","ast-disable-related-posts":"","theme-transparent-header-meta":"default","adv-header-id-meta":"","stick-header-meta":"default","header-above-stick-meta":"","header-main-stick-meta":"","header-below-stick-meta":"","astra-migrate-meta-layouts":"default","ast-page-background-enabled":"default","ast-page-background-meta":{"desktop":{"background-color":"","background-image":"","background-repeat":"repeat","background-position":"center center","background-size":"auto","background-attachment":"scroll","background-type":"","background-media":"","overlay-type":"","overlay-color":"","overlay-opacity":"","overlay-gradient":""},"tablet":{"background-color":"","background-image":"","background-repeat":"repeat","background-position":"center center","background-size":"auto","background-attachment":"scroll","background-type":"","background-media":"","overlay-type":"","overlay-color":"","overlay-opacity":"","overlay-gradient":""},"mobile":{"background-color":"","background-image":"","background-repeat":"repeat","background-position":"center center","background-size":"auto","background-attachment":"scroll","background-type":"","background-media":"","overlay-type":"","overlay-color":"","overlay-opacity":"","overlay-gradient":""}},"ast-content-background-meta":{"desktop":{"background-color":"var(--ast-global-color-5)","background-image":"","background-repeat":"repeat","background-position":"center center","background-size":"auto","background-attachment":"scroll","background-type":"","background-media":"","overlay-type":"","overlay-color":"","overlay-opacity":"","overlay-gradient":""},"tablet":{"background-color":"var(--ast-global-color-5)","background-image":"","background-repeat":"repeat","background-position":"center center","background-size":"auto","background-attachment":"scroll","background-type":"","background-media":"","overlay-type":"","overlay-color":"","overlay-opacity":"","overlay-gradient":""},"mobile":{"background-color":"var(--ast-global-color-5)","background-image":"","background-repeat":"repeat","background-position":"center center","background-size":"auto","background-attachment":"scroll","background-type":"","background-media":"","overlay-type":"","overlay-color":"","overlay-opacity":"","overlay-gradient":""}}},"product_brand":[],"product_cat":[220,207],"product_tag":[],"class_list":{"0":"post-13335","1":"product","2":"type-product","3":"status-publish","4":"has-post-thumbnail","6":"product_cat-huoneenraikastinpohja-ja-puikot","7":"product_cat-huonetuoksun-valmistaminen","8":"desktop-align-left","9":"tablet-align-left","10":"mobile-align-left","11":"ast-product-gallery-layout-horizontal","12":"ast-product-single-variable","13":"ast-product-tabs-layout-horizontal","15":"first","16":"instock","17":"taxable","18":"shipping-taxable","19":"purchasable","20":"product-type-variable","21":"has-default-attributes"},"_links":{"self":[{"href":"https:\/\/nordicdiy.ee\/fi\/wp-json\/wp\/v2\/product\/13335","targetHints":{"allow":["GET"]}}],"collection":[{"href":"https:\/\/nordicdiy.ee\/fi\/wp-json\/wp\/v2\/product"}],"about":[{"href":"https:\/\/nordicdiy.ee\/fi\/wp-json\/wp\/v2\/types\/product"}],"wp:featuredmedia":[{"embeddable":true,"href":"https:\/\/nordicdiy.ee\/fi\/wp-json\/wp\/v2\/media\/28573"}],"wp:attachment":[{"href":"https:\/\/nordicdiy.ee\/fi\/wp-json\/wp\/v2\/media?parent=13335"}],"wp:term":[{"taxonomy":"product_brand","embeddable":true,"href":"https:\/\/nordicdiy.ee\/fi\/wp-json\/wp\/v2\/product_brand?post=13335"},{"taxonomy":"product_cat","embeddable":true,"href":"https:\/\/nordicdiy.ee\/fi\/wp-json\/wp\/v2\/product_cat?post=13335"},{"taxonomy":"product_tag","embeddable":true,"href":"https:\/\/nordicdiy.ee\/fi\/wp-json\/wp\/v2\/product_tag?post=13335"}],"curies":[{"name":"wp","href":"https:\/\/api.w.org\/{rel}","templated":true}]}}