{"id":13358,"date":"2024-09-13T15:15:29","date_gmt":"2024-09-13T12:15:29","guid":{"rendered":"https:\/\/nordicdiy.ee\/epood\/Ei-luokiteltu\/rypsioljyvaha-keragreen-container-kynttilan-lasi\/"},"modified":"2026-03-23T17:53:31","modified_gmt":"2026-03-23T14:53:31","slug":"rypsioljyvaha-keragreen-container-kynttilan-lasi","status":"publish","type":"product","link":"https:\/\/nordicdiy.ee\/fi\/epood\/kynttiloiden-valmistus-fi\/kynttilavahat-2\/rypsioljyvaha-keragreen-container-kynttilan-lasi\/","title":{"rendered":"Rypsi\u00f6ljyvaha Keragreen Container kynttil\u00e4n lasi"},"content":{"rendered":"<p>Keragreen rypsi\u00f6ljyvaha lasikynttil\u00f6ihin on ymp\u00e4rist\u00f6yst\u00e4v\u00e4llinen valinta. Keragreen rypsi\u00f6ljyvaha on per\u00e4isin kasveista, jotka kasvavat takaisin ja hajoavat luonnollisesti. Vaha palaa puhtaasti ja on v\u00e4hemm\u00e4n savuista ja nokista. Vaha valmistetaan p\u00e4\u00e4asiassa Ranskassa ja sen ymp\u00e4rist\u00f6ss\u00e4 kasvatetusta rapsista.   <\/p>\n<p>K\u00e4ytt\u00e4m\u00e4ll\u00e4 Keragreenin rypsi\u00f6ljyvahaa kynttil\u00f6iden valmistuksessa saavutetaan t\u00e4ydellinen viimeistely, maksimaalinen tarttuvuus lasiin ja eritt\u00e4in valkoinen v\u00e4ri, mik\u00e4 on arvostettu ominaisuus. Vahaa on helppo k\u00e4sitell\u00e4, sen pinta on sile\u00e4, tuoksu on neutraali ja se palaa pitk\u00e4\u00e4n. Soveltuu elintarvikek\u00e4ytt\u00f6\u00f6n. 100 % vegaaniyst\u00e4v\u00e4llinen. GMO-vapaa.    <\/p>\n<p>Vaha alkaa kovettua 32-42 \u00b0C:n l\u00e4mp\u00f6tilassa. Vaha sulaa 48-52 \u00b0C:ssa, ja sulamispiste on enint\u00e4\u00e4n 85-90 \u00b0C. Vahan hajustepitoisuus on 5 - 8 %, enint\u00e4\u00e4n 10 %. Suositeltu l\u00e4mp\u00f6tila hajuste\u00f6ljyn lis\u00e4\u00e4miselle ei saisi olla alle 70 \u00b0C. Suositeltava l\u00e4mp\u00f6tila v\u00e4rijauheen lis\u00e4\u00e4miselle on 75 \u00b0C, nestem\u00e4isen v\u00e4riaineen ja v\u00e4rijauheen lis\u00e4\u00e4miselle 70 \u00b0C. Suositeltava kaatol\u00e4mp\u00f6tila on 65 \u00b0C. Suuremmat kynttil\u00e4t saattavat vaatia toisen kaadon. Kynttil\u00e4 suositellaan poltettavaksi aikaisintaan 48 tunnin kuluttua kaatamisesta.       <\/p>\n","protected":false},"excerpt":{"rendered":"<p>Keragreen rypsi\u00f6ljyvaha on ymp\u00e4rist\u00f6yst\u00e4v\u00e4llinen valinta lasikynttil\u00f6iden valmistukseen, sill\u00e4 se on per\u00e4isin kasveista, jotka kasvavat takaisin ja hajoavat luonnollisesti. T\u00e4m\u00e4 puhtaasti palava, savuton ja noketon vaha antaa erinomaisen pinnan ja tartunnan lasiin. Valmistettu Ranskassa, GMO-vapaa ja vegaaniyst\u00e4v\u00e4llinen. Tuoksupitoisuus 5-8 %, enint\u00e4\u00e4n 50-80 g\/ml 1 kg:ssa vahaa.   <\/p>\n","protected":false},"featured_media":5771,"template":"","meta":{"site-sidebar-layout":"default","site-content-layout":"","ast-site-content-layout":"default","site-content-style":"default","site-sidebar-style":"default","ast-global-header-display":"","ast-banner-title-visibility":"","ast-main-header-display":"","ast-hfb-above-header-display":"","ast-hfb-below-header-display":"","ast-hfb-mobile-header-display":"","site-post-title":"","ast-breadcrumbs-content":"","ast-featured-img":"","footer-sml-layout":"","ast-disable-related-posts":"","theme-transparent-header-meta":"default","adv-header-id-meta":"","stick-header-meta":"default","header-above-stick-meta":"","header-main-stick-meta":"","header-below-stick-meta":"","astra-migrate-meta-layouts":"default","ast-page-background-enabled":"default","ast-page-background-meta":{"desktop":{"background-color":"","background-image":"","background-repeat":"repeat","background-position":"center center","background-size":"auto","background-attachment":"scroll","background-type":"","background-media":"","overlay-type":"","overlay-color":"","overlay-opacity":"","overlay-gradient":""},"tablet":{"background-color":"","background-image":"","background-repeat":"repeat","background-position":"center center","background-size":"auto","background-attachment":"scroll","background-type":"","background-media":"","overlay-type":"","overlay-color":"","overlay-opacity":"","overlay-gradient":""},"mobile":{"background-color":"","background-image":"","background-repeat":"repeat","background-position":"center center","background-size":"auto","background-attachment":"scroll","background-type":"","background-media":"","overlay-type":"","overlay-color":"","overlay-opacity":"","overlay-gradient":""}},"ast-content-background-meta":{"desktop":{"background-color":"var(--ast-global-color-5)","background-image":"","background-repeat":"repeat","background-position":"center center","background-size":"auto","background-attachment":"scroll","background-type":"","background-media":"","overlay-type":"","overlay-color":"","overlay-opacity":"","overlay-gradient":""},"tablet":{"background-color":"var(--ast-global-color-5)","background-image":"","background-repeat":"repeat","background-position":"center center","background-size":"auto","background-attachment":"scroll","background-type":"","background-media":"","overlay-type":"","overlay-color":"","overlay-opacity":"","overlay-gradient":""},"mobile":{"background-color":"var(--ast-global-color-5)","background-image":"","background-repeat":"repeat","background-position":"center center","background-size":"auto","background-attachment":"scroll","background-type":"","background-media":"","overlay-type":"","overlay-color":"","overlay-opacity":"","overlay-gradient":""}}},"product_brand":[],"product_cat":[160,158],"product_tag":[],"class_list":{"0":"post-13358","1":"product","2":"type-product","3":"status-publish","4":"has-post-thumbnail","6":"product_cat-kynttilavahat-2","7":"product_cat-kynttiloiden-valmistus-fi","8":"desktop-align-left","9":"tablet-align-left","10":"mobile-align-left","11":"ast-product-gallery-layout-horizontal","12":"ast-product-single-variable","13":"ast-product-tabs-layout-horizontal","15":"first","16":"instock","17":"taxable","18":"shipping-taxable","19":"purchasable","20":"product-type-variable"},"_links":{"self":[{"href":"https:\/\/nordicdiy.ee\/fi\/wp-json\/wp\/v2\/product\/13358","targetHints":{"allow":["GET"]}}],"collection":[{"href":"https:\/\/nordicdiy.ee\/fi\/wp-json\/wp\/v2\/product"}],"about":[{"href":"https:\/\/nordicdiy.ee\/fi\/wp-json\/wp\/v2\/types\/product"}],"wp:featuredmedia":[{"embeddable":true,"href":"https:\/\/nordicdiy.ee\/fi\/wp-json\/wp\/v2\/media\/5771"}],"wp:attachment":[{"href":"https:\/\/nordicdiy.ee\/fi\/wp-json\/wp\/v2\/media?parent=13358"}],"wp:term":[{"taxonomy":"product_brand","embeddable":true,"href":"https:\/\/nordicdiy.ee\/fi\/wp-json\/wp\/v2\/product_brand?post=13358"},{"taxonomy":"product_cat","embeddable":true,"href":"https:\/\/nordicdiy.ee\/fi\/wp-json\/wp\/v2\/product_cat?post=13358"},{"taxonomy":"product_tag","embeddable":true,"href":"https:\/\/nordicdiy.ee\/fi\/wp-json\/wp\/v2\/product_tag?post=13358"}],"curies":[{"name":"wp","href":"https:\/\/api.w.org\/{rel}","templated":true}]}}