{"id":13393,"date":"2025-02-13T15:11:11","date_gmt":"2025-02-13T12:11:11","guid":{"rendered":"https:\/\/nordicdiy.ee\/epood\/Ei-luokiteltu\/saippuavaha-cargill-nature-wax-c-3-kynttilalasiin-tarkoitettu-saippuavaha-cargill-nature-wax-c-3\/"},"modified":"2026-04-05T02:17:08","modified_gmt":"2026-04-04T23:17:08","slug":"saippuavaha-cargill-nature-wax-c-3-kynttilalasiin-tarkoitettu-saippuavaha-cargill-nature-wax-c-3","status":"publish","type":"product","link":"https:\/\/nordicdiy.ee\/fi\/epood\/kynttiloiden-valmistus-fi\/kynttilavahat-2\/saippuavaha-cargill-nature-wax-c-3-kynttilalasiin-tarkoitettu-saippuavaha-cargill-nature-wax-c-3\/","title":{"rendered":"Soijavaha Cargill Nature Wax C-3 kynttil\u00e4lasit"},"content":{"rendered":"<p>Nature Wax C-3 on 100-prosenttinen soijavaha, joka sopii erinomaisesti lasikynttil\u00f6iden tai hajuvahojen valmistukseen. Soijavahakynttil\u00e4t palavat puhtaammin ja pidemp\u00e4\u00e4n kuin perinteiset parafiinikynttil\u00e4t, eiv\u00e4tk\u00e4 ne aiheuta nokip\u00e4\u00e4st\u00f6j\u00e4, jotka voivat olla haitallisia sek\u00e4 terveydelle ett\u00e4 ymp\u00e4rist\u00f6lle. Vaha palaa eritt\u00e4in puhtaasti ja kutistuu my\u00f6s hyvin v\u00e4h\u00e4n ja on v\u00e4rilt\u00e4\u00e4n kermanvalkoista.  <\/p>\n<p>Vaha on suunniteltu erityisesti sekoitettavaksi sek\u00e4 hajuste\u00f6ljyjen ett\u00e4 eteeristen \u00f6ljyjen kanssa. V\u00e4riaineiden k\u00e4ytt\u00f6 voi aiheuttaa \"huurtumista\", joten testaa kynttil\u00f6iss\u00e4si etuk\u00e4teen v\u00e4rin m\u00e4\u00e4r\u00e4. Nature Wax C-3 -vahalla valmistetuissa kynttil\u00f6iss\u00e4 on pehme\u00e4n kermainen ulkon\u00e4k\u00f6. Vahan enimm\u00e4istuoksukuorma on noin 5-10 %.    <\/p>\n<p>Sulamispiste: sulaa yleens\u00e4 51 \u00b0C:n ja 55 \u00b0C:n v\u00e4lill\u00e4. Valamisl\u00e4mp\u00f6tila 50-70 \u00b0C. Jos haluat testata vahan palamista, kynttil\u00e4n on annettava seist\u00e4 2 p\u00e4iv\u00e4\u00e4 huoneenl\u00e4mm\u00f6ss\u00e4. Nature Wax C-3:n tarttuvuutta astioihin voidaan parantaa esil\u00e4mmitt\u00e4m\u00e4ll\u00e4 astioita. Valmistettu Euroopassa, vegaaniyst\u00e4v\u00e4llinen koostumus. Vegaaniyst\u00e4v\u00e4llinen koostumus tarkoittaa, ett\u00e4 se ei sis\u00e4ll\u00e4 mit\u00e4\u00e4n el\u00e4inper\u00e4isi\u00e4 ainesosia.     <\/p>\n","protected":false},"excerpt":{"rendered":"<p>Nature Wax C-3 on 100-prosenttista soijavahaa, joka sopii erinomaisesti lasikynttil\u00f6iden ja teevalaisimien valmistukseen. T\u00e4m\u00e4 kermaisen valkoinen vaha palaa puhtaasti, kutistuu v\u00e4h\u00e4n ja sopii erinomaisesti sekoitettavaksi tuoksu\u00f6ljyjen kanssa. Sulamispiste on 51-55\u00b0C ja valumispiste 50-70\u00b0C. Hajukuorma on enint\u00e4\u00e4n 5-10 %. Vegaaniyst\u00e4v\u00e4llinen ja valmistettu Euroopassa.    <\/p>\n","protected":false},"featured_media":23228,"template":"","meta":{"site-sidebar-layout":"default","site-content-layout":"","ast-site-content-layout":"default","site-content-style":"default","site-sidebar-style":"default","ast-global-header-display":"","ast-banner-title-visibility":"","ast-main-header-display":"","ast-hfb-above-header-display":"","ast-hfb-below-header-display":"","ast-hfb-mobile-header-display":"","site-post-title":"","ast-breadcrumbs-content":"","ast-featured-img":"","footer-sml-layout":"","ast-disable-related-posts":"","theme-transparent-header-meta":"default","adv-header-id-meta":"","stick-header-meta":"default","header-above-stick-meta":"","header-main-stick-meta":"","header-below-stick-meta":"","astra-migrate-meta-layouts":"default","ast-page-background-enabled":"default","ast-page-background-meta":{"desktop":{"background-color":"","background-image":"","background-repeat":"repeat","background-position":"center center","background-size":"auto","background-attachment":"scroll","background-type":"","background-media":"","overlay-type":"","overlay-color":"","overlay-opacity":"","overlay-gradient":""},"tablet":{"background-color":"","background-image":"","background-repeat":"repeat","background-position":"center center","background-size":"auto","background-attachment":"scroll","background-type":"","background-media":"","overlay-type":"","overlay-color":"","overlay-opacity":"","overlay-gradient":""},"mobile":{"background-color":"","background-image":"","background-repeat":"repeat","background-position":"center center","background-size":"auto","background-attachment":"scroll","background-type":"","background-media":"","overlay-type":"","overlay-color":"","overlay-opacity":"","overlay-gradient":""}},"ast-content-background-meta":{"desktop":{"background-color":"var(--ast-global-color-5)","background-image":"","background-repeat":"repeat","background-position":"center center","background-size":"auto","background-attachment":"scroll","background-type":"","background-media":"","overlay-type":"","overlay-color":"","overlay-opacity":"","overlay-gradient":""},"tablet":{"background-color":"var(--ast-global-color-5)","background-image":"","background-repeat":"repeat","background-position":"center center","background-size":"auto","background-attachment":"scroll","background-type":"","background-media":"","overlay-type":"","overlay-color":"","overlay-opacity":"","overlay-gradient":""},"mobile":{"background-color":"var(--ast-global-color-5)","background-image":"","background-repeat":"repeat","background-position":"center center","background-size":"auto","background-attachment":"scroll","background-type":"","background-media":"","overlay-type":"","overlay-color":"","overlay-opacity":"","overlay-gradient":""}}},"product_brand":[],"product_cat":[417,160,158],"product_tag":[],"class_list":{"0":"post-13393","1":"product","2":"type-product","3":"status-publish","4":"has-post-thumbnail","6":"product_cat-erikoistarjoukset","7":"product_cat-kynttilavahat-2","8":"product_cat-kynttiloiden-valmistus-fi","9":"desktop-align-left","10":"tablet-align-left","11":"mobile-align-left","12":"ast-product-gallery-layout-horizontal","13":"ast-product-single-variable","14":"ast-product-tabs-layout-horizontal","16":"first","17":"instock","18":"sale","19":"taxable","20":"shipping-taxable","21":"purchasable","22":"product-type-variable"},"_links":{"self":[{"href":"https:\/\/nordicdiy.ee\/fi\/wp-json\/wp\/v2\/product\/13393","targetHints":{"allow":["GET"]}}],"collection":[{"href":"https:\/\/nordicdiy.ee\/fi\/wp-json\/wp\/v2\/product"}],"about":[{"href":"https:\/\/nordicdiy.ee\/fi\/wp-json\/wp\/v2\/types\/product"}],"wp:featuredmedia":[{"embeddable":true,"href":"https:\/\/nordicdiy.ee\/fi\/wp-json\/wp\/v2\/media\/23228"}],"wp:attachment":[{"href":"https:\/\/nordicdiy.ee\/fi\/wp-json\/wp\/v2\/media?parent=13393"}],"wp:term":[{"taxonomy":"product_brand","embeddable":true,"href":"https:\/\/nordicdiy.ee\/fi\/wp-json\/wp\/v2\/product_brand?post=13393"},{"taxonomy":"product_cat","embeddable":true,"href":"https:\/\/nordicdiy.ee\/fi\/wp-json\/wp\/v2\/product_cat?post=13393"},{"taxonomy":"product_tag","embeddable":true,"href":"https:\/\/nordicdiy.ee\/fi\/wp-json\/wp\/v2\/product_tag?post=13393"}],"curies":[{"name":"wp","href":"https:\/\/api.w.org\/{rel}","templated":true}]}}