{"id":13403,"date":"2024-09-13T14:59:29","date_gmt":"2024-09-13T11:59:29","guid":{"rendered":"https:\/\/nordicdiy.ee\/epood\/Ei-luokiteltu\/saippuavaha-kerax-kerasoy-sailio-4130-kynttilan-lasille\/"},"modified":"2026-03-15T12:08:43","modified_gmt":"2026-03-15T09:08:43","slug":"saippuavaha-kerax-kerasoy-sailio-4130-kynttilan-lasille","status":"publish","type":"product","link":"https:\/\/nordicdiy.ee\/fi\/epood\/kynttiloiden-valmistus-fi\/kynttilavahat-2\/saippuavaha-kerax-kerasoy-sailio-4130-kynttilan-lasille\/","title":{"rendered":"Soijavaha Kerax Kerasoy S\u00e4ili\u00f6 4130 kynttil\u00e4n lasille"},"content":{"rendered":"<p>Kerasoy Container 4130 Candle Wax on luonnollinen kasvivaha kynttil\u00f6ihin ja hajuvahoihin. T\u00e4ll\u00e4 saippuavahalla on erinomaiset kovettumisominaisuudet. Se levi\u00e4\u00e4 tasaisesti lasiastiaan ja on eritt\u00e4in helppo kaataa.  <\/p>\n<p>Kerasoy-saippuavahan kanssa ei tarvitse sekoittaa muita lis\u00e4aineita, lis\u00e4\u00e4 vain hajuste\u00f6ljy tai kynsilakat. Tuotetta ei ole testattu el\u00e4imill\u00e4 ja se on GMO-vapaa. Koska geneettisesti muunnetut soijaviljelm\u00e4t ovat yleistyneet markkinoilla, valmistaja ei voi taata, ettei tuote sis\u00e4ll\u00e4 j\u00e4lki\u00e4 GMO:ista, mutta pyrkii k\u00e4ytt\u00e4m\u00e4\u00e4n vain GMO-vapaita raaka-aineita. Tuotettu Englannissa. Soijavahakynttil\u00e4t palavat puhtaammin ja pidemp\u00e4\u00e4n kuin perinteiset parafiinikynttil\u00e4t, eiv\u00e4tk\u00e4 ne aiheuta nokip\u00e4\u00e4st\u00f6j\u00e4, jotka voivat olla haitallisia sek\u00e4 terveydelle ett\u00e4 ymp\u00e4rist\u00f6lle.    <\/p>\n<p>Saippuavaha Container 4130:n ylikuumentaminen ei ole suositeltavaa, koska se johtaa parhaiden fysikaalisten ja kemiallisten ominaisuuksien menett\u00e4miseen (kuumentamisl\u00e4mp\u00f6tila enint\u00e4\u00e4n 85 \u00b0C). Kynttil\u00e4n laatu ja tehokkuus s\u00e4ilyv\u00e4t ennallaan, mutta ylikuumeneminen voi vaikuttaa kynttil\u00e4n esteettiseen ulkon\u00e4k\u00f6\u00f6n ja kynttil\u00e4n pintaan voi synty\u00e4 halkeamia. Sulamisl\u00e4mp\u00f6tila on v\u00e4lill\u00e4 45,5 \u00b0C (42 \u00b0C ja 48 \u00b0C). Syttymisl\u00e4mp\u00f6tila on 34 \u00b0C:n ja 42 \u00b0C:n (34\u00b0F ja 42\u00b0F) v\u00e4lill\u00e4. Suosittelemme jauhev\u00e4rien lis\u00e4\u00e4mist\u00e4 75 \u00b0C:n l\u00e4mp\u00f6tilassa, ja kun k\u00e4ytet\u00e4\u00e4n jauhev\u00e4rej\u00e4 tuoksuissa, 70 \u00b0C:n l\u00e4mp\u00f6tilassa. Tuoksu\u00f6ljyj\u00e4 voidaan sekoittaa 70 \u00b0C:ssa. Kun k\u00e4yt\u00e4t tuoksu\u00f6ljy\u00e4, noudata valmistajan m\u00e4\u00e4r\u00e4llisi\u00e4 suosituksia. Tuoksu\u00f6ljyj\u00e4 voidaan lis\u00e4t\u00e4 10-12 %:iin asti. Kaada kynttil\u00e4t astioihin 45-55 \u00b0C:n l\u00e4mp\u00f6tilassa. Anna valmiiden kynttil\u00f6iden j\u00e4hmetty\u00e4 kokonaan huoneenl\u00e4mm\u00f6ss\u00e4 25\u00b0C. Kokeile eri vahav\u00e4rej\u00e4, tuoksuja ja syd\u00e4nlankaa t\u00e4ydellisen kynttil\u00e4n luomiseksi.          <\/p>\n","protected":false},"excerpt":{"rendered":"<p>Kerasoy Container 4130 on kynttil\u00f6iden valmistukseen tarkoitettu luonnollinen soijavaha, jolla on erinomaiset kovettumisominaisuudet ja tasainen jakautuminen lasiastiassa. Vaha ei vaadi mit\u00e4\u00e4n lis\u00e4aineita, ainoastaan tuoksu\u00f6ljyn tai v\u00e4rin lis\u00e4\u00e4misen. Non-GMO eik\u00e4 sit\u00e4 ole testattu el\u00e4imill\u00e4. Tuoksu\u00f6ljyj\u00e4 voidaan lis\u00e4t\u00e4 10-12 %.   <\/p>\n","protected":false},"featured_media":23218,"template":"","meta":{"site-sidebar-layout":"default","site-content-layout":"","ast-site-content-layout":"default","site-content-style":"default","site-sidebar-style":"default","ast-global-header-display":"","ast-banner-title-visibility":"","ast-main-header-display":"","ast-hfb-above-header-display":"","ast-hfb-below-header-display":"","ast-hfb-mobile-header-display":"","site-post-title":"","ast-breadcrumbs-content":"","ast-featured-img":"","footer-sml-layout":"","ast-disable-related-posts":"","theme-transparent-header-meta":"default","adv-header-id-meta":"","stick-header-meta":"default","header-above-stick-meta":"","header-main-stick-meta":"","header-below-stick-meta":"","astra-migrate-meta-layouts":"default","ast-page-background-enabled":"default","ast-page-background-meta":{"desktop":{"background-color":"","background-image":"","background-repeat":"repeat","background-position":"center center","background-size":"auto","background-attachment":"scroll","background-type":"","background-media":"","overlay-type":"","overlay-color":"","overlay-opacity":"","overlay-gradient":""},"tablet":{"background-color":"","background-image":"","background-repeat":"repeat","background-position":"center center","background-size":"auto","background-attachment":"scroll","background-type":"","background-media":"","overlay-type":"","overlay-color":"","overlay-opacity":"","overlay-gradient":""},"mobile":{"background-color":"","background-image":"","background-repeat":"repeat","background-position":"center center","background-size":"auto","background-attachment":"scroll","background-type":"","background-media":"","overlay-type":"","overlay-color":"","overlay-opacity":"","overlay-gradient":""}},"ast-content-background-meta":{"desktop":{"background-color":"var(--ast-global-color-5)","background-image":"","background-repeat":"repeat","background-position":"center center","background-size":"auto","background-attachment":"scroll","background-type":"","background-media":"","overlay-type":"","overlay-color":"","overlay-opacity":"","overlay-gradient":""},"tablet":{"background-color":"var(--ast-global-color-5)","background-image":"","background-repeat":"repeat","background-position":"center center","background-size":"auto","background-attachment":"scroll","background-type":"","background-media":"","overlay-type":"","overlay-color":"","overlay-opacity":"","overlay-gradient":""},"mobile":{"background-color":"var(--ast-global-color-5)","background-image":"","background-repeat":"repeat","background-position":"center center","background-size":"auto","background-attachment":"scroll","background-type":"","background-media":"","overlay-type":"","overlay-color":"","overlay-opacity":"","overlay-gradient":""}}},"product_brand":[],"product_cat":[160,158],"product_tag":[],"class_list":{"0":"post-13403","1":"product","2":"type-product","3":"status-publish","4":"has-post-thumbnail","6":"product_cat-kynttilavahat-2","7":"product_cat-kynttiloiden-valmistus-fi","8":"desktop-align-left","9":"tablet-align-left","10":"mobile-align-left","11":"ast-product-gallery-layout-horizontal","12":"ast-product-single-variable","13":"ast-product-tabs-layout-horizontal","15":"first","16":"instock","17":"taxable","18":"shipping-taxable","19":"purchasable","20":"product-type-variable"},"_links":{"self":[{"href":"https:\/\/nordicdiy.ee\/fi\/wp-json\/wp\/v2\/product\/13403","targetHints":{"allow":["GET"]}}],"collection":[{"href":"https:\/\/nordicdiy.ee\/fi\/wp-json\/wp\/v2\/product"}],"about":[{"href":"https:\/\/nordicdiy.ee\/fi\/wp-json\/wp\/v2\/types\/product"}],"wp:featuredmedia":[{"embeddable":true,"href":"https:\/\/nordicdiy.ee\/fi\/wp-json\/wp\/v2\/media\/23218"}],"wp:attachment":[{"href":"https:\/\/nordicdiy.ee\/fi\/wp-json\/wp\/v2\/media?parent=13403"}],"wp:term":[{"taxonomy":"product_brand","embeddable":true,"href":"https:\/\/nordicdiy.ee\/fi\/wp-json\/wp\/v2\/product_brand?post=13403"},{"taxonomy":"product_cat","embeddable":true,"href":"https:\/\/nordicdiy.ee\/fi\/wp-json\/wp\/v2\/product_cat?post=13403"},{"taxonomy":"product_tag","embeddable":true,"href":"https:\/\/nordicdiy.ee\/fi\/wp-json\/wp\/v2\/product_tag?post=13403"}],"curies":[{"name":"wp","href":"https:\/\/api.w.org\/{rel}","templated":true}]}}