{"id":13531,"date":"2024-09-24T18:36:48","date_gmt":"2024-09-24T15:36:48","guid":{"rendered":"https:\/\/nordicdiy.ee\/epood\/Ei-luokiteltu\/aromilamppu\/"},"modified":"2026-04-05T02:17:05","modified_gmt":"2026-04-04T23:17:05","slug":"aromilamppu","status":"publish","type":"product","link":"https:\/\/nordicdiy.ee\/fi\/epood\/kynttiloiden-valmistus-fi\/kynttilalasit-ja-kannet\/aromilamppu\/","title":{"rendered":"Aromilamppu"},"content":{"rendered":"<p>Tyylik\u00e4s <strong>keraaminen tuoksulamppu<\/strong> tuo herkk\u00e4\u00e4 valoa ja tunnelmallista tuoksua mihin tahansa huoneeseen. Sarjaan kuuluu erityinen keraaminen jalusta teelamppua varten, joka on ihanteellinen lampun sijoittamiseen ja turvalliseen k\u00e4ytt\u00f6\u00f6n. Saatavilla on kolme kaunista mallia, joissa herk\u00e4t keramiikat on koristeltu joko kukka- tai t\u00e4htikuvioilla. Jokainen malli on ainutlaatuinen ja tuo rauhoittavan ja kodikkaan tunnelman kotiisi. Tuoksulamppujen saatavuus riippuu saatavuudesta - valinta perustuu saatavilla olevaan varastoon.    <\/p>\n<p>Lis\u00e4ksi saatavilla on <strong><a href=\"https:\/\/nordicdiy.ee\/fi\/tuote-osasto\/kynttiloiden-valmistus-fi\/kynttilavahat-2\/\">vahoja<\/a> ja <a href=\"https:\/\/nordicdiy.ee\/fi\/tuote-osasto\/aromaoljyt\/\">tuoksu\u00f6ljyj\u00e4<\/a><\/strong>, joita voidaan k\u00e4ytt\u00e4\u00e4 suoraan tuoksulampussa tai joita voidaan yhdist\u00e4\u00e4 ainutlaatuisten tuoksuvahojen valmistamiseksi kotona. Nauti aromaterapian ihanuudesta ja t\u00e4yt\u00e4 kotisi rauhoittavalla tunnelmalla ja valitsemillasi tuoksuilla! <\/p>\n","protected":false},"excerpt":{"rendered":"<p>Tyylik\u00e4s <strong>keraaminen tuoksulamppu<\/strong> tuo herkk\u00e4\u00e4 valoa ja tunnelmallista tuoksua mihin tahansa huoneeseen. Sarjaan kuuluu erityinen keraaminen jalusta teelamppua varten, joka on ihanteellinen lampun sijoittamiseen ja turvalliseen k\u00e4ytt\u00f6\u00f6n. Saatavilla on kolme kaunista mallia, joissa herk\u00e4t keramiikat on koristeltu joko kukka- tai t\u00e4htikuvioilla. Jokainen malli on ainutlaatuinen ja tuo rauhoittavan ja kodikkaan tunnelman kotiisi. Tuoksulamppujen saatavuus riippuu saatavuudesta - valinta perustuu saatavilla olevaan varastoon.    <\/p>\n","protected":false},"featured_media":6856,"template":"","meta":{"site-sidebar-layout":"default","site-content-layout":"","ast-site-content-layout":"default","site-content-style":"default","site-sidebar-style":"default","ast-global-header-display":"","ast-banner-title-visibility":"","ast-main-header-display":"","ast-hfb-above-header-display":"","ast-hfb-below-header-display":"","ast-hfb-mobile-header-display":"","site-post-title":"","ast-breadcrumbs-content":"","ast-featured-img":"","footer-sml-layout":"","ast-disable-related-posts":"","theme-transparent-header-meta":"default","adv-header-id-meta":"","stick-header-meta":"default","header-above-stick-meta":"","header-main-stick-meta":"","header-below-stick-meta":"","astra-migrate-meta-layouts":"default","ast-page-background-enabled":"default","ast-page-background-meta":{"desktop":{"background-color":"","background-image":"","background-repeat":"repeat","background-position":"center center","background-size":"auto","background-attachment":"scroll","background-type":"","background-media":"","overlay-type":"","overlay-color":"","overlay-opacity":"","overlay-gradient":""},"tablet":{"background-color":"","background-image":"","background-repeat":"repeat","background-position":"center center","background-size":"auto","background-attachment":"scroll","background-type":"","background-media":"","overlay-type":"","overlay-color":"","overlay-opacity":"","overlay-gradient":""},"mobile":{"background-color":"","background-image":"","background-repeat":"repeat","background-position":"center center","background-size":"auto","background-attachment":"scroll","background-type":"","background-media":"","overlay-type":"","overlay-color":"","overlay-opacity":"","overlay-gradient":""}},"ast-content-background-meta":{"desktop":{"background-color":"var(--ast-global-color-5)","background-image":"","background-repeat":"repeat","background-position":"center center","background-size":"auto","background-attachment":"scroll","background-type":"","background-media":"","overlay-type":"","overlay-color":"","overlay-opacity":"","overlay-gradient":""},"tablet":{"background-color":"var(--ast-global-color-5)","background-image":"","background-repeat":"repeat","background-position":"center center","background-size":"auto","background-attachment":"scroll","background-type":"","background-media":"","overlay-type":"","overlay-color":"","overlay-opacity":"","overlay-gradient":""},"mobile":{"background-color":"var(--ast-global-color-5)","background-image":"","background-repeat":"repeat","background-position":"center center","background-size":"auto","background-attachment":"scroll","background-type":"","background-media":"","overlay-type":"","overlay-color":"","overlay-opacity":"","overlay-gradient":""}}},"product_brand":[],"product_cat":[163],"product_tag":[],"class_list":{"0":"post-13531","1":"product","2":"type-product","3":"status-publish","4":"has-post-thumbnail","6":"product_cat-kynttilalasit-ja-kannet","7":"desktop-align-left","8":"tablet-align-left","9":"mobile-align-left","10":"ast-product-gallery-layout-horizontal","11":"ast-product-tabs-layout-horizontal","13":"first","14":"instock","15":"taxable","16":"shipping-taxable","17":"purchasable","18":"product-type-simple"},"_links":{"self":[{"href":"https:\/\/nordicdiy.ee\/fi\/wp-json\/wp\/v2\/product\/13531","targetHints":{"allow":["GET"]}}],"collection":[{"href":"https:\/\/nordicdiy.ee\/fi\/wp-json\/wp\/v2\/product"}],"about":[{"href":"https:\/\/nordicdiy.ee\/fi\/wp-json\/wp\/v2\/types\/product"}],"wp:featuredmedia":[{"embeddable":true,"href":"https:\/\/nordicdiy.ee\/fi\/wp-json\/wp\/v2\/media\/6856"}],"wp:attachment":[{"href":"https:\/\/nordicdiy.ee\/fi\/wp-json\/wp\/v2\/media?parent=13531"}],"wp:term":[{"taxonomy":"product_brand","embeddable":true,"href":"https:\/\/nordicdiy.ee\/fi\/wp-json\/wp\/v2\/product_brand?post=13531"},{"taxonomy":"product_cat","embeddable":true,"href":"https:\/\/nordicdiy.ee\/fi\/wp-json\/wp\/v2\/product_cat?post=13531"},{"taxonomy":"product_tag","embeddable":true,"href":"https:\/\/nordicdiy.ee\/fi\/wp-json\/wp\/v2\/product_tag?post=13531"}],"curies":[{"name":"wp","href":"https:\/\/api.w.org\/{rel}","templated":true}]}}