{"id":13533,"date":"2024-11-07T08:02:54","date_gmt":"2024-11-07T05:02:54","guid":{"rendered":"https:\/\/nordicdiy.ee\/epood\/Ei-luokiteltu\/kodin-tuoksunvalmistuspakkaus\/"},"modified":"2025-10-07T15:56:05","modified_gmt":"2025-10-07T12:56:05","slug":"kodin-tuoksunvalmistuspakkaus","status":"publish","type":"product","link":"https:\/\/nordicdiy.ee\/fi\/epood\/diy-sarjat\/kodin-tuoksunvalmistuspakkaus\/","title":{"rendered":"Kodin tuoksunvalmistuspakkaus"},"content":{"rendered":"<p>Luo ihana ja ainutlaatuinen tuoksusekoitus kotiisi t\u00e4ll\u00e4 <strong>kotituoksusarjalla<\/strong>! Pakkaus sis\u00e4lt\u00e4\u00e4 kaiken, mit\u00e4 tarvitset kauniiden, laadukkaiden kotituoksujen valmistamiseen, jotka t\u00e4ytt\u00e4v\u00e4t huoneesi miellytt\u00e4v\u00e4ll\u00e4 ja rauhoittavalla tuoksulla. Se on <strong>t\u00e4ydellinen lahjaidea yst\u00e4v\u00e4np\u00e4iv\u00e4ksi, naistenp\u00e4iv\u00e4ksi tai syntym\u00e4p\u00e4iv\u00e4ksi<\/strong> sek\u00e4 luoville yst\u00e4ville ett\u00e4 niille, jotka rakastavat kotitekoisia kotituoksuja. <\/p>\n<p><strong>Setti sis\u00e4lt\u00e4\u00e4:<\/strong><\/p>\n<ul>\n<li><strong>3 x 100 ml:n kuviolliset kodintuoksupullot korkilla<\/strong> - tyylikk\u00e4\u00e4t ja kauniisti v\u00e4rj\u00e4tyt pullot, jotka tuovat tyylikk\u00e4\u00e4n korostuksen mihin tahansa sisustukseen.<\/li>\n<li><strong>Augeo perusneste (300 ml) - korkealaatuinen<\/strong> ja turvallinen perusneste, joka auttaa hajottamaan hajut tasaisesti koko huoneeseen.<\/li>\n<li><strong>Kuitutikut (3 sarjaa<\/strong> ) - valikoima erilaisia tikkuja, kuten <strong>mustia, valkoisia ja bambutikkuja<\/strong>, jotka takaavat paremman tuoksun levi\u00e4misen ja antavat sinulle mahdollisuuden valita kotisi tyyliin sopivan tikun.<\/li>\n<li><strong>3 tuoksu\u00f6ljy\u00e4 (20 ml):<\/strong>\n<ul>\n<li><strong>Z&#8217;ara Rose<\/strong> - herkk\u00e4 ja romanttinen ruusutuoksu, joka tuo huoneeseen raikkautta ja kukkaisia vivahteita.<\/li>\n<li><strong>Vanilla Cedar Lavender<\/strong> - l\u00e4mmin ja kodikas sekoitus vaniljaa, setri\u00e4 ja laventelia, joka luo rauhoittavan tunnelman.<\/li>\n<li><strong>Dio J&#8217;adore<\/strong> - ylellinen ja ainutlaatuinen tuoksu, joka tuo hienostuneen tuoksun kotiisi.<\/li>\n<\/ul>\n<\/li>\n<\/ul>\n<p>T\u00e4m\u00e4 setti on t\u00e4ydellinen valinta, jos haluat luoda oman kotituoksun tai tehd\u00e4 <strong>erityisen ja henkil\u00f6kohtaisen joululahjan.<\/strong> Anna kotisi tuoksua juuri sellaiselta kuin olet aina halunnut - ja anna sama kokemus l\u00e4heisillesi! <\/p>\n","protected":false},"excerpt":{"rendered":"<p>Kotituoksupakkaus sis\u00e4lt\u00e4\u00e4 kaiken, mit\u00e4 tarvitset valmistaa omia kauniita ja laadukkaita kotituoksuja, jotka t\u00e4ytt\u00e4v\u00e4t huoneet miellytt\u00e4v\u00e4ll\u00e4 ja rauhoittavalla tuoksulla. Se on t\u00e4ydellinen <g id=\"gid_0\">lahjaidea yst\u00e4v\u00e4np\u00e4iv\u00e4ksi, naistenp\u00e4iv\u00e4ksi tai syntym\u00e4p\u00e4iv\u00e4ksi sek\u00e4 luoville yst\u00e4ville ett\u00e4<\/g> niille, jotka rakastavat kotitekoisia kotituoksuja. Setti sis\u00e4lt\u00e4\u00e4: 3 kpl 100ml v\u00e4rillisi\u00e4 diffuusoripulloja, 300ml perusnestett\u00e4, 3 x 20ml tuoksu\u00f6ljy\u00e4: \"Z&#8217;ara Rose\" - herkk\u00e4 ruusu, \"Vanilla Cedar Lavender\" - vaniljainen ja puinen laventeli ja \"Dio J&#8217;adore\" - ylellinen sekoitus mandariinia, ruusua ja santelipuuta. Kaikki t\u00e4m\u00e4 on pakattu luonnonmukaiseen pahvilaatikkoon, joka on mukava antaa lahjaksi.   <\/p>\n","protected":false},"featured_media":6841,"template":"","meta":{"site-sidebar-layout":"default","site-content-layout":"","ast-site-content-layout":"default","site-content-style":"default","site-sidebar-style":"default","ast-global-header-display":"","ast-banner-title-visibility":"","ast-main-header-display":"","ast-hfb-above-header-display":"","ast-hfb-below-header-display":"","ast-hfb-mobile-header-display":"","site-post-title":"","ast-breadcrumbs-content":"","ast-featured-img":"","footer-sml-layout":"","ast-disable-related-posts":"","theme-transparent-header-meta":"default","adv-header-id-meta":"","stick-header-meta":"default","header-above-stick-meta":"","header-main-stick-meta":"","header-below-stick-meta":"","astra-migrate-meta-layouts":"default","ast-page-background-enabled":"default","ast-page-background-meta":{"desktop":{"background-color":"","background-image":"","background-repeat":"repeat","background-position":"center center","background-size":"auto","background-attachment":"scroll","background-type":"","background-media":"","overlay-type":"","overlay-color":"","overlay-opacity":"","overlay-gradient":""},"tablet":{"background-color":"","background-image":"","background-repeat":"repeat","background-position":"center center","background-size":"auto","background-attachment":"scroll","background-type":"","background-media":"","overlay-type":"","overlay-color":"","overlay-opacity":"","overlay-gradient":""},"mobile":{"background-color":"","background-image":"","background-repeat":"repeat","background-position":"center center","background-size":"auto","background-attachment":"scroll","background-type":"","background-media":"","overlay-type":"","overlay-color":"","overlay-opacity":"","overlay-gradient":""}},"ast-content-background-meta":{"desktop":{"background-color":"var(--ast-global-color-5)","background-image":"","background-repeat":"repeat","background-position":"center center","background-size":"auto","background-attachment":"scroll","background-type":"","background-media":"","overlay-type":"","overlay-color":"","overlay-opacity":"","overlay-gradient":""},"tablet":{"background-color":"var(--ast-global-color-5)","background-image":"","background-repeat":"repeat","background-position":"center center","background-size":"auto","background-attachment":"scroll","background-type":"","background-media":"","overlay-type":"","overlay-color":"","overlay-opacity":"","overlay-gradient":""},"mobile":{"background-color":"var(--ast-global-color-5)","background-image":"","background-repeat":"repeat","background-position":"center center","background-size":"auto","background-attachment":"scroll","background-type":"","background-media":"","overlay-type":"","overlay-color":"","overlay-opacity":"","overlay-gradient":""}}},"product_brand":[],"product_cat":[227],"product_tag":[],"class_list":{"0":"post-13533","1":"product","2":"type-product","3":"status-publish","4":"has-post-thumbnail","6":"product_cat-diy-sarjat","7":"desktop-align-left","8":"tablet-align-left","9":"mobile-align-left","10":"ast-product-gallery-layout-horizontal","11":"ast-product-tabs-layout-horizontal","13":"first","14":"instock","15":"taxable","16":"shipping-taxable","17":"purchasable","18":"product-type-simple"},"_links":{"self":[{"href":"https:\/\/nordicdiy.ee\/fi\/wp-json\/wp\/v2\/product\/13533","targetHints":{"allow":["GET"]}}],"collection":[{"href":"https:\/\/nordicdiy.ee\/fi\/wp-json\/wp\/v2\/product"}],"about":[{"href":"https:\/\/nordicdiy.ee\/fi\/wp-json\/wp\/v2\/types\/product"}],"wp:featuredmedia":[{"embeddable":true,"href":"https:\/\/nordicdiy.ee\/fi\/wp-json\/wp\/v2\/media\/6841"}],"wp:attachment":[{"href":"https:\/\/nordicdiy.ee\/fi\/wp-json\/wp\/v2\/media?parent=13533"}],"wp:term":[{"taxonomy":"product_brand","embeddable":true,"href":"https:\/\/nordicdiy.ee\/fi\/wp-json\/wp\/v2\/product_brand?post=13533"},{"taxonomy":"product_cat","embeddable":true,"href":"https:\/\/nordicdiy.ee\/fi\/wp-json\/wp\/v2\/product_cat?post=13533"},{"taxonomy":"product_tag","embeddable":true,"href":"https:\/\/nordicdiy.ee\/fi\/wp-json\/wp\/v2\/product_tag?post=13533"}],"curies":[{"name":"wp","href":"https:\/\/api.w.org\/{rel}","templated":true}]}}