{"id":13746,"date":"2024-09-24T16:23:50","date_gmt":"2024-09-24T13:23:50","guid":{"rendered":"https:\/\/nordicdiy.ee\/epood\/Ei-luokiteltu\/esileikattu-sydanlanka-wedo-iv-zn-5-h20cm\/"},"modified":"2026-03-15T13:25:35","modified_gmt":"2026-03-15T10:25:35","slug":"esileikattu-sydanlanka-wedo-iv-zn-5-h20cm","status":"publish","type":"product","link":"https:\/\/nordicdiy.ee\/fi\/epood\/kynttiloiden-valmistus-fi\/kynttilan-sydanlangat-ja-alustat\/esileikattu-sydanlanka-wedo-iv-zn-5-h20cm\/","title":{"rendered":"Esileikattu syd\u00e4nlanka Wedo IV ZN 5- h20cm"},"content":{"rendered":"<p>Esipinnoitettu Wedo Candle IV ZN5 on valmistettu luonnonmateriaaleista, ja se sopii erilaisten kynttil\u00f6iden, erityisesti parafiinikynttil\u00f6iden valmistukseen. Wedo-langat eiv\u00e4t sis\u00e4ll\u00e4 metalleja eiv\u00e4tk\u00e4 ne erit\u00e4 palamisen aikana myrkyllisi\u00e4 aineita, mik\u00e4 takaa puhtaan ja tasaisen palamisen. Kynttil\u00e4n syd\u00e4nlanka on valmiiksi valkaistu, leikattu 20 cm:n pituiseksi ja varustettu 1,5 cm:n metallijalalla. Sopii enint\u00e4\u00e4n 10 cm leveisiin astioihin.   <\/p>\n<p>Parafiinit\u00e4ytteiset lasi- ja muovitavarat: kynttil\u00e4nvarret sopivat hyvin kynttil\u00f6ihin, jotka kaadetaan lasi- tai muovis\u00e4ili\u00f6ihin, joissa parafiini on kynttil\u00e4n p\u00e4\u00e4vaha. Lasi- ja muoviastiat auttavat kynttil\u00e4\u00e4 palamaan turvallisesti ja tasaisesti, kun taas syd\u00e4nlanka on mukautettu varmistamaan tasainen palaminen. <\/p>\n<p>Parafiinin ja rasvan seos: pastat on suunniteltu toimimaan seoksissa, joissa k\u00e4ytet\u00e4\u00e4n sek\u00e4 parafiinia ett\u00e4 kasvi- tai el\u00e4inrasvoja. T\u00e4llaiset seokset ovat yleisi\u00e4 kynttil\u00f6iden valmistuksessa, koska ne antavat kynttil\u00f6ille erilaisen rakenteen ja palamisominaisuudet. <\/p>\n<p>Kynttil\u00e4n sis\u00e4kkeet: Kynttil\u00e4nvanuja voidaan k\u00e4ytt\u00e4\u00e4 my\u00f6s kynttil\u00e4n sis\u00e4kkein\u00e4, esimerkiksi kynttil\u00f6it\u00e4 t\u00e4ytett\u00e4ess\u00e4 tai kynttil\u00e4n sis\u00e4kkein\u00e4. T\u00e4m\u00e4 tarkoittaa, ett\u00e4 n\u00e4it\u00e4 syd\u00e4nlankaa voidaan k\u00e4ytt\u00e4\u00e4 kynttil\u00f6iss\u00e4, joiden sis\u00e4lt\u00f6 (vahaseos) on sijoitettu muihin astioihin. <\/p>\n<p>Kynttil\u00f6it\u00e4 kannattaa testata ennen suuren m\u00e4\u00e4r\u00e4n valmistamista.<\/p>\n","protected":false},"excerpt":{"rendered":"<p>Valmiiksi lasitettu Wedo on valmistettu luonnonmateriaaleista, ja se soveltuu erinomaisesti erilaisten kynttil\u00f6iden, erityisesti parafiinikynttil\u00f6iden valmistukseen. Wedo-vahat eiv\u00e4t sis\u00e4ll\u00e4 metalleja eiv\u00e4tk\u00e4 ne erit\u00e4 palamisen aikana myrkyllisi\u00e4 aineita, mik\u00e4 takaa puhtaan ja tasaisen palamisen. Kynttil\u00e4n syd\u00e4nlanka on valmiiksi valkaistu, leikattu 20 cm:n pituiseksi ja varustettu 1,5 cm:n metallijalalla. Sopii enint\u00e4\u00e4n 10 cm leveisiin astioihin.   <\/p>\n","protected":false},"featured_media":7016,"template":"","meta":{"site-sidebar-layout":"default","site-content-layout":"","ast-site-content-layout":"default","site-content-style":"default","site-sidebar-style":"default","ast-global-header-display":"","ast-banner-title-visibility":"","ast-main-header-display":"","ast-hfb-above-header-display":"","ast-hfb-below-header-display":"","ast-hfb-mobile-header-display":"","site-post-title":"","ast-breadcrumbs-content":"","ast-featured-img":"","footer-sml-layout":"","ast-disable-related-posts":"","theme-transparent-header-meta":"default","adv-header-id-meta":"","stick-header-meta":"default","header-above-stick-meta":"","header-main-stick-meta":"","header-below-stick-meta":"","astra-migrate-meta-layouts":"default","ast-page-background-enabled":"default","ast-page-background-meta":{"desktop":{"background-color":"","background-image":"","background-repeat":"repeat","background-position":"center center","background-size":"auto","background-attachment":"scroll","background-type":"","background-media":"","overlay-type":"","overlay-color":"","overlay-opacity":"","overlay-gradient":""},"tablet":{"background-color":"","background-image":"","background-repeat":"repeat","background-position":"center center","background-size":"auto","background-attachment":"scroll","background-type":"","background-media":"","overlay-type":"","overlay-color":"","overlay-opacity":"","overlay-gradient":""},"mobile":{"background-color":"","background-image":"","background-repeat":"repeat","background-position":"center center","background-size":"auto","background-attachment":"scroll","background-type":"","background-media":"","overlay-type":"","overlay-color":"","overlay-opacity":"","overlay-gradient":""}},"ast-content-background-meta":{"desktop":{"background-color":"var(--ast-global-color-5)","background-image":"","background-repeat":"repeat","background-position":"center center","background-size":"auto","background-attachment":"scroll","background-type":"","background-media":"","overlay-type":"","overlay-color":"","overlay-opacity":"","overlay-gradient":""},"tablet":{"background-color":"var(--ast-global-color-5)","background-image":"","background-repeat":"repeat","background-position":"center center","background-size":"auto","background-attachment":"scroll","background-type":"","background-media":"","overlay-type":"","overlay-color":"","overlay-opacity":"","overlay-gradient":""},"mobile":{"background-color":"var(--ast-global-color-5)","background-image":"","background-repeat":"repeat","background-position":"center center","background-size":"auto","background-attachment":"scroll","background-type":"","background-media":"","overlay-type":"","overlay-color":"","overlay-opacity":"","overlay-gradient":""}}},"product_brand":[],"product_cat":[200,158],"product_tag":[],"class_list":{"0":"post-13746","1":"product","2":"type-product","3":"status-publish","4":"has-post-thumbnail","6":"product_cat-kynttilan-sydanlangat-ja-alustat","7":"product_cat-kynttiloiden-valmistus-fi","8":"desktop-align-left","9":"tablet-align-left","10":"mobile-align-left","11":"ast-product-gallery-layout-horizontal","12":"ast-product-gallery-with-no-image","13":"ast-product-single-variable","14":"ast-product-tabs-layout-horizontal","16":"first","17":"instock","18":"taxable","19":"shipping-taxable","20":"purchasable","21":"product-type-variable"},"_links":{"self":[{"href":"https:\/\/nordicdiy.ee\/fi\/wp-json\/wp\/v2\/product\/13746","targetHints":{"allow":["GET"]}}],"collection":[{"href":"https:\/\/nordicdiy.ee\/fi\/wp-json\/wp\/v2\/product"}],"about":[{"href":"https:\/\/nordicdiy.ee\/fi\/wp-json\/wp\/v2\/types\/product"}],"wp:featuredmedia":[{"embeddable":true,"href":"https:\/\/nordicdiy.ee\/fi\/wp-json\/wp\/v2\/media\/7016"}],"wp:attachment":[{"href":"https:\/\/nordicdiy.ee\/fi\/wp-json\/wp\/v2\/media?parent=13746"}],"wp:term":[{"taxonomy":"product_brand","embeddable":true,"href":"https:\/\/nordicdiy.ee\/fi\/wp-json\/wp\/v2\/product_brand?post=13746"},{"taxonomy":"product_cat","embeddable":true,"href":"https:\/\/nordicdiy.ee\/fi\/wp-json\/wp\/v2\/product_cat?post=13746"},{"taxonomy":"product_tag","embeddable":true,"href":"https:\/\/nordicdiy.ee\/fi\/wp-json\/wp\/v2\/product_tag?post=13746"}],"curies":[{"name":"wp","href":"https:\/\/api.w.org\/{rel}","templated":true}]}}