{"id":13918,"date":"2024-09-20T10:10:27","date_gmt":"2024-09-20T07:10:27","guid":{"rendered":"https:\/\/nordicdiy.ee\/epood\/Ei-luokiteltu\/kodin-hajuvesipullo-korkilla-pyorea-50ml\/"},"modified":"2026-01-06T12:41:31","modified_gmt":"2026-01-06T09:41:31","slug":"kodin-hajuvesipullo-korkilla-pyorea-50ml","status":"publish","type":"product","link":"https:\/\/nordicdiy.ee\/fi\/epood\/huonetuoksun-valmistaminen\/huoneenraikastinpullot\/kodin-hajuvesipullo-korkilla-pyorea-50ml\/","title":{"rendered":"Kodin hajuvesipullo korkilla, py\u00f6re\u00e4 50ml"},"content":{"rendered":"<p>Tutustu pohjoismaiseen tyylikk\u00e4\u00e4seen DIY-tuoksupulloon! T\u00e4m\u00e4n pullon muotoilu on t\u00e4ydellinen valinta lis\u00e4\u00e4m\u00e4\u00e4n tyyli\u00e4 ja toiminnallisuutta huonetuoksuusi. Pullon mukana toimitetaan korkki kolmessa eri v\u00e4riss\u00e4: kulta, hopea ja ruusukulta, jotka sopivat mihin tahansa sisustukseen.  <\/p>\n<p><strong>Miten tehd\u00e4 kotituoksu?  <\/strong><\/p>\n<p>Se on yksinkertainen ja hauska prosessi! Valitse 50 ml:n pullo ja lis\u00e4\u00e4 10 ml UFI Green -tuoksu\u00f6ljy\u00e4, joka tunnetaan korkeasta laadusta ja turvallisuudesta. Lis\u00e4\u00e4 sitten 80 ml perusnestett\u00e4. Voit halutessasi lis\u00e4t\u00e4 my\u00f6s muutaman pisaran vesipohjaista v\u00e4ri\u00e4, jotta saat tuoksullesi haluamasi v\u00e4ris\u00e4vyn. Sekoita nesteet huolellisesti ja kaada ne pulloon.    <\/p>\n<p>Lis\u00e4\u00e4 pulloon lopuksi 5-8 kuitu- tai bambutikkua. N\u00e4m\u00e4 tikut imev\u00e4t nesteen itseens\u00e4 ja varmistavat tuoksun tasaisen ja pitk\u00e4kestoisen levi\u00e4misen. Nauti omasta kotituoksudiffuusoristasi, joka tuo tuoksua ja l\u00e4mp\u00f6\u00e4 huoneeseen.  <\/p>\n","protected":false},"excerpt":{"rendered":"<p>Tyylik\u00e4s kotituoksupullo, jonka tilavuus on 50 ml, on t\u00e4ydellinen valinta tuoksujen levitt\u00e4miseen. L\u00e4pin\u00e4kyv\u00e4 py\u00f6re\u00e4 muotoilu tuo tyylikk\u00e4\u00e4n ilmeen mihin tahansa huoneeseen. Sarjaan kuuluu korkki, jonka v\u00e4ri on valittavissa kolmesta eri v\u00e4rist\u00e4: kulta, hopea tai ruusukulta.  <\/p>\n","protected":false},"featured_media":6396,"template":"","meta":{"site-sidebar-layout":"default","site-content-layout":"","ast-site-content-layout":"default","site-content-style":"default","site-sidebar-style":"default","ast-global-header-display":"","ast-banner-title-visibility":"","ast-main-header-display":"","ast-hfb-above-header-display":"","ast-hfb-below-header-display":"","ast-hfb-mobile-header-display":"","site-post-title":"","ast-breadcrumbs-content":"","ast-featured-img":"","footer-sml-layout":"","ast-disable-related-posts":"","theme-transparent-header-meta":"default","adv-header-id-meta":"","stick-header-meta":"default","header-above-stick-meta":"","header-main-stick-meta":"","header-below-stick-meta":"","astra-migrate-meta-layouts":"default","ast-page-background-enabled":"default","ast-page-background-meta":{"desktop":{"background-color":"","background-image":"","background-repeat":"repeat","background-position":"center center","background-size":"auto","background-attachment":"scroll","background-type":"","background-media":"","overlay-type":"","overlay-color":"","overlay-opacity":"","overlay-gradient":""},"tablet":{"background-color":"","background-image":"","background-repeat":"repeat","background-position":"center center","background-size":"auto","background-attachment":"scroll","background-type":"","background-media":"","overlay-type":"","overlay-color":"","overlay-opacity":"","overlay-gradient":""},"mobile":{"background-color":"","background-image":"","background-repeat":"repeat","background-position":"center center","background-size":"auto","background-attachment":"scroll","background-type":"","background-media":"","overlay-type":"","overlay-color":"","overlay-opacity":"","overlay-gradient":""}},"ast-content-background-meta":{"desktop":{"background-color":"var(--ast-global-color-5)","background-image":"","background-repeat":"repeat","background-position":"center center","background-size":"auto","background-attachment":"scroll","background-type":"","background-media":"","overlay-type":"","overlay-color":"","overlay-opacity":"","overlay-gradient":""},"tablet":{"background-color":"var(--ast-global-color-5)","background-image":"","background-repeat":"repeat","background-position":"center center","background-size":"auto","background-attachment":"scroll","background-type":"","background-media":"","overlay-type":"","overlay-color":"","overlay-opacity":"","overlay-gradient":""},"mobile":{"background-color":"var(--ast-global-color-5)","background-image":"","background-repeat":"repeat","background-position":"center center","background-size":"auto","background-attachment":"scroll","background-type":"","background-media":"","overlay-type":"","overlay-color":"","overlay-opacity":"","overlay-gradient":""}}},"product_brand":[],"product_cat":[417,240,207],"product_tag":[],"class_list":{"0":"post-13918","1":"product","2":"type-product","3":"status-publish","4":"has-post-thumbnail","6":"product_cat-erikoistarjoukset","7":"product_cat-huoneenraikastinpullot","8":"product_cat-huonetuoksun-valmistaminen","9":"desktop-align-left","10":"tablet-align-left","11":"mobile-align-left","12":"ast-product-gallery-layout-horizontal","13":"ast-product-gallery-with-no-image","14":"ast-product-single-variable","15":"ast-product-tabs-layout-horizontal","17":"first","18":"instock","19":"taxable","20":"shipping-taxable","21":"purchasable","22":"product-type-variable"},"_links":{"self":[{"href":"https:\/\/nordicdiy.ee\/fi\/wp-json\/wp\/v2\/product\/13918","targetHints":{"allow":["GET"]}}],"collection":[{"href":"https:\/\/nordicdiy.ee\/fi\/wp-json\/wp\/v2\/product"}],"about":[{"href":"https:\/\/nordicdiy.ee\/fi\/wp-json\/wp\/v2\/types\/product"}],"wp:featuredmedia":[{"embeddable":true,"href":"https:\/\/nordicdiy.ee\/fi\/wp-json\/wp\/v2\/media\/6396"}],"wp:attachment":[{"href":"https:\/\/nordicdiy.ee\/fi\/wp-json\/wp\/v2\/media?parent=13918"}],"wp:term":[{"taxonomy":"product_brand","embeddable":true,"href":"https:\/\/nordicdiy.ee\/fi\/wp-json\/wp\/v2\/product_brand?post=13918"},{"taxonomy":"product_cat","embeddable":true,"href":"https:\/\/nordicdiy.ee\/fi\/wp-json\/wp\/v2\/product_cat?post=13918"},{"taxonomy":"product_tag","embeddable":true,"href":"https:\/\/nordicdiy.ee\/fi\/wp-json\/wp\/v2\/product_tag?post=13918"}],"curies":[{"name":"wp","href":"https:\/\/api.w.org\/{rel}","templated":true}]}}