{"id":14031,"date":"2025-02-13T09:33:44","date_gmt":"2025-02-13T06:33:44","guid":{"rendered":"https:\/\/nordicdiy.ee\/epood\/Ei-luokiteltu\/saippuavaha-kerax-kerasoy-pillar-4120-muotoiltuja-kynttiloita-varten\/"},"modified":"2026-04-02T00:25:25","modified_gmt":"2026-04-01T21:25:25","slug":"saippuavaha-kerax-kerasoy-pillar-4120-muotoiltuja-kynttiloita-varten","status":"publish","type":"product","link":"https:\/\/nordicdiy.ee\/fi\/epood\/kynttiloiden-valmistus-fi\/kynttilavahat-2\/saippuavaha-kerax-kerasoy-pillar-4120-muotoiltuja-kynttiloita-varten\/","title":{"rendered":"Soijavaha Kerax Kerasoy Pillar 4120 muotoiltuja kynttil\u00f6it\u00e4 varten"},"content":{"rendered":"<p data-start=\"0\" data-end=\"269\">Kerax KeraSoy Pillar 4120 on 100-prosenttisesti luonnollinen soijavahasekoitus, joka on erityisesti suunniteltu pilarikynttil\u00f6iden, votiivikynttil\u00f6iden ja aromivahojen (tarts) sek\u00e4 figuurien valmistukseen. T\u00e4m\u00e4 biohajoava ja vegaaniyst\u00e4v\u00e4llinen vaha ei sis\u00e4ll\u00e4 el\u00e4inper\u00e4isi\u00e4 ainesosia eik\u00e4 sit\u00e4 ole testattu el\u00e4imill\u00e4. <\/p>\n<p data-start=\"271\" data-end=\"293\"><strong data-start=\"271\" data-end=\"293\">T\u00e4rkeimm\u00e4t ominaisuudet:<\/strong><\/p>\n<ul data-start=\"295\" data-end=\"619\">\n<li data-start=\"295\" data-end=\"402\">\n<p data-start=\"297\" data-end=\"402\"><strong data-start=\"297\" data-end=\"319\">Luonnollinen koostumus:<\/strong> valmistettu soijavahasta ja luonnollisista lis\u00e4aineista, mik\u00e4 takaa ymp\u00e4rist\u00f6yst\u00e4v\u00e4llisyyden.<\/p>\n<\/li>\n<li data-start=\"404\" data-end=\"507\">\n<p data-start=\"406\" data-end=\"507\"><strong data-start=\"406\" data-end=\"423\">Monik\u00e4ytt\u00f6isyys:<\/strong> sopii muotokynttil\u00f6ille, votiivikynttil\u00f6ille, aromivahoille ja koristekynttil\u00f6ille.<\/p>\n<\/li>\n<li data-start=\"509\" data-end=\"619\">\n<p data-start=\"511\" data-end=\"619\"><strong data-start=\"511\" data-end=\"542\">Helppo irrottaa muotista:<\/strong> vaha kutistuu ja irtoaa helposti muotista, mik\u00e4 helpottaa valmistusprosessia.<\/p>\n<\/li>\n<\/ul>\n<p data-start=\"621\" data-end=\"643\"><strong data-start=\"621\" data-end=\"643\">Tekniset tiedot:<\/strong><\/p>\n<ul data-start=\"645\" data-end=\"922\">\n<li data-start=\"645\" data-end=\"671\">\n<p data-start=\"647\" data-end=\"671\"><strong data-start=\"647\" data-end=\"665\">Tartuntapiste:<\/strong> +48\u00b0C<\/p>\n<\/li>\n<li data-start=\"673\" data-end=\"698\">\n<p data-start=\"675\" data-end=\"698\"><strong data-start=\"675\" data-end=\"692\">Sulamispiste:<\/strong> +60 \u00b0C<\/p>\n<\/li>\n<li data-start=\"700\" data-end=\"748\">\n<p data-start=\"702\" data-end=\"748\"><strong data-start=\"702\" data-end=\"739\">Suurin sulamisl\u00e4mp\u00f6tila:<\/strong> +85-90 \u00b0C<\/p>\n<\/li>\n<li data-start=\"750\" data-end=\"814\">\n<p data-start=\"752\" data-end=\"814\"><strong data-start=\"752\" data-end=\"797\">Suositeltu l\u00e4mp\u00f6tila tuoksu\u00f6ljyn lis\u00e4\u00e4miselle:<\/strong> ei alle +70\u00b0C.<\/p>\n<\/li>\n<li data-start=\"816\" data-end=\"861\">\n<p data-start=\"818\" data-end=\"861\"><strong data-start=\"818\" data-end=\"852\">Suositeltu kaatol\u00e4mp\u00f6tila:<\/strong> +55-65\u00b0C<\/p>\n<\/li>\n<li data-start=\"863\" data-end=\"922\">\n<p data-start=\"865\" data-end=\"922\"><strong data-start=\"865\" data-end=\"898\">Suositeltu tuoksu\u00f6ljypitoisuus:<\/strong> 5-8 %, enint\u00e4\u00e4n 10 %.<\/p>\n<\/li>\n<\/ul>\n<p data-start=\"924\" data-end=\"1265\">KeraSoy Pillar 4120 ei vaadi muita lis\u00e4aineita kuin kynttil\u00e4v\u00e4rit ja tuoksu\u00f6ljyt, ja se soveltuu hyvin sekoitettavaksi <a href=\"https:\/\/nordicdiy.ee\/fi\/tuote-osasto\/kynttiloiden-valmistus-fi\/kynttilan-varit\/\" target=\"_blank\" rel=\"noopener\">\u00f6ljyliukoisten maalien<\/a> ja <a href=\"https:\/\/nordicdiy.ee\/fi\/tuote-osasto\/tuoksuoljy\/\" target=\"_blank\" rel=\"noopener\">tuoksu\u00f6ljyjen kanssa<\/a>. Vanhat tai osittain k\u00e4ytetyt kynttil\u00e4t voidaan sulattaa uudelleen ja vaha k\u00e4ytt\u00e4\u00e4 uudelleen, mutta vahaa ei suositella l\u00e4mmitett\u00e4v\u00e4ksi yli 85 \u00b0C:n l\u00e4mp\u00f6tilaan tai pidemm\u00e4ksi aikaa. <\/p>\n<p data-start=\"1267\" data-end=\"1536\">T\u00e4st\u00e4 vahasta valmistetut kynttil\u00e4t palavat puhtaasti, nokip\u00e4\u00e4st\u00f6t ovat v\u00e4h\u00e4iset, ja ne vapauttavat erinomaisesti tuoksua ja niiden paloaika on pidempi kuin parafiinikynttil\u00f6iden. KeraSoy Pillar 4120 on ihanteellinen valinta korkealaatuisiin, ymp\u00e4rist\u00f6yst\u00e4v\u00e4llisiin kynttil\u00f6ihin. <\/p>\n","protected":false},"excerpt":{"rendered":"<p>Kerax KeraSoy Pillar 4120 on 100-prosenttisesti luonnollinen soijavahasekoitus, joka on erityisesti suunniteltu pilarikynttil\u00f6iden, votiivikynttil\u00f6iden ja aromivahojen (tarts) sek\u00e4 figuurien valmistukseen. T\u00e4m\u00e4 biohajoava ja vegaaniyst\u00e4v\u00e4llinen vaha ei sis\u00e4ll\u00e4 el\u00e4inper\u00e4isi\u00e4 ainesosia eik\u00e4 sit\u00e4 ole testattu el\u00e4imill\u00e4. T\u00e4ll\u00e4 vahalla valmistetut kynttil\u00e4t palavat puhtaasti, nokea syntyy vain v\u00e4h\u00e4n, ja ne tarjoavat erinomaisen tuoksun vapautumisen ja pidemm\u00e4n paloajan verrattuna parafiinikynttil\u00f6ihin. KeraSoy Pillar 4120 on ihanteellinen valinta laadukkaisiin ja ymp\u00e4rist\u00f6yst\u00e4v\u00e4llisiin kynttil\u00f6ihin.   <\/p>\n","protected":false},"featured_media":23223,"template":"","meta":{"site-sidebar-layout":"default","site-content-layout":"","ast-site-content-layout":"default","site-content-style":"default","site-sidebar-style":"default","ast-global-header-display":"","ast-banner-title-visibility":"","ast-main-header-display":"","ast-hfb-above-header-display":"","ast-hfb-below-header-display":"","ast-hfb-mobile-header-display":"","site-post-title":"","ast-breadcrumbs-content":"","ast-featured-img":"","footer-sml-layout":"","ast-disable-related-posts":"","theme-transparent-header-meta":"default","adv-header-id-meta":"","stick-header-meta":"default","header-above-stick-meta":"","header-main-stick-meta":"","header-below-stick-meta":"","astra-migrate-meta-layouts":"default","ast-page-background-enabled":"default","ast-page-background-meta":{"desktop":{"background-color":"","background-image":"","background-repeat":"repeat","background-position":"center center","background-size":"auto","background-attachment":"scroll","background-type":"","background-media":"","overlay-type":"","overlay-color":"","overlay-opacity":"","overlay-gradient":""},"tablet":{"background-color":"","background-image":"","background-repeat":"repeat","background-position":"center center","background-size":"auto","background-attachment":"scroll","background-type":"","background-media":"","overlay-type":"","overlay-color":"","overlay-opacity":"","overlay-gradient":""},"mobile":{"background-color":"","background-image":"","background-repeat":"repeat","background-position":"center center","background-size":"auto","background-attachment":"scroll","background-type":"","background-media":"","overlay-type":"","overlay-color":"","overlay-opacity":"","overlay-gradient":""}},"ast-content-background-meta":{"desktop":{"background-color":"var(--ast-global-color-5)","background-image":"","background-repeat":"repeat","background-position":"center center","background-size":"auto","background-attachment":"scroll","background-type":"","background-media":"","overlay-type":"","overlay-color":"","overlay-opacity":"","overlay-gradient":""},"tablet":{"background-color":"var(--ast-global-color-5)","background-image":"","background-repeat":"repeat","background-position":"center center","background-size":"auto","background-attachment":"scroll","background-type":"","background-media":"","overlay-type":"","overlay-color":"","overlay-opacity":"","overlay-gradient":""},"mobile":{"background-color":"var(--ast-global-color-5)","background-image":"","background-repeat":"repeat","background-position":"center center","background-size":"auto","background-attachment":"scroll","background-type":"","background-media":"","overlay-type":"","overlay-color":"","overlay-opacity":"","overlay-gradient":""}}},"product_brand":[],"product_cat":[160,158],"product_tag":[],"class_list":{"0":"post-14031","1":"product","2":"type-product","3":"status-publish","4":"has-post-thumbnail","6":"product_cat-kynttilavahat-2","7":"product_cat-kynttiloiden-valmistus-fi","8":"desktop-align-left","9":"tablet-align-left","10":"mobile-align-left","11":"ast-product-gallery-layout-horizontal","12":"ast-product-single-variable","13":"ast-product-tabs-layout-horizontal","15":"first","16":"instock","17":"taxable","18":"shipping-taxable","19":"purchasable","20":"product-type-variable"},"_links":{"self":[{"href":"https:\/\/nordicdiy.ee\/fi\/wp-json\/wp\/v2\/product\/14031","targetHints":{"allow":["GET"]}}],"collection":[{"href":"https:\/\/nordicdiy.ee\/fi\/wp-json\/wp\/v2\/product"}],"about":[{"href":"https:\/\/nordicdiy.ee\/fi\/wp-json\/wp\/v2\/types\/product"}],"wp:featuredmedia":[{"embeddable":true,"href":"https:\/\/nordicdiy.ee\/fi\/wp-json\/wp\/v2\/media\/23223"}],"wp:attachment":[{"href":"https:\/\/nordicdiy.ee\/fi\/wp-json\/wp\/v2\/media?parent=14031"}],"wp:term":[{"taxonomy":"product_brand","embeddable":true,"href":"https:\/\/nordicdiy.ee\/fi\/wp-json\/wp\/v2\/product_brand?post=14031"},{"taxonomy":"product_cat","embeddable":true,"href":"https:\/\/nordicdiy.ee\/fi\/wp-json\/wp\/v2\/product_cat?post=14031"},{"taxonomy":"product_tag","embeddable":true,"href":"https:\/\/nordicdiy.ee\/fi\/wp-json\/wp\/v2\/product_tag?post=14031"}],"curies":[{"name":"wp","href":"https:\/\/api.w.org\/{rel}","templated":true}]}}