{"id":14037,"date":"2025-02-13T15:44:10","date_gmt":"2025-02-13T12:44:10","guid":{"rendered":"https:\/\/nordicdiy.ee\/epood\/Ei-luokiteltu\/kodintuoksupohjaneste-alkoholilla-nro-1\/"},"modified":"2025-08-14T15:04:42","modified_gmt":"2025-08-14T12:04:42","slug":"kodintuoksupohjaneste-alkoholilla-nro-1","status":"publish","type":"product","link":"https:\/\/nordicdiy.ee\/fi\/epood\/huonetuoksun-valmistaminen\/huoneen-mash-tilat\/kodintuoksupohjaneste-alkoholilla-nro-1\/","title":{"rendered":"Kodintuoksupohjaneste alkoholilla nro 1"},"content":{"rendered":"<p data-start=\"21\" data-end=\"85\">Reed Diffuser Base No.1 AF74 2958 (alkoholipitoisuus alle 40 %) <\/p>\n<p data-start=\"21\" data-end=\"85\">Kodintuoksuneste nro 1 on laadukas ja erinomainen valinta miellytt\u00e4v\u00e4n ja tuoksuvan ilmapiirin luomiseen.<\/p>\n<ul data-start=\"86\" data-end=\"516\" data-is-last-node=\"\">\n<li data-start=\"86\" data-end=\"140\">Sis\u00e4lt\u00e4\u00e4 kosmeettisesti eritt\u00e4in puhdasta alkoholia.<\/li>\n<li data-start=\"141\" data-end=\"230\">Sis\u00e4lt\u00e4\u00e4 ekologista ainesosaa, joka soveltuu kodin ja auton tuoksuihin.<\/li>\n<li data-start=\"231\" data-end=\"310\">Soveltuu k\u00e4ytett\u00e4v\u00e4ksi tikkujen kanssa kotituoksuissa, auton ilmanraikastimissa ja huonesuihkeissa.<\/li>\n<li data-start=\"311\" data-end=\"368\">Sis\u00e4lt\u00e4\u00e4 ainesosia, jotka parantavat tuoksun laatua.<\/li>\n<li data-start=\"369\" data-end=\"399\">Haihtumisaika 4-6 viikkoa.<\/li>\n<li data-start=\"400\" data-end=\"440\">Ei sis\u00e4ll\u00e4 ftalaatteja eik\u00e4 raskasmetalleja, joten se on turvallinen k\u00e4ytett\u00e4v\u00e4ksi herkemmiss\u00e4 ymp\u00e4rist\u00f6iss\u00e4.<\/li>\n<li>Ei testattu el\u00e4imill\u00e4.<\/li>\n<li data-start=\"469\" data-end=\"516\" data-is-last-node=\"\">Hajusteen annostus perusliuokseen: 15-25 %.<\/li>\n<\/ul>\n<p><strong>Tuoksun annostelu:<\/strong><br \/>\nSuositeltu tuoksu\u00f6ljyn m\u00e4\u00e4r\u00e4 on 15-25 % tuoksu\u00f6ljy\u00e4 ja 75-85 % perusnestett\u00e4. Kodintuoksuneste nro 1 on ihanteellinen ratkaisu niille, jotka etsiv\u00e4t laadukasta tuotetta miellytt\u00e4v\u00e4n ilmapiirin luomiseen mihin tahansa huoneeseen.<\/p>\n<p>HUOM!<\/p>\n<p><img decoding=\"async\" class=\"\" src=\"https:\/\/nordicdiy.ee\/wp-content\/uploads\/2025\/01\/terviseoht.jpg\" width=\"70\" height=\"70\"><\/p>\n","protected":false},"excerpt":{"rendered":"<p>Paras valinta kodin raikastimeksi, auton ilmanraikastimeksi tai huoneenraikastimeksi tikuilla! Kodin raikastimen perusneste nro 1 on ihanteellinen ratkaisu niille, jotka etsiv\u00e4t korkealaatuista perusnestett\u00e4, jonka haihtuminen on optimaalista. Haihtuu 4-6 viikossa. Sis\u00e4lt\u00e4\u00e4 puhdasta kosmeettista alkoholia, alle 40 % alkoholia.   <\/p>\n","protected":false},"featured_media":28557,"template":"","meta":{"site-sidebar-layout":"default","site-content-layout":"","ast-site-content-layout":"default","site-content-style":"default","site-sidebar-style":"default","ast-global-header-display":"","ast-banner-title-visibility":"","ast-main-header-display":"","ast-hfb-above-header-display":"","ast-hfb-below-header-display":"","ast-hfb-mobile-header-display":"","site-post-title":"","ast-breadcrumbs-content":"","ast-featured-img":"","footer-sml-layout":"","ast-disable-related-posts":"","theme-transparent-header-meta":"default","adv-header-id-meta":"","stick-header-meta":"default","header-above-stick-meta":"","header-main-stick-meta":"","header-below-stick-meta":"","astra-migrate-meta-layouts":"default","ast-page-background-enabled":"default","ast-page-background-meta":{"desktop":{"background-color":"","background-image":"","background-repeat":"repeat","background-position":"center center","background-size":"auto","background-attachment":"scroll","background-type":"","background-media":"","overlay-type":"","overlay-color":"","overlay-opacity":"","overlay-gradient":""},"tablet":{"background-color":"","background-image":"","background-repeat":"repeat","background-position":"center center","background-size":"auto","background-attachment":"scroll","background-type":"","background-media":"","overlay-type":"","overlay-color":"","overlay-opacity":"","overlay-gradient":""},"mobile":{"background-color":"","background-image":"","background-repeat":"repeat","background-position":"center center","background-size":"auto","background-attachment":"scroll","background-type":"","background-media":"","overlay-type":"","overlay-color":"","overlay-opacity":"","overlay-gradient":""}},"ast-content-background-meta":{"desktop":{"background-color":"var(--ast-global-color-5)","background-image":"","background-repeat":"repeat","background-position":"center center","background-size":"auto","background-attachment":"scroll","background-type":"","background-media":"","overlay-type":"","overlay-color":"","overlay-opacity":"","overlay-gradient":""},"tablet":{"background-color":"var(--ast-global-color-5)","background-image":"","background-repeat":"repeat","background-position":"center center","background-size":"auto","background-attachment":"scroll","background-type":"","background-media":"","overlay-type":"","overlay-color":"","overlay-opacity":"","overlay-gradient":""},"mobile":{"background-color":"var(--ast-global-color-5)","background-image":"","background-repeat":"repeat","background-position":"center center","background-size":"auto","background-attachment":"scroll","background-type":"","background-media":"","overlay-type":"","overlay-color":"","overlay-opacity":"","overlay-gradient":""}}},"product_brand":[],"product_cat":[208,220,207],"product_tag":[],"class_list":{"0":"post-14037","1":"product","2":"type-product","3":"status-publish","4":"has-post-thumbnail","6":"product_cat-huoneen-mash-tilat","7":"product_cat-huoneenraikastinpohja-ja-puikot","8":"product_cat-huonetuoksun-valmistaminen","9":"desktop-align-left","10":"tablet-align-left","11":"mobile-align-left","12":"ast-product-gallery-layout-horizontal","13":"ast-product-gallery-with-no-image","14":"ast-product-single-variable","15":"ast-product-tabs-layout-horizontal","17":"first","18":"instock","19":"taxable","20":"shipping-taxable","21":"purchasable","22":"product-type-variable","23":"has-default-attributes"},"_links":{"self":[{"href":"https:\/\/nordicdiy.ee\/fi\/wp-json\/wp\/v2\/product\/14037","targetHints":{"allow":["GET"]}}],"collection":[{"href":"https:\/\/nordicdiy.ee\/fi\/wp-json\/wp\/v2\/product"}],"about":[{"href":"https:\/\/nordicdiy.ee\/fi\/wp-json\/wp\/v2\/types\/product"}],"wp:featuredmedia":[{"embeddable":true,"href":"https:\/\/nordicdiy.ee\/fi\/wp-json\/wp\/v2\/media\/28557"}],"wp:attachment":[{"href":"https:\/\/nordicdiy.ee\/fi\/wp-json\/wp\/v2\/media?parent=14037"}],"wp:term":[{"taxonomy":"product_brand","embeddable":true,"href":"https:\/\/nordicdiy.ee\/fi\/wp-json\/wp\/v2\/product_brand?post=14037"},{"taxonomy":"product_cat","embeddable":true,"href":"https:\/\/nordicdiy.ee\/fi\/wp-json\/wp\/v2\/product_cat?post=14037"},{"taxonomy":"product_tag","embeddable":true,"href":"https:\/\/nordicdiy.ee\/fi\/wp-json\/wp\/v2\/product_tag?post=14037"}],"curies":[{"name":"wp","href":"https:\/\/api.w.org\/{rel}","templated":true}]}}