{"id":14061,"date":"2025-03-12T20:32:44","date_gmt":"2025-03-12T17:32:44","guid":{"rendered":"https:\/\/nordicdiy.ee\/epood\/Ei-luokiteltu\/pullo-korkilla-kotiparfyymin-valmistajalle-200ml-ombre-oranssinvihrea-h140xd65mm-h140xd65mm\/"},"modified":"2026-03-05T01:37:29","modified_gmt":"2026-03-04T22:37:29","slug":"pullo-korkilla-kotiparfyymin-valmistajalle-200ml-ombre-oranssinvihrea-h140xd65mm-h140xd65mm","status":"publish","type":"product","link":"https:\/\/nordicdiy.ee\/fi\/epood\/huonetuoksun-valmistaminen\/huoneenraikastinpullot\/pullo-korkilla-kotiparfyymin-valmistajalle-200ml-ombre-oranssinvihrea-h140xd65mm-h140xd65mm\/","title":{"rendered":"Pullo korkilla kotiparfyymin valmistajalle, 200ml Ombre oranssinvihre\u00e4 h140xd65mm h140xd65mm"},"content":{"rendered":"<p>Tutustu pohjoismaiseen tyylikk\u00e4\u00e4seen DIY-tuoksupulloon! T\u00e4m\u00e4n pullon muotoilu on t\u00e4ydellinen valinta lis\u00e4\u00e4m\u00e4\u00e4n tyyli\u00e4 ja toiminnallisuutta huonetuoksuusi. Pullon mukana toimitetaan korkki kahdessa v\u00e4riss\u00e4: kultainen tai hopeinen, joka sopii mihin tahansa sisustukseen.  <\/p>\n<p><strong>Miten tehd\u00e4 kotituoksu?  <\/strong><\/p>\n<p>Se on yksinkertainen ja hauska prosessi! Valitse 200 ml:n pullo ja lis\u00e4\u00e4 15-60 ml <a href=\"https:\/\/nordicdiy.ee\/fi\/tuote-osasto\/aromaoljyt\/ufi-green-fi\/\" target=\"_blank\" rel=\"noopener\">UFIGREEN-tuoksu\u00f6ljy\u00e4<\/a>, joka on tunnettu korkeasta laadustaan ja turvallisuudestaan. Lis\u00e4\u00e4 sitten 140-185ml <a href=\"https:\/\/nordicdiy.ee\/fi\/tuote-osasto\/huoneenraikastimen-valmistaminen\/huoneenraikastinpohja-ja-puikot\/\" target=\"_blank\" rel=\"noopener\">perusnestett\u00e4.<\/a> Halutessasi voit lis\u00e4t\u00e4 my\u00f6s muutaman pisaran <a href=\"https:\/\/nordicdiy.ee\/fi\/tuote-osasto\/saippuan-valmistus\/\" target=\"_blank\" rel=\"noopener\">vesipohjaista v\u00e4ri\u00e4<\/a>, jotta hajuvesi saa haluamasi v\u00e4ris\u00e4vyn. Sekoita nesteet huolellisesti ja kaada ne pulloon.    <\/p>\n<p>Lis\u00e4\u00e4 pulloon lopuksi 5-8 <a href=\"https:\/\/nordicdiy.ee\/fi\/tuote-osasto\/huoneenraikastimen-valmistaminen\/huoneenraikastinpohja-ja-puikot\/\" target=\"_blank\" rel=\"noopener\">kuitu- tai bambutikkua<\/a>. N\u00e4m\u00e4 tikut imev\u00e4t nesteen itseens\u00e4 ja varmistavat tuoksun tasaisen ja pitk\u00e4kestoisen levi\u00e4misen. Nauti kotitekoisesta kotituoksusta, joka tuo huoneeseen miellytt\u00e4vi\u00e4 tuoksuja ja l\u00e4mp\u00f6\u00e4.  <\/p>\n","protected":false},"excerpt":{"rendered":"<p>Tyylik\u00e4s 200 ml:n kotituoksupullo on t\u00e4ydellinen valinta tuoksujen levitt\u00e4miseen. Ombre-siirtym\u00e4 miedosta oranssista tummanvihre\u00e4\u00e4n ja pullon pitk\u00e4nomainen muotoilu antavat tyylikk\u00e4\u00e4n ja ylellisen ilmeen mihin tahansa huoneeseen. Sarjan mukana toimitetaan korkki, jonka v\u00e4ri on valittavissa kahdessa eri v\u00e4riss\u00e4: kulta tai hopea.  <\/p>\n","protected":false},"featured_media":11706,"template":"","meta":{"site-sidebar-layout":"default","site-content-layout":"","ast-site-content-layout":"default","site-content-style":"default","site-sidebar-style":"default","ast-global-header-display":"","ast-banner-title-visibility":"","ast-main-header-display":"","ast-hfb-above-header-display":"","ast-hfb-below-header-display":"","ast-hfb-mobile-header-display":"","site-post-title":"","ast-breadcrumbs-content":"","ast-featured-img":"","footer-sml-layout":"","ast-disable-related-posts":"","theme-transparent-header-meta":"default","adv-header-id-meta":"","stick-header-meta":"default","header-above-stick-meta":"","header-main-stick-meta":"","header-below-stick-meta":"","astra-migrate-meta-layouts":"default","ast-page-background-enabled":"default","ast-page-background-meta":{"desktop":{"background-color":"","background-image":"","background-repeat":"repeat","background-position":"center center","background-size":"auto","background-attachment":"scroll","background-type":"","background-media":"","overlay-type":"","overlay-color":"","overlay-opacity":"","overlay-gradient":""},"tablet":{"background-color":"","background-image":"","background-repeat":"repeat","background-position":"center center","background-size":"auto","background-attachment":"scroll","background-type":"","background-media":"","overlay-type":"","overlay-color":"","overlay-opacity":"","overlay-gradient":""},"mobile":{"background-color":"","background-image":"","background-repeat":"repeat","background-position":"center center","background-size":"auto","background-attachment":"scroll","background-type":"","background-media":"","overlay-type":"","overlay-color":"","overlay-opacity":"","overlay-gradient":""}},"ast-content-background-meta":{"desktop":{"background-color":"var(--ast-global-color-5)","background-image":"","background-repeat":"repeat","background-position":"center center","background-size":"auto","background-attachment":"scroll","background-type":"","background-media":"","overlay-type":"","overlay-color":"","overlay-opacity":"","overlay-gradient":""},"tablet":{"background-color":"var(--ast-global-color-5)","background-image":"","background-repeat":"repeat","background-position":"center center","background-size":"auto","background-attachment":"scroll","background-type":"","background-media":"","overlay-type":"","overlay-color":"","overlay-opacity":"","overlay-gradient":""},"mobile":{"background-color":"var(--ast-global-color-5)","background-image":"","background-repeat":"repeat","background-position":"center center","background-size":"auto","background-attachment":"scroll","background-type":"","background-media":"","overlay-type":"","overlay-color":"","overlay-opacity":"","overlay-gradient":""}}},"product_brand":[],"product_cat":[417,240,207],"product_tag":[],"class_list":{"0":"post-14061","1":"product","2":"type-product","3":"status-publish","4":"has-post-thumbnail","6":"product_cat-erikoistarjoukset","7":"product_cat-huoneenraikastinpullot","8":"product_cat-huonetuoksun-valmistaminen","9":"desktop-align-left","10":"tablet-align-left","11":"mobile-align-left","12":"ast-product-gallery-layout-horizontal","13":"ast-product-gallery-with-no-image","14":"ast-product-single-variable","15":"ast-product-tabs-layout-horizontal","17":"first","18":"instock","19":"taxable","20":"shipping-taxable","21":"purchasable","22":"product-type-variable"},"_links":{"self":[{"href":"https:\/\/nordicdiy.ee\/fi\/wp-json\/wp\/v2\/product\/14061","targetHints":{"allow":["GET"]}}],"collection":[{"href":"https:\/\/nordicdiy.ee\/fi\/wp-json\/wp\/v2\/product"}],"about":[{"href":"https:\/\/nordicdiy.ee\/fi\/wp-json\/wp\/v2\/types\/product"}],"wp:featuredmedia":[{"embeddable":true,"href":"https:\/\/nordicdiy.ee\/fi\/wp-json\/wp\/v2\/media\/11706"}],"wp:attachment":[{"href":"https:\/\/nordicdiy.ee\/fi\/wp-json\/wp\/v2\/media?parent=14061"}],"wp:term":[{"taxonomy":"product_brand","embeddable":true,"href":"https:\/\/nordicdiy.ee\/fi\/wp-json\/wp\/v2\/product_brand?post=14061"},{"taxonomy":"product_cat","embeddable":true,"href":"https:\/\/nordicdiy.ee\/fi\/wp-json\/wp\/v2\/product_cat?post=14061"},{"taxonomy":"product_tag","embeddable":true,"href":"https:\/\/nordicdiy.ee\/fi\/wp-json\/wp\/v2\/product_tag?post=14061"}],"curies":[{"name":"wp","href":"https:\/\/api.w.org\/{rel}","templated":true}]}}