{"id":14093,"date":"2025-02-04T19:50:15","date_gmt":"2025-02-04T16:50:15","guid":{"rendered":"https:\/\/nordicdiy.ee\/epood\/Ei-luokiteltu\/kandelaberi-valkoisella-kiiltavalla-kannella-220ml-h138-x-d82-mm\/"},"modified":"2025-03-12T16:42:50","modified_gmt":"2025-03-12T13:42:50","slug":"kandelaberi-valkoisella-kiiltavalla-kannella-220ml-h138-x-d82-mm","status":"publish","type":"product","link":"https:\/\/nordicdiy.ee\/fi\/epood\/kynttiloiden-valmistus-fi\/kynttilalasit-ja-kannet\/kandelaberi-valkoisella-kiiltavalla-kannella-220ml-h138-x-d82-mm\/","title":{"rendered":"Kandelaberi valkoisella kiilt\u00e4v\u00e4ll\u00e4 kannella 220ml, h138 x d82 mm."},"content":{"rendered":"<p>T\u00e4m\u00e4 tyylik\u00e4s ja monipuolinen <strong>koristelasialusta<\/strong> on valmistettu korkealaatuisesta paksusta lasista, joka tuo ylellisen ja tyylikk\u00e4\u00e4n ilmeen mihin tahansa kotiin.<\/p>\n<ul>\n<li><strong>Mitat:<\/strong> korkeus 138 mm, leveys 82 mm<\/li>\n<li><strong>Tilavuus:<\/strong> 220 ml<\/li>\n<li><strong>Materiaali:<\/strong> paksu lasi<\/li>\n<\/ul>\n<p>T\u00e4m\u00e4 lasiastia on ihanteellinen <strong>kynttil\u00e4lasille<\/strong>, ja se on erinomainen valinta kotitekoisten kynttil\u00f6iden kaatamiseen. Lis\u00e4ksi sit\u00e4 voidaan k\u00e4ytt\u00e4\u00e4 <strong>maljakkona<\/strong> pienille kukille tai <strong>koristeena<\/strong> pienten esineiden s\u00e4ilytt\u00e4miseen. <\/p>\n<p>Monik\u00e4ytt\u00f6isyytens\u00e4 ja hienon viimeistelyns\u00e4 ansiosta t\u00e4m\u00e4 lasiastia on t\u00e4ydellinen valinta jokaiseen kotiin, sill\u00e4 se luo kodikkaan ja tyylikk\u00e4\u00e4n tunnelman.<\/p>\n<p>Soveltuu k\u00e4ytett\u00e4v\u00e4ksi erilaisten vahojen, kuten soijavahan, parafiinivahan, rypsi\u00f6ljyvahan, mehil\u00e4isvahan ja palmuvahan kanssa. Kynttil\u00e4lasi on l\u00e4mm\u00f6nkest\u00e4v\u00e4, kest\u00e4v\u00e4 ja loistava valinta sek\u00e4 DIY-kynttil\u00f6iden tekij\u00f6ille ett\u00e4 ammattimaisille kynttil\u00f6iden tekij\u00f6ille. <\/p>\n<p>T\u00e4m\u00e4n kynttil\u00e4n yksinkertainen ja tyylik\u00e4s muotoilu sopii t\u00e4ydellisesti kodin sisustukseen tai lahjaksi. Tee oma soijavahakynttil\u00e4si, joka palaa puhtaasti ja ymp\u00e4rist\u00f6yst\u00e4v\u00e4llisesti, tai valaa pitk\u00e4\u00e4n palava kynttil\u00e4 parafiinista. Mehil\u00e4isvahakynttil\u00e4t tuovat huoneeseen ripauksen luontoa ja rypsi\u00f6ljykynttil\u00e4t ovat biohajoavia ja ymp\u00e4rist\u00f6yst\u00e4v\u00e4llisi\u00e4.  <\/p>\n<p>T\u00e4ydenn\u00e4 kynttil\u00e4kokoelmaasi j\u00e4\u00e4kristallivaikutteisilla palmunahkakynttil\u00f6ill\u00e4. 220 ml:n kynttil\u00e4purkkiin mahtuu tarpeeksi vahaa pitk\u00e4\u00e4n palavaan ja visuaalisesti kauniiseen kynttil\u00e4\u00e4n. T\u00e4h\u00e4n lasipurkkiin voi my\u00f6s lis\u00e4t\u00e4 erilaisia tuoksu\u00f6ljyj\u00e4 ja v\u00e4rej\u00e4 t\u00e4ydellisen kotituoksun tai tyylikk\u00e4\u00e4n askartelukynttil\u00e4n luomiseksi.  <\/p>\n","protected":false},"excerpt":{"rendered":"<p>T\u00e4m\u00e4 tyylik\u00e4s ja monipuolinen <strong>koristelasialusta<\/strong> on valmistettu korkealaatuisesta paksusta lasista, joka tuo ylellisen ja tyylikk\u00e4\u00e4n ilmeen mihin tahansa kotiin. Astia on valkoinen ja siin\u00e4 on kiilt\u00e4v\u00e4 neli\u00f6n muotoinen kuvio, ja se on huomiota her\u00e4tt\u00e4v\u00e4 koriste-elementti, kylpyhuoneen lis\u00e4varuste tai pyyhe.<\/p>\n","protected":false},"featured_media":11676,"template":"","meta":{"site-sidebar-layout":"default","site-content-layout":"","ast-site-content-layout":"default","site-content-style":"default","site-sidebar-style":"default","ast-global-header-display":"","ast-banner-title-visibility":"","ast-main-header-display":"","ast-hfb-above-header-display":"","ast-hfb-below-header-display":"","ast-hfb-mobile-header-display":"","site-post-title":"","ast-breadcrumbs-content":"","ast-featured-img":"","footer-sml-layout":"","ast-disable-related-posts":"","theme-transparent-header-meta":"default","adv-header-id-meta":"","stick-header-meta":"default","header-above-stick-meta":"","header-main-stick-meta":"","header-below-stick-meta":"","astra-migrate-meta-layouts":"default","ast-page-background-enabled":"default","ast-page-background-meta":{"desktop":{"background-color":"","background-image":"","background-repeat":"repeat","background-position":"center center","background-size":"auto","background-attachment":"scroll","background-type":"","background-media":"","overlay-type":"","overlay-color":"","overlay-opacity":"","overlay-gradient":""},"tablet":{"background-color":"","background-image":"","background-repeat":"repeat","background-position":"center center","background-size":"auto","background-attachment":"scroll","background-type":"","background-media":"","overlay-type":"","overlay-color":"","overlay-opacity":"","overlay-gradient":""},"mobile":{"background-color":"","background-image":"","background-repeat":"repeat","background-position":"center center","background-size":"auto","background-attachment":"scroll","background-type":"","background-media":"","overlay-type":"","overlay-color":"","overlay-opacity":"","overlay-gradient":""}},"ast-content-background-meta":{"desktop":{"background-color":"var(--ast-global-color-5)","background-image":"","background-repeat":"repeat","background-position":"center center","background-size":"auto","background-attachment":"scroll","background-type":"","background-media":"","overlay-type":"","overlay-color":"","overlay-opacity":"","overlay-gradient":""},"tablet":{"background-color":"var(--ast-global-color-5)","background-image":"","background-repeat":"repeat","background-position":"center center","background-size":"auto","background-attachment":"scroll","background-type":"","background-media":"","overlay-type":"","overlay-color":"","overlay-opacity":"","overlay-gradient":""},"mobile":{"background-color":"var(--ast-global-color-5)","background-image":"","background-repeat":"repeat","background-position":"center center","background-size":"auto","background-attachment":"scroll","background-type":"","background-media":"","overlay-type":"","overlay-color":"","overlay-opacity":"","overlay-gradient":""}}},"product_brand":[],"product_cat":[163,158],"product_tag":[],"class_list":{"0":"post-14093","1":"product","2":"type-product","3":"status-publish","4":"has-post-thumbnail","6":"product_cat-kynttilalasit-ja-kannet","7":"product_cat-kynttiloiden-valmistus-fi","8":"desktop-align-left","9":"tablet-align-left","10":"mobile-align-left","11":"ast-product-gallery-layout-horizontal","12":"ast-product-gallery-with-no-image","13":"ast-product-tabs-layout-horizontal","15":"first","16":"instock","17":"taxable","18":"shipping-taxable","19":"purchasable","20":"product-type-simple"},"_links":{"self":[{"href":"https:\/\/nordicdiy.ee\/fi\/wp-json\/wp\/v2\/product\/14093","targetHints":{"allow":["GET"]}}],"collection":[{"href":"https:\/\/nordicdiy.ee\/fi\/wp-json\/wp\/v2\/product"}],"about":[{"href":"https:\/\/nordicdiy.ee\/fi\/wp-json\/wp\/v2\/types\/product"}],"wp:featuredmedia":[{"embeddable":true,"href":"https:\/\/nordicdiy.ee\/fi\/wp-json\/wp\/v2\/media\/11676"}],"wp:attachment":[{"href":"https:\/\/nordicdiy.ee\/fi\/wp-json\/wp\/v2\/media?parent=14093"}],"wp:term":[{"taxonomy":"product_brand","embeddable":true,"href":"https:\/\/nordicdiy.ee\/fi\/wp-json\/wp\/v2\/product_brand?post=14093"},{"taxonomy":"product_cat","embeddable":true,"href":"https:\/\/nordicdiy.ee\/fi\/wp-json\/wp\/v2\/product_cat?post=14093"},{"taxonomy":"product_tag","embeddable":true,"href":"https:\/\/nordicdiy.ee\/fi\/wp-json\/wp\/v2\/product_tag?post=14093"}],"curies":[{"name":"wp","href":"https:\/\/api.w.org\/{rel}","templated":true}]}}