{"id":14513,"date":"2025-01-24T17:17:37","date_gmt":"2025-01-24T14:17:37","guid":{"rendered":"https:\/\/nordicdiy.ee\/epood\/Ei-luokiteltu\/lapinakyva-kynttilalasi-950ml-h126-x-d132-mm\/"},"modified":"2026-01-02T10:55:35","modified_gmt":"2026-01-02T07:55:35","slug":"lapinakyva-kynttilalasi-950ml-h126-x-d132-mm","status":"publish","type":"product","link":"https:\/\/nordicdiy.ee\/fi\/epood\/kynttiloiden-valmistus-fi\/kynttilalasit-ja-kannet\/lapinakyva-kynttilalasi-950ml-h126-x-d132-mm\/","title":{"rendered":"L\u00e4pin\u00e4kyv\u00e4 kynttil\u00e4lasi 950ml, h126 x d132 mm."},"content":{"rendered":"<p>950 ml:n kirkas kynttil\u00e4lasi on erinomainen valinta niin aloitteleville DIY-harrastajille kuin ammattimaisille kynttil\u00e4nvalmistajille. Purkki sopii k\u00e4ytett\u00e4v\u00e4ksi useiden eri kynttil\u00e4vahojen kanssa, kuten soijavaha, parafiinivaha, rypsi-, mehil\u00e4is- ja palmuvaha. Sen l\u00e4mm\u00f6nkest\u00e4v\u00e4 ja kest\u00e4v\u00e4 rakenne takaa turvallisuuden ja pitk\u00e4aikaisen k\u00e4yt\u00f6n.  <\/p>\n<p>T\u00e4m\u00e4n kirkkaan kynttil\u00e4lasin minimalistinen ja tyylik\u00e4s muotoilu t\u00e4ydent\u00e4\u00e4 mit\u00e4 tahansa kodin sisustusta tai sopii t\u00e4ydellisesti kauniin k\u00e4sity\u00f6lahjan luomiseen. Tee soijavahakynttil\u00e4 puhtaaseen ja ymp\u00e4rist\u00f6yst\u00e4v\u00e4lliseen palamiseen tai kaada parafiinikynttil\u00e4 erinomaista paloaikaa varten. K\u00e4yt\u00e4 <a href=\"https:\/\/nordicdiy.ee\/fi\/tuote-osasto\/kynttiloiden-valmistus-fi\/kynttilanvarret-ja-jalat\/\">puista syd\u00e4nlankaa<\/a> lis\u00e4t\u00e4ksesi viel\u00e4 enemm\u00e4n yksinoikeutta.  <\/p>\n<p>K\u00e4ytt\u00e4m\u00e4ll\u00e4 palmuvahaa voit luoda ainutlaatuisia j\u00e4\u00e4kristallivaikutteisia kynttil\u00f6it\u00e4, jotka ovat visuaalisesti upeita. 950 ml:n lasipurkin tilavuuden ansiosta voit valmistaa pitk\u00e4\u00e4n palavia kynttil\u00f6it\u00e4, jotka sopivat t\u00e4ydellisesti tuoksujen ja v\u00e4rien lis\u00e4\u00e4miseen, jotta voit luoda yksil\u00f6llisi\u00e4 tuoksukynttil\u00f6it\u00e4 tai mestariteoksia, joilla voit koristella kotiasi tyylill\u00e4. <\/p>\n<p>Valitse t\u00e4m\u00e4 kynttil\u00e4lasi luodaksesi laadukkaita ja esteettisi\u00e4 kynttil\u00f6it\u00e4, jotka ovat sek\u00e4 k\u00e4yt\u00e4nn\u00f6llisi\u00e4 ett\u00e4 kauniita.<\/p>\n","protected":false},"excerpt":{"rendered":"<p>Ylellinen 950 ml:n kirkas kynttil\u00e4lasi on t\u00e4ydellinen valinta k\u00e4sity\u00f6kynttil\u00f6ille. Soveltuu k\u00e4ytett\u00e4v\u00e4ksi erilaisten vahojen, kuten soijavahan, parafiinivahan, rypsi\u00f6ljyvahan, mehil\u00e4isvahan ja palmuvahan kanssa. Se on l\u00e4mm\u00f6nkest\u00e4v\u00e4, kest\u00e4v\u00e4 ja loistava valinta sek\u00e4 DIY-kynttil\u00f6iden tekij\u00f6ille ett\u00e4 ammattimaisille kynttil\u00f6iden tekij\u00f6ille.  <\/p>\n","protected":false},"featured_media":7246,"template":"","meta":{"site-sidebar-layout":"default","site-content-layout":"","ast-site-content-layout":"default","site-content-style":"default","site-sidebar-style":"default","ast-global-header-display":"","ast-banner-title-visibility":"","ast-main-header-display":"","ast-hfb-above-header-display":"","ast-hfb-below-header-display":"","ast-hfb-mobile-header-display":"","site-post-title":"","ast-breadcrumbs-content":"","ast-featured-img":"","footer-sml-layout":"","ast-disable-related-posts":"","theme-transparent-header-meta":"default","adv-header-id-meta":"","stick-header-meta":"default","header-above-stick-meta":"","header-main-stick-meta":"","header-below-stick-meta":"","astra-migrate-meta-layouts":"default","ast-page-background-enabled":"default","ast-page-background-meta":{"desktop":{"background-color":"","background-image":"","background-repeat":"repeat","background-position":"center center","background-size":"auto","background-attachment":"scroll","background-type":"","background-media":"","overlay-type":"","overlay-color":"","overlay-opacity":"","overlay-gradient":""},"tablet":{"background-color":"","background-image":"","background-repeat":"repeat","background-position":"center center","background-size":"auto","background-attachment":"scroll","background-type":"","background-media":"","overlay-type":"","overlay-color":"","overlay-opacity":"","overlay-gradient":""},"mobile":{"background-color":"","background-image":"","background-repeat":"repeat","background-position":"center center","background-size":"auto","background-attachment":"scroll","background-type":"","background-media":"","overlay-type":"","overlay-color":"","overlay-opacity":"","overlay-gradient":""}},"ast-content-background-meta":{"desktop":{"background-color":"var(--ast-global-color-5)","background-image":"","background-repeat":"repeat","background-position":"center center","background-size":"auto","background-attachment":"scroll","background-type":"","background-media":"","overlay-type":"","overlay-color":"","overlay-opacity":"","overlay-gradient":""},"tablet":{"background-color":"var(--ast-global-color-5)","background-image":"","background-repeat":"repeat","background-position":"center center","background-size":"auto","background-attachment":"scroll","background-type":"","background-media":"","overlay-type":"","overlay-color":"","overlay-opacity":"","overlay-gradient":""},"mobile":{"background-color":"var(--ast-global-color-5)","background-image":"","background-repeat":"repeat","background-position":"center center","background-size":"auto","background-attachment":"scroll","background-type":"","background-media":"","overlay-type":"","overlay-color":"","overlay-opacity":"","overlay-gradient":""}}},"product_brand":[],"product_cat":[163,158],"product_tag":[],"class_list":{"0":"post-14513","1":"product","2":"type-product","3":"status-publish","4":"has-post-thumbnail","6":"product_cat-kynttilalasit-ja-kannet","7":"product_cat-kynttiloiden-valmistus-fi","8":"desktop-align-left","9":"tablet-align-left","10":"mobile-align-left","11":"ast-product-gallery-layout-horizontal","12":"ast-product-gallery-with-no-image","13":"ast-product-tabs-layout-horizontal","15":"first","16":"instock","17":"taxable","18":"shipping-taxable","19":"purchasable","20":"product-type-simple"},"_links":{"self":[{"href":"https:\/\/nordicdiy.ee\/fi\/wp-json\/wp\/v2\/product\/14513","targetHints":{"allow":["GET"]}}],"collection":[{"href":"https:\/\/nordicdiy.ee\/fi\/wp-json\/wp\/v2\/product"}],"about":[{"href":"https:\/\/nordicdiy.ee\/fi\/wp-json\/wp\/v2\/types\/product"}],"wp:featuredmedia":[{"embeddable":true,"href":"https:\/\/nordicdiy.ee\/fi\/wp-json\/wp\/v2\/media\/7246"}],"wp:attachment":[{"href":"https:\/\/nordicdiy.ee\/fi\/wp-json\/wp\/v2\/media?parent=14513"}],"wp:term":[{"taxonomy":"product_brand","embeddable":true,"href":"https:\/\/nordicdiy.ee\/fi\/wp-json\/wp\/v2\/product_brand?post=14513"},{"taxonomy":"product_cat","embeddable":true,"href":"https:\/\/nordicdiy.ee\/fi\/wp-json\/wp\/v2\/product_cat?post=14513"},{"taxonomy":"product_tag","embeddable":true,"href":"https:\/\/nordicdiy.ee\/fi\/wp-json\/wp\/v2\/product_tag?post=14513"}],"curies":[{"name":"wp","href":"https:\/\/api.w.org\/{rel}","templated":true}]}}