{"id":14525,"date":"2025-01-02T15:44:55","date_gmt":"2025-01-02T12:44:55","guid":{"rendered":"https:\/\/nordicdiy.ee\/epood\/Ei-luokiteltu\/stearin\/"},"modified":"2025-08-22T10:52:37","modified_gmt":"2025-08-22T07:52:37","slug":"stearin","status":"publish","type":"product","link":"https:\/\/nordicdiy.ee\/fi\/epood\/kynttiloiden-valmistus-fi\/kynttilavahat-2\/stearin\/","title":{"rendered":"Stearin"},"content":{"rendered":"<p>Steariinia lis\u00e4t\u00e4\u00e4n kynttil\u00e4vahaan (esim. parafiini- tai soijavahaan), jotta kynttil\u00f6ist\u00e4 saadaan kovempia, niiden muoto paranee ja polttoaika pitenee. Sopii erityisen hyvin muotoiltuihin kynttil\u00f6ihin, kuten sylinterin tai kuution muotoisiin kynttil\u00f6ihin, koska kynttil\u00e4t ovat kest\u00e4v\u00e4mpi\u00e4 ja helpommin k\u00e4sitelt\u00e4vi\u00e4. Steariini parantaa my\u00f6s<a href=\"https:\/\/nordicdiy.ee\/fi\/tuote-osasto\/kynttiloiden-valmistus-fi\/kynttilan-varit\/\" target=\"_blank\" rel=\"noopener\"> kynttil\u00e4nv\u00e4rien<\/a> ja <a href=\"https:\/\/nordicdiy.ee\/fi\/tuote-osasto\/aromaoljyt\/\" target=\"_blank\" rel=\"noopener\">tuoksu\u00f6ljyjen<\/a> sitoutumista vahaan, mik\u00e4 auttaa tuoksuja ja v\u00e4rej\u00e4 pysym\u00e4\u00e4n vakaina kynttil\u00e4n palamisen aikana.<br \/>\nSteariinia k\u00e4ytet\u00e4\u00e4n kynttil\u00e4vahassa parantamaan kynttil\u00f6iden palamisominaisuuksia, v\u00e4hent\u00e4m\u00e4\u00e4n noen muodostumista ja est\u00e4m\u00e4\u00e4n sulamista kuumissa olosuhteissa. Steariinia lis\u00e4t\u00e4\u00e4n my\u00f6s esimerkiksi saippuoihin, jotta niist\u00e4 tulisi kovempia ja jotta vaahto lis\u00e4\u00e4ntyisi.   <\/p>\n<p><strong>Steariinin k\u00e4ytt\u00f6 kynttil\u00e4vahan kanssa<\/strong><br \/>\nSteariini sekoitetaan yleens\u00e4 parafiiniin, soijavahaan tai mehil\u00e4isvahaan, koska se ei toimi yksin\u00e4\u00e4n kynttil\u00e4vahana (sulamispiste on liian korkea). T\u00e4ss\u00e4 ovat perussuhteet ja -ohjeet: <\/p>\n<ul>\n<li>Parafiinia 10-30 % . 10 % steariinia antaa peruslujuuden ja mattapinnan. 25-30 % steariinia antaa maksimaalisen lujuuden ja l\u00e4mm\u00f6nkest\u00e4vyyden.  <\/li>\n<li style=\"text-align: left;\">Soijavahaan lis\u00e4t\u00e4\u00e4n v\u00e4hemm\u00e4n steariinia, yleens\u00e4 5-10 %, koska soijavaha on jo luonnostaan tiivist\u00e4.<\/li>\n<li style=\"list-style-type: none;\"><strong><br \/>\nSulamispiste<br \/>\n<\/strong>Steariinin sulamispiste on 54-72 \u00b0C sen alkuper\u00e4st\u00e4 ja puhtaudesta riippuen. <span style=\"font-size: 16px;\">Sulamisl\u00e4mp\u00f6tila on 70-80 \u00b0C, jotta se sekoittuu tasaisesti muiden vahojen kanssa.<\/span><\/li>\n<\/ul>\n","protected":false},"excerpt":{"rendered":"<p>Steariinia lis\u00e4t\u00e4\u00e4n kynttil\u00e4vahaan (esim. parafiini- tai soijavahaan), jotta kynttil\u00f6ist\u00e4 saadaan kovempia, niiden muoto paranee ja polttoaika pitenee. Sopii erityisen hyvin muotoiltuihin kynttil\u00f6ihin, kuten sylinterin tai kuution muotoisiin kynttil\u00f6ihin, koska kynttil\u00e4t ovat kest\u00e4v\u00e4mpi\u00e4 ja helpommin k\u00e4sitelt\u00e4vi\u00e4. Steariini parantaa my\u00f6s v\u00e4rien ja tuoksu\u00f6ljyjen sitoutumista vahaan, mik\u00e4 auttaa tuoksuja ja v\u00e4rej\u00e4 pysym\u00e4\u00e4n vakaina kynttil\u00e4n palamisen aikana.  <\/p>\n","protected":false},"featured_media":7226,"template":"","meta":{"site-sidebar-layout":"default","site-content-layout":"","ast-site-content-layout":"default","site-content-style":"default","site-sidebar-style":"default","ast-global-header-display":"","ast-banner-title-visibility":"","ast-main-header-display":"","ast-hfb-above-header-display":"","ast-hfb-below-header-display":"","ast-hfb-mobile-header-display":"","site-post-title":"","ast-breadcrumbs-content":"","ast-featured-img":"","footer-sml-layout":"","ast-disable-related-posts":"","theme-transparent-header-meta":"default","adv-header-id-meta":"","stick-header-meta":"default","header-above-stick-meta":"","header-main-stick-meta":"","header-below-stick-meta":"","astra-migrate-meta-layouts":"default","ast-page-background-enabled":"default","ast-page-background-meta":{"desktop":{"background-color":"","background-image":"","background-repeat":"repeat","background-position":"center center","background-size":"auto","background-attachment":"scroll","background-type":"","background-media":"","overlay-type":"","overlay-color":"","overlay-opacity":"","overlay-gradient":""},"tablet":{"background-color":"","background-image":"","background-repeat":"repeat","background-position":"center center","background-size":"auto","background-attachment":"scroll","background-type":"","background-media":"","overlay-type":"","overlay-color":"","overlay-opacity":"","overlay-gradient":""},"mobile":{"background-color":"","background-image":"","background-repeat":"repeat","background-position":"center center","background-size":"auto","background-attachment":"scroll","background-type":"","background-media":"","overlay-type":"","overlay-color":"","overlay-opacity":"","overlay-gradient":""}},"ast-content-background-meta":{"desktop":{"background-color":"var(--ast-global-color-5)","background-image":"","background-repeat":"repeat","background-position":"center center","background-size":"auto","background-attachment":"scroll","background-type":"","background-media":"","overlay-type":"","overlay-color":"","overlay-opacity":"","overlay-gradient":""},"tablet":{"background-color":"var(--ast-global-color-5)","background-image":"","background-repeat":"repeat","background-position":"center center","background-size":"auto","background-attachment":"scroll","background-type":"","background-media":"","overlay-type":"","overlay-color":"","overlay-opacity":"","overlay-gradient":""},"mobile":{"background-color":"var(--ast-global-color-5)","background-image":"","background-repeat":"repeat","background-position":"center center","background-size":"auto","background-attachment":"scroll","background-type":"","background-media":"","overlay-type":"","overlay-color":"","overlay-opacity":"","overlay-gradient":""}}},"product_brand":[],"product_cat":[160,158],"product_tag":[],"class_list":{"0":"post-14525","1":"product","2":"type-product","3":"status-publish","4":"has-post-thumbnail","6":"product_cat-kynttilavahat-2","7":"product_cat-kynttiloiden-valmistus-fi","8":"desktop-align-left","9":"tablet-align-left","10":"mobile-align-left","11":"ast-product-gallery-layout-horizontal","12":"ast-product-gallery-with-no-image","13":"ast-product-single-variable","14":"ast-product-tabs-layout-horizontal","16":"first","17":"instock","18":"taxable","19":"shipping-taxable","20":"purchasable","21":"product-type-variable"},"_links":{"self":[{"href":"https:\/\/nordicdiy.ee\/fi\/wp-json\/wp\/v2\/product\/14525","targetHints":{"allow":["GET"]}}],"collection":[{"href":"https:\/\/nordicdiy.ee\/fi\/wp-json\/wp\/v2\/product"}],"about":[{"href":"https:\/\/nordicdiy.ee\/fi\/wp-json\/wp\/v2\/types\/product"}],"wp:featuredmedia":[{"embeddable":true,"href":"https:\/\/nordicdiy.ee\/fi\/wp-json\/wp\/v2\/media\/7226"}],"wp:attachment":[{"href":"https:\/\/nordicdiy.ee\/fi\/wp-json\/wp\/v2\/media?parent=14525"}],"wp:term":[{"taxonomy":"product_brand","embeddable":true,"href":"https:\/\/nordicdiy.ee\/fi\/wp-json\/wp\/v2\/product_brand?post=14525"},{"taxonomy":"product_cat","embeddable":true,"href":"https:\/\/nordicdiy.ee\/fi\/wp-json\/wp\/v2\/product_cat?post=14525"},{"taxonomy":"product_tag","embeddable":true,"href":"https:\/\/nordicdiy.ee\/fi\/wp-json\/wp\/v2\/product_tag?post=14525"}],"curies":[{"name":"wp","href":"https:\/\/api.w.org\/{rel}","templated":true}]}}