{"id":14713,"date":"2025-01-06T10:14:34","date_gmt":"2025-01-06T07:14:34","guid":{"rendered":"https:\/\/nordicdiy.ee\/epood\/Ei-luokiteltu\/kodin-tuoksupohja-nestemainen-orgaaninen-ufigreen-no-7\/"},"modified":"2026-05-06T02:34:55","modified_gmt":"2026-05-05T23:34:55","slug":"kodin-tuoksupohja-nestemainen-orgaaninen-ufigreen-no-7","status":"publish","type":"product","link":"https:\/\/nordicdiy.ee\/fi\/epood\/huonetuoksun-valmistaminen\/huoneenraikastinpohja-ja-puikot\/kodin-tuoksupohja-nestemainen-orgaaninen-ufigreen-no-7\/","title":{"rendered":"Kotituoksun perusneste orgaaninen, UFIGREEN No 7"},"content":{"rendered":"<p>Reed Diffuser Base No. 7 AF74 4220 UFI GREEN, REACH: 01-2119450011-60-XXXX.<\/p>\n<p><strong>Kauan odotettu UFIGREEN-perusneste kotiparfyymien valmistajille!<\/strong><br \/>\nPerusneste on suunniteltu erityisesti tikkudiffuusoreihin, ja se on ihanteellinen valinta niille, jotka arvostavat puhtautta ja laatua. Yhdist\u00e4m\u00e4ll\u00e4 UFIGREEN-sarjan tuoksu\u00f6ljyn No.7 Base Fluidin kanssa saat aikaan puhtaimmat ja turvallisimmat diffuusorit. <a href=\"https:\/\/nordicdiy.ee\/product-category\/aroomiolid\/ufigreen\/\">UFIGREEN-tuoksu\u00f6ljyt<\/a> l\u00f6yd\u00e4t verkkosivuiltamme <a href=\"https:\/\/nordicdiy.ee\/product-category\/aroomiolid\/ufigreen\/\">t\u00e4\u00e4lt\u00e4.<\/a> <\/p>\n<p>Perusneste on neutraali eik\u00e4 vaikuta hajuominaisuuksiin, mik\u00e4 takaa, ett\u00e4 valittu tuoksu pysyy aitona ja miellytt\u00e4v\u00e4n\u00e4. Lis\u00e4ksi se haihtuu hallitusti, mik\u00e4 takaa pitk\u00e4kestoisen ja tasaisen hajun levi\u00e4misen. T\u00e4ydellinen ratkaisu kotik\u00e4ytt\u00f6\u00f6n tekem\u00e4\u00e4n huoneesta viihtyis\u00e4n ja miellytt\u00e4v\u00e4n tuoksuisen.  <\/p>\n<p><strong>Koe laatu ja mukavuus UFIGREEN-tuotteiden avulla!<\/strong><\/p>\n<p>Kotituoksun perusneste nro 7 sis\u00e4lt\u00e4\u00e4 orgaanista kemikaalia di(propyleeniglykoli)metyylieetteri\u00e4, joka on orgaaninen kemikaali (liuotin).<\/p>\n<p><strong>Tuoksun annostelu:<\/strong><br \/>\nSuositeltu tuoksu\u00f6ljyn m\u00e4\u00e4r\u00e4 on 15-25 % tuoksu\u00f6ljy\u00e4 ja 75-85 % perusnestett\u00e4.<\/p>\n<p>&nbsp;<\/p>\n","protected":false},"excerpt":{"rendered":"<p><strong>Kauan odotettu UFIGREEN-perusneste kotiparfyymien valmistajille!  <\/strong>Perusneste on suunniteltu erityisesti tikkudiffuusoreihin, ja se on ihanteellinen valinta niille, jotka arvostavat puhtautta ja laatua. Yhdist\u00e4m\u00e4ll\u00e4 UFIGREEN-sarjan tuoksu\u00f6ljyn No.7 Base Fluidin kanssa luot markkinoiden puhtaimmat ja turvallisimmat diffuusorit. <a href=\"https:\/\/nordicdiy.ee\/product-category\/aroomiolid\/ufigreen\/\">UFIGREEN-tuoksu\u00f6ljyt l\u00f6yd\u00e4t<\/a> verkkosivuiltamme <a href=\"https:\/\/nordicdiy.ee\/product-category\/aroomiolid\/ufigreen\/\">t\u00e4\u00e4lt\u00e4.<\/a> Suositeltu tuoksu\u00f6ljyn m\u00e4\u00e4r\u00e4 on 15-25 % tuoksu\u00f6ljy\u00e4 ja 75-85 % perusnestett\u00e4. Haihtuminen 7-8 viikkoa.   <\/p>\n","protected":false},"featured_media":28581,"template":"","meta":{"site-sidebar-layout":"default","site-content-layout":"","ast-site-content-layout":"default","site-content-style":"default","site-sidebar-style":"default","ast-global-header-display":"","ast-banner-title-visibility":"","ast-main-header-display":"","ast-hfb-above-header-display":"","ast-hfb-below-header-display":"","ast-hfb-mobile-header-display":"","site-post-title":"","ast-breadcrumbs-content":"","ast-featured-img":"","footer-sml-layout":"","ast-disable-related-posts":"","theme-transparent-header-meta":"default","adv-header-id-meta":"","stick-header-meta":"default","header-above-stick-meta":"","header-main-stick-meta":"","header-below-stick-meta":"","astra-migrate-meta-layouts":"default","ast-page-background-enabled":"default","ast-page-background-meta":{"desktop":{"background-color":"","background-image":"","background-repeat":"repeat","background-position":"center center","background-size":"auto","background-attachment":"scroll","background-type":"","background-media":"","overlay-type":"","overlay-color":"","overlay-opacity":"","overlay-gradient":""},"tablet":{"background-color":"","background-image":"","background-repeat":"repeat","background-position":"center center","background-size":"auto","background-attachment":"scroll","background-type":"","background-media":"","overlay-type":"","overlay-color":"","overlay-opacity":"","overlay-gradient":""},"mobile":{"background-color":"","background-image":"","background-repeat":"repeat","background-position":"center center","background-size":"auto","background-attachment":"scroll","background-type":"","background-media":"","overlay-type":"","overlay-color":"","overlay-opacity":"","overlay-gradient":""}},"ast-content-background-meta":{"desktop":{"background-color":"var(--ast-global-color-5)","background-image":"","background-repeat":"repeat","background-position":"center center","background-size":"auto","background-attachment":"scroll","background-type":"","background-media":"","overlay-type":"","overlay-color":"","overlay-opacity":"","overlay-gradient":""},"tablet":{"background-color":"var(--ast-global-color-5)","background-image":"","background-repeat":"repeat","background-position":"center center","background-size":"auto","background-attachment":"scroll","background-type":"","background-media":"","overlay-type":"","overlay-color":"","overlay-opacity":"","overlay-gradient":""},"mobile":{"background-color":"var(--ast-global-color-5)","background-image":"","background-repeat":"repeat","background-position":"center center","background-size":"auto","background-attachment":"scroll","background-type":"","background-media":"","overlay-type":"","overlay-color":"","overlay-opacity":"","overlay-gradient":""}}},"product_brand":[],"product_cat":[417,220,207],"product_tag":[],"class_list":{"0":"post-14713","1":"product","2":"type-product","3":"status-publish","4":"has-post-thumbnail","6":"product_cat-erikoistarjoukset","7":"product_cat-huoneenraikastinpohja-ja-puikot","8":"product_cat-huonetuoksun-valmistaminen","9":"desktop-align-left","10":"tablet-align-left","11":"mobile-align-left","12":"ast-product-gallery-layout-horizontal","13":"ast-product-gallery-with-no-image","14":"ast-product-single-variable","15":"ast-product-tabs-layout-horizontal","17":"first","18":"instock","19":"taxable","20":"shipping-taxable","21":"purchasable","22":"product-type-variable","23":"has-default-attributes"},"_links":{"self":[{"href":"https:\/\/nordicdiy.ee\/fi\/wp-json\/wp\/v2\/product\/14713","targetHints":{"allow":["GET"]}}],"collection":[{"href":"https:\/\/nordicdiy.ee\/fi\/wp-json\/wp\/v2\/product"}],"about":[{"href":"https:\/\/nordicdiy.ee\/fi\/wp-json\/wp\/v2\/types\/product"}],"wp:featuredmedia":[{"embeddable":true,"href":"https:\/\/nordicdiy.ee\/fi\/wp-json\/wp\/v2\/media\/28581"}],"wp:attachment":[{"href":"https:\/\/nordicdiy.ee\/fi\/wp-json\/wp\/v2\/media?parent=14713"}],"wp:term":[{"taxonomy":"product_brand","embeddable":true,"href":"https:\/\/nordicdiy.ee\/fi\/wp-json\/wp\/v2\/product_brand?post=14713"},{"taxonomy":"product_cat","embeddable":true,"href":"https:\/\/nordicdiy.ee\/fi\/wp-json\/wp\/v2\/product_cat?post=14713"},{"taxonomy":"product_tag","embeddable":true,"href":"https:\/\/nordicdiy.ee\/fi\/wp-json\/wp\/v2\/product_tag?post=14713"}],"curies":[{"name":"wp","href":"https:\/\/api.w.org\/{rel}","templated":true}]}}