{"id":14815,"date":"2025-01-06T17:40:43","date_gmt":"2025-01-06T14:40:43","guid":{"rendered":"https:\/\/nordicdiy.ee\/epood\/Ei-luokiteltu\/kodin-tuoksupohjaneste-jossa-on-alkoholia-nro-6\/"},"modified":"2026-03-11T15:13:18","modified_gmt":"2026-03-11T12:13:18","slug":"kodin-tuoksupohjaneste-jossa-on-alkoholia-nro-6","status":"publish","type":"product","link":"https:\/\/nordicdiy.ee\/fi\/epood\/huonetuoksun-valmistaminen\/huoneen-mash-tilat\/kodin-tuoksupohjaneste-jossa-on-alkoholia-nro-6\/","title":{"rendered":"Kodin tuoksupohjaneste, jossa on alkoholia nro 6"},"content":{"rendered":"<p>Reed Diffuser Base No. 6 AF74 1333 UFI Ready.<\/p>\n<p>Kodintuoksuneste nro 6 on laadukas ja erinomainen valinta miellytt\u00e4v\u00e4n ja tuoksuvan ilmapiirin luomiseen.<\/p>\n<ul>\n<li>Sis\u00e4lt\u00e4\u00e4 kosmetiikan kannalta eritt\u00e4in puhdasta alkoholia, joka takaa tuoksujen tehokkaan ja tasaisen levi\u00e4misen.<\/li>\n<li>Se on valmistettu luonnollisista ainesosista, jotka tekev\u00e4t tuotteesta ymp\u00e4rist\u00f6yst\u00e4v\u00e4llisen ja turvallisen.<\/li>\n<li>Biohajoava tuote, joka on turvallinen luonnolle ja kest\u00e4v\u00e4.<\/li>\n<li>Ei sis\u00e4ll\u00e4 ftalaatteja eik\u00e4 raskasmetalleja, joten se on turvallinen k\u00e4ytett\u00e4v\u00e4ksi herkemmiss\u00e4 ymp\u00e4rist\u00f6iss\u00e4.<\/li>\n<li>Monipuolinen k\u00e4ytt\u00f6: sopii kodin tuoksuihin, ilmanraikastimiin ja huonesuihkeisiin.<\/li>\n<li>Ei testattu el\u00e4imill\u00e4.<\/li>\n<li>Hidas haihtuminen: yhden t\u00e4yt\u00f6n kesto on 4-5 viikkoa.<\/li>\n<li>Se ei j\u00e4t\u00e4 \u00f6ljyist\u00e4 tuoksua pinnoille, joten sit\u00e4 on turvallista k\u00e4ytt\u00e4\u00e4 kaikilla pinnoilla.<\/li>\n<li>Sis\u00e4lt\u00e4\u00e4 50 % alkoholia, joka optimoi kotituoksun tehon ja takaa pitk\u00e4aikaisen k\u00e4yt\u00f6n.\n<p><strong>Tuoksun annostelu:<\/strong><br \/>\nSuositeltu tuoksu\u00f6ljyn m\u00e4\u00e4r\u00e4 on 15-25 % tuoksu\u00f6ljy\u00e4 ja 75-85 % perusnestett\u00e4. Paras valinta kodin tuoksuksi tai huonesuihkeeksi! Kodintuoksun perusneste nro 6 on ihanteellinen ratkaisu niille, jotka etsiv\u00e4t laadukasta ja ymp\u00e4rist\u00f6yst\u00e4v\u00e4llist\u00e4 tuotetta luomaan miellytt\u00e4v\u00e4\u00e4 tunnelmaa mihin tahansa huoneeseen.<br \/>\nT\u00c4RKE\u00c4\u00c4!<br \/>\n<img decoding=\"async\" class=\"\" src=\"https:\/\/nordicdiy.ee\/wp-content\/uploads\/2025\/02\/eriti-tuleohtlik.jpg\" width=\"70\" height=\"70\"><\/li>\n<\/ul>\n","protected":false},"excerpt":{"rendered":"<p>Paras valinta kodin tuoksuksi tai huonesuihkeeksi! Kotituoksun perusneste nro 6 on ihanteellinen ratkaisu niille, jotka etsiv\u00e4t korkealaatuista perusnestett\u00e4, jonka haihtuminen on optimaalista. Haihtuu 4-5 viikossa. Sis\u00e4lt\u00e4\u00e4 puhdasta kosmeettista alkoholia. Erinomainen k\u00e4ytett\u00e4v\u00e4ksi tuoksusuihkeissa - ei j\u00e4t\u00e4 \u00f6ljyisi\u00e4 j\u00e4\u00e4mi\u00e4 pinnoille, joten on turvallinen k\u00e4ytt\u00e4\u00e4 kaikilla pinnoilla.    <\/p>\n","protected":false},"featured_media":28577,"template":"","meta":{"site-sidebar-layout":"default","site-content-layout":"","ast-site-content-layout":"default","site-content-style":"default","site-sidebar-style":"default","ast-global-header-display":"","ast-banner-title-visibility":"","ast-main-header-display":"","ast-hfb-above-header-display":"","ast-hfb-below-header-display":"","ast-hfb-mobile-header-display":"","site-post-title":"","ast-breadcrumbs-content":"","ast-featured-img":"","footer-sml-layout":"","ast-disable-related-posts":"","theme-transparent-header-meta":"default","adv-header-id-meta":"","stick-header-meta":"default","header-above-stick-meta":"","header-main-stick-meta":"","header-below-stick-meta":"","astra-migrate-meta-layouts":"default","ast-page-background-enabled":"default","ast-page-background-meta":{"desktop":{"background-color":"","background-image":"","background-repeat":"repeat","background-position":"center center","background-size":"auto","background-attachment":"scroll","background-type":"","background-media":"","overlay-type":"","overlay-color":"","overlay-opacity":"","overlay-gradient":""},"tablet":{"background-color":"","background-image":"","background-repeat":"repeat","background-position":"center center","background-size":"auto","background-attachment":"scroll","background-type":"","background-media":"","overlay-type":"","overlay-color":"","overlay-opacity":"","overlay-gradient":""},"mobile":{"background-color":"","background-image":"","background-repeat":"repeat","background-position":"center center","background-size":"auto","background-attachment":"scroll","background-type":"","background-media":"","overlay-type":"","overlay-color":"","overlay-opacity":"","overlay-gradient":""}},"ast-content-background-meta":{"desktop":{"background-color":"var(--ast-global-color-5)","background-image":"","background-repeat":"repeat","background-position":"center center","background-size":"auto","background-attachment":"scroll","background-type":"","background-media":"","overlay-type":"","overlay-color":"","overlay-opacity":"","overlay-gradient":""},"tablet":{"background-color":"var(--ast-global-color-5)","background-image":"","background-repeat":"repeat","background-position":"center center","background-size":"auto","background-attachment":"scroll","background-type":"","background-media":"","overlay-type":"","overlay-color":"","overlay-opacity":"","overlay-gradient":""},"mobile":{"background-color":"var(--ast-global-color-5)","background-image":"","background-repeat":"repeat","background-position":"center center","background-size":"auto","background-attachment":"scroll","background-type":"","background-media":"","overlay-type":"","overlay-color":"","overlay-opacity":"","overlay-gradient":""}}},"product_brand":[],"product_cat":[208,220,207],"product_tag":[],"class_list":{"0":"post-14815","1":"product","2":"type-product","3":"status-publish","4":"has-post-thumbnail","6":"product_cat-huoneen-mash-tilat","7":"product_cat-huoneenraikastinpohja-ja-puikot","8":"product_cat-huonetuoksun-valmistaminen","9":"desktop-align-left","10":"tablet-align-left","11":"mobile-align-left","12":"ast-product-gallery-layout-horizontal","13":"ast-product-gallery-with-no-image","14":"ast-product-single-variable","15":"ast-product-tabs-layout-horizontal","17":"first","18":"instock","19":"taxable","20":"shipping-taxable","21":"purchasable","22":"product-type-variable","23":"has-default-attributes"},"_links":{"self":[{"href":"https:\/\/nordicdiy.ee\/fi\/wp-json\/wp\/v2\/product\/14815","targetHints":{"allow":["GET"]}}],"collection":[{"href":"https:\/\/nordicdiy.ee\/fi\/wp-json\/wp\/v2\/product"}],"about":[{"href":"https:\/\/nordicdiy.ee\/fi\/wp-json\/wp\/v2\/types\/product"}],"wp:featuredmedia":[{"embeddable":true,"href":"https:\/\/nordicdiy.ee\/fi\/wp-json\/wp\/v2\/media\/28577"}],"wp:attachment":[{"href":"https:\/\/nordicdiy.ee\/fi\/wp-json\/wp\/v2\/media?parent=14815"}],"wp:term":[{"taxonomy":"product_brand","embeddable":true,"href":"https:\/\/nordicdiy.ee\/fi\/wp-json\/wp\/v2\/product_brand?post=14815"},{"taxonomy":"product_cat","embeddable":true,"href":"https:\/\/nordicdiy.ee\/fi\/wp-json\/wp\/v2\/product_cat?post=14815"},{"taxonomy":"product_tag","embeddable":true,"href":"https:\/\/nordicdiy.ee\/fi\/wp-json\/wp\/v2\/product_tag?post=14815"}],"curies":[{"name":"wp","href":"https:\/\/api.w.org\/{rel}","templated":true}]}}