{"id":14927,"date":"2024-09-20T15:42:46","date_gmt":"2024-09-20T12:42:46","guid":{"rendered":"https:\/\/nordicdiy.ee\/epood\/Ei-luokiteltu\/esileikattu-sydanlanka-wedo-bio-13-h12cm\/"},"modified":"2026-02-25T03:01:22","modified_gmt":"2026-02-25T00:01:22","slug":"esileikattu-sydanlanka-wedo-bio-13-h12cm","status":"publish","type":"product","link":"https:\/\/nordicdiy.ee\/fi\/epood\/kynttiloiden-valmistus-fi\/kynttilan-sydanlangat-ja-alustat\/esileikattu-sydanlanka-wedo-bio-13-h12cm\/","title":{"rendered":"Esileikattu syd\u00e4nlanka Wedo BIO 13 h12cm"},"content":{"rendered":"<p>Valmiiksi p\u00e4\u00e4llystetty Wedo-kynttil\u00e4njalka on valmistettu luonnonmateriaaleista, ja se sopii erinomaisesti erilaisten kynttil\u00f6iden, my\u00f6s kasvivahoista valmistettujen kynttil\u00f6iden, valmistamiseen. Wedo-kynttil\u00e4n syd\u00e4met eiv\u00e4t sis\u00e4ll\u00e4 metalleja, eiv\u00e4tk\u00e4 ne tuota poltettaessa myrkyllisi\u00e4 aineita, mik\u00e4 takaa puhtaan ja tasaisen palamisen. Kynttil\u00e4n syd\u00e4nlanka on valmiiksi valkaistu, leikattu 12 cm:n pituiseksi ja siin\u00e4 on 1,5 cm:n metallinen pohja.  <\/p>\n<p>Wedo-langat on valmistettu litteist\u00e4 puuvillakuiduista, jotka on kudottu paperikuitujen kanssa, jotka ovat rakenteeltaan j\u00e4ykempi\u00e4, jotta kynttil\u00e4n kaataminen olisi helpompaa. Siivet soveltuvat erityisen hyvin kynttil\u00f6iden valmistukseen luonnonvahoista, joissa on aromaattisia \u00f6ljyj\u00e4, mutta niit\u00e4 voidaan k\u00e4ytt\u00e4\u00e4 my\u00f6s parafiinikynttil\u00f6ihin.  Wedo-vahat kest\u00e4v\u00e4t kuumempia polttoja ja sopivat sek\u00e4 lasi- ett\u00e4 kiinteisiin kynttil\u00f6ihin, erityisesti kasvivahoihin.<\/p>\n<p>Kynttil\u00f6it\u00e4 kannattaa testata ennen suuren m\u00e4\u00e4r\u00e4n valmistamista.<\/p>\n<p>Savityyppi lasin koon mukaan:<\/p>\n<ul>\n<li>BIO 6 t\u00e4ytt\u00e4\u00e4 55mm - 65mm<\/li>\n<li>BIO 8 t\u00e4ytt\u00e4\u00e4 60mm - 70mm<\/li>\n<li>BIO 10 t\u00e4ytt\u00e4\u00e4 65mm - 73mm<\/li>\n<li>BIO 12 t\u00e4ytt\u00e4\u00e4 70mm - 76mm<\/li>\n<li>BIO 13 t\u00e4ytt\u00e4\u00e4 75mm - 80mm<\/li>\n<li>BIO 14 t\u00e4ytt\u00e4\u00e4 80mm - 85mm<\/li>\n<\/ul>\n","protected":false},"excerpt":{"rendered":"<p>Valmiiksi p\u00e4\u00e4llystetty Wedo-kynttil\u00e4njalka on valmistettu luonnonmateriaaleista, ja se sopii erinomaisesti erilaisten kynttil\u00f6iden, my\u00f6s kasvivahoista valmistettujen kynttil\u00f6iden, valmistamiseen. Wedo-kynttil\u00e4n syd\u00e4met eiv\u00e4t sis\u00e4ll\u00e4 metalleja, eiv\u00e4tk\u00e4 ne tuota poltettaessa myrkyllisi\u00e4 aineita, mik\u00e4 takaa puhtaan ja tasaisen palamisen. Kynttil\u00e4n syd\u00e4nlanka on valmiiksi valkaistu, leikattu 12 cm:n pituiseksi ja siin\u00e4 on 1,5 cm:n metallinen pohja. Siivet soveltuvat kynttil\u00f6ille, joissa on korkeampi tuoksu- ja v\u00e4ripitoisuus, sek\u00e4 parafiinista ja muista kasvivahoista (paitsi soijasta) valmistetuille kynttil\u00f6ille.   <\/p>\n","protected":false},"featured_media":6646,"template":"","meta":{"site-sidebar-layout":"default","site-content-layout":"","ast-site-content-layout":"default","site-content-style":"default","site-sidebar-style":"default","ast-global-header-display":"","ast-banner-title-visibility":"","ast-main-header-display":"","ast-hfb-above-header-display":"","ast-hfb-below-header-display":"","ast-hfb-mobile-header-display":"","site-post-title":"","ast-breadcrumbs-content":"","ast-featured-img":"","footer-sml-layout":"","ast-disable-related-posts":"","theme-transparent-header-meta":"default","adv-header-id-meta":"","stick-header-meta":"default","header-above-stick-meta":"","header-main-stick-meta":"","header-below-stick-meta":"","astra-migrate-meta-layouts":"default","ast-page-background-enabled":"default","ast-page-background-meta":{"desktop":{"background-color":"","background-image":"","background-repeat":"repeat","background-position":"center center","background-size":"auto","background-attachment":"scroll","background-type":"","background-media":"","overlay-type":"","overlay-color":"","overlay-opacity":"","overlay-gradient":""},"tablet":{"background-color":"","background-image":"","background-repeat":"repeat","background-position":"center center","background-size":"auto","background-attachment":"scroll","background-type":"","background-media":"","overlay-type":"","overlay-color":"","overlay-opacity":"","overlay-gradient":""},"mobile":{"background-color":"","background-image":"","background-repeat":"repeat","background-position":"center center","background-size":"auto","background-attachment":"scroll","background-type":"","background-media":"","overlay-type":"","overlay-color":"","overlay-opacity":"","overlay-gradient":""}},"ast-content-background-meta":{"desktop":{"background-color":"var(--ast-global-color-5)","background-image":"","background-repeat":"repeat","background-position":"center center","background-size":"auto","background-attachment":"scroll","background-type":"","background-media":"","overlay-type":"","overlay-color":"","overlay-opacity":"","overlay-gradient":""},"tablet":{"background-color":"var(--ast-global-color-5)","background-image":"","background-repeat":"repeat","background-position":"center center","background-size":"auto","background-attachment":"scroll","background-type":"","background-media":"","overlay-type":"","overlay-color":"","overlay-opacity":"","overlay-gradient":""},"mobile":{"background-color":"var(--ast-global-color-5)","background-image":"","background-repeat":"repeat","background-position":"center center","background-size":"auto","background-attachment":"scroll","background-type":"","background-media":"","overlay-type":"","overlay-color":"","overlay-opacity":"","overlay-gradient":""}}},"product_brand":[],"product_cat":[200,158],"product_tag":[],"class_list":{"0":"post-14927","1":"product","2":"type-product","3":"status-publish","4":"has-post-thumbnail","6":"product_cat-kynttilan-sydanlangat-ja-alustat","7":"product_cat-kynttiloiden-valmistus-fi","8":"desktop-align-left","9":"tablet-align-left","10":"mobile-align-left","11":"ast-product-gallery-layout-horizontal","12":"ast-product-gallery-with-no-image","13":"ast-product-single-variable","14":"ast-product-tabs-layout-horizontal","16":"first","17":"instock","18":"taxable","19":"shipping-taxable","20":"purchasable","21":"product-type-variable"},"_links":{"self":[{"href":"https:\/\/nordicdiy.ee\/fi\/wp-json\/wp\/v2\/product\/14927","targetHints":{"allow":["GET"]}}],"collection":[{"href":"https:\/\/nordicdiy.ee\/fi\/wp-json\/wp\/v2\/product"}],"about":[{"href":"https:\/\/nordicdiy.ee\/fi\/wp-json\/wp\/v2\/types\/product"}],"wp:featuredmedia":[{"embeddable":true,"href":"https:\/\/nordicdiy.ee\/fi\/wp-json\/wp\/v2\/media\/6646"}],"wp:attachment":[{"href":"https:\/\/nordicdiy.ee\/fi\/wp-json\/wp\/v2\/media?parent=14927"}],"wp:term":[{"taxonomy":"product_brand","embeddable":true,"href":"https:\/\/nordicdiy.ee\/fi\/wp-json\/wp\/v2\/product_brand?post=14927"},{"taxonomy":"product_cat","embeddable":true,"href":"https:\/\/nordicdiy.ee\/fi\/wp-json\/wp\/v2\/product_cat?post=14927"},{"taxonomy":"product_tag","embeddable":true,"href":"https:\/\/nordicdiy.ee\/fi\/wp-json\/wp\/v2\/product_tag?post=14927"}],"curies":[{"name":"wp","href":"https:\/\/api.w.org\/{rel}","templated":true}]}}