{"id":14944,"date":"2024-09-20T12:02:04","date_gmt":"2024-09-20T09:02:04","guid":{"rendered":"https:\/\/nordicdiy.ee\/epood\/Ei-luokiteltu\/nestemainen-kynsilakkavaha-acl2-0296-vegaaninen-ja-turvallinen\/"},"modified":"2025-12-02T00:43:58","modified_gmt":"2025-12-01T21:43:58","slug":"nestemainen-kynsilakkavaha-acl2-0296-vegaaninen-ja-turvallinen","status":"publish","type":"product","link":"https:\/\/nordicdiy.ee\/fi\/epood\/kynttiloiden-valmistus-fi\/kynttilan-varit\/nestemainen-kynsilakkavaha-acl2-0296-vegaaninen-ja-turvallinen\/","title":{"rendered":"Nestem\u00e4inen vahav\u00e4ri ACL2 0296 - vegaaninen ja turvallinen."},"content":{"rendered":"<p>UFIGREEN-logolla varustetut nestem\u00e4iset ACL-v\u00e4riaineet ovat korkealaatuisia, luokittelemattomia v\u00e4riaineita, jotka eiv\u00e4t vaikuta kynttil\u00f6iden turvallisuusmerkint\u00e4\u00e4n. Eritt\u00e4in k\u00e4tev\u00e4 k\u00e4ytt\u00e4\u00e4, sekoittuu nopeasti ja tasaisesti, vain hyvin pieni m\u00e4\u00e4r\u00e4 v\u00e4riainetta tarvitaan kynttil\u00e4n v\u00e4rj\u00e4\u00e4miseen halutulla v\u00e4rill\u00e4. 2g v\u00e4riaineita 1-2kg vahaa. Ne soveltuvat erinomaisesti soija- ja parafiinivahaisten kynttil\u00f6iden valmistukseen ja t\u00e4ytt\u00e4v\u00e4t tiukimmat turvallisuus- ja ymp\u00e4rist\u00f6standardit.   <\/p>\n<p><strong>Tuotteen ominaisuudet:<\/strong><\/p>\n<ul>\n<li>Vegaaninen ja el\u00e4imill\u00e4 testaamaton<\/li>\n<li>ftalaatti- ja raskasmetallivapaa<\/li>\n<li>Ei sis\u00e4ll\u00e4 palmu\u00f6ljy\u00e4 tai sen johdannaisia.<\/li>\n<li>REACH-asetuksen (EU 1907\/2006) ja standardin EN 71-3:2019-08 mukainen.<\/li>\n<li>SVHC-vapaa (erityist\u00e4 huolta aiheuttava aine)<\/li>\n<li>Luokittelematon CLP-asetuksen mukaisesti<\/li>\n<\/ul>\n<p><strong>K\u00e4ytt\u00f6opas:<\/strong><\/p>\n<ul>\n<li>Sulata soijavaha tai parafiini 60-65 \u00b0C:ssa.<\/li>\n<li>Lis\u00e4\u00e4 nestem\u00e4ist\u00e4 v\u00e4riainetta 0,1-0,2 % (2 g v\u00e4rj\u00e4\u00e4 1-2 kg vahaa).<\/li>\n<li>Lis\u00e4\u00e4 UFIGREEN-tuoksu\u00f6ljy ja sekoita.<\/li>\n<li>Kaada valmis kynttil\u00e4massa muottiin tai lasiastiaan.<\/li>\n<li>ACL:n nestem\u00e4isi\u00e4 v\u00e4rej\u00e4 voidaan k\u00e4ytt\u00e4\u00e4 my\u00f6s kastettujen kynttil\u00f6iden valmistukseen.<\/li>\n<\/ul>\n","protected":false},"excerpt":{"rendered":"<p>UFIGREEN-logolla varustetut nestem\u00e4iset ACL-v\u00e4riaineet ovat korkealaatuisia, luokittelemattomia v\u00e4riaineita, jotka eiv\u00e4t vaikuta kynttil\u00f6iden turvallisuusmerkint\u00e4\u00e4n. Eritt\u00e4in k\u00e4tev\u00e4 k\u00e4ytt\u00e4\u00e4, sekoittuu nopeasti ja tasaisesti, vain hyvin pieni m\u00e4\u00e4r\u00e4 v\u00e4riainetta tarvitaan kynttil\u00e4n v\u00e4rj\u00e4\u00e4miseen halutulla v\u00e4rill\u00e4. 2g v\u00e4riaineita 1-2kg vahaa. Ne soveltuvat erinomaisesti soija- ja parafiinivahaisten kynttil\u00f6iden valmistukseen ja t\u00e4ytt\u00e4v\u00e4t tiukimmat turvallisuus- ja ymp\u00e4rist\u00f6standardit.   <\/p>\n","protected":false},"featured_media":6621,"template":"","meta":{"site-sidebar-layout":"default","site-content-layout":"","ast-site-content-layout":"default","site-content-style":"default","site-sidebar-style":"default","ast-global-header-display":"","ast-banner-title-visibility":"","ast-main-header-display":"","ast-hfb-above-header-display":"","ast-hfb-below-header-display":"","ast-hfb-mobile-header-display":"","site-post-title":"","ast-breadcrumbs-content":"","ast-featured-img":"","footer-sml-layout":"","ast-disable-related-posts":"","theme-transparent-header-meta":"default","adv-header-id-meta":"","stick-header-meta":"default","header-above-stick-meta":"","header-main-stick-meta":"","header-below-stick-meta":"","astra-migrate-meta-layouts":"default","ast-page-background-enabled":"default","ast-page-background-meta":{"desktop":{"background-color":"","background-image":"","background-repeat":"repeat","background-position":"center center","background-size":"auto","background-attachment":"scroll","background-type":"","background-media":"","overlay-type":"","overlay-color":"","overlay-opacity":"","overlay-gradient":""},"tablet":{"background-color":"","background-image":"","background-repeat":"repeat","background-position":"center center","background-size":"auto","background-attachment":"scroll","background-type":"","background-media":"","overlay-type":"","overlay-color":"","overlay-opacity":"","overlay-gradient":""},"mobile":{"background-color":"","background-image":"","background-repeat":"repeat","background-position":"center center","background-size":"auto","background-attachment":"scroll","background-type":"","background-media":"","overlay-type":"","overlay-color":"","overlay-opacity":"","overlay-gradient":""}},"ast-content-background-meta":{"desktop":{"background-color":"var(--ast-global-color-5)","background-image":"","background-repeat":"repeat","background-position":"center center","background-size":"auto","background-attachment":"scroll","background-type":"","background-media":"","overlay-type":"","overlay-color":"","overlay-opacity":"","overlay-gradient":""},"tablet":{"background-color":"var(--ast-global-color-5)","background-image":"","background-repeat":"repeat","background-position":"center center","background-size":"auto","background-attachment":"scroll","background-type":"","background-media":"","overlay-type":"","overlay-color":"","overlay-opacity":"","overlay-gradient":""},"mobile":{"background-color":"var(--ast-global-color-5)","background-image":"","background-repeat":"repeat","background-position":"center center","background-size":"auto","background-attachment":"scroll","background-type":"","background-media":"","overlay-type":"","overlay-color":"","overlay-opacity":"","overlay-gradient":""}}},"product_brand":[],"product_cat":[203,158],"product_tag":[],"class_list":{"0":"post-14944","1":"product","2":"type-product","3":"status-publish","4":"has-post-thumbnail","6":"product_cat-kynttilan-varit","7":"product_cat-kynttiloiden-valmistus-fi","8":"desktop-align-left","9":"tablet-align-left","10":"mobile-align-left","11":"ast-product-gallery-layout-horizontal","12":"ast-product-gallery-with-no-image","13":"ast-product-single-variable","14":"ast-product-tabs-layout-horizontal","16":"first","17":"instock","18":"taxable","19":"shipping-taxable","20":"purchasable","21":"product-type-variable"},"_links":{"self":[{"href":"https:\/\/nordicdiy.ee\/fi\/wp-json\/wp\/v2\/product\/14944","targetHints":{"allow":["GET"]}}],"collection":[{"href":"https:\/\/nordicdiy.ee\/fi\/wp-json\/wp\/v2\/product"}],"about":[{"href":"https:\/\/nordicdiy.ee\/fi\/wp-json\/wp\/v2\/types\/product"}],"wp:featuredmedia":[{"embeddable":true,"href":"https:\/\/nordicdiy.ee\/fi\/wp-json\/wp\/v2\/media\/6621"}],"wp:attachment":[{"href":"https:\/\/nordicdiy.ee\/fi\/wp-json\/wp\/v2\/media?parent=14944"}],"wp:term":[{"taxonomy":"product_brand","embeddable":true,"href":"https:\/\/nordicdiy.ee\/fi\/wp-json\/wp\/v2\/product_brand?post=14944"},{"taxonomy":"product_cat","embeddable":true,"href":"https:\/\/nordicdiy.ee\/fi\/wp-json\/wp\/v2\/product_cat?post=14944"},{"taxonomy":"product_tag","embeddable":true,"href":"https:\/\/nordicdiy.ee\/fi\/wp-json\/wp\/v2\/product_tag?post=14944"}],"curies":[{"name":"wp","href":"https:\/\/api.w.org\/{rel}","templated":true}]}}