{"id":15083,"date":"2025-02-24T19:10:30","date_gmt":"2025-02-24T16:10:30","guid":{"rendered":"https:\/\/nordicdiy.ee\/epood\/Ei-luokiteltu\/diffuusorin-korkki-on-valmistettu-puusta\/"},"modified":"2025-12-10T12:13:52","modified_gmt":"2025-12-10T09:13:52","slug":"diffuusorin-korkki-on-valmistettu-puusta","status":"publish","type":"product","link":"https:\/\/nordicdiy.ee\/fi\/epood\/huonetuoksun-valmistaminen\/huoneenraikastinpohja-ja-puikot\/diffuusorin-korkki-on-valmistettu-puusta\/","title":{"rendered":"Puusta valmistettu korkki"},"content":{"rendered":"<p data-start=\"0\" data-end=\"48\"><strong data-start=\"0\" data-end=\"46\">Tyylik\u00e4s puinen kauneuskorkki kotiparfyymin valmistajalle!<\/strong><\/p>\n<p data-start=\"50\" data-end=\"305\">Lis\u00e4\u00e4 tyylik\u00e4s ja ylellinen viimeistely kodin tuoksuun laadukkaalla puukorkillamme. Kest\u00e4v\u00e4st\u00e4 puusta valmistettu ja tyylikk\u00e4\u00e4ll\u00e4 kultaisella metallireunalla koristeltu, kauniisti muotoiltu korkki lis\u00e4\u00e4 eksklusiivisen ilmeen mihin tahansa diffuusoripulloon. <\/p>\n<p data-start=\"307\" data-end=\"469\">Korkki on helppo asentaa, ja se sopii enint\u00e4\u00e4n 2,9 cm halkaisijaltaan oleviin pulloihin. Korkin korkeus on 3 cm. <\/p>\n<p data-start=\"471\" data-end=\"559\" data-is-last-node=\"\" data-is-only-node=\"\">T\u00e4ydenn\u00e4 kodin tuoksu kauniilla yksityiskohdalla, jossa yhdistyv\u00e4t luonnollisuus ja ylellisyys!<\/p>\n","protected":false},"excerpt":{"rendered":"<p data-start=\"50\" data-end=\"305\">Lis\u00e4\u00e4 tyylik\u00e4s ja ylellinen viimeistely kodin tuoksuun laadukkaalla puukorkillamme. T\u00e4m\u00e4 tukevasta puusta valmistettu, kauniisti muotoiltu korkki on koristeltu tyylikk\u00e4\u00e4ll\u00e4 kultametallisella sis\u00e4reunuksella, joka lis\u00e4\u00e4 eksklusiivisen ilmeen mihin tahansa diffuusoripulloon. Korkki on helppo asettaa paikalleen ja se sopii pulloihin, joiden kaulan halkaisija on enint\u00e4\u00e4n 2,9 cm. Korkin korkeus on 3 cm ja sis\u00e4halkaisija 2,9 cm, eik\u00e4 sit\u00e4 voi kiert\u00e4\u00e4.   <\/p>\n","protected":false},"featured_media":11911,"template":"","meta":{"site-sidebar-layout":"default","site-content-layout":"","ast-site-content-layout":"default","site-content-style":"default","site-sidebar-style":"default","ast-global-header-display":"","ast-banner-title-visibility":"","ast-main-header-display":"","ast-hfb-above-header-display":"","ast-hfb-below-header-display":"","ast-hfb-mobile-header-display":"","site-post-title":"","ast-breadcrumbs-content":"","ast-featured-img":"","footer-sml-layout":"","ast-disable-related-posts":"","theme-transparent-header-meta":"default","adv-header-id-meta":"","stick-header-meta":"default","header-above-stick-meta":"","header-main-stick-meta":"","header-below-stick-meta":"","astra-migrate-meta-layouts":"default","ast-page-background-enabled":"default","ast-page-background-meta":{"desktop":{"background-color":"","background-image":"","background-repeat":"repeat","background-position":"center center","background-size":"auto","background-attachment":"scroll","background-type":"","background-media":"","overlay-type":"","overlay-color":"","overlay-opacity":"","overlay-gradient":""},"tablet":{"background-color":"","background-image":"","background-repeat":"repeat","background-position":"center center","background-size":"auto","background-attachment":"scroll","background-type":"","background-media":"","overlay-type":"","overlay-color":"","overlay-opacity":"","overlay-gradient":""},"mobile":{"background-color":"","background-image":"","background-repeat":"repeat","background-position":"center center","background-size":"auto","background-attachment":"scroll","background-type":"","background-media":"","overlay-type":"","overlay-color":"","overlay-opacity":"","overlay-gradient":""}},"ast-content-background-meta":{"desktop":{"background-color":"var(--ast-global-color-5)","background-image":"","background-repeat":"repeat","background-position":"center center","background-size":"auto","background-attachment":"scroll","background-type":"","background-media":"","overlay-type":"","overlay-color":"","overlay-opacity":"","overlay-gradient":""},"tablet":{"background-color":"var(--ast-global-color-5)","background-image":"","background-repeat":"repeat","background-position":"center center","background-size":"auto","background-attachment":"scroll","background-type":"","background-media":"","overlay-type":"","overlay-color":"","overlay-opacity":"","overlay-gradient":""},"mobile":{"background-color":"var(--ast-global-color-5)","background-image":"","background-repeat":"repeat","background-position":"center center","background-size":"auto","background-attachment":"scroll","background-type":"","background-media":"","overlay-type":"","overlay-color":"","overlay-opacity":"","overlay-gradient":""}}},"product_brand":[],"product_cat":[417,220,240,207],"product_tag":[],"class_list":{"0":"post-15083","1":"product","2":"type-product","3":"status-publish","4":"has-post-thumbnail","6":"product_cat-erikoistarjoukset","7":"product_cat-huoneenraikastinpohja-ja-puikot","8":"product_cat-huoneenraikastinpullot","9":"product_cat-huonetuoksun-valmistaminen","10":"desktop-align-left","11":"tablet-align-left","12":"mobile-align-left","13":"ast-product-gallery-layout-horizontal","14":"ast-product-gallery-with-no-image","15":"ast-product-tabs-layout-horizontal","17":"first","18":"instock","19":"taxable","20":"shipping-taxable","21":"purchasable","22":"product-type-simple"},"_links":{"self":[{"href":"https:\/\/nordicdiy.ee\/fi\/wp-json\/wp\/v2\/product\/15083","targetHints":{"allow":["GET"]}}],"collection":[{"href":"https:\/\/nordicdiy.ee\/fi\/wp-json\/wp\/v2\/product"}],"about":[{"href":"https:\/\/nordicdiy.ee\/fi\/wp-json\/wp\/v2\/types\/product"}],"wp:featuredmedia":[{"embeddable":true,"href":"https:\/\/nordicdiy.ee\/fi\/wp-json\/wp\/v2\/media\/11911"}],"wp:attachment":[{"href":"https:\/\/nordicdiy.ee\/fi\/wp-json\/wp\/v2\/media?parent=15083"}],"wp:term":[{"taxonomy":"product_brand","embeddable":true,"href":"https:\/\/nordicdiy.ee\/fi\/wp-json\/wp\/v2\/product_brand?post=15083"},{"taxonomy":"product_cat","embeddable":true,"href":"https:\/\/nordicdiy.ee\/fi\/wp-json\/wp\/v2\/product_cat?post=15083"},{"taxonomy":"product_tag","embeddable":true,"href":"https:\/\/nordicdiy.ee\/fi\/wp-json\/wp\/v2\/product_tag?post=15083"}],"curies":[{"name":"wp","href":"https:\/\/api.w.org\/{rel}","templated":true}]}}