{"id":15130,"date":"2025-02-21T10:00:58","date_gmt":"2025-02-21T07:00:58","guid":{"rendered":"https:\/\/nordicdiy.ee\/epood\/Ei-luokiteltu\/kodin-tuoksutikut-28cm-5kpl-musta\/"},"modified":"2025-08-14T15:04:24","modified_gmt":"2025-08-14T12:04:24","slug":"kodin-tuoksutikut-28cm-5kpl-musta","status":"publish","type":"product","link":"https:\/\/nordicdiy.ee\/fi\/epood\/huonetuoksun-valmistaminen\/huoneenraikastinpohja-ja-puikot\/kodin-tuoksutikut-28cm-5kpl-musta\/","title":{"rendered":"Kodin tuoksutikut 28cm, 5kpl musta"},"content":{"rendered":"<p>N\u00e4m\u00e4 kuitutikut on suunniteltu erityisesti huonetuoksutukseen, jotta hajut levi\u00e4v\u00e4t huoneeseen tasaisesti ja tehokkaasti. Korkealaatuisesta materiaalista valmistetut kuitutikut imev\u00e4t hyvin tuoksu\u00f6ljyt ja takaavat pitk\u00e4kestoisen tuoksun. Setti sis\u00e4lt\u00e4\u00e4 5 tikkua, jotka sopivat erilaisiin tuoksudiffuusoreihin ja kotituoksuttimiin. V\u00e4ri musta, pituus 28cm, d4mm.   <\/p>\n","protected":false},"excerpt":{"rendered":"<p>N\u00e4m\u00e4 28 cm:n kuitutikut on suunniteltu erityisesti huonetuoksuttajille, jotta tuoksu levi\u00e4\u00e4 tasaisesti ja tehokkaasti huoneeseen. Korkealaatuisesta materiaalista valmistetut kuitutikut imev\u00e4t hyvin tuoksu\u00f6ljyt ja takaavat pitk\u00e4\u00e4n kest\u00e4v\u00e4n tuoksun. Setti sis\u00e4lt\u00e4\u00e4 5 tikkua, jotka sopivat erilaisiin tuoksudiffuusoreihin ja kotituoksuttimiin. V\u00e4ri musta, tikun pituus 28 cm, halkaisija 4 mm.   <\/p>\n","protected":false},"featured_media":11871,"template":"","meta":{"site-sidebar-layout":"default","site-content-layout":"","ast-site-content-layout":"default","site-content-style":"default","site-sidebar-style":"default","ast-global-header-display":"","ast-banner-title-visibility":"","ast-main-header-display":"","ast-hfb-above-header-display":"","ast-hfb-below-header-display":"","ast-hfb-mobile-header-display":"","site-post-title":"","ast-breadcrumbs-content":"","ast-featured-img":"","footer-sml-layout":"","ast-disable-related-posts":"","theme-transparent-header-meta":"default","adv-header-id-meta":"","stick-header-meta":"default","header-above-stick-meta":"","header-main-stick-meta":"","header-below-stick-meta":"","astra-migrate-meta-layouts":"default","ast-page-background-enabled":"default","ast-page-background-meta":{"desktop":{"background-color":"","background-image":"","background-repeat":"repeat","background-position":"center center","background-size":"auto","background-attachment":"scroll","background-type":"","background-media":"","overlay-type":"","overlay-color":"","overlay-opacity":"","overlay-gradient":""},"tablet":{"background-color":"","background-image":"","background-repeat":"repeat","background-position":"center center","background-size":"auto","background-attachment":"scroll","background-type":"","background-media":"","overlay-type":"","overlay-color":"","overlay-opacity":"","overlay-gradient":""},"mobile":{"background-color":"","background-image":"","background-repeat":"repeat","background-position":"center center","background-size":"auto","background-attachment":"scroll","background-type":"","background-media":"","overlay-type":"","overlay-color":"","overlay-opacity":"","overlay-gradient":""}},"ast-content-background-meta":{"desktop":{"background-color":"var(--ast-global-color-5)","background-image":"","background-repeat":"repeat","background-position":"center center","background-size":"auto","background-attachment":"scroll","background-type":"","background-media":"","overlay-type":"","overlay-color":"","overlay-opacity":"","overlay-gradient":""},"tablet":{"background-color":"var(--ast-global-color-5)","background-image":"","background-repeat":"repeat","background-position":"center center","background-size":"auto","background-attachment":"scroll","background-type":"","background-media":"","overlay-type":"","overlay-color":"","overlay-opacity":"","overlay-gradient":""},"mobile":{"background-color":"var(--ast-global-color-5)","background-image":"","background-repeat":"repeat","background-position":"center center","background-size":"auto","background-attachment":"scroll","background-type":"","background-media":"","overlay-type":"","overlay-color":"","overlay-opacity":"","overlay-gradient":""}}},"product_brand":[],"product_cat":[220,207],"product_tag":[],"class_list":{"0":"post-15130","1":"product","2":"type-product","3":"status-publish","4":"has-post-thumbnail","6":"product_cat-huoneenraikastinpohja-ja-puikot","7":"product_cat-huonetuoksun-valmistaminen","8":"desktop-align-left","9":"tablet-align-left","10":"mobile-align-left","11":"ast-product-gallery-layout-horizontal","12":"ast-product-gallery-with-no-image","13":"ast-product-tabs-layout-horizontal","15":"first","16":"instock","17":"taxable","18":"shipping-taxable","19":"purchasable","20":"product-type-simple"},"_links":{"self":[{"href":"https:\/\/nordicdiy.ee\/fi\/wp-json\/wp\/v2\/product\/15130","targetHints":{"allow":["GET"]}}],"collection":[{"href":"https:\/\/nordicdiy.ee\/fi\/wp-json\/wp\/v2\/product"}],"about":[{"href":"https:\/\/nordicdiy.ee\/fi\/wp-json\/wp\/v2\/types\/product"}],"wp:featuredmedia":[{"embeddable":true,"href":"https:\/\/nordicdiy.ee\/fi\/wp-json\/wp\/v2\/media\/11871"}],"wp:attachment":[{"href":"https:\/\/nordicdiy.ee\/fi\/wp-json\/wp\/v2\/media?parent=15130"}],"wp:term":[{"taxonomy":"product_brand","embeddable":true,"href":"https:\/\/nordicdiy.ee\/fi\/wp-json\/wp\/v2\/product_brand?post=15130"},{"taxonomy":"product_cat","embeddable":true,"href":"https:\/\/nordicdiy.ee\/fi\/wp-json\/wp\/v2\/product_cat?post=15130"},{"taxonomy":"product_tag","embeddable":true,"href":"https:\/\/nordicdiy.ee\/fi\/wp-json\/wp\/v2\/product_tag?post=15130"}],"curies":[{"name":"wp","href":"https:\/\/api.w.org\/{rel}","templated":true}]}}