{"id":15156,"date":"2025-02-19T19:05:53","date_gmt":"2025-02-19T16:05:53","guid":{"rendered":"https:\/\/nordicdiy.ee\/epood\/Ei-luokiteltu\/kookosvaha-cargill-agri-pure-ap620-kynttilalasi\/"},"modified":"2026-03-23T17:53:31","modified_gmt":"2026-03-23T14:53:31","slug":"kookosvaha-cargill-agri-pure-ap620-kynttilalasi","status":"publish","type":"product","link":"https:\/\/nordicdiy.ee\/fi\/epood\/kynttiloiden-valmistus-fi\/kynttilavahat-2\/kookosvaha-cargill-agri-pure-ap620-kynttilalasi\/","title":{"rendered":"Kookosvaha Cargill Agri-Pure AP620 kynttil\u00e4lasi"},"content":{"rendered":"<p><strong>Agri-Pure\u00ae AP-620<\/strong> on orgaaninen ja uusiutuva <strong>kookosvaha<\/strong>, jolla on pehmitt\u00e4vi\u00e4 ominaisuuksia ja monipuolisia k\u00e4ytt\u00f6mahdollisuuksia. Se on per\u00e4isin kookosp\u00e4hkin\u00e4n ytimist\u00e4, ja sit\u00e4 k\u00e4sitell\u00e4\u00e4n jalostamalla, valkaisemalla, hydratoimalla ja hajunpoistolla. Vaha on mautonta, hapettumiskest\u00e4vyydelt\u00e4\u00e4n hyv\u00e4\u00e4 ja soveltuu kynttil\u00f6ihin ja kosmetiikkaan.  <\/p>\n<p><strong>Ominaisuudet:<\/strong><br \/>\n\u2714 Luonnollinen ja vegaaniyst\u00e4v\u00e4llinen<br \/>\n\u2714 Kosher- ja halal-sertifioitu<br \/>\n\u2714 Kermainen koostumus, ihanteellinen lasikynttil\u00f6ille<br \/>\n\u2714 Sekoitettavissa soijavahan ja palmusteariinin kanssa<br \/>\n\u2714 Soveltuu kosmetiikkaan: huulipuniin, ihonhoitoon, deodorantteihin<br \/>\n\u2714 Mauton ja hajusteeton<br \/>\n\u2714 Sulamispiste: 32 \u00b0C (32 \u00b0F).<\/p>\n<p><strong>K\u00e4ytt\u00f6 kynttil\u00f6iden valmistuksessa:<\/strong><br \/>\nSuositeltava sekoitus: voidaan k\u00e4ytt\u00e4\u00e4 sellaisenaan tai sekoitettuna soijavahan\/palmusteariinin kanssa parempien tulosten saavuttamiseksi.<br \/>\nTuoksu\u00f6ljyjen lis\u00e4\u00e4minen: suositeltava tuoksu\u00f6ljyn m\u00e4\u00e4r\u00e4 on 6 %.<br \/>\nSulamisl\u00e4mp\u00f6tila: 51-54 \u00b0C (t\u00e4ydellinen sulaminen).<br \/>\nKaataminen: suositeltava kaatamisl\u00e4mp\u00f6tila riippuu seoksen koostumuksesta, mutta se on yleens\u00e4 v\u00e4lill\u00e4 50-60 \u00b0C (50-60 \u00b0F).<\/p>\n<p><strong>Kosmeettinen k\u00e4ytt\u00f6:<\/strong><br \/>\nPehmittimen\u00e4 se lis\u00e4\u00e4 joustavuutta ja pehmeytt\u00e4 kosmeettisiin tuotteisiin.<br \/>\nSoveltuu huulivoiteisiin, huulipuniin, ihonhoito- ja hiustenhoitotuotteisiin.<br \/>\nK\u00e4ytt\u00f6aste: 2-10 % tuotteesta riippuen.<\/p>\n<p><strong>S\u00e4ilytys:<\/strong><br \/>\nS\u00e4ilyt\u00e4 viile\u00e4ss\u00e4, kuivassa paikassa, suojattuna suoralta l\u00e4mm\u00f6lt\u00e4 ja auringonvalolta.<\/p>\n<p>T\u00e4m\u00e4 vaha on ihanteellinen valinta luonnollisten, korkealaatuisten, ymp\u00e4rist\u00f6yst\u00e4v\u00e4llisten ja turvallisten tuotteiden valmistukseen!<\/p>\n","protected":false},"excerpt":{"rendered":"<p><strong>Kookosvaha<\/strong> on luonnollinen, uusiutuva ja vegaaniyst\u00e4v\u00e4llinen vaha, joka on per\u00e4isin kookosp\u00e4hkin\u00e4n lihasta. <strong>Pehme\u00e4n ja kermaisen koostumuksensa<\/strong> ansiosta se sopii erinomaisesti <strong>votiivikynttil\u00f6iden valmistukseen<\/strong> ja sekoitettavaksi soijavahan tai palmasteariinin kanssa. Vaha on laadukasta, GMO-vapaata alkuper\u00e4\u00e4, ja sit\u00e4 voidaan k\u00e4ytt\u00e4\u00e4 my\u00f6s kosmetiikkatuotteissa, kuten huulirasvoissa, ihonhoito- ja hiustenhoitotuotteissa.   T\u00e4m\u00e4 vaha on ihanteellinen valinta luonnollisten, korkealaatuisten, ymp\u00e4rist\u00f6yst\u00e4v\u00e4llisten ja turvallisten tuotteiden valmistukseen!<\/p>\n","protected":false},"featured_media":11866,"template":"","meta":{"site-sidebar-layout":"default","site-content-layout":"","ast-site-content-layout":"default","site-content-style":"default","site-sidebar-style":"default","ast-global-header-display":"","ast-banner-title-visibility":"","ast-main-header-display":"","ast-hfb-above-header-display":"","ast-hfb-below-header-display":"","ast-hfb-mobile-header-display":"","site-post-title":"","ast-breadcrumbs-content":"","ast-featured-img":"","footer-sml-layout":"","ast-disable-related-posts":"","theme-transparent-header-meta":"default","adv-header-id-meta":"","stick-header-meta":"default","header-above-stick-meta":"","header-main-stick-meta":"","header-below-stick-meta":"","astra-migrate-meta-layouts":"default","ast-page-background-enabled":"default","ast-page-background-meta":{"desktop":{"background-color":"","background-image":"","background-repeat":"repeat","background-position":"center center","background-size":"auto","background-attachment":"scroll","background-type":"","background-media":"","overlay-type":"","overlay-color":"","overlay-opacity":"","overlay-gradient":""},"tablet":{"background-color":"","background-image":"","background-repeat":"repeat","background-position":"center center","background-size":"auto","background-attachment":"scroll","background-type":"","background-media":"","overlay-type":"","overlay-color":"","overlay-opacity":"","overlay-gradient":""},"mobile":{"background-color":"","background-image":"","background-repeat":"repeat","background-position":"center center","background-size":"auto","background-attachment":"scroll","background-type":"","background-media":"","overlay-type":"","overlay-color":"","overlay-opacity":"","overlay-gradient":""}},"ast-content-background-meta":{"desktop":{"background-color":"var(--ast-global-color-5)","background-image":"","background-repeat":"repeat","background-position":"center center","background-size":"auto","background-attachment":"scroll","background-type":"","background-media":"","overlay-type":"","overlay-color":"","overlay-opacity":"","overlay-gradient":""},"tablet":{"background-color":"var(--ast-global-color-5)","background-image":"","background-repeat":"repeat","background-position":"center center","background-size":"auto","background-attachment":"scroll","background-type":"","background-media":"","overlay-type":"","overlay-color":"","overlay-opacity":"","overlay-gradient":""},"mobile":{"background-color":"var(--ast-global-color-5)","background-image":"","background-repeat":"repeat","background-position":"center center","background-size":"auto","background-attachment":"scroll","background-type":"","background-media":"","overlay-type":"","overlay-color":"","overlay-opacity":"","overlay-gradient":""}}},"product_brand":[],"product_cat":[160,158],"product_tag":[],"class_list":{"0":"post-15156","1":"product","2":"type-product","3":"status-publish","4":"has-post-thumbnail","6":"product_cat-kynttilavahat-2","7":"product_cat-kynttiloiden-valmistus-fi","8":"desktop-align-left","9":"tablet-align-left","10":"mobile-align-left","11":"ast-product-gallery-layout-horizontal","12":"ast-product-gallery-with-no-image","13":"ast-product-single-variable","14":"ast-product-tabs-layout-horizontal","16":"first","17":"instock","18":"taxable","19":"shipping-taxable","20":"purchasable","21":"product-type-variable"},"_links":{"self":[{"href":"https:\/\/nordicdiy.ee\/fi\/wp-json\/wp\/v2\/product\/15156","targetHints":{"allow":["GET"]}}],"collection":[{"href":"https:\/\/nordicdiy.ee\/fi\/wp-json\/wp\/v2\/product"}],"about":[{"href":"https:\/\/nordicdiy.ee\/fi\/wp-json\/wp\/v2\/types\/product"}],"wp:featuredmedia":[{"embeddable":true,"href":"https:\/\/nordicdiy.ee\/fi\/wp-json\/wp\/v2\/media\/11866"}],"wp:attachment":[{"href":"https:\/\/nordicdiy.ee\/fi\/wp-json\/wp\/v2\/media?parent=15156"}],"wp:term":[{"taxonomy":"product_brand","embeddable":true,"href":"https:\/\/nordicdiy.ee\/fi\/wp-json\/wp\/v2\/product_brand?post=15156"},{"taxonomy":"product_cat","embeddable":true,"href":"https:\/\/nordicdiy.ee\/fi\/wp-json\/wp\/v2\/product_cat?post=15156"},{"taxonomy":"product_tag","embeddable":true,"href":"https:\/\/nordicdiy.ee\/fi\/wp-json\/wp\/v2\/product_tag?post=15156"}],"curies":[{"name":"wp","href":"https:\/\/api.w.org\/{rel}","templated":true}]}}