{"id":15180,"date":"2025-01-16T16:38:48","date_gmt":"2025-01-16T13:38:48","guid":{"rendered":"https:\/\/nordicdiy.ee\/epood\/Ei-luokiteltu\/kotituoksun-perusneste-nro-4\/"},"modified":"2026-03-11T15:05:14","modified_gmt":"2026-03-11T12:05:14","slug":"kotituoksun-perusneste-nro-4","status":"publish","type":"product","link":"https:\/\/nordicdiy.ee\/fi\/epood\/huonetuoksun-valmistaminen\/huoneen-mash-tilat\/kotituoksun-perusneste-nro-4\/","title":{"rendered":"Kotituoksun perusneste nro 4"},"content":{"rendered":"<div class=\"flex max-w-full flex-col flex-grow\">\n<div class=\"min-h-8 text-message flex w-full flex-col items-end gap-2 whitespace-normal break-words text-start [.text-message+&amp;]:mt-5\" dir=\"auto\" data-message-author-role=\"assistant\" data-message-id=\"88b938a0-6a8f-4ea5-82bf-35f22a2ab23e\" data-message-model-slug=\"gpt-4o\">\n<div class=\"flex w-full flex-col gap-1 empty:hidden first:pt-[3px]\">\n<div class=\"markdown prose w-full break-words dark:prose-invert light\">\n<p data-start=\"23\" data-end=\"55\">Reed Diffuser Base 4 AF74 5224 (alkoholipitoisuus alle 25 %)<\/p>\n<ul data-start=\"57\" data-end=\"397\" data-is-last-node=\"\">\n<li data-start=\"57\" data-end=\"111\">Sis\u00e4lt\u00e4\u00e4 kosmeettisesti eritt\u00e4in puhdasta alkoholia.<\/li>\n<li data-start=\"112\" data-end=\"148\">Sis\u00e4lt\u00e4\u00e4 luonnollisia ainesosia.<\/li>\n<li data-start=\"149\" data-end=\"195\">Biohajoava tuote, ymp\u00e4rist\u00f6yst\u00e4v\u00e4llinen valinta.<\/li>\n<li data-start=\"149\" data-end=\"195\">Haihtuminen 6-7 viikkoa.<\/li>\n<li data-start=\"196\" data-end=\"236\">Ei sis\u00e4ll\u00e4 ftalaatteja eik\u00e4 raskasmetalleja, joten se on turvallinen k\u00e4ytett\u00e4v\u00e4ksi herkemmiss\u00e4 ymp\u00e4rist\u00f6iss\u00e4.<\/li>\n<li data-start=\"237\" data-end=\"321\">Soveltuu k\u00e4ytett\u00e4v\u00e4ksi tikkujen kanssa kotituoksuttimissa, ilmanraikastimissa ja huonesuihkeissa.<\/li>\n<li>Ei testattu el\u00e4imill\u00e4.<\/li>\n<li data-start=\"350\" data-end=\"397\" data-is-last-node=\"\">Hajusteen annostus perusliuokseen: 15-25 %.<\/li>\n<\/ul>\n<\/div>\n<\/div>\n<\/div>\n<\/div>\n<p><strong>Tuoksun annostelu:<\/strong><br \/>\nSuositeltu tuoksu\u00f6ljyn m\u00e4\u00e4r\u00e4 on 15-25 % tuoksu\u00f6ljy\u00e4 ja 75-85 % perusnestett\u00e4. Kodintuoksun perusneste nro 4 on ihanteellinen ratkaisu niille, jotka etsiv\u00e4t laadukasta tuotetta luomaan miellytt\u00e4v\u00e4\u00e4 tunnelmaa mihin tahansa huoneeseen. <\/p>\n<p>HUOM!<br \/>\n<img decoding=\"async\" class=\"\" src=\"https:\/\/nordicdiy.ee\/wp-content\/uploads\/2025\/01\/terviseoht.jpg\" width=\"70\" height=\"70\"><\/p>\n","protected":false},"excerpt":{"rendered":"<p>Soveltuu k\u00e4ytett\u00e4v\u00e4ksi tikkujen kanssa kotituoksuissa, ilmanraikastimissa ja huonesuihkeissa. Kotituoksun perusneste nro 4 on ihanteellinen ratkaisu niille, jotka etsiv\u00e4t korkealaatuista perusnestett\u00e4, jonka haihtuminen on optimaalinen (6-7 viikkoa). Sis\u00e4lt\u00e4\u00e4 enint\u00e4\u00e4n 25 % alkoholia.  <\/p>\n","protected":false},"featured_media":28569,"template":"","meta":{"site-sidebar-layout":"default","site-content-layout":"","ast-site-content-layout":"default","site-content-style":"default","site-sidebar-style":"default","ast-global-header-display":"","ast-banner-title-visibility":"","ast-main-header-display":"","ast-hfb-above-header-display":"","ast-hfb-below-header-display":"","ast-hfb-mobile-header-display":"","site-post-title":"","ast-breadcrumbs-content":"","ast-featured-img":"","footer-sml-layout":"","ast-disable-related-posts":"","theme-transparent-header-meta":"default","adv-header-id-meta":"","stick-header-meta":"default","header-above-stick-meta":"","header-main-stick-meta":"","header-below-stick-meta":"","astra-migrate-meta-layouts":"default","ast-page-background-enabled":"default","ast-page-background-meta":{"desktop":{"background-color":"","background-image":"","background-repeat":"repeat","background-position":"center center","background-size":"auto","background-attachment":"scroll","background-type":"","background-media":"","overlay-type":"","overlay-color":"","overlay-opacity":"","overlay-gradient":""},"tablet":{"background-color":"","background-image":"","background-repeat":"repeat","background-position":"center center","background-size":"auto","background-attachment":"scroll","background-type":"","background-media":"","overlay-type":"","overlay-color":"","overlay-opacity":"","overlay-gradient":""},"mobile":{"background-color":"","background-image":"","background-repeat":"repeat","background-position":"center center","background-size":"auto","background-attachment":"scroll","background-type":"","background-media":"","overlay-type":"","overlay-color":"","overlay-opacity":"","overlay-gradient":""}},"ast-content-background-meta":{"desktop":{"background-color":"var(--ast-global-color-5)","background-image":"","background-repeat":"repeat","background-position":"center center","background-size":"auto","background-attachment":"scroll","background-type":"","background-media":"","overlay-type":"","overlay-color":"","overlay-opacity":"","overlay-gradient":""},"tablet":{"background-color":"var(--ast-global-color-5)","background-image":"","background-repeat":"repeat","background-position":"center center","background-size":"auto","background-attachment":"scroll","background-type":"","background-media":"","overlay-type":"","overlay-color":"","overlay-opacity":"","overlay-gradient":""},"mobile":{"background-color":"var(--ast-global-color-5)","background-image":"","background-repeat":"repeat","background-position":"center center","background-size":"auto","background-attachment":"scroll","background-type":"","background-media":"","overlay-type":"","overlay-color":"","overlay-opacity":"","overlay-gradient":""}}},"product_brand":[],"product_cat":[208,220,207],"product_tag":[],"class_list":{"0":"post-15180","1":"product","2":"type-product","3":"status-publish","4":"has-post-thumbnail","6":"product_cat-huoneen-mash-tilat","7":"product_cat-huoneenraikastinpohja-ja-puikot","8":"product_cat-huonetuoksun-valmistaminen","9":"desktop-align-left","10":"tablet-align-left","11":"mobile-align-left","12":"ast-product-gallery-layout-horizontal","13":"ast-product-gallery-with-no-image","14":"ast-product-single-variable","15":"ast-product-tabs-layout-horizontal","17":"first","18":"instock","19":"taxable","20":"shipping-taxable","21":"purchasable","22":"product-type-variable","23":"has-default-attributes"},"_links":{"self":[{"href":"https:\/\/nordicdiy.ee\/fi\/wp-json\/wp\/v2\/product\/15180","targetHints":{"allow":["GET"]}}],"collection":[{"href":"https:\/\/nordicdiy.ee\/fi\/wp-json\/wp\/v2\/product"}],"about":[{"href":"https:\/\/nordicdiy.ee\/fi\/wp-json\/wp\/v2\/types\/product"}],"wp:featuredmedia":[{"embeddable":true,"href":"https:\/\/nordicdiy.ee\/fi\/wp-json\/wp\/v2\/media\/28569"}],"wp:attachment":[{"href":"https:\/\/nordicdiy.ee\/fi\/wp-json\/wp\/v2\/media?parent=15180"}],"wp:term":[{"taxonomy":"product_brand","embeddable":true,"href":"https:\/\/nordicdiy.ee\/fi\/wp-json\/wp\/v2\/product_brand?post=15180"},{"taxonomy":"product_cat","embeddable":true,"href":"https:\/\/nordicdiy.ee\/fi\/wp-json\/wp\/v2\/product_cat?post=15180"},{"taxonomy":"product_tag","embeddable":true,"href":"https:\/\/nordicdiy.ee\/fi\/wp-json\/wp\/v2\/product_tag?post=15180"}],"curies":[{"name":"wp","href":"https:\/\/api.w.org\/{rel}","templated":true}]}}