{"id":15727,"date":"2025-02-13T16:42:27","date_gmt":"2025-02-13T13:42:27","guid":{"rendered":"https:\/\/nordicdiy.ee\/?post_type=product&#038;p=15727"},"modified":"2025-11-02T22:53:15","modified_gmt":"2025-11-02T19:53:15","slug":"puiset-kannet-kynttilalasille-joissa-on-tiiviste-copy","status":"publish","type":"product","link":"https:\/\/nordicdiy.ee\/fi\/epood\/kynttiloiden-valmistus-fi\/kynttilalasit-ja-kannet\/puiset-kannet-kynttilalasille-joissa-on-tiiviste-copy\/","title":{"rendered":"Puiset kannet suurille kynttil\u00e4laseille 10003, joissa on tiiviste."},"content":{"rendered":"<p>Tiivisteell\u00e4 varustettu puinen kansi on ihanteellinen muotoiluelementti kynttil\u00e4npidikkeisiin, sill\u00e4 se takaa pidemm\u00e4n hajun s\u00e4ilymisen ja turvallisen s\u00e4ilytyksen. Se pit\u00e4\u00e4 my\u00f6s p\u00f6lyn ja lian poissa. Puinen kansi sopii 400 ml:n kynttil\u00e4lasiin, h100 x d100 mm, l\u00e4pin\u00e4kyv\u00e4 tai v\u00e4rillinen. Puutiivisteell\u00e4 varustetun kannen mitat: korkeus - 1,5 cm, ulkohalkaisija - 10 cm, sis\u00e4halkaisija - 8,5 cm.  Voit kaivertaa logosi tai muun viestisi puiseen kynttil\u00e4n kanteen, mik\u00e4 lis\u00e4\u00e4 tuotteeseesi ylellisen ja mieleenpainuvan yksityiskohdan. Pyyd\u00e4 tarjous kaiverruksesta osoitteessa epood@nordicdiy.ee.<\/p>\n","protected":false},"excerpt":{"rendered":"<p>Tiivisteell\u00e4 varustettu puinen kansi on ihanteellinen muotoiluelementti kynttil\u00e4npidikkeisiin, sill\u00e4 se takaa pidemm\u00e4n hajun s\u00e4ilymisen ja turvallisen s\u00e4ilytyksen. Se pit\u00e4\u00e4 my\u00f6s p\u00f6lyn ja lian poissa. Puinen kansi sopii <a href=\"https:\/\/nordicdiy.ee\/fi\/epood\/kynttiloiden-valmistus-fi\/kynttilalasit-ja-kannet\/lapinakyva-kynttilalasi-400ml-h100-x-d90-mm\/\" target=\"_blank\" rel=\"noopener\">400 ml:n kynttil\u00e4lasiin, jonka korkeus on 100 x 90 mm<\/a>, sek\u00e4 l\u00e4pin\u00e4kyv\u00e4\u00e4n ett\u00e4 v\u00e4rilliseen.<\/p>\n","protected":false},"featured_media":6341,"template":"","meta":{"site-sidebar-layout":"default","site-content-layout":"","ast-site-content-layout":"default","site-content-style":"default","site-sidebar-style":"default","ast-global-header-display":"","ast-banner-title-visibility":"","ast-main-header-display":"","ast-hfb-above-header-display":"","ast-hfb-below-header-display":"","ast-hfb-mobile-header-display":"","site-post-title":"","ast-breadcrumbs-content":"","ast-featured-img":"","footer-sml-layout":"","ast-disable-related-posts":"","theme-transparent-header-meta":"default","adv-header-id-meta":"","stick-header-meta":"default","header-above-stick-meta":"","header-main-stick-meta":"","header-below-stick-meta":"","astra-migrate-meta-layouts":"set","ast-page-background-enabled":"default","ast-page-background-meta":{"desktop":{"background-color":"","background-image":"","background-repeat":"repeat","background-position":"center center","background-size":"auto","background-attachment":"scroll","background-type":"","background-media":"","overlay-type":"","overlay-color":"","overlay-opacity":"","overlay-gradient":""},"tablet":{"background-color":"","background-image":"","background-repeat":"repeat","background-position":"center center","background-size":"auto","background-attachment":"scroll","background-type":"","background-media":"","overlay-type":"","overlay-color":"","overlay-opacity":"","overlay-gradient":""},"mobile":{"background-color":"","background-image":"","background-repeat":"repeat","background-position":"center center","background-size":"auto","background-attachment":"scroll","background-type":"","background-media":"","overlay-type":"","overlay-color":"","overlay-opacity":"","overlay-gradient":""}},"ast-content-background-meta":{"desktop":{"background-color":"var(--ast-global-color-5)","background-image":"","background-repeat":"repeat","background-position":"center center","background-size":"auto","background-attachment":"scroll","background-type":"","background-media":"","overlay-type":"","overlay-color":"","overlay-opacity":"","overlay-gradient":""},"tablet":{"background-color":"var(--ast-global-color-5)","background-image":"","background-repeat":"repeat","background-position":"center center","background-size":"auto","background-attachment":"scroll","background-type":"","background-media":"","overlay-type":"","overlay-color":"","overlay-opacity":"","overlay-gradient":""},"mobile":{"background-color":"var(--ast-global-color-5)","background-image":"","background-repeat":"repeat","background-position":"center center","background-size":"auto","background-attachment":"scroll","background-type":"","background-media":"","overlay-type":"","overlay-color":"","overlay-opacity":"","overlay-gradient":""}}},"product_brand":[],"product_cat":[163,158],"product_tag":[],"class_list":{"0":"post-15727","1":"product","2":"type-product","3":"status-publish","4":"has-post-thumbnail","6":"product_cat-kynttilalasit-ja-kannet","7":"product_cat-kynttiloiden-valmistus-fi","8":"desktop-align-left","9":"tablet-align-left","10":"mobile-align-left","11":"ast-product-gallery-layout-horizontal","12":"ast-product-gallery-with-no-image","13":"ast-product-tabs-layout-horizontal","15":"first","16":"instock","17":"taxable","18":"shipping-taxable","19":"purchasable","20":"product-type-simple"},"_links":{"self":[{"href":"https:\/\/nordicdiy.ee\/fi\/wp-json\/wp\/v2\/product\/15727","targetHints":{"allow":["GET"]}}],"collection":[{"href":"https:\/\/nordicdiy.ee\/fi\/wp-json\/wp\/v2\/product"}],"about":[{"href":"https:\/\/nordicdiy.ee\/fi\/wp-json\/wp\/v2\/types\/product"}],"wp:featuredmedia":[{"embeddable":true,"href":"https:\/\/nordicdiy.ee\/fi\/wp-json\/wp\/v2\/media\/6341"}],"wp:attachment":[{"href":"https:\/\/nordicdiy.ee\/fi\/wp-json\/wp\/v2\/media?parent=15727"}],"wp:term":[{"taxonomy":"product_brand","embeddable":true,"href":"https:\/\/nordicdiy.ee\/fi\/wp-json\/wp\/v2\/product_brand?post=15727"},{"taxonomy":"product_cat","embeddable":true,"href":"https:\/\/nordicdiy.ee\/fi\/wp-json\/wp\/v2\/product_cat?post=15727"},{"taxonomy":"product_tag","embeddable":true,"href":"https:\/\/nordicdiy.ee\/fi\/wp-json\/wp\/v2\/product_tag?post=15727"}],"curies":[{"name":"wp","href":"https:\/\/api.w.org\/{rel}","templated":true}]}}