{"id":17100,"date":"2025-04-02T10:23:21","date_gmt":"2025-04-02T07:23:21","guid":{"rendered":"https:\/\/nordicdiy.ee\/?post_type=product&#038;p=17100"},"modified":"2025-04-02T10:33:07","modified_gmt":"2025-04-02T07:33:07","slug":"kodintuoksupullo-korkilla-tummanvihrea-matta-100ml-copy","status":"publish","type":"product","link":"https:\/\/nordicdiy.ee\/fi\/epood\/huonetuoksun-valmistaminen\/huoneenraikastinpullot\/kodintuoksupullo-korkilla-tummanvihrea-matta-100ml-copy\/","title":{"rendered":"Kodin hajuvesipullo korkilla, kirkas kristalli 100ml"},"content":{"rendered":"<p>Tutustu pohjoismaiseen DIY luksuskristalli-tuoksupulloon! T\u00e4m\u00e4 kristallilasia muistuttava pullo sopii t\u00e4ydellisesti tuoksudiffuusoreille ja eteerisille \u00f6ljyille. Setti sis\u00e4lt\u00e4\u00e4 k\u00e4tev\u00e4n sis\u00e4korkin ja koristeellisen yl\u00e4korkin, jonka v\u00e4rin voit valita kolmesta eri v\u00e4rist\u00e4: kulta, hopea tai ruusukulta. Pullon koko on 10,5 \u00d7 10,5 \u00d7 8 cm.   <\/p>\n<p><strong>Miten tehd\u00e4 kotituoksu?  <\/strong><\/p>\n<p>Se on yksinkertainen ja hauska prosessi! Valitse 100 ml:n pullo ja lis\u00e4\u00e4 20 ml UFI Green -tuoksu\u00f6ljy\u00e4, joka tunnetaan korkeasta laadustaan ja turvallisuudestaan. Lis\u00e4\u00e4 sitten 80 ml perusnestett\u00e4. Voit halutessasi lis\u00e4t\u00e4 my\u00f6s muutaman pisaran vesipohjaista v\u00e4ri\u00e4, jotta saat tuoksullesi haluamasi v\u00e4ris\u00e4vyn. Sekoita nesteet huolellisesti ja kaada ne pulloon.    <\/p>\n<p>Lis\u00e4\u00e4 pulloon lopuksi 5-8 kuitu- tai bambutikkua. N\u00e4m\u00e4 tikut imev\u00e4t nesteen itseens\u00e4 ja varmistavat tuoksun tasaisen ja pitk\u00e4kestoisen levi\u00e4misen. Nauti omasta kotituoksudiffuusoristasi, joka tuo tuoksua ja l\u00e4mp\u00f6\u00e4 huoneeseen.  <\/p>\n","protected":false},"excerpt":{"rendered":"<p><strong data-start=\"61\" data-end=\"177\">L\u00e4pin\u00e4kyv\u00e4 100ml kotituoksupullo, jossa on sis\u00e4kori ja koristeellinen korkki - kristallinkirkasta eleganssia jokaiseen huoneeseen.  <\/strong>Muuta kotisi tyyli\u00e4 ylellisell\u00e4 100 ml:n l\u00e4pin\u00e4kyv\u00e4ll\u00e4 kotituoksupullolla. Pullo on kristallilasia muistuttava, ja se sopii t\u00e4ydellisesti tuoksudiffuusoreille ja eteerisille \u00f6ljyille. Setti sis\u00e4lt\u00e4\u00e4 k\u00e4tev\u00e4n sis\u00e4korkin ja koristeellisen yl\u00e4korkin, jonka v\u00e4rin voit valita kolmesta eri v\u00e4rist\u00e4: kulta, hopea tai ruusukulta.  <\/p>\n","protected":false},"featured_media":17025,"template":"","meta":{"site-sidebar-layout":"default","site-content-layout":"","ast-site-content-layout":"default","site-content-style":"default","site-sidebar-style":"default","ast-global-header-display":"","ast-banner-title-visibility":"","ast-main-header-display":"","ast-hfb-above-header-display":"","ast-hfb-below-header-display":"","ast-hfb-mobile-header-display":"","site-post-title":"","ast-breadcrumbs-content":"","ast-featured-img":"","footer-sml-layout":"","ast-disable-related-posts":"","theme-transparent-header-meta":"default","adv-header-id-meta":"","stick-header-meta":"default","header-above-stick-meta":"","header-main-stick-meta":"","header-below-stick-meta":"","astra-migrate-meta-layouts":"set","ast-page-background-enabled":"default","ast-page-background-meta":{"desktop":{"background-color":"","background-image":"","background-repeat":"repeat","background-position":"center center","background-size":"auto","background-attachment":"scroll","background-type":"","background-media":"","overlay-type":"","overlay-color":"","overlay-opacity":"","overlay-gradient":""},"tablet":{"background-color":"","background-image":"","background-repeat":"repeat","background-position":"center center","background-size":"auto","background-attachment":"scroll","background-type":"","background-media":"","overlay-type":"","overlay-color":"","overlay-opacity":"","overlay-gradient":""},"mobile":{"background-color":"","background-image":"","background-repeat":"repeat","background-position":"center center","background-size":"auto","background-attachment":"scroll","background-type":"","background-media":"","overlay-type":"","overlay-color":"","overlay-opacity":"","overlay-gradient":""}},"ast-content-background-meta":{"desktop":{"background-color":"var(--ast-global-color-5)","background-image":"","background-repeat":"repeat","background-position":"center center","background-size":"auto","background-attachment":"scroll","background-type":"","background-media":"","overlay-type":"","overlay-color":"","overlay-opacity":"","overlay-gradient":""},"tablet":{"background-color":"var(--ast-global-color-5)","background-image":"","background-repeat":"repeat","background-position":"center center","background-size":"auto","background-attachment":"scroll","background-type":"","background-media":"","overlay-type":"","overlay-color":"","overlay-opacity":"","overlay-gradient":""},"mobile":{"background-color":"var(--ast-global-color-5)","background-image":"","background-repeat":"repeat","background-position":"center center","background-size":"auto","background-attachment":"scroll","background-type":"","background-media":"","overlay-type":"","overlay-color":"","overlay-opacity":"","overlay-gradient":""}}},"product_brand":[],"product_cat":[417,240,207],"product_tag":[],"class_list":{"0":"post-17100","1":"product","2":"type-product","3":"status-publish","4":"has-post-thumbnail","6":"product_cat-erikoistarjoukset","7":"product_cat-huoneenraikastinpullot","8":"product_cat-huonetuoksun-valmistaminen","9":"desktop-align-left","10":"tablet-align-left","11":"mobile-align-left","12":"ast-product-gallery-layout-horizontal","13":"ast-product-gallery-with-no-image","14":"ast-product-single-variable","15":"ast-product-tabs-layout-horizontal","17":"first","18":"instock","19":"taxable","20":"shipping-taxable","21":"purchasable","22":"product-type-variable"},"_links":{"self":[{"href":"https:\/\/nordicdiy.ee\/fi\/wp-json\/wp\/v2\/product\/17100","targetHints":{"allow":["GET"]}}],"collection":[{"href":"https:\/\/nordicdiy.ee\/fi\/wp-json\/wp\/v2\/product"}],"about":[{"href":"https:\/\/nordicdiy.ee\/fi\/wp-json\/wp\/v2\/types\/product"}],"wp:featuredmedia":[{"embeddable":true,"href":"https:\/\/nordicdiy.ee\/fi\/wp-json\/wp\/v2\/media\/17025"}],"wp:attachment":[{"href":"https:\/\/nordicdiy.ee\/fi\/wp-json\/wp\/v2\/media?parent=17100"}],"wp:term":[{"taxonomy":"product_brand","embeddable":true,"href":"https:\/\/nordicdiy.ee\/fi\/wp-json\/wp\/v2\/product_brand?post=17100"},{"taxonomy":"product_cat","embeddable":true,"href":"https:\/\/nordicdiy.ee\/fi\/wp-json\/wp\/v2\/product_cat?post=17100"},{"taxonomy":"product_tag","embeddable":true,"href":"https:\/\/nordicdiy.ee\/fi\/wp-json\/wp\/v2\/product_tag?post=17100"}],"curies":[{"name":"wp","href":"https:\/\/api.w.org\/{rel}","templated":true}]}}