{"id":17140,"date":"2025-04-02T11:24:33","date_gmt":"2025-04-02T08:24:33","guid":{"rendered":"https:\/\/nordicdiy.ee\/?post_type=product&#038;p=17140"},"modified":"2026-01-01T01:01:44","modified_gmt":"2025-12-31T22:01:44","slug":"kynttilalasi-tummansininen-matta-280-ml-h96-x-d80-mm-copy-copy","status":"publish","type":"product","link":"https:\/\/nordicdiy.ee\/fi\/epood\/kynttiloiden-valmistus-fi\/kynttilalasit-ja-kannet\/kynttilalasi-tummansininen-matta-280-ml-h96-x-d80-mm-copy-copy\/","title":{"rendered":"Kultainen metallipurkki kannella kynttil\u00f6ille - 120 ml"},"content":{"rendered":"<p class=\"\" data-start=\"287\" data-end=\"548\">Tyylik\u00e4s ja tukeva <strong data-start=\"309\" data-end=\"329\">kultainen metallipurkki<\/strong> kynttil\u00f6iden valmistukseen. T\u00e4ydellinen niin kotity\u00f6h\u00f6n kuin ammattimaisiin tuottajiinkin. Metallisessa kynttil\u00e4purkissa on kansi, joka suojaa kynttil\u00e4\u00e4 p\u00f6lylt\u00e4 ja tekee tuotteesta tyylikk\u00e4\u00e4n n\u00e4k\u00f6isen.  <\/p>\n<p class=\"\" data-start=\"550\" data-end=\"662\"><strong data-start=\"550\" data-end=\"564\">Tilavuus:<\/strong> 120 ml<br data-start=\"571\" data-end=\"574\"><strong data-start=\"574\" data-end=\"585\">Mitat:<\/strong> korkeus 4,2 cm, halkaisija 7,1 cm<br data-start=\"617\" data-end=\"620\"> Materiaali<strong data-start=\"620\" data-end=\"633\">:<\/strong> metalli<br data-start=\"640\" data-end=\"643\"><strong data-start=\"643\" data-end=\"654\">V\u00e4ri:<\/strong> kultainen<strong data-start=\"643\" data-end=\"654\">.<\/strong> <\/p>\n<p class=\"\" data-start=\"664\" data-end=\"730\">Lis\u00e4\u00e4 vain syd\u00e4nlanka, kaada sulava vaha ja luo oma persoonallinen kynttil\u00e4si!<\/p>\n","protected":false},"excerpt":{"rendered":"<p>Silkkinen ja kest\u00e4v\u00e4 <strong data-start=\"309\" data-end=\"329\">kultainen metallipurkki<\/strong> on t\u00e4ydellinen valinta kynttil\u00f6iden valmistukseen. Sopii k\u00e4ytett\u00e4v\u00e4ksi erilaisten vahojen, kuten soijavahan, parafiinivahan, rypsi\u00f6ljyvahan, mehil\u00e4isvahan ja palmuvahan kanssa. Metallisessa kynttil\u00e4npidikkeess\u00e4 on kansi, joka suojaa kynttil\u00e4\u00e4 p\u00f6lylt\u00e4 ja tarjoaa samalla tyylikk\u00e4\u00e4n ulkon\u00e4\u00f6n.  <\/p>\n","protected":false},"featured_media":17145,"template":"","meta":{"site-sidebar-layout":"default","site-content-layout":"","ast-site-content-layout":"default","site-content-style":"default","site-sidebar-style":"default","ast-global-header-display":"","ast-banner-title-visibility":"","ast-main-header-display":"","ast-hfb-above-header-display":"","ast-hfb-below-header-display":"","ast-hfb-mobile-header-display":"","site-post-title":"","ast-breadcrumbs-content":"","ast-featured-img":"","footer-sml-layout":"","ast-disable-related-posts":"","theme-transparent-header-meta":"default","adv-header-id-meta":"","stick-header-meta":"default","header-above-stick-meta":"","header-main-stick-meta":"","header-below-stick-meta":"","astra-migrate-meta-layouts":"set","ast-page-background-enabled":"default","ast-page-background-meta":{"desktop":{"background-color":"","background-image":"","background-repeat":"repeat","background-position":"center center","background-size":"auto","background-attachment":"scroll","background-type":"","background-media":"","overlay-type":"","overlay-color":"","overlay-opacity":"","overlay-gradient":""},"tablet":{"background-color":"","background-image":"","background-repeat":"repeat","background-position":"center center","background-size":"auto","background-attachment":"scroll","background-type":"","background-media":"","overlay-type":"","overlay-color":"","overlay-opacity":"","overlay-gradient":""},"mobile":{"background-color":"","background-image":"","background-repeat":"repeat","background-position":"center center","background-size":"auto","background-attachment":"scroll","background-type":"","background-media":"","overlay-type":"","overlay-color":"","overlay-opacity":"","overlay-gradient":""}},"ast-content-background-meta":{"desktop":{"background-color":"var(--ast-global-color-5)","background-image":"","background-repeat":"repeat","background-position":"center center","background-size":"auto","background-attachment":"scroll","background-type":"","background-media":"","overlay-type":"","overlay-color":"","overlay-opacity":"","overlay-gradient":""},"tablet":{"background-color":"var(--ast-global-color-5)","background-image":"","background-repeat":"repeat","background-position":"center center","background-size":"auto","background-attachment":"scroll","background-type":"","background-media":"","overlay-type":"","overlay-color":"","overlay-opacity":"","overlay-gradient":""},"mobile":{"background-color":"var(--ast-global-color-5)","background-image":"","background-repeat":"repeat","background-position":"center center","background-size":"auto","background-attachment":"scroll","background-type":"","background-media":"","overlay-type":"","overlay-color":"","overlay-opacity":"","overlay-gradient":""}}},"product_brand":[],"product_cat":[163,158],"product_tag":[],"class_list":{"0":"post-17140","1":"product","2":"type-product","3":"status-publish","4":"has-post-thumbnail","6":"product_cat-kynttilalasit-ja-kannet","7":"product_cat-kynttiloiden-valmistus-fi","8":"desktop-align-left","9":"tablet-align-left","10":"mobile-align-left","11":"ast-product-gallery-layout-horizontal","12":"ast-product-gallery-with-no-image","13":"ast-product-tabs-layout-horizontal","15":"first","16":"outofstock","17":"taxable","18":"shipping-taxable","19":"purchasable","20":"product-type-simple"},"_links":{"self":[{"href":"https:\/\/nordicdiy.ee\/fi\/wp-json\/wp\/v2\/product\/17140","targetHints":{"allow":["GET"]}}],"collection":[{"href":"https:\/\/nordicdiy.ee\/fi\/wp-json\/wp\/v2\/product"}],"about":[{"href":"https:\/\/nordicdiy.ee\/fi\/wp-json\/wp\/v2\/types\/product"}],"wp:featuredmedia":[{"embeddable":true,"href":"https:\/\/nordicdiy.ee\/fi\/wp-json\/wp\/v2\/media\/17145"}],"wp:attachment":[{"href":"https:\/\/nordicdiy.ee\/fi\/wp-json\/wp\/v2\/media?parent=17140"}],"wp:term":[{"taxonomy":"product_brand","embeddable":true,"href":"https:\/\/nordicdiy.ee\/fi\/wp-json\/wp\/v2\/product_brand?post=17140"},{"taxonomy":"product_cat","embeddable":true,"href":"https:\/\/nordicdiy.ee\/fi\/wp-json\/wp\/v2\/product_cat?post=17140"},{"taxonomy":"product_tag","embeddable":true,"href":"https:\/\/nordicdiy.ee\/fi\/wp-json\/wp\/v2\/product_tag?post=17140"}],"curies":[{"name":"wp","href":"https:\/\/api.w.org\/{rel}","templated":true}]}}