{"id":17161,"date":"2025-04-02T11:53:57","date_gmt":"2025-04-02T08:53:57","guid":{"rendered":"https:\/\/nordicdiy.ee\/?post_type=product&#038;p=17161"},"modified":"2026-02-17T15:40:57","modified_gmt":"2026-02-17T12:40:57","slug":"kynttilalasi-laventeli-lila-matta-260ml-h88-x-d80-mm-copy","status":"publish","type":"product","link":"https:\/\/nordicdiy.ee\/fi\/epood\/kynttiloiden-valmistus-fi\/kynttilalasit-ja-kannet\/kynttilalasi-laventeli-lila-matta-260ml-h88-x-d80-mm-copy\/","title":{"rendered":"Ylellinen kynttil\u00e4lasi kynttil\u00f6iden valmistukseen - 300 ml"},"content":{"rendered":"<p class=\"\" data-start=\"227\" data-end=\"441\">Tyylik\u00e4s ja <strong data-start=\"238\" data-end=\"263\">ylellinen kynttil\u00e4lasi<\/strong>, joka on valmistettu korkealaatuisesta, paksusta l\u00e4mm\u00f6nkest\u00e4v\u00e4st\u00e4 lasista. T\u00e4m\u00e4 tyylik\u00e4s 300 ml:n astia sopii erinomaisesti sek\u00e4 kotitekoisiin kynttil\u00f6ihin ett\u00e4 koriste-esineeksi. <\/p>\n<p class=\"\" data-start=\"443\" data-end=\"720\">Sopii <strong data-start=\"443\" data-end=\"498\">erinomaisesti k\u00e4ytett\u00e4v\u00e4ksi erilaisten vahojen kanssa<\/strong>: soijavaha, parafiini, rypsi-, mehil\u00e4is- ja palmuvaha. Kynttil\u00e4lasi takaa puhtaan ja tasaisen palamisen sek\u00e4 pitk\u00e4ik\u00e4isen ja turvallisen k\u00e4yt\u00f6n. Kristalliefekti tuo vahan kauneuden esiin ja lis\u00e4\u00e4 ylellisen ilmeen mihin tahansa kynttil\u00e4\u00e4n.  <\/p>\n<p class=\"\" data-start=\"722\" data-end=\"979\"><strong data-start=\"722\" data-end=\"753\">Haluatko ainutlaatuisen muotoilun?<\/strong> Kynttil\u00e4lasit voidaan tilata my\u00f6s <strong data-start=\"790\" data-end=\"819\">haluamassasi v\u00e4riss\u00e4<\/strong> - t\u00e4ydellist\u00e4 br\u00e4nd\u00e4yst\u00e4 tai erityisten kokoelmien luomista varten. Erikoistilausten v\u00e4himm\u00e4ism\u00e4\u00e4r\u00e4 on 500 kappaletta. Kirjoita meille pyynt\u00f6si: <strong data-start=\"957\" data-end=\"979\"><a class=\"cursor-pointer\" rel=\"noopener\" data-start=\"959\" data-end=\"977\">epood@nordicdiy.ee<\/a><\/strong>  <\/p>\n<p class=\"\" data-start=\"981\" data-end=\"1081\"><strong data-start=\"981\" data-end=\"995\">Tilavuus:<\/strong> n. 300 ml<br data-start=\"1004\" data-end=\"1007\"><strong data-start=\"1007\" data-end=\"1018\">Mitat:<\/strong> korkeus n. 9 cm, leveys n. 8 cm, reunan paksuus 5 mm, sis\u00e4leveys 6,8 cm<br data-start=\"1046\" data-end=\"1049\"> Materiaali<strong data-start=\"1049\" data-end=\"1062\">:<\/strong> kuumuutta kest\u00e4v\u00e4 lasi<strong data-start=\"1049\" data-end=\"1062\">.<\/strong> <\/p>\n","protected":false},"excerpt":{"rendered":"<p>Tyylik\u00e4s ja <strong data-start=\"238\" data-end=\"263\">ylellinen l\u00e4pin\u00e4kyv\u00e4 kristallikynttil\u00e4lasi<\/strong>, joka on valmistettu korkealaatuisesta, paksusta l\u00e4mm\u00f6nkest\u00e4v\u00e4st\u00e4 lasista. T\u00e4m\u00e4 tyylik\u00e4s 300 ml:n astia sopii erinomaisesti kotitekoisten kynttil\u00f6iden valmistukseen sek\u00e4 koristeluun.  Sen koko ja moderni muotoilu tekev\u00e4t siit\u00e4 ihanteellisen k\u00e4ytett\u00e4v\u00e4ksi erilaisten vahojen, kuten soijavahan, parafiinivahan, rypsi\u00f6ljyvahan, mehil\u00e4isvahan ja palmuvahan kanssa.<\/p>\n","protected":false},"featured_media":17166,"template":"","meta":{"site-sidebar-layout":"default","site-content-layout":"","ast-site-content-layout":"default","site-content-style":"default","site-sidebar-style":"default","ast-global-header-display":"","ast-banner-title-visibility":"","ast-main-header-display":"","ast-hfb-above-header-display":"","ast-hfb-below-header-display":"","ast-hfb-mobile-header-display":"","site-post-title":"","ast-breadcrumbs-content":"","ast-featured-img":"","footer-sml-layout":"","ast-disable-related-posts":"","theme-transparent-header-meta":"default","adv-header-id-meta":"","stick-header-meta":"default","header-above-stick-meta":"","header-main-stick-meta":"","header-below-stick-meta":"","astra-migrate-meta-layouts":"set","ast-page-background-enabled":"default","ast-page-background-meta":{"desktop":{"background-color":"","background-image":"","background-repeat":"repeat","background-position":"center center","background-size":"auto","background-attachment":"scroll","background-type":"","background-media":"","overlay-type":"","overlay-color":"","overlay-opacity":"","overlay-gradient":""},"tablet":{"background-color":"","background-image":"","background-repeat":"repeat","background-position":"center center","background-size":"auto","background-attachment":"scroll","background-type":"","background-media":"","overlay-type":"","overlay-color":"","overlay-opacity":"","overlay-gradient":""},"mobile":{"background-color":"","background-image":"","background-repeat":"repeat","background-position":"center center","background-size":"auto","background-attachment":"scroll","background-type":"","background-media":"","overlay-type":"","overlay-color":"","overlay-opacity":"","overlay-gradient":""}},"ast-content-background-meta":{"desktop":{"background-color":"var(--ast-global-color-5)","background-image":"","background-repeat":"repeat","background-position":"center center","background-size":"auto","background-attachment":"scroll","background-type":"","background-media":"","overlay-type":"","overlay-color":"","overlay-opacity":"","overlay-gradient":""},"tablet":{"background-color":"var(--ast-global-color-5)","background-image":"","background-repeat":"repeat","background-position":"center center","background-size":"auto","background-attachment":"scroll","background-type":"","background-media":"","overlay-type":"","overlay-color":"","overlay-opacity":"","overlay-gradient":""},"mobile":{"background-color":"var(--ast-global-color-5)","background-image":"","background-repeat":"repeat","background-position":"center center","background-size":"auto","background-attachment":"scroll","background-type":"","background-media":"","overlay-type":"","overlay-color":"","overlay-opacity":"","overlay-gradient":""}}},"product_brand":[],"product_cat":[163,158],"product_tag":[],"class_list":{"0":"post-17161","1":"product","2":"type-product","3":"status-publish","4":"has-post-thumbnail","6":"product_cat-kynttilalasit-ja-kannet","7":"product_cat-kynttiloiden-valmistus-fi","8":"desktop-align-left","9":"tablet-align-left","10":"mobile-align-left","11":"ast-product-gallery-layout-horizontal","12":"ast-product-gallery-with-no-image","13":"ast-product-tabs-layout-horizontal","15":"first","16":"instock","17":"taxable","18":"shipping-taxable","19":"purchasable","20":"product-type-simple"},"_links":{"self":[{"href":"https:\/\/nordicdiy.ee\/fi\/wp-json\/wp\/v2\/product\/17161","targetHints":{"allow":["GET"]}}],"collection":[{"href":"https:\/\/nordicdiy.ee\/fi\/wp-json\/wp\/v2\/product"}],"about":[{"href":"https:\/\/nordicdiy.ee\/fi\/wp-json\/wp\/v2\/types\/product"}],"wp:featuredmedia":[{"embeddable":true,"href":"https:\/\/nordicdiy.ee\/fi\/wp-json\/wp\/v2\/media\/17166"}],"wp:attachment":[{"href":"https:\/\/nordicdiy.ee\/fi\/wp-json\/wp\/v2\/media?parent=17161"}],"wp:term":[{"taxonomy":"product_brand","embeddable":true,"href":"https:\/\/nordicdiy.ee\/fi\/wp-json\/wp\/v2\/product_brand?post=17161"},{"taxonomy":"product_cat","embeddable":true,"href":"https:\/\/nordicdiy.ee\/fi\/wp-json\/wp\/v2\/product_cat?post=17161"},{"taxonomy":"product_tag","embeddable":true,"href":"https:\/\/nordicdiy.ee\/fi\/wp-json\/wp\/v2\/product_tag?post=17161"}],"curies":[{"name":"wp","href":"https:\/\/api.w.org\/{rel}","templated":true}]}}