{"id":17181,"date":"2025-04-02T12:38:18","date_gmt":"2025-04-02T09:38:18","guid":{"rendered":"https:\/\/nordicdiy.ee\/?post_type=product&#038;p=17181"},"modified":"2025-12-10T12:11:28","modified_gmt":"2025-12-10T09:11:28","slug":"rombic-kynttilalasi-kynttiloiden-valmistukseen-300-ml-copy","status":"publish","type":"product","link":"https:\/\/nordicdiy.ee\/fi\/epood\/kynttiloiden-valmistus-fi\/kynttilalasit-ja-kannet\/rombic-kynttilalasi-kynttiloiden-valmistukseen-300-ml-copy\/","title":{"rendered":"Tummanruskea kynttil\u00e4lasi kierrekorkilla 100 ml"},"content":{"rendered":"<p class=\"\" data-start=\"209\" data-end=\"520\">Monik\u00e4ytt\u00f6inen <strong data-start=\"230\" data-end=\"282\">koristeellinen<\/strong> 100 ml:n <strong data-start=\"230\" data-end=\"282\">astia, joka on valmistettu korkealaatuisesta ruskeasta lasista<\/strong> ja jossa on <strong data-start=\"308\" data-end=\"337\">musta kierrekorkki.<\/strong> Ihanteellinen <strong data-start=\"363\" data-end=\"381\">kynttil\u00e4lasi<\/strong> sek\u00e4 <strong data-start=\"389\" data-end=\"423\">kosmetiikka-astia<\/strong> - esimerkiksi tuoksupalloille, joista voi valmistaa tehokkaan kotituoksun. <\/p>\n<p class=\"\" data-start=\"522\" data-end=\"672\">T\u00e4ydellinen valinta tee-se-itse-tekij\u00e4lle tai askartelijalle: kaada parafiini, lis\u00e4\u00e4 geeli\u00e4, tuoksua tai v\u00e4ri\u00e4, aseta syd\u00e4nlanka - ja henkil\u00f6kohtainen kynttil\u00e4si on valmis!<\/p>\n<p class=\"\" data-start=\"674\" data-end=\"797\"><strong data-start=\"674\" data-end=\"685\">Mitat:<\/strong> korkeus 6,5 cm, leveys 6,2 cm<br data-start=\"711\" data-end=\"714\"> Tilavuus<strong data-start=\"714\" data-end=\"723\">:<\/strong> 100 ml<br data-start=\"730\" data-end=\"733\"> Materiaali<strong data-start=\"733\" data-end=\"746\">:<\/strong> paksua ruskeaa lasia<br data-start=\"757\" data-end=\"760\"> Korkki<strong data-start=\"760\" data-end=\"769\">:<\/strong> musta muovikorkki (kierrekorkki).<\/p>\n","protected":false},"excerpt":{"rendered":"<p>Monik\u00e4ytt\u00f6inen <strong data-start=\"230\" data-end=\"282\">koristeellinen<\/strong> 100 ml:n <strong data-start=\"230\" data-end=\"282\">astia, joka on valmistettu korkealaatuisesta ruskeasta lasista<\/strong> ja jossa on <strong data-start=\"308\" data-end=\"337\">musta kierrekorkki.<\/strong> Ihanteellinen <strong data-start=\"363\" data-end=\"381\">kynttil\u00e4lasi<\/strong> sek\u00e4 <strong data-start=\"389\" data-end=\"423\">kosmetiikka-astia<\/strong> - esimerkiksi tuoksupalloille, joista voi tehd\u00e4 tehokkaan kotiparfyymin. <\/p>\n","protected":false},"featured_media":17186,"template":"","meta":{"site-sidebar-layout":"default","site-content-layout":"","ast-site-content-layout":"default","site-content-style":"default","site-sidebar-style":"default","ast-global-header-display":"","ast-banner-title-visibility":"","ast-main-header-display":"","ast-hfb-above-header-display":"","ast-hfb-below-header-display":"","ast-hfb-mobile-header-display":"","site-post-title":"","ast-breadcrumbs-content":"","ast-featured-img":"","footer-sml-layout":"","ast-disable-related-posts":"","theme-transparent-header-meta":"default","adv-header-id-meta":"","stick-header-meta":"default","header-above-stick-meta":"","header-main-stick-meta":"","header-below-stick-meta":"","astra-migrate-meta-layouts":"set","ast-page-background-enabled":"default","ast-page-background-meta":{"desktop":{"background-color":"","background-image":"","background-repeat":"repeat","background-position":"center center","background-size":"auto","background-attachment":"scroll","background-type":"","background-media":"","overlay-type":"","overlay-color":"","overlay-opacity":"","overlay-gradient":""},"tablet":{"background-color":"","background-image":"","background-repeat":"repeat","background-position":"center center","background-size":"auto","background-attachment":"scroll","background-type":"","background-media":"","overlay-type":"","overlay-color":"","overlay-opacity":"","overlay-gradient":""},"mobile":{"background-color":"","background-image":"","background-repeat":"repeat","background-position":"center center","background-size":"auto","background-attachment":"scroll","background-type":"","background-media":"","overlay-type":"","overlay-color":"","overlay-opacity":"","overlay-gradient":""}},"ast-content-background-meta":{"desktop":{"background-color":"var(--ast-global-color-5)","background-image":"","background-repeat":"repeat","background-position":"center center","background-size":"auto","background-attachment":"scroll","background-type":"","background-media":"","overlay-type":"","overlay-color":"","overlay-opacity":"","overlay-gradient":""},"tablet":{"background-color":"var(--ast-global-color-5)","background-image":"","background-repeat":"repeat","background-position":"center center","background-size":"auto","background-attachment":"scroll","background-type":"","background-media":"","overlay-type":"","overlay-color":"","overlay-opacity":"","overlay-gradient":""},"mobile":{"background-color":"var(--ast-global-color-5)","background-image":"","background-repeat":"repeat","background-position":"center center","background-size":"auto","background-attachment":"scroll","background-type":"","background-media":"","overlay-type":"","overlay-color":"","overlay-opacity":"","overlay-gradient":""}}},"product_brand":[],"product_cat":[163,158],"product_tag":[],"class_list":{"0":"post-17181","1":"product","2":"type-product","3":"status-publish","4":"has-post-thumbnail","6":"product_cat-kynttilalasit-ja-kannet","7":"product_cat-kynttiloiden-valmistus-fi","8":"desktop-align-left","9":"tablet-align-left","10":"mobile-align-left","11":"ast-product-gallery-layout-horizontal","12":"ast-product-tabs-layout-horizontal","14":"first","15":"instock","16":"taxable","17":"shipping-taxable","18":"purchasable","19":"product-type-simple"},"_links":{"self":[{"href":"https:\/\/nordicdiy.ee\/fi\/wp-json\/wp\/v2\/product\/17181","targetHints":{"allow":["GET"]}}],"collection":[{"href":"https:\/\/nordicdiy.ee\/fi\/wp-json\/wp\/v2\/product"}],"about":[{"href":"https:\/\/nordicdiy.ee\/fi\/wp-json\/wp\/v2\/types\/product"}],"wp:featuredmedia":[{"embeddable":true,"href":"https:\/\/nordicdiy.ee\/fi\/wp-json\/wp\/v2\/media\/17186"}],"wp:attachment":[{"href":"https:\/\/nordicdiy.ee\/fi\/wp-json\/wp\/v2\/media?parent=17181"}],"wp:term":[{"taxonomy":"product_brand","embeddable":true,"href":"https:\/\/nordicdiy.ee\/fi\/wp-json\/wp\/v2\/product_brand?post=17181"},{"taxonomy":"product_cat","embeddable":true,"href":"https:\/\/nordicdiy.ee\/fi\/wp-json\/wp\/v2\/product_cat?post=17181"},{"taxonomy":"product_tag","embeddable":true,"href":"https:\/\/nordicdiy.ee\/fi\/wp-json\/wp\/v2\/product_tag?post=17181"}],"curies":[{"name":"wp","href":"https:\/\/api.w.org\/{rel}","templated":true}]}}