{"id":17212,"date":"2025-04-02T13:05:49","date_gmt":"2025-04-02T10:05:49","guid":{"rendered":"https:\/\/nordicdiy.ee\/?post_type=product&#038;p=17212"},"modified":"2025-10-18T09:54:29","modified_gmt":"2025-10-18T06:54:29","slug":"lapinakyva-kynttilalasi-nelio-300ml-80x80mm-copy","status":"publish","type":"product","link":"https:\/\/nordicdiy.ee\/fi\/epood\/kynttiloiden-valmistus-fi\/kynttilalasit-ja-kannet\/lapinakyva-kynttilalasi-nelio-300ml-80x80mm-copy\/","title":{"rendered":"L\u00e4pin\u00e4kyv\u00e4 kynttil\u00e4lasi paksulla reunalla 220ml, h80 x d90mm."},"content":{"rendered":"<p class=\"\" data-start=\"231\" data-end=\"499\">Skandinaavinen ja <strong data-start=\"244\" data-end=\"290\">korkealaatuisesta paksusta lasista<\/strong> valmistettu 220 ml:n tilavuuden <strong data-start=\"244\" data-end=\"290\">kynttil\u00e4lasi<\/strong> sopii erinomaisesti <strong data-start=\"334\" data-end=\"361\">kynttil\u00f6iden valmistukseen<\/strong> sek\u00e4 koristeluun. Kynttil\u00e4njalkaa koristaa silmiinpist\u00e4v\u00e4n <strong data-start=\"425\" data-end=\"452\">paksu, noin 8 mm:n reunus<\/strong>, joka antaa tuotteelle vahvan ja tyylikk\u00e4\u00e4n ulkon\u00e4\u00f6n. <\/p>\n<p class=\"\" data-start=\"501\" data-end=\"765\">T\u00e4m\u00e4 <strong data-start=\"505\" data-end=\"527\">lasinen kynttil\u00e4njalka<\/strong> on monipuolinen - sit\u00e4 voidaan <strong data-start=\"551\" data-end=\"574\">k\u00e4ytt\u00e4\u00e4 kynttil\u00f6iden valamiseen<\/strong>, <strong data-start=\"576\" data-end=\"619\">tuoksupallojen pit\u00e4miseen<\/strong>, <strong data-start=\"621\" data-end=\"642\">pienen\u00e4 maljakkona<\/strong> tai <strong data-start=\"647\" data-end=\"673\">koristeellisena maljakkona<\/strong>. Minimalistinen ja j\u00e4m\u00e4kk\u00e4 muotoilu sopii <strong data-start=\"717\" data-end=\"764\">t\u00e4ydellisesti skandinaaviseen sisustukseen<\/strong>. <\/p>\n<p class=\"\" data-start=\"501\" data-end=\"765\"><strong data-start=\"845\" data-end=\"856\">Mitat:<\/strong> korkeus 80 mm, leveys 90 mm, sis\u00e4korkeus n. 70 mm, sis\u00e4leveys n. 74 mm, reunan paksuus 8 mm<br data-start=\"882\" data-end=\"885\"> Tilavuus: 220 ml<br data-start=\"901\" data-end=\"904\"> Materiaali<strong data-start=\"904\" data-end=\"917\">:<\/strong> kest\u00e4v\u00e4 kuumuutta kest\u00e4v\u00e4 lasi.<\/p>\n<p class=\"\" data-start=\"951\" data-end=\"1075\">Luo huomiota her\u00e4tt\u00e4v\u00e4 k\u00e4sity\u00f6kynttil\u00e4 tai lis\u00e4\u00e4 persoonallisuutta huoneeseen - t\u00e4ss\u00e4 kynttil\u00e4lasissa yhdistyv\u00e4t toiminnallisuus ja pohjoismainen estetiikka.<\/p>\n","protected":false},"excerpt":{"rendered":"<p>Luo huomiota her\u00e4tt\u00e4v\u00e4 k\u00e4sity\u00f6kynttil\u00e4 tai lis\u00e4\u00e4 persoonallisuutta huoneeseen - t\u00e4ss\u00e4 kynttil\u00e4lasissa yhdistyv\u00e4t toiminnallisuus ja pohjoismainen estetiikka. Kynttil\u00e4lasi on l\u00e4mm\u00f6nkest\u00e4v\u00e4\u00e4 ja kest\u00e4v\u00e4\u00e4, ja se on loistava valinta sek\u00e4 DIY-kynttil\u00e4nvalmistajille ett\u00e4 ammattilaisille. <strong>Lasitusta koristaa n\u00e4kyv\u00e4, noin 8 mm leve\u00e4 paksu reuna<\/strong>, joka antaa tuotteelle vahvan ja tyylikk\u00e4\u00e4n ilmeen. Lis\u00e4ksi <strong data-start=\"713\" data-end=\"748\">halkaisijaltaan jopa 7 cm:n teekynttil\u00e4<\/strong> mahtuu lasiin t\u00e4ydellisesti, mik\u00e4 tekee siit\u00e4 jokap\u00e4iv\u00e4isen koristeen. <\/p>\n","protected":false},"featured_media":17217,"template":"","meta":{"site-sidebar-layout":"default","site-content-layout":"","ast-site-content-layout":"default","site-content-style":"default","site-sidebar-style":"default","ast-global-header-display":"","ast-banner-title-visibility":"","ast-main-header-display":"","ast-hfb-above-header-display":"","ast-hfb-below-header-display":"","ast-hfb-mobile-header-display":"","site-post-title":"","ast-breadcrumbs-content":"","ast-featured-img":"","footer-sml-layout":"","ast-disable-related-posts":"","theme-transparent-header-meta":"default","adv-header-id-meta":"","stick-header-meta":"default","header-above-stick-meta":"","header-main-stick-meta":"","header-below-stick-meta":"","astra-migrate-meta-layouts":"set","ast-page-background-enabled":"default","ast-page-background-meta":{"desktop":{"background-color":"","background-image":"","background-repeat":"repeat","background-position":"center center","background-size":"auto","background-attachment":"scroll","background-type":"","background-media":"","overlay-type":"","overlay-color":"","overlay-opacity":"","overlay-gradient":""},"tablet":{"background-color":"","background-image":"","background-repeat":"repeat","background-position":"center center","background-size":"auto","background-attachment":"scroll","background-type":"","background-media":"","overlay-type":"","overlay-color":"","overlay-opacity":"","overlay-gradient":""},"mobile":{"background-color":"","background-image":"","background-repeat":"repeat","background-position":"center center","background-size":"auto","background-attachment":"scroll","background-type":"","background-media":"","overlay-type":"","overlay-color":"","overlay-opacity":"","overlay-gradient":""}},"ast-content-background-meta":{"desktop":{"background-color":"var(--ast-global-color-5)","background-image":"","background-repeat":"repeat","background-position":"center center","background-size":"auto","background-attachment":"scroll","background-type":"","background-media":"","overlay-type":"","overlay-color":"","overlay-opacity":"","overlay-gradient":""},"tablet":{"background-color":"var(--ast-global-color-5)","background-image":"","background-repeat":"repeat","background-position":"center center","background-size":"auto","background-attachment":"scroll","background-type":"","background-media":"","overlay-type":"","overlay-color":"","overlay-opacity":"","overlay-gradient":""},"mobile":{"background-color":"var(--ast-global-color-5)","background-image":"","background-repeat":"repeat","background-position":"center center","background-size":"auto","background-attachment":"scroll","background-type":"","background-media":"","overlay-type":"","overlay-color":"","overlay-opacity":"","overlay-gradient":""}}},"product_brand":[],"product_cat":[163,158],"product_tag":[],"class_list":{"0":"post-17212","1":"product","2":"type-product","3":"status-publish","4":"has-post-thumbnail","6":"product_cat-kynttilalasit-ja-kannet","7":"product_cat-kynttiloiden-valmistus-fi","8":"desktop-align-left","9":"tablet-align-left","10":"mobile-align-left","11":"ast-product-gallery-layout-horizontal","12":"ast-product-gallery-with-no-image","13":"ast-product-tabs-layout-horizontal","15":"first","16":"instock","17":"taxable","18":"shipping-taxable","19":"purchasable","20":"product-type-simple"},"_links":{"self":[{"href":"https:\/\/nordicdiy.ee\/fi\/wp-json\/wp\/v2\/product\/17212","targetHints":{"allow":["GET"]}}],"collection":[{"href":"https:\/\/nordicdiy.ee\/fi\/wp-json\/wp\/v2\/product"}],"about":[{"href":"https:\/\/nordicdiy.ee\/fi\/wp-json\/wp\/v2\/types\/product"}],"wp:featuredmedia":[{"embeddable":true,"href":"https:\/\/nordicdiy.ee\/fi\/wp-json\/wp\/v2\/media\/17217"}],"wp:attachment":[{"href":"https:\/\/nordicdiy.ee\/fi\/wp-json\/wp\/v2\/media?parent=17212"}],"wp:term":[{"taxonomy":"product_brand","embeddable":true,"href":"https:\/\/nordicdiy.ee\/fi\/wp-json\/wp\/v2\/product_brand?post=17212"},{"taxonomy":"product_cat","embeddable":true,"href":"https:\/\/nordicdiy.ee\/fi\/wp-json\/wp\/v2\/product_cat?post=17212"},{"taxonomy":"product_tag","embeddable":true,"href":"https:\/\/nordicdiy.ee\/fi\/wp-json\/wp\/v2\/product_tag?post=17212"}],"curies":[{"name":"wp","href":"https:\/\/api.w.org\/{rel}","templated":true}]}}