{"id":17246,"date":"2025-04-02T14:32:34","date_gmt":"2025-04-02T11:32:34","guid":{"rendered":"https:\/\/nordicdiy.ee\/?post_type=product&#038;p=17246"},"modified":"2026-04-02T00:25:23","modified_gmt":"2026-04-01T21:25:23","slug":"lapinakyva-kynttilalasi-paksulla-reunalla-220ml-h80-x-d90mm-copy-2","status":"publish","type":"product","link":"https:\/\/nordicdiy.ee\/fi\/epood\/kynttiloiden-valmistus-fi\/kynttilalasit-ja-kannet\/lapinakyva-kynttilalasi-paksulla-reunalla-220ml-h80-x-d90mm-copy-2\/","title":{"rendered":"L\u00e4pin\u00e4kyv\u00e4 kynttil\u00e4purkki\/mukavuuspurkki kannella 300ml, h106 x d99mm"},"content":{"rendered":"<p class=\"\" data-start=\"92\" data-end=\"159\">Koristeellinen kynttil\u00e4lasi lasikannella - 300 ml (Yankee-tyyli). <strong data-start=\"198\" data-end=\"269\">Koristeellinen kynttil\u00e4lasi<\/strong>, jonka tilavuus on 300 ml, <strong data-start=\"198\" data-end=\"269\">valmistettu korkealaatuisesta paksusta lasista<\/strong> <strong data-start=\"316\" data-end=\"336\">, lasikannella.<\/strong> Se on <strong data-start=\"350\" data-end=\"404\">pienikokoinen Yankee-tyylinen kynttil\u00e4purkki<\/strong>, joka sopii t\u00e4ydellisesti k\u00e4sintehtyihin kynttil\u00f6ihin, mutta my\u00f6s <strong data-start=\"469\" data-end=\"485\">karkkipurkiksi<\/strong> tai koriste-esineeksi. <\/p>\n<p class=\"\" data-start=\"514\" data-end=\"755\">Klassisen muotonsa ja vahvan lasinsa ansiosta t\u00e4m\u00e4 lasikulho on t\u00e4ydellinen <strong data-start=\"609\" data-end=\"667\">saippuavahan, parafiinivahan, rypsi\u00f6ljyvahan ja mehil\u00e4isvahakynttil\u00f6iden<\/strong> kaatamiseen. Kannellinen kynttil\u00e4lasi pit\u00e4\u00e4 tuoksun raikkaana ja antaa sille eksklusiivisen lis\u00e4n. <\/p>\n<p class=\"\" data-start=\"757\" data-end=\"899\"><strong data-start=\"757\" data-end=\"768\">Mitat:<\/strong> korkeus 106 mm, leveys 99 mm<br data-start=\"795\" data-end=\"798\"> Tilavuus<strong data-start=\"798\" data-end=\"807\">:<\/strong> 300 ml<br data-start=\"814\" data-end=\"817\"> Materiaali<strong data-start=\"817\" data-end=\"830\">:<\/strong> kuumankest\u00e4v\u00e4\u00e4 paksua lasia<br data-start=\"854\" data-end=\"857\"><strong data-start=\"857\" data-end=\"868\">Lis\u00e4ksi:<\/strong> lasikansi sis\u00e4ltyy sarjaan.<\/p>\n<p class=\"\" data-start=\"901\" data-end=\"992\">T\u00e4ydellinen lahjoihin, askarteluprojekteihin ja kodikkaan ilmapiirin luomiseen mihin tahansa kotiin.<\/p>\n","protected":false},"excerpt":{"rendered":"<p>Koristeellinen kynttil\u00e4lasi lasikannella - 300 ml (Yankee-tyyli). <strong data-start=\"198\" data-end=\"269\">Koristeellinen kynttil\u00e4lasi<\/strong>, jonka tilavuus on 300 ml, <strong data-start=\"198\" data-end=\"269\">valmistettu korkealaatuisesta paksusta lasista<\/strong> <strong data-start=\"316\" data-end=\"336\">, lasikannella.<\/strong> Se on <strong data-start=\"350\" data-end=\"404\">pienikokoinen Yankee-tyylinen kynttil\u00e4purkki<\/strong>, joka sopii t\u00e4ydellisesti k\u00e4sintehtyihin kynttil\u00f6ihin, mutta my\u00f6s <strong data-start=\"469\" data-end=\"485\">karkkipurkiksi<\/strong> tai koriste-esineeksi. <\/p>\n","protected":false},"featured_media":17251,"template":"","meta":{"site-sidebar-layout":"default","site-content-layout":"","ast-site-content-layout":"default","site-content-style":"default","site-sidebar-style":"default","ast-global-header-display":"","ast-banner-title-visibility":"","ast-main-header-display":"","ast-hfb-above-header-display":"","ast-hfb-below-header-display":"","ast-hfb-mobile-header-display":"","site-post-title":"","ast-breadcrumbs-content":"","ast-featured-img":"","footer-sml-layout":"","ast-disable-related-posts":"","theme-transparent-header-meta":"default","adv-header-id-meta":"","stick-header-meta":"default","header-above-stick-meta":"","header-main-stick-meta":"","header-below-stick-meta":"","astra-migrate-meta-layouts":"set","ast-page-background-enabled":"default","ast-page-background-meta":{"desktop":{"background-color":"","background-image":"","background-repeat":"repeat","background-position":"center center","background-size":"auto","background-attachment":"scroll","background-type":"","background-media":"","overlay-type":"","overlay-color":"","overlay-opacity":"","overlay-gradient":""},"tablet":{"background-color":"","background-image":"","background-repeat":"repeat","background-position":"center center","background-size":"auto","background-attachment":"scroll","background-type":"","background-media":"","overlay-type":"","overlay-color":"","overlay-opacity":"","overlay-gradient":""},"mobile":{"background-color":"","background-image":"","background-repeat":"repeat","background-position":"center center","background-size":"auto","background-attachment":"scroll","background-type":"","background-media":"","overlay-type":"","overlay-color":"","overlay-opacity":"","overlay-gradient":""}},"ast-content-background-meta":{"desktop":{"background-color":"var(--ast-global-color-5)","background-image":"","background-repeat":"repeat","background-position":"center center","background-size":"auto","background-attachment":"scroll","background-type":"","background-media":"","overlay-type":"","overlay-color":"","overlay-opacity":"","overlay-gradient":""},"tablet":{"background-color":"var(--ast-global-color-5)","background-image":"","background-repeat":"repeat","background-position":"center center","background-size":"auto","background-attachment":"scroll","background-type":"","background-media":"","overlay-type":"","overlay-color":"","overlay-opacity":"","overlay-gradient":""},"mobile":{"background-color":"var(--ast-global-color-5)","background-image":"","background-repeat":"repeat","background-position":"center center","background-size":"auto","background-attachment":"scroll","background-type":"","background-media":"","overlay-type":"","overlay-color":"","overlay-opacity":"","overlay-gradient":""}}},"product_brand":[],"product_cat":[163,158],"product_tag":[],"class_list":{"0":"post-17246","1":"product","2":"type-product","3":"status-publish","4":"has-post-thumbnail","6":"product_cat-kynttilalasit-ja-kannet","7":"product_cat-kynttiloiden-valmistus-fi","8":"desktop-align-left","9":"tablet-align-left","10":"mobile-align-left","11":"ast-product-gallery-layout-horizontal","12":"ast-product-gallery-with-no-image","13":"ast-product-tabs-layout-horizontal","15":"first","16":"instock","17":"taxable","18":"shipping-taxable","19":"purchasable","20":"product-type-simple"},"_links":{"self":[{"href":"https:\/\/nordicdiy.ee\/fi\/wp-json\/wp\/v2\/product\/17246","targetHints":{"allow":["GET"]}}],"collection":[{"href":"https:\/\/nordicdiy.ee\/fi\/wp-json\/wp\/v2\/product"}],"about":[{"href":"https:\/\/nordicdiy.ee\/fi\/wp-json\/wp\/v2\/types\/product"}],"wp:featuredmedia":[{"embeddable":true,"href":"https:\/\/nordicdiy.ee\/fi\/wp-json\/wp\/v2\/media\/17251"}],"wp:attachment":[{"href":"https:\/\/nordicdiy.ee\/fi\/wp-json\/wp\/v2\/media?parent=17246"}],"wp:term":[{"taxonomy":"product_brand","embeddable":true,"href":"https:\/\/nordicdiy.ee\/fi\/wp-json\/wp\/v2\/product_brand?post=17246"},{"taxonomy":"product_cat","embeddable":true,"href":"https:\/\/nordicdiy.ee\/fi\/wp-json\/wp\/v2\/product_cat?post=17246"},{"taxonomy":"product_tag","embeddable":true,"href":"https:\/\/nordicdiy.ee\/fi\/wp-json\/wp\/v2\/product_tag?post=17246"}],"curies":[{"name":"wp","href":"https:\/\/api.w.org\/{rel}","templated":true}]}}