{"id":17256,"date":"2025-04-02T14:41:20","date_gmt":"2025-04-02T11:41:20","guid":{"rendered":"https:\/\/nordicdiy.ee\/?post_type=product&#038;p=17256"},"modified":"2025-04-04T15:52:50","modified_gmt":"2025-04-04T12:52:50","slug":"lapinakyva-kynttilapurkki-mukavuuspurkki-kannella-300ml-h106-x-d99mm-copy","status":"publish","type":"product","link":"https:\/\/nordicdiy.ee\/fi\/epood\/kynttiloiden-valmistus-fi\/kynttilalasit-ja-kannet\/lapinakyva-kynttilapurkki-mukavuuspurkki-kannella-300ml-h106-x-d99mm-copy\/","title":{"rendered":"L\u00e4pin\u00e4kyv\u00e4 kynttil\u00e4lasi jalalla 300ml, h109 x d98mm"},"content":{"rendered":"<p class=\"\" data-start=\"219\" data-end=\"520\"><strong data-start=\"219\" data-end=\"306\">Koristeellinen kynttil\u00e4njalka, jonka jalka on valmistettu korkealaatuisesta sile\u00e4st\u00e4 lasista<\/strong> ja joka tarjoaa tyylikkyytt\u00e4 ja monipuolisuutta mihin tahansa sisustukseen. 500 ml:n tilavuuden ansiosta se on t\u00e4ydellinen valinta <strong data-start=\"410\" data-end=\"437\">kynttil\u00f6iden valmistukseen<\/strong>, <strong data-start=\"439\" data-end=\"460\">pieneksi maljakoksi<\/strong>, <strong data-start=\"462\" data-end=\"488\">tuoksupallojen s\u00e4ilytt\u00e4miseen<\/strong> tai <strong data-start=\"493\" data-end=\"519\">tyylikk\u00e4\u00e4ksi hajusteiden hajottajaksi<\/strong>. <\/p>\n<p class=\"\" data-start=\"522\" data-end=\"739\">Silm\u00e4\u00e4npist\u00e4v\u00e4 <strong data-start=\"535\" data-end=\"552\">jalkojen muotoilu<\/strong> tekee siit\u00e4 erityisen huomiota her\u00e4tt\u00e4v\u00e4n neuvon - t\u00e4ydellinen lahja tai kodin aksentti. Teekannussa on my\u00f6s <strong data-start=\"662\" data-end=\"696\">halkaisijaltaan 10 cm:n puinen kansi<\/strong>, joka antaa luonnollisen ja kodikkaan vaikutelman. <\/p>\n<p class=\"\" data-start=\"741\" data-end=\"884\"><strong data-start=\"741\" data-end=\"752\">Mitat:<\/strong> sis\u00e4korkeus 10,9 cm, halkaisija 9,8 cm<br data-start=\"804\" data-end=\"807\"> Materiaali<strong data-start=\"807\" data-end=\"820\">:<\/strong> sile\u00e4\u00e4 ja vahvaa lasia<br data-start=\"840\" data-end=\"843\"><strong data-start=\"843\" data-end=\"856\">Lis\u00e4tiedot:<\/strong> sopii 10 cm:n puukannella.<\/p>\n<p class=\"\" data-start=\"886\" data-end=\"1067\">Soveltuu erinomaisesti k\u00e4ytett\u00e4v\u00e4ksi erilaisten vahojen kanssa (mukaan lukien soijavaha, parafiini, rypsi\u00f6ljy, mehil\u00e4isvaha). Luo jotain ainutlaatuista - ylellinen kynttil\u00e4lasi, joka parantaa mink\u00e4 tahansa huoneen tunnelmaa. <\/p>\n","protected":false},"excerpt":{"rendered":"<p><strong data-start=\"219\" data-end=\"306\">Koristeellinen kynttil\u00e4njalka, jonka jalka on valmistettu korkealaatuisesta sile\u00e4st\u00e4 lasista<\/strong> ja joka tarjoaa tyylikkyytt\u00e4 ja monipuolisuutta mihin tahansa sisustukseen. 500 ml:n tilavuuden ansiosta se on t\u00e4ydellinen valinta kynttil\u00f6iden valmistukseen, pieneksi kukkamaljakoksi tai tuoksupallojen s\u00e4ilytt\u00e4miseen. <\/p>\n","protected":false},"featured_media":17261,"template":"","meta":{"site-sidebar-layout":"default","site-content-layout":"","ast-site-content-layout":"default","site-content-style":"default","site-sidebar-style":"default","ast-global-header-display":"","ast-banner-title-visibility":"","ast-main-header-display":"","ast-hfb-above-header-display":"","ast-hfb-below-header-display":"","ast-hfb-mobile-header-display":"","site-post-title":"","ast-breadcrumbs-content":"","ast-featured-img":"","footer-sml-layout":"","ast-disable-related-posts":"","theme-transparent-header-meta":"default","adv-header-id-meta":"","stick-header-meta":"default","header-above-stick-meta":"","header-main-stick-meta":"","header-below-stick-meta":"","astra-migrate-meta-layouts":"set","ast-page-background-enabled":"default","ast-page-background-meta":{"desktop":{"background-color":"","background-image":"","background-repeat":"repeat","background-position":"center center","background-size":"auto","background-attachment":"scroll","background-type":"","background-media":"","overlay-type":"","overlay-color":"","overlay-opacity":"","overlay-gradient":""},"tablet":{"background-color":"","background-image":"","background-repeat":"repeat","background-position":"center center","background-size":"auto","background-attachment":"scroll","background-type":"","background-media":"","overlay-type":"","overlay-color":"","overlay-opacity":"","overlay-gradient":""},"mobile":{"background-color":"","background-image":"","background-repeat":"repeat","background-position":"center center","background-size":"auto","background-attachment":"scroll","background-type":"","background-media":"","overlay-type":"","overlay-color":"","overlay-opacity":"","overlay-gradient":""}},"ast-content-background-meta":{"desktop":{"background-color":"var(--ast-global-color-5)","background-image":"","background-repeat":"repeat","background-position":"center center","background-size":"auto","background-attachment":"scroll","background-type":"","background-media":"","overlay-type":"","overlay-color":"","overlay-opacity":"","overlay-gradient":""},"tablet":{"background-color":"var(--ast-global-color-5)","background-image":"","background-repeat":"repeat","background-position":"center center","background-size":"auto","background-attachment":"scroll","background-type":"","background-media":"","overlay-type":"","overlay-color":"","overlay-opacity":"","overlay-gradient":""},"mobile":{"background-color":"var(--ast-global-color-5)","background-image":"","background-repeat":"repeat","background-position":"center center","background-size":"auto","background-attachment":"scroll","background-type":"","background-media":"","overlay-type":"","overlay-color":"","overlay-opacity":"","overlay-gradient":""}}},"product_brand":[],"product_cat":[163,158],"product_tag":[],"class_list":{"0":"post-17256","1":"product","2":"type-product","3":"status-publish","4":"has-post-thumbnail","6":"product_cat-kynttilalasit-ja-kannet","7":"product_cat-kynttiloiden-valmistus-fi","8":"desktop-align-left","9":"tablet-align-left","10":"mobile-align-left","11":"ast-product-gallery-layout-horizontal","12":"ast-product-gallery-with-no-image","13":"ast-product-tabs-layout-horizontal","15":"first","16":"instock","17":"taxable","18":"shipping-taxable","19":"purchasable","20":"product-type-simple"},"_links":{"self":[{"href":"https:\/\/nordicdiy.ee\/fi\/wp-json\/wp\/v2\/product\/17256","targetHints":{"allow":["GET"]}}],"collection":[{"href":"https:\/\/nordicdiy.ee\/fi\/wp-json\/wp\/v2\/product"}],"about":[{"href":"https:\/\/nordicdiy.ee\/fi\/wp-json\/wp\/v2\/types\/product"}],"wp:featuredmedia":[{"embeddable":true,"href":"https:\/\/nordicdiy.ee\/fi\/wp-json\/wp\/v2\/media\/17261"}],"wp:attachment":[{"href":"https:\/\/nordicdiy.ee\/fi\/wp-json\/wp\/v2\/media?parent=17256"}],"wp:term":[{"taxonomy":"product_brand","embeddable":true,"href":"https:\/\/nordicdiy.ee\/fi\/wp-json\/wp\/v2\/product_brand?post=17256"},{"taxonomy":"product_cat","embeddable":true,"href":"https:\/\/nordicdiy.ee\/fi\/wp-json\/wp\/v2\/product_cat?post=17256"},{"taxonomy":"product_tag","embeddable":true,"href":"https:\/\/nordicdiy.ee\/fi\/wp-json\/wp\/v2\/product_tag?post=17256"}],"curies":[{"name":"wp","href":"https:\/\/api.w.org\/{rel}","templated":true}]}}