{"id":17277,"date":"2025-04-02T15:13:25","date_gmt":"2025-04-02T12:13:25","guid":{"rendered":"https:\/\/nordicdiy.ee\/?post_type=product&#038;p=17277"},"modified":"2026-01-01T01:01:44","modified_gmt":"2025-12-31T22:01:44","slug":"kynttilalasi-laventeli-lila-matta-260ml-h88-x-d80-mm-copy-2","status":"publish","type":"product","link":"https:\/\/nordicdiy.ee\/fi\/epood\/kynttiloiden-valmistus-fi\/kynttilalasit-ja-kannet\/kynttilalasi-laventeli-lila-matta-260ml-h88-x-d80-mm-copy-2\/","title":{"rendered":"Kynttil\u00e4lasi satiinimatto 260ml, h88 x d80 mm"},"content":{"rendered":"<p>L\u00e4pin\u00e4kyv\u00e4 himme\u00e4 kynttil\u00e4lasi 260ml on t\u00e4ydellinen valinta askartelukynttil\u00f6ille. Sen koko ja pehme\u00e4vuorinen muotoilu sopivat erinomaisesti k\u00e4ytett\u00e4v\u00e4ksi erilaisten vahojen, kuten soijavahan, parafiinivahan, rypsi\u00f6ljyvahan, mehil\u00e4isvahan ja palmuvahan kanssa. L\u00e4mm\u00f6nkest\u00e4v\u00e4 lasikulho tarjoaa turvallisen ja kest\u00e4v\u00e4n ratkaisun ja tarjoaa samalla klassisen ja pehme\u00e4n l\u00e4pikuultavan muotoilun.  <\/p>\n<p>Kynttil\u00e4purkin mitat h88 x d80 mm takaavat optimaalisen tilavuuden, johon mahtuu jopa 260 ml vahaa, mik\u00e4 antaa mahdollisuuden valmistaa tuoksukynttil\u00f6it\u00e4 sek\u00e4 pelkki\u00e4 koristekynttil\u00f6it\u00e4. Matta lasipinta tuo pehmeytt\u00e4 mihin tahansa huoneeseen, joten se on erinomainen valinta kodin sisustukseen tai lahjaksi. <\/p>\n<p>Soveltuu sek\u00e4 soija- ett\u00e4 parafiinikynttil\u00f6ille ja tarjoaa pitk\u00e4n paloajan ja puhtaan palamisen. Lasi sopii erinomaisesti my\u00f6s rypsi- ja mehil\u00e4isvahakynttil\u00f6ille, jotka ovat ymp\u00e4rist\u00f6yst\u00e4v\u00e4llisi\u00e4 ja biohajoavia. <\/p>\n","protected":false},"excerpt":{"rendered":"<p>Satiinikynttil\u00e4lasi 260ml on t\u00e4ydellinen valinta k\u00e4sintehtyihin kynttil\u00f6ihin. Sen koko ja pehme\u00e4vuorinen muotoilu sopivat erinomaisesti k\u00e4ytett\u00e4v\u00e4ksi erilaisten vahojen, kuten soijavahan, parafiinivahan, rypsi\u00f6ljyvahan, mehil\u00e4isvahan ja palmuvahan kanssa. L\u00e4mm\u00f6nkest\u00e4v\u00e4 lasikulho tarjoaa turvallisen ja kest\u00e4v\u00e4n ratkaisun ja tarjoaa samalla klassisen ja pehme\u00e4n l\u00e4pikuultavan muotoilun.  <\/p>\n","protected":false},"featured_media":17282,"template":"","meta":{"site-sidebar-layout":"default","site-content-layout":"","ast-site-content-layout":"default","site-content-style":"default","site-sidebar-style":"default","ast-global-header-display":"","ast-banner-title-visibility":"","ast-main-header-display":"","ast-hfb-above-header-display":"","ast-hfb-below-header-display":"","ast-hfb-mobile-header-display":"","site-post-title":"","ast-breadcrumbs-content":"","ast-featured-img":"","footer-sml-layout":"","ast-disable-related-posts":"","theme-transparent-header-meta":"default","adv-header-id-meta":"","stick-header-meta":"default","header-above-stick-meta":"","header-main-stick-meta":"","header-below-stick-meta":"","astra-migrate-meta-layouts":"set","ast-page-background-enabled":"default","ast-page-background-meta":{"desktop":{"background-color":"","background-image":"","background-repeat":"repeat","background-position":"center center","background-size":"auto","background-attachment":"scroll","background-type":"","background-media":"","overlay-type":"","overlay-color":"","overlay-opacity":"","overlay-gradient":""},"tablet":{"background-color":"","background-image":"","background-repeat":"repeat","background-position":"center center","background-size":"auto","background-attachment":"scroll","background-type":"","background-media":"","overlay-type":"","overlay-color":"","overlay-opacity":"","overlay-gradient":""},"mobile":{"background-color":"","background-image":"","background-repeat":"repeat","background-position":"center center","background-size":"auto","background-attachment":"scroll","background-type":"","background-media":"","overlay-type":"","overlay-color":"","overlay-opacity":"","overlay-gradient":""}},"ast-content-background-meta":{"desktop":{"background-color":"var(--ast-global-color-5)","background-image":"","background-repeat":"repeat","background-position":"center center","background-size":"auto","background-attachment":"scroll","background-type":"","background-media":"","overlay-type":"","overlay-color":"","overlay-opacity":"","overlay-gradient":""},"tablet":{"background-color":"var(--ast-global-color-5)","background-image":"","background-repeat":"repeat","background-position":"center center","background-size":"auto","background-attachment":"scroll","background-type":"","background-media":"","overlay-type":"","overlay-color":"","overlay-opacity":"","overlay-gradient":""},"mobile":{"background-color":"var(--ast-global-color-5)","background-image":"","background-repeat":"repeat","background-position":"center center","background-size":"auto","background-attachment":"scroll","background-type":"","background-media":"","overlay-type":"","overlay-color":"","overlay-opacity":"","overlay-gradient":""}}},"product_brand":[],"product_cat":[163,158],"product_tag":[],"class_list":{"0":"post-17277","1":"product","2":"type-product","3":"status-publish","4":"has-post-thumbnail","6":"product_cat-kynttilalasit-ja-kannet","7":"product_cat-kynttiloiden-valmistus-fi","8":"desktop-align-left","9":"tablet-align-left","10":"mobile-align-left","11":"ast-product-gallery-layout-horizontal","12":"ast-product-gallery-with-no-image","13":"ast-product-tabs-layout-horizontal","15":"first","16":"instock","17":"taxable","18":"shipping-taxable","19":"purchasable","20":"product-type-simple"},"_links":{"self":[{"href":"https:\/\/nordicdiy.ee\/fi\/wp-json\/wp\/v2\/product\/17277","targetHints":{"allow":["GET"]}}],"collection":[{"href":"https:\/\/nordicdiy.ee\/fi\/wp-json\/wp\/v2\/product"}],"about":[{"href":"https:\/\/nordicdiy.ee\/fi\/wp-json\/wp\/v2\/types\/product"}],"wp:featuredmedia":[{"embeddable":true,"href":"https:\/\/nordicdiy.ee\/fi\/wp-json\/wp\/v2\/media\/17282"}],"wp:attachment":[{"href":"https:\/\/nordicdiy.ee\/fi\/wp-json\/wp\/v2\/media?parent=17277"}],"wp:term":[{"taxonomy":"product_brand","embeddable":true,"href":"https:\/\/nordicdiy.ee\/fi\/wp-json\/wp\/v2\/product_brand?post=17277"},{"taxonomy":"product_cat","embeddable":true,"href":"https:\/\/nordicdiy.ee\/fi\/wp-json\/wp\/v2\/product_cat?post=17277"},{"taxonomy":"product_tag","embeddable":true,"href":"https:\/\/nordicdiy.ee\/fi\/wp-json\/wp\/v2\/product_tag?post=17277"}],"curies":[{"name":"wp","href":"https:\/\/api.w.org\/{rel}","templated":true}]}}