{"id":17297,"date":"2025-04-02T15:30:42","date_gmt":"2025-04-02T12:30:42","guid":{"rendered":"https:\/\/nordicdiy.ee\/?post_type=product&#038;p=17297"},"modified":"2026-01-01T01:01:40","modified_gmt":"2025-12-31T22:01:40","slug":"satiinihimmea-himmea-kynttilalasi-280-ml-h96-x-d80-mm-copy","status":"publish","type":"product","link":"https:\/\/nordicdiy.ee\/fi\/epood\/kynttiloiden-valmistus-fi\/kynttilalasit-ja-kannet\/satiinihimmea-himmea-kynttilalasi-280-ml-h96-x-d80-mm-copy\/","title":{"rendered":"Kynttil\u00e4 lasi mets\u00e4nvihre\u00e4 himme\u00e4 280 ml h96 x d80 mm h96 x d80 mm"},"content":{"rendered":"<p>Tyylik\u00e4s mets\u00e4nvihre\u00e4 himme\u00e4 kynttil\u00e4lasi 280ml on t\u00e4ydellinen valinta k\u00e4sity\u00f6kynttil\u00f6ille. Soveltuu k\u00e4ytett\u00e4v\u00e4ksi useiden eri vahojen, kuten soijavahan, parafiinivahan, rypsi\u00f6ljyvahan, mehil\u00e4isvahan ja palmuvahan kanssa. L\u00e4mm\u00f6nkest\u00e4v\u00e4 lasipurkki takaa turvallisen ja kest\u00e4v\u00e4n kynttil\u00e4npolton ja tarjoaa samalla klassisen pehme\u00e4n luonnollisen ulkon\u00e4\u00f6n.  <\/p>\n<p>Mets\u00e4nvihre\u00e4 mattapintainen kynttil\u00e4lasi tuo kynttil\u00f6ihisi pehme\u00e4n ja tyylikk\u00e4\u00e4n korostuksen, joten se on erinomainen valinta kodin sisustukseen tai lahjaksi. Lasi on 96 mm korkea ja halkaisijaltaan 80 mm, joten se on t\u00e4ydellisen kokoinen soijavahakynttil\u00e4n valmistamiseen, joka palaa puhtaammin ja pidemp\u00e4\u00e4n, tai parafiinikynttil\u00e4n valmistamiseen, joka tarjoaa pitk\u00e4n paloajan. <\/p>\n<p>K\u00e4yt\u00e4 t\u00e4t\u00e4 kynttil\u00e4lasia mehil\u00e4isvaha- tai rypsi\u00f6ljykynttil\u00f6iden valmistamiseen, jotka ovat ymp\u00e4rist\u00f6yst\u00e4v\u00e4llisi\u00e4 ja biohajoavia. Se sopii my\u00f6s palmunahkakynttil\u00f6iden valmistukseen, ja sen kiteinen rakenne antaa kynttil\u00f6ille erityisen ilmeen. Mattapintaiseen mets\u00e4nvihre\u00e4\u00e4n lasiin mahtuu jopa 280 ml vahaa, jonka avulla voit my\u00f6s lis\u00e4t\u00e4 tuoksu\u00f6ljyj\u00e4 ja v\u00e4riaineita luodaksesi ainutlaatuisia tuoksukynttil\u00f6it\u00e4.<\/p>\n","protected":false},"excerpt":{"rendered":"<p>Tyylik\u00e4s l\u00e4pin\u00e4kyv\u00e4 mets\u00e4nvihre\u00e4 himme\u00e4 kynttil\u00e4lasi 280ml on t\u00e4ydellinen valinta k\u00e4sity\u00f6kynttil\u00f6ille. Soveltuu k\u00e4ytett\u00e4v\u00e4ksi useiden eri vahojen, kuten soijavahan, parafiinivahan, rypsi\u00f6ljyvahan, mehil\u00e4isvahan ja palmuvahan kanssa. L\u00e4mm\u00f6nkest\u00e4v\u00e4 lasipurkki takaa turvallisen ja kest\u00e4v\u00e4n kynttil\u00e4npolton ja antaa samalla luonnollisen ulkon\u00e4\u00f6n.  <\/p>\n","protected":false},"featured_media":17302,"template":"","meta":{"site-sidebar-layout":"default","site-content-layout":"","ast-site-content-layout":"default","site-content-style":"default","site-sidebar-style":"default","ast-global-header-display":"","ast-banner-title-visibility":"","ast-main-header-display":"","ast-hfb-above-header-display":"","ast-hfb-below-header-display":"","ast-hfb-mobile-header-display":"","site-post-title":"","ast-breadcrumbs-content":"","ast-featured-img":"","footer-sml-layout":"","ast-disable-related-posts":"","theme-transparent-header-meta":"default","adv-header-id-meta":"","stick-header-meta":"default","header-above-stick-meta":"","header-main-stick-meta":"","header-below-stick-meta":"","astra-migrate-meta-layouts":"set","ast-page-background-enabled":"default","ast-page-background-meta":{"desktop":{"background-color":"","background-image":"","background-repeat":"repeat","background-position":"center center","background-size":"auto","background-attachment":"scroll","background-type":"","background-media":"","overlay-type":"","overlay-color":"","overlay-opacity":"","overlay-gradient":""},"tablet":{"background-color":"","background-image":"","background-repeat":"repeat","background-position":"center center","background-size":"auto","background-attachment":"scroll","background-type":"","background-media":"","overlay-type":"","overlay-color":"","overlay-opacity":"","overlay-gradient":""},"mobile":{"background-color":"","background-image":"","background-repeat":"repeat","background-position":"center center","background-size":"auto","background-attachment":"scroll","background-type":"","background-media":"","overlay-type":"","overlay-color":"","overlay-opacity":"","overlay-gradient":""}},"ast-content-background-meta":{"desktop":{"background-color":"var(--ast-global-color-5)","background-image":"","background-repeat":"repeat","background-position":"center center","background-size":"auto","background-attachment":"scroll","background-type":"","background-media":"","overlay-type":"","overlay-color":"","overlay-opacity":"","overlay-gradient":""},"tablet":{"background-color":"var(--ast-global-color-5)","background-image":"","background-repeat":"repeat","background-position":"center center","background-size":"auto","background-attachment":"scroll","background-type":"","background-media":"","overlay-type":"","overlay-color":"","overlay-opacity":"","overlay-gradient":""},"mobile":{"background-color":"var(--ast-global-color-5)","background-image":"","background-repeat":"repeat","background-position":"center center","background-size":"auto","background-attachment":"scroll","background-type":"","background-media":"","overlay-type":"","overlay-color":"","overlay-opacity":"","overlay-gradient":""}}},"product_brand":[],"product_cat":[163,158],"product_tag":[],"class_list":{"0":"post-17297","1":"product","2":"type-product","3":"status-publish","4":"has-post-thumbnail","6":"product_cat-kynttilalasit-ja-kannet","7":"product_cat-kynttiloiden-valmistus-fi","8":"desktop-align-left","9":"tablet-align-left","10":"mobile-align-left","11":"ast-product-gallery-layout-horizontal","12":"ast-product-gallery-with-no-image","13":"ast-product-tabs-layout-horizontal","15":"first","16":"instock","17":"taxable","18":"shipping-taxable","19":"purchasable","20":"product-type-simple"},"_links":{"self":[{"href":"https:\/\/nordicdiy.ee\/fi\/wp-json\/wp\/v2\/product\/17297","targetHints":{"allow":["GET"]}}],"collection":[{"href":"https:\/\/nordicdiy.ee\/fi\/wp-json\/wp\/v2\/product"}],"about":[{"href":"https:\/\/nordicdiy.ee\/fi\/wp-json\/wp\/v2\/types\/product"}],"wp:featuredmedia":[{"embeddable":true,"href":"https:\/\/nordicdiy.ee\/fi\/wp-json\/wp\/v2\/media\/17302"}],"wp:attachment":[{"href":"https:\/\/nordicdiy.ee\/fi\/wp-json\/wp\/v2\/media?parent=17297"}],"wp:term":[{"taxonomy":"product_brand","embeddable":true,"href":"https:\/\/nordicdiy.ee\/fi\/wp-json\/wp\/v2\/product_brand?post=17297"},{"taxonomy":"product_cat","embeddable":true,"href":"https:\/\/nordicdiy.ee\/fi\/wp-json\/wp\/v2\/product_cat?post=17297"},{"taxonomy":"product_tag","embeddable":true,"href":"https:\/\/nordicdiy.ee\/fi\/wp-json\/wp\/v2\/product_tag?post=17297"}],"curies":[{"name":"wp","href":"https:\/\/api.w.org\/{rel}","templated":true}]}}